{"id":3537,"date":"2020-11-26T12:29:25","date_gmt":"2020-11-26T11:29:25","guid":{"rendered":"https:\/\/shop.thetford-europe.com\/privacy-policy\/"},"modified":"2021-05-27T09:42:37","modified_gmt":"2021-05-27T07:42:37","slug":"privacy-policy","status":"publish","type":"page","link":"https:\/\/shop.thetford-europe.com\/de\/privacy-policy\/","title":{"rendered":"Datenschutz &#038; Haftungsausschluss"},"content":{"rendered":"<p><strong>THETFORD-DATENSCHUTZERKL\u00c4RING<\/strong><\/p>\n<p>Auf der Thetford-Website werden datenschutzrelevante Daten beziehungsweise pers\u00f6nliche Daten verarbeitet. Thetford legt gr\u00f6\u00dften Wert auf einen umsichtigen Umgang mit personenbezogenen Daten. Wir verarbeiten und sichern personenbezogene Daten mit gro\u00dfer Sorgfalt.<\/p>\n<p>Bei der Verarbeitung halten wir uns an das Datenschutzrecht. Das bedeutet unter anderem Folgendes:<\/p>\n<ul>\n<li>Wir m\u00fcssen klar angeben, zu welchem Zweck wir die personenbezogenen Daten verarbeiten. Dies geschieht durch diese Datenschutzerkl\u00e4rung.<\/li>\n<li>Wir beschr\u00e4nken uns bei der Erhebung personenbezogener Daten auf die f\u00fcr die Verarbeitung und aus rechtlichen Gr\u00fcnden erforderlichen personenbezogenen Daten.<\/li>\n<li>Wir bitten dich vorab um deine ausdr\u00fcckliche Einwilligung in die Verarbeitung deiner personenbezogenen Daten, wenn wir dazu deine Einwilligung ben\u00f6tigen. Du kannst deine Einwilligung jederzeit widerrufen.<\/li>\n<li>Wir ergreifen geeignete technische und organisatorische Sicherheitsma\u00dfnahmen, um deine personenbezogenen Daten zu sch\u00fctzen, und wir verlangen dies auch von Dritten, die auf unsere Weisung hin personenbezogene Daten verarbeiten.<\/li>\n<li>Wir respektieren dein Recht auf Einsicht, Bearbeitung und L\u00f6schung deiner personenbezogenen Daten.<\/li>\n<li>Wir weisen unsere Mitarbeiter an, mit deinen pers\u00f6nlichen Daten sorgf\u00e4ltig umzugehen.<\/li>\n<\/ul>\n<p>Thetford ist f\u00fcr die Datenverarbeitung verantwortlich. In dieser Datenschutzerkl\u00e4rung erl\u00e4utern wir, welche personenbezogenen Daten wir zu welchem Zweck erfassen und verwenden. Wir empfehlen dir, diese Erkl\u00e4rung sorgf\u00e4ltig durchzulesen.<\/p>\n<p><em>Diese Datenschutzerkl\u00e4rung wurde zuletzt am 26.05.2021 ge\u00e4ndert.<\/em><\/p>\n<p><strong>VERWENDUNG PERSONENBEZOGENER DATEN<\/strong><\/p>\n<p>Wenn du diese Website benutzt, bekommen wir einige deiner Daten. Dies k\u00f6nnen personenbezogene Daten sein. Wir speichern und verwenden nur die personenbezogenen Daten, die du uns direkt im Rahmen der von dir gew\u00fcnschten Dienstleistung oder eindeutig zur Verarbeitung \u00fcberl\u00e4sst.<\/p>\n<p>Wir verwenden folgende Daten f\u00fcr die in dieser Datenschutzerkl\u00e4rung genannten Zwecke:<\/p>\n<ul>\n<li>Name, Adresse, Ort (NAW-Daten)<\/li>\n<li>Telefonnummer<\/li>\n<li>E-Mail-Adresse<\/li>\n<li>Anzeigename<\/li>\n<li>IP-Adresse<\/li>\n<\/ul>\n<p><strong>REGISTRIEREN<\/strong><\/p>\n<p>An bestimmten Stellen auf unserer Website musst du dich zuerst registrieren. Nach der Registrierung speichern wir die von dir mitgeteilten personenbezogenen Daten mit dem von dir gew\u00e4hlten Benutzernamen. Wir speichern diese Informationen, damit du sie nicht jedes Mal neu eingeben musst und wir dich im Rahmen der Vertragserf\u00fcllung kontaktieren k\u00f6nnen.<\/p>\n<p>Wir geben diese mit deinem Benutzernamen verkn\u00fcpften Daten nicht an Dritte weiter, es sei denn, dies ist im Rahmen der Erf\u00fcllung des Vertrages erforderlich, den du mit uns schlie\u00dft, oder gesetzlich vorgeschrieben. Im Falle von mutma\u00dflichem Betrug oder Missbrauch unserer Website und Dienstleistungen sind wir verpflichtet, deine pers\u00f6nlichen Daten an die zust\u00e4ndigen Beh\u00f6rden weiterzuleiten.<\/p>\n<p><strong>ZUGRIFF \u00dcBER DAS PORTAL<\/strong><\/p>\n<p>\u00dcber unser Portal erh\u00e4ltst du Zugang zu einem Adminbereich, in dem du deine Daten einstellen und \u00e4ndern und Berichte abrufen kannst.<\/p>\n<p><strong>BEARBEITUNG DER BESTELLUNGEN<\/strong><\/p>\n<p>Wenn du eine Bestellung bei uns aufgibst, verwenden wir deine pers\u00f6nlichen Daten zur Abwicklung der Bestellung. Soweit dies f\u00fcr die ordnungsgem\u00e4\u00dfe Verarbeitung erforderlich ist, geben wir deine personenbezogenen Daten auch an Dritte weiter. Lies mehr dar\u00fcber in dieser Datenschutzerkl\u00e4rung.<\/p>\n<p><strong>KONTAKTFORMULAR UND NEWSLETTER<\/strong><\/p>\n<p>Auf unserer Website bieten wir dir die M\u00f6glichkeit, Fragen \u00fcber ein Kontaktformular zu stellen, in das du verschiedene Angaben zur Bearbeitung deiner Frage eingeben kannst. Du entscheidest selbst, welche Informationen du dort eingibst. Die Informationen, die du uns \u00fcbermittelst, werden so lange aufbewahrt, wie es aufgrund der Art des Formulars oder des Inhalts deiner E-Mail f\u00fcr die vollst\u00e4ndige Beantwortung und Verarbeitung erforderlich ist.<\/p>\n<p>Wir bieten einen Newsletter an, mit dem wir Interessenten \u00fcber unsere Produkte und\/oder Dienstleistungen informieren. Jeder Newsletter enth\u00e4lt einen Abmeldelink. Deine E-Mail-Adresse wird nur mit deiner ausdr\u00fccklichen Zustimmung in die Abonnentenliste aufgenommen.<\/p>\n<p><strong>OFFENLEGUNG AN DRITTE<\/strong><\/p>\n<p>Wir k\u00f6nnen deine Daten an unsere Partner weitergeben, die an der Erf\u00fcllung des Vertrages beteiligt sind, z. B. f\u00fcr die Bearbeitung deiner Bestellungen.<\/p>\n<p>Diese Partner befinden sich in der EU oder in L\u00e4ndern, die von der EU f\u00fcr gleichwertig erkl\u00e4rt wurden, oder wir haben mit ihnen strenge Vereinbarungen getroffen, damit sie die europ\u00e4ischen Datenschutzbestimmungen einhalten.<\/p>\n<p><strong>COOKIES<\/strong><\/p>\n<p>Unsere Website verwendet Cookies. Cookies werden auch von Dritten verwendet, die in unserem Auftrag handeln.<br \/>\nWenn du unsere Website zum ersten Mal besuchst, erh\u00e4ltst du eine Mitteilung, die dir erkl\u00e4rt, warum und wof\u00fcr Cookies verwendet werden. Wenn du unsere Website weiterhin nutzt, gehen wir davon aus, dass du mit dieser Verwendung von Cookies einverstanden bist. Du kannst Cookies in deinem Browser aber auch ablehnen. Beachte bitte, dass unsere Website in diesem Fall m\u00f6glicherweise nicht optimal funktioniert.<\/p>\n<p>Wir haben mit Dritten, die Cookies platzieren, Vereinbarungen \u00fcber die Verwendung von Cookies und Anwendungen getroffen. Wir haben jedoch nicht die volle Kontrolle dar\u00fcber, was die Anbieter dieser Anwendungen mit den Cookies machen, wenn sie diese auslesen. Weitere Informationen \u00fcber diese Anwendungen und ihre Behandlung von Cookies entnimmst du bitte den Datenschutzerkl\u00e4rungen dieser Dritten (Achtung: Sie k\u00f6nnen sich regelm\u00e4\u00dfig \u00e4ndern).<\/p>\n<p><strong>GOOGLE ANALYTICS<\/strong><\/p>\n<p>Wir verwenden Google Analytics, um aufzuzeichnen, wie Besucher unsere Website nutzen. Wir haben mit Google einen Verarbeitungsvertrag \u00fcber die Verwendung unserer Daten abgeschlossen. Des Weiteren haben wir Google nicht die Erlaubnis erteilt, die erhaltenen Analytics-Informationen f\u00fcr andere Google-Dienste zu verwenden, und schlie\u00dflich anonymisieren wir die IP-Adressen.<\/p>\n<p><strong>SICHERHEIT<\/strong><\/p>\n<p>Wir ergreifen Sicherheitsma\u00dfnahmen, um Missbrauch und unberechtigten Zugriff auf personenbezogene Daten nach M\u00f6glichkeit zu unterbinden. Insbesondere ergreifen wir folgende Ma\u00dfnahmen:<\/p>\n<ul>\n<li>Beispielsweise wird Vertriebs- und Logistikmitarbeitern der Zugriff auf personenbezogene Daten \u00fcber einen Benutzernamen und ein Passwort verwehrt.<\/li>\n<li>Wir ergreifen physische Ma\u00dfnahmen, um den Zugang zu den Systemen, auf denen personenbezogene Daten gespeichert sind, zu kontrollieren.<\/li>\n<li>Wir verwenden sichere Verbindungen (Secure Sockets Layer oder SSL), um alle zwischen dir und unserer Website ausgetauschten Informationen zu sch\u00fctzen, wenn du pers\u00f6nliche Daten eingibst.<\/li>\n<li>Wir protokollieren alle Abfragen pers\u00f6nlicher Daten.<\/li>\n<\/ul>\n<p><strong>AUFBEWAHRUNGSZEITRAUM<\/strong><\/p>\n<p>Die oben beschriebenen personenbezogenen Daten werden so lange gespeichert, wie es f\u00fcr die Abwicklung deiner Bestellungen einschlie\u00dflich der Garantie erforderlich ist. Die Daten werden gel\u00f6scht, es sei denn, es besteht eine gesetzliche Verpflichtung, sie l\u00e4nger aufzubewahren (z. B. die steuerliche Verpflichtung, Zahlungsdaten l\u00e4nger aufzubewahren oder Betrug zu verhindern).<\/p>\n<p><strong>WEBSITES DRITTER<\/strong><\/p>\n<p>Diese Datenschutzerkl\u00e4rung gilt nicht f\u00fcr Websites Dritter, die \u00fcber Links mit unserer Website verbunden sind. Wir k\u00f6nnen nicht garantieren, dass diese Dritten mit deinen pers\u00f6nlichen Daten zuverl\u00e4ssig und sicher umgehen. Wir empfehlen dir, die Datenschutzerkl\u00e4rung dieser Websites zu lesen, bevor du diese Websites nutzt.<\/p>\n<p><strong>\u00c4NDERUNG DIESER DATENSCHUTZERKL\u00c4RUNG<\/strong><\/p>\n<p>Wir behalten uns das Recht vor, \u00c4nderungen an dieser Datenschutzerkl\u00e4rung vorzunehmen. Wir empfehlen dir, diese Datenschutzerkl\u00e4rung regelm\u00e4\u00dfig zu lesen, um \u00fcber diese \u00c4nderungen auf dem Laufenden zu bleiben.<\/p>\n<p><strong>RECHTE AUF EINSICHT, \u00c4NDERUNG ODER L\u00d6SCHUNG DEINER DATEN<\/strong><\/p>\n<p>Bei Fragen zu unserer Datenschutzerkl\u00e4rung oder Fragen zu Einsicht in und \u00c4nderung (oder L\u00f6schung) deiner pers\u00f6nlichen Daten wende dich bitte \u00fcber die unten stehenden Kontaktdaten an die Datenschutzabteilung. Deine Fragen sollten auf Englisch und\/oder Niederl\u00e4ndisch gestellt werden. Anfragen in deiner Landessprache kannst du an die Thetford-Niederlassung in deiner Region richten. Diese Filialen sind auf der Website von Thetford aufgef\u00fchrt.<\/p>\n<p>Du kannst der Datenschutzabteilung auch einen Antrag \u00fcbermitteln, deine Daten, die wir mit deiner Zustimmung verwenden, einzusehen, zu bearbeiten oder zu l\u00f6schen. Du kannst einen Antrag auf Datenexport stellen oder begr\u00fcnden, warum du unsere Verarbeitung der personenbezogenen Daten einschr\u00e4nken m\u00f6chtest. Ferner kannst du eine \u00dcbersicht \u00fcber die Daten auch bei unserer n\u00e4chstgelegenen Niederlassung in deiner Landessprache anfordern, erhalten und einsehen. Um zu verhindern, dass diese Informationen an die falsche Person weitergegeben werden, werden wir dich bitten, dich w\u00e4hrend deines Besuchs ordnungsgem\u00e4\u00df zu identifizieren. Die Datenschutzabteilung von Thetford wird versuchen, deine Anfrage innerhalb eines Monats zu bearbeiten. Sollte dies nicht m\u00f6glich sein, erh\u00e4ltst du innerhalb eines Monats eine Erl\u00e4uterung der Gr\u00fcnde f\u00fcr die Verz\u00f6gerung. \u00c4nderungen und L\u00f6schungen von Daten werden nur dann vorgenommen, wenn dies nicht im Widerspruch zum geltenden Recht steht.<\/p>\n<p>Wenn es sich um Einsicht in personenbezogene Daten handelt, die mit einem Cookie verkn\u00fcpft sind, musst du auch eine Kopie des entsprechenden Cookies senden. Du findest es in den Einstellungen deines Browsers. Sollten die Daten unrichtig sein, kannst du uns auffordern, die Daten zu \u00e4ndern oder zu l\u00f6schen.<\/p>\n<p><strong>DATENSCHUTZBEH\u00d6RDE<\/strong><\/p>\n<p>Selbstverst\u00e4ndlich helfen wir dir weiter, wenn du Beschwerden \u00fcber die Verarbeitung deiner pers\u00f6nlichen Daten hast. Aufgrund der Datenschutzgesetzgebung bist du auch berechtigt, eine Beschwerde bei der niederl\u00e4ndischen Datenschutzbeh\u00f6rde einzureichen oder die Gerichte in Anspruch zu nehmen. Die Adresse der Beh\u00f6rde f\u00fcr personenbezogene Daten lautet: Postbus 93374, 2509 AJ Den Haag, Niederlande.<\/p>\n<p><strong>KONTAKTDATEN THETFORD-DATENSCHUTZABTEILUNG<\/strong><\/p>\n<p>Thetford\u00a0B.V. Legal Team<br \/>\nLegal@thetford.eu<\/p>\n","protected":false},"excerpt":{"rendered":"<p>THETFORD-DATENSCHUTZERKL\u00c4RING Auf der Thetford-Website werden datenschutzrelevante Daten beziehungsweise pers\u00f6nliche Daten verarbeitet. Thetford legt gr\u00f6\u00dften Wert auf einen umsichtigen Umgang mit<\/p>\n","protected":false},"author":1,"featured_media":0,"parent":0,"menu_order":0,"comment_status":"closed","ping_status":"closed","template":"","meta":{"footnotes":""},"class_list":["post-3537","page","type-page","status-publish","hentry"],"yoast_head":"<!-- This site is optimized with the Yoast SEO plugin v27.4 - https:\/\/yoast.com\/product\/yoast-seo-wordpress\/ -->\n<title>Datenschutz &amp; Haftungsausschluss - Thetford<\/title>\n<meta name=\"robots\" content=\"index, follow, max-snippet:-1, max-image-preview:large, max-video-preview:-1\" \/>\n<link rel=\"canonical\" href=\"https:\/\/shop.thetford-europe.com\/de\/privacy-policy\/\" \/>\n<meta property=\"og:locale\" content=\"de_DE\" \/>\n<meta property=\"og:type\" content=\"article\" \/>\n<meta property=\"og:title\" content=\"Datenschutz &amp; Haftungsausschluss - Thetford\" \/>\n<meta property=\"og:description\" content=\"THETFORD-DATENSCHUTZERKL\u00c4RING Auf der Thetford-Website werden datenschutzrelevante Daten beziehungsweise pers\u00f6nliche Daten verarbeitet. Thetford legt gr\u00f6\u00dften Wert auf einen umsichtigen Umgang mit\" \/>\n<meta property=\"og:url\" content=\"https:\/\/shop.thetford-europe.com\/de\/privacy-policy\/\" \/>\n<meta property=\"og:site_name\" content=\"Thetford\" \/>\n<meta property=\"article:publisher\" content=\"https:\/\/www.facebook.com\/thetfordbv\" \/>\n<meta property=\"article:modified_time\" content=\"2021-05-27T07:42:37+00:00\" \/>\n<meta property=\"og:image\" content=\"https:\/\/shop.thetford-europe.com\/wp-content\/uploads\/2021\/05\/Thetford_iNDUS_all-modules-incl-app-250x250-category-list-image.png\" \/>\n\t<meta property=\"og:image:width\" content=\"250\" \/>\n\t<meta property=\"og:image:height\" content=\"250\" \/>\n\t<meta property=\"og:image:type\" content=\"image\/png\" \/>\n<meta name=\"twitter:card\" content=\"summary_large_image\" \/>\n<meta name=\"twitter:label1\" content=\"Gesch\u00e4tzte Lesezeit\" \/>\n\t<meta name=\"twitter:data1\" content=\"6\u00a0Minuten\" \/>\n<script type=\"application\/ld+json\" class=\"yoast-schema-graph\">{\"@context\":\"https:\\\/\\\/schema.org\",\"@graph\":[{\"@type\":\"WebPage\",\"@id\":\"https:\\\/\\\/shop.thetford-europe.com\\\/de\\\/privacy-policy\\\/\",\"url\":\"https:\\\/\\\/shop.thetford-europe.com\\\/de\\\/privacy-policy\\\/\",\"name\":\"Datenschutz & Haftungsausschluss - Thetford\",\"isPartOf\":{\"@id\":\"https:\\\/\\\/shop.thetford-europe.com\\\/de\\\/#website\"},\"datePublished\":\"2020-11-26T11:29:25+00:00\",\"dateModified\":\"2021-05-27T07:42:37+00:00\",\"breadcrumb\":{\"@id\":\"https:\\\/\\\/shop.thetford-europe.com\\\/de\\\/privacy-policy\\\/#breadcrumb\"},\"inLanguage\":\"de\",\"potentialAction\":[{\"@type\":\"ReadAction\",\"target\":[\"https:\\\/\\\/shop.thetford-europe.com\\\/de\\\/privacy-policy\\\/\"]}]},{\"@type\":\"BreadcrumbList\",\"@id\":\"https:\\\/\\\/shop.thetford-europe.com\\\/de\\\/privacy-policy\\\/#breadcrumb\",\"itemListElement\":[{\"@type\":\"ListItem\",\"position\":1,\"name\":\"Home\",\"item\":\"https:\\\/\\\/shop.thetford-europe.com\\\/de\\\/\"},{\"@type\":\"ListItem\",\"position\":2,\"name\":\"Datenschutz &#038; Haftungsausschluss\"}]},{\"@type\":\"WebSite\",\"@id\":\"https:\\\/\\\/shop.thetford-europe.com\\\/de\\\/#website\",\"url\":\"https:\\\/\\\/shop.thetford-europe.com\\\/de\\\/\",\"name\":\"Thetford\",\"description\":\"Carefree, wherever you go!\",\"publisher\":{\"@id\":\"https:\\\/\\\/shop.thetford-europe.com\\\/de\\\/#organization\"},\"potentialAction\":[{\"@type\":\"SearchAction\",\"target\":{\"@type\":\"EntryPoint\",\"urlTemplate\":\"https:\\\/\\\/shop.thetford-europe.com\\\/de\\\/?s={search_term_string}\"},\"query-input\":{\"@type\":\"PropertyValueSpecification\",\"valueRequired\":true,\"valueName\":\"search_term_string\"}}],\"inLanguage\":\"de\"},{\"@type\":\"Organization\",\"@id\":\"https:\\\/\\\/shop.thetford-europe.com\\\/de\\\/#organization\",\"name\":\"Thetford BV\",\"url\":\"https:\\\/\\\/shop.thetford-europe.com\\\/de\\\/\",\"logo\":{\"@type\":\"ImageObject\",\"inLanguage\":\"de\",\"@id\":\"https:\\\/\\\/shop.thetford-europe.com\\\/de\\\/#\\\/schema\\\/logo\\\/image\\\/\",\"url\":\"https:\\\/\\\/shop.thetford-europe.com\\\/wp-content\\\/uploads\\\/2020\\\/11\\\/logo.svg\",\"contentUrl\":\"https:\\\/\\\/shop.thetford-europe.com\\\/wp-content\\\/uploads\\\/2020\\\/11\\\/logo.svg\",\"width\":633,\"height\":100,\"caption\":\"Thetford BV\"},\"image\":{\"@id\":\"https:\\\/\\\/shop.thetford-europe.com\\\/de\\\/#\\\/schema\\\/logo\\\/image\\\/\"},\"sameAs\":[\"https:\\\/\\\/www.facebook.com\\\/thetfordbv\",\"https:\\\/\\\/www.linkedin.com\\\/company\\\/thetford\",\"https:\\\/\\\/www.youtube.com\\\/user\\\/ThetfordEurope\"]}]}<\/script>\n<!-- \/ Yoast SEO plugin. -->","yoast_head_json":{"title":"Datenschutz & Haftungsausschluss - Thetford","robots":{"index":"index","follow":"follow","max-snippet":"max-snippet:-1","max-image-preview":"max-image-preview:large","max-video-preview":"max-video-preview:-1"},"canonical":"https:\/\/shop.thetford-europe.com\/de\/privacy-policy\/","og_locale":"de_DE","og_type":"article","og_title":"Datenschutz & Haftungsausschluss - Thetford","og_description":"THETFORD-DATENSCHUTZERKL\u00c4RING Auf der Thetford-Website werden datenschutzrelevante Daten beziehungsweise pers\u00f6nliche Daten verarbeitet. Thetford legt gr\u00f6\u00dften Wert auf einen umsichtigen Umgang mit","og_url":"https:\/\/shop.thetford-europe.com\/de\/privacy-policy\/","og_site_name":"Thetford","article_publisher":"https:\/\/www.facebook.com\/thetfordbv","article_modified_time":"2021-05-27T07:42:37+00:00","og_image":[{"width":250,"height":250,"url":"https:\/\/shop.thetford-europe.com\/wp-content\/uploads\/2021\/05\/Thetford_iNDUS_all-modules-incl-app-250x250-category-list-image.png","type":"image\/png"}],"twitter_card":"summary_large_image","twitter_misc":{"Gesch\u00e4tzte Lesezeit":"6\u00a0Minuten"},"schema":{"@context":"https:\/\/schema.org","@graph":[{"@type":"WebPage","@id":"https:\/\/shop.thetford-europe.com\/de\/privacy-policy\/","url":"https:\/\/shop.thetford-europe.com\/de\/privacy-policy\/","name":"Datenschutz & Haftungsausschluss - Thetford","isPartOf":{"@id":"https:\/\/shop.thetford-europe.com\/de\/#website"},"datePublished":"2020-11-26T11:29:25+00:00","dateModified":"2021-05-27T07:42:37+00:00","breadcrumb":{"@id":"https:\/\/shop.thetford-europe.com\/de\/privacy-policy\/#breadcrumb"},"inLanguage":"de","potentialAction":[{"@type":"ReadAction","target":["https:\/\/shop.thetford-europe.com\/de\/privacy-policy\/"]}]},{"@type":"BreadcrumbList","@id":"https:\/\/shop.thetford-europe.com\/de\/privacy-policy\/#breadcrumb","itemListElement":[{"@type":"ListItem","position":1,"name":"Home","item":"https:\/\/shop.thetford-europe.com\/de\/"},{"@type":"ListItem","position":2,"name":"Datenschutz &#038; Haftungsausschluss"}]},{"@type":"WebSite","@id":"https:\/\/shop.thetford-europe.com\/de\/#website","url":"https:\/\/shop.thetford-europe.com\/de\/","name":"Thetford","description":"Carefree, wherever you go!","publisher":{"@id":"https:\/\/shop.thetford-europe.com\/de\/#organization"},"potentialAction":[{"@type":"SearchAction","target":{"@type":"EntryPoint","urlTemplate":"https:\/\/shop.thetford-europe.com\/de\/?s={search_term_string}"},"query-input":{"@type":"PropertyValueSpecification","valueRequired":true,"valueName":"search_term_string"}}],"inLanguage":"de"},{"@type":"Organization","@id":"https:\/\/shop.thetford-europe.com\/de\/#organization","name":"Thetford BV","url":"https:\/\/shop.thetford-europe.com\/de\/","logo":{"@type":"ImageObject","inLanguage":"de","@id":"https:\/\/shop.thetford-europe.com\/de\/#\/schema\/logo\/image\/","url":"https:\/\/shop.thetford-europe.com\/wp-content\/uploads\/2020\/11\/logo.svg","contentUrl":"https:\/\/shop.thetford-europe.com\/wp-content\/uploads\/2020\/11\/logo.svg","width":633,"height":100,"caption":"Thetford BV"},"image":{"@id":"https:\/\/shop.thetford-europe.com\/de\/#\/schema\/logo\/image\/"},"sameAs":["https:\/\/www.facebook.com\/thetfordbv","https:\/\/www.linkedin.com\/company\/thetford","https:\/\/www.youtube.com\/user\/ThetfordEurope"]}]}},"jetpack_sharing_enabled":true,"_links":{"self":[{"href":"https:\/\/shop.thetford-europe.com\/de\/wp-json\/wp\/v2\/pages\/3537","targetHints":{"allow":["GET"]}}],"collection":[{"href":"https:\/\/shop.thetford-europe.com\/de\/wp-json\/wp\/v2\/pages"}],"about":[{"href":"https:\/\/shop.thetford-europe.com\/de\/wp-json\/wp\/v2\/types\/page"}],"author":[{"embeddable":true,"href":"https:\/\/shop.thetford-europe.com\/de\/wp-json\/wp\/v2\/users\/1"}],"replies":[{"embeddable":true,"href":"https:\/\/shop.thetford-europe.com\/de\/wp-json\/wp\/v2\/comments?post=3537"}],"version-history":[{"count":0,"href":"https:\/\/shop.thetford-europe.com\/de\/wp-json\/wp\/v2\/pages\/3537\/revisions"}],"wp:attachment":[{"href":"https:\/\/shop.thetford-europe.com\/de\/wp-json\/wp\/v2\/media?parent=3537"}],"curies":[{"name":"wp","href":"https:\/\/api.w.org\/{rel}","templated":true}]}}