{"id":4006,"date":"2021-05-06T00:21:58","date_gmt":"2021-05-05T22:21:58","guid":{"rendered":"https:\/\/shop.thetford-europe.com\/faq\/"},"modified":"2021-05-31T14:23:59","modified_gmt":"2021-05-31T12:23:59","slug":"faq","status":"publish","type":"page","link":"https:\/\/shop.thetford-europe.com\/de\/faq\/","title":{"rendered":"FAQ"},"content":{"rendered":"\n<style>.ewd-ufaq-faq-categories {\r\n    display: none;\r\n}<\/style><div  class=\"ewd-ufaq-faq-list ewd-ufaq-page-type-distinct ewd-ufaq-category-tabs- ewd-ufaq-faq-category-title-accordion\" id='ewd-ufaq-faq-list'>\n\n\t<input type='hidden' name='show_on_load' value='' id='ewd-ufaq-show-on-load' \/>\n<input type='hidden' name='include_category' value='' id='ewd-ufaq-include-category' \/>\n<input type='hidden' name='exclude_category' value='' id='ewd-ufaq-exclude-category' \/>\n<input type='hidden' name='orderby' value='date' id='ewd-ufaq-orderby' \/>\n<input type='hidden' name='order' value='asc' id='ewd-ufaq-order' \/>\n<input type='hidden' name='post_count' value='-1' id='ewd-ufaq-post-count' \/>\n<input type='hidden' name='current_url' value='\/de\/wp-json\/wp\/v2\/pages\/4006' id='ewd-ufaq-current-url' \/>\n\t\n\t\n\t<div class='ewd-ufaq-faqs'>\n\n\t\t<div id='ewd-ufaq-faq-category-bestellungen' class='ewd-ufaq-faq-category'>\n\t\n\t<div class='ewd-ufaq-faq-category-title '  >\n\t\t\n\t\t<h3 title=\"Click here to open Bestellungen\">\n\t\t\tBestellungen\t\t\t <span>(3)<\/span>\t\t<\/h3>\n\n\t\t\t\n\t<\/div>\n\t\n\t<div class='ewd-ufaq-faq-category-inner ' >\n<div  class=\"ewd-ufaq-faq-div ewd-ufaq-faq-column-count-one ewd-ufaq-faq-responsive-columns- ewd-ufaq-faq-display-style-default ewd-ufaq-can-be-toggled\" id='ewd-ufaq-post-3980-5N5OQ4hEZS' data-post_id='3980'>\n\n\t\t\n\t<div class='ewd-ufaq-faq-title ewd-ufaq-faq-toggle'>\n\t\n\t<a class='ewd-ufaq-post-margin'  href='#' role=\"button\">\n\n\t\t<div class='ewd-ufaq-post-margin-symbol ewd-ufaq-'>\n\t\t\t<span >a<\/span>\n\t\t<\/div>\n\n\t\t<div class='ewd-ufaq-faq-title-text'>\n\n\t\t\t<h4>\n\t\t\t\tKann ich meine Bestellung \u00e4ndern?\t\t\t<\/h4>\n\n\t\t<\/div>\n\n\t\t<div class='ewd-ufaq-clear'><\/div>\n\n\t<\/a>\n\t\n<\/div>\n\t\n\t<div class='ewd-ufaq-faq-body ewd-ufaq-hidden' >\n\n\t\t\n\t\t\t<div class='ewd-ufaq-faq-categories'>\n\t\n\tKategorie:\n\t\n\t\t<a href=\"https:\/\/shop.thetford-europe.com\/de\/ufaq\/bezahlen-mit-paypal\/?include_category=bestellungen\">Bestellungen<\/a>\n\t\n<\/div>\n\t\t\n\t\t\t<div class='ewd-ufaq-post-margin ewd-ufaq-faq-post'>\n\t\n<p>Bedauerlicherweise nicht. Zum Schutz Ihrer Daten kann eine Bestellung nicht mehr ge\u00e4ndert werden. Wollten Sie mehrere Produkte bestellen? Dann k\u00f6nnen Sie einfach eine zweite Bestellung aufgeben. Kein Problem!<\/p>\n<\/div>\n\t\t\n\t\t\t\n\t\t\n\t\t\t\n\t\t\n\t\t\t\n\t\t\n\t\t\t\n\t\t\n\t\t\t\n\t\t\n\t\t\t\n\t\t\n\t\t\t\n\t\t\n\t\t\t\n\t\t\n\t<\/div>\n\n<\/div><div  class=\"ewd-ufaq-faq-div ewd-ufaq-faq-column-count-one ewd-ufaq-faq-responsive-columns- ewd-ufaq-faq-display-style-default ewd-ufaq-can-be-toggled\" id='ewd-ufaq-post-3985-fXwXxOyiHW' data-post_id='3985'>\n\n\t\t\n\t<div class='ewd-ufaq-faq-title ewd-ufaq-faq-toggle'>\n\t\n\t<a class='ewd-ufaq-post-margin'  href='#' role=\"button\">\n\n\t\t<div class='ewd-ufaq-post-margin-symbol ewd-ufaq-'>\n\t\t\t<span >a<\/span>\n\t\t<\/div>\n\n\t\t<div class='ewd-ufaq-faq-title-text'>\n\n\t\t\t<h4>\n\t\t\t\tWar meine Bestellung erfolgreich? Ich habe keine Best\u00e4tigung erhalten.\t\t\t<\/h4>\n\n\t\t<\/div>\n\n\t\t<div class='ewd-ufaq-clear'><\/div>\n\n\t<\/a>\n\t\n<\/div>\n\t\n\t<div class='ewd-ufaq-faq-body ewd-ufaq-hidden' >\n\n\t\t\n\t\t\t<div class='ewd-ufaq-faq-categories'>\n\t\n\tKategorie:\n\t\n\t\t<a href=\"https:\/\/shop.thetford-europe.com\/de\/ufaq\/bezahlen-mit-paypal\/?include_category=bestellungen\">Bestellungen<\/a>\n\t\n<\/div>\n\t\t\n\t\t\t<div class='ewd-ufaq-post-margin ewd-ufaq-faq-post'>\n\t\n<p>In der Regel erhalten Sie unmittelbar nach Ihrer Bestellung eine Best\u00e4tigungs-E-Mail. Sie haben noch keine E-Mail innerhalb von 4 Stunden nach Ihrer Bestellung erhalten? Dies kann mehrere Gr\u00fcnde haben:<\/p>\n\n<ul class=\"wp-block-list\"><li>Die Best\u00e4tigung ist im Ordner &#8222;Spam&#8220; oder &#8222;Junk Mail&#8220; gelandet.<\/li><li>Ihre E-Mail-Adresse wurde falsch eingegeben. Es gibt keinen Grund zur Sorge. Die Bestellung wird weiterhin bearbeitet, Sie erhalten jedoch keine Aktualisierungen.<\/li><li>Ihre Zahlung wurde nicht sofort verarbeitet. Dies kann an der von Ihnen gew\u00e4hlten Zahlungsmethode liegen &#8211; die Bearbeitung kann einen oder mehrere Werktage dauern. Die Bestellung wird nach Zahlungseingang bearbeitet. Sie erhalten zu diesem Zeitpunkt eine Best\u00e4tigung von uns.<\/li><li>Der Zahlungspartner verzeichnet Verz\u00f6gerungen im Zahlungsvorgang. In diesem Fall wird die Best\u00e4tigung versendet, sobald Ihre Bestellung best\u00e4tigt wurde.<\/li><\/ul>\n<p>Glauben Sie, dass noch etwas anderes schief gelaufen sein k\u00f6nnte? Wenn Sie Bedenken haben, kontaktieren Sie uns bitte \u00fcber das Kontaktformular.<\/p>\n<\/div>\n\t\t\n\t\t\t\n\t\t\n\t\t\t\n\t\t\n\t\t\t\n\t\t\n\t\t\t\n\t\t\n\t\t\t\n\t\t\n\t\t\t\n\t\t\n\t\t\t\n\t\t\n\t\t\t\n\t\t\n\t<\/div>\n\n<\/div><div  class=\"ewd-ufaq-faq-div ewd-ufaq-faq-column-count-one ewd-ufaq-faq-responsive-columns- ewd-ufaq-faq-display-style-default ewd-ufaq-can-be-toggled\" id='ewd-ufaq-post-3990-vH598W5NkW' data-post_id='3990'>\n\n\t\t\n\t<div class='ewd-ufaq-faq-title ewd-ufaq-faq-toggle'>\n\t\n\t<a class='ewd-ufaq-post-margin'  href='#' role=\"button\">\n\n\t\t<div class='ewd-ufaq-post-margin-symbol ewd-ufaq-'>\n\t\t\t<span >a<\/span>\n\t\t<\/div>\n\n\t\t<div class='ewd-ufaq-faq-title-text'>\n\n\t\t\t<h4>\n\t\t\t\tKann ich ohne Konto bestellen?\t\t\t<\/h4>\n\n\t\t<\/div>\n\n\t\t<div class='ewd-ufaq-clear'><\/div>\n\n\t<\/a>\n\t\n<\/div>\n\t\n\t<div class='ewd-ufaq-faq-body ewd-ufaq-hidden' >\n\n\t\t\n\t\t\t<div class='ewd-ufaq-faq-categories'>\n\t\n\tKategorie:\n\t\n\t\t<a href=\"https:\/\/shop.thetford-europe.com\/de\/ufaq\/bezahlen-mit-paypal\/?include_category=bestellungen\">Bestellungen<\/a>\n\t\n<\/div>\n\t\t\n\t\t\t<div class='ewd-ufaq-post-margin ewd-ufaq-faq-post'>\n\t\n<p>Kein Problem. Die Bestellung mit einem Konto ist jedoch auf jeden Fall bequem. Das bedeutet, dass Sie jederzeit Zugriff auf Ihre Bestelldaten (einschlie\u00dflich des Status Ihrer Bestellung) haben und eine Retoure leichter anfordern k\u00f6nnen. Ihr gesamter Bestellverlauf wird gespeichert. Wenn Sie noch kein Konto haben, k\u00f6nnen Sie bei Ihrer Bestellung ein Konto erstellen. <\/p>\n<\/div>\n\t\t\n\t\t\t\n\t\t\n\t\t\t\n\t\t\n\t\t\t\n\t\t\n\t\t\t\n\t\t\n\t\t\t\n\t\t\n\t\t\t\n\t\t\n\t\t\t\n\t\t\n\t\t\t\n\t\t\n\t<\/div>\n\n<\/div><\/div>\n\n<\/div>\n<div id='ewd-ufaq-faq-category-zahlungen' class='ewd-ufaq-faq-category'>\n\t\n\t<div class='ewd-ufaq-faq-category-title '  >\n\t\t\n\t\t<h3 title=\"Click here to open Zahlungen\">\n\t\t\tZahlungen\t\t\t <span>(1)<\/span>\t\t<\/h3>\n\n\t\t\t\n\t<\/div>\n\t\n\t<div class='ewd-ufaq-faq-category-inner ' >\n<div  class=\"ewd-ufaq-faq-div ewd-ufaq-faq-column-count-one ewd-ufaq-faq-responsive-columns- ewd-ufaq-faq-display-style-default ewd-ufaq-can-be-toggled\" id='ewd-ufaq-post-3997-i8YJ0i3eTd' data-post_id='3997'>\n\n\t\t\n\t<div class='ewd-ufaq-faq-title ewd-ufaq-faq-toggle'>\n\t\n\t<a class='ewd-ufaq-post-margin'  href='#' role=\"button\">\n\n\t\t<div class='ewd-ufaq-post-margin-symbol ewd-ufaq-'>\n\t\t\t<span >a<\/span>\n\t\t<\/div>\n\n\t\t<div class='ewd-ufaq-faq-title-text'>\n\n\t\t\t<h4>\n\t\t\t\tBezahlen mit PayPal\t\t\t<\/h4>\n\n\t\t<\/div>\n\n\t\t<div class='ewd-ufaq-clear'><\/div>\n\n\t<\/a>\n\t\n<\/div>\n\t\n\t<div class='ewd-ufaq-faq-body ewd-ufaq-hidden' >\n\n\t\t\n\t\t\t<div class='ewd-ufaq-faq-categories'>\n\t\n\tKategorie:\n\t\n\t\t<a href=\"https:\/\/shop.thetford-europe.com\/de\/ufaq\/bezahlen-mit-paypal\/?include_category=zahlungen\">Zahlungen<\/a>\n\t\n<\/div>\n\t\t\n\t\t\t<div class='ewd-ufaq-post-margin ewd-ufaq-faq-post'>\n\t\n<p>Sie k\u00f6nnen sicher mit Ihrem PayPal-Konto bezahlen. Wenn Sie Ihren Einkauf abgeschlossen haben, w\u00e4hlen Sie die Zahlungsoption &#8222;PayPal&#8220;. Der n\u00e4chste Schritt bringt Sie auf die sichere PayPal-Website. Dort k\u00f6nnen Sie Ihre Zahlung best\u00e4tigen. Nach der Best\u00e4tigung wird die Genehmigung erteilt, Ihre Zahlung sofort zu bearbeiten. Anschlie\u00dfend wird der Betrag von Ihrem PayPal-Konto abgebucht.<\/p>\n<\/div>\n\t\t\n\t\t\t\n\t\t\n\t\t\t\n\t\t\n\t\t\t\n\t\t\n\t\t\t\n\t\t\n\t\t\t\n\t\t\n\t\t\t\n\t\t\n\t\t\t\n\t\t\n\t\t\t\n\t\t\n\t<\/div>\n\n<\/div><\/div>\n\n<\/div>\n\n\t<\/div>\n\n\t\n<\/div>\n","protected":false},"excerpt":{"rendered":"<p>A Bezahlen mit PayPal Kategorie: Zahlungen Sie k\u00f6nnen sicher mit Ihrem PayPal-Konto bezahlen. Wenn Sie Ihren Einkauf abgeschlossen haben, w\u00e4hlen<\/p>\n","protected":false},"author":1,"featured_media":0,"parent":0,"menu_order":0,"comment_status":"closed","ping_status":"closed","template":"","meta":{"footnotes":""},"class_list":["post-4006","page","type-page","status-publish","hentry"],"yoast_head":"<!-- This site is optimized with the Yoast SEO plugin v27.4 - https:\/\/yoast.com\/product\/yoast-seo-wordpress\/ -->\n<title>FAQ - Thetford<\/title>\n<meta name=\"robots\" content=\"index, follow, max-snippet:-1, max-image-preview:large, max-video-preview:-1\" \/>\n<link rel=\"canonical\" href=\"https:\/\/shop.thetford-europe.com\/de\/faq\/\" \/>\n<meta property=\"og:locale\" content=\"de_DE\" \/>\n<meta property=\"og:type\" content=\"article\" \/>\n<meta property=\"og:title\" content=\"FAQ - Thetford\" \/>\n<meta property=\"og:description\" content=\"A Bezahlen mit PayPal Kategorie: Zahlungen Sie k\u00f6nnen sicher mit Ihrem PayPal-Konto bezahlen. Wenn Sie Ihren Einkauf abgeschlossen haben, w\u00e4hlen\" \/>\n<meta property=\"og:url\" content=\"https:\/\/shop.thetford-europe.com\/de\/faq\/\" \/>\n<meta property=\"og:site_name\" content=\"Thetford\" \/>\n<meta property=\"article:publisher\" content=\"https:\/\/www.facebook.com\/thetfordbv\" \/>\n<meta property=\"article:modified_time\" content=\"2021-05-31T12:23:59+00:00\" \/>\n<meta property=\"og:image\" content=\"https:\/\/shop.thetford-europe.com\/wp-content\/uploads\/2021\/05\/Thetford_iNDUS_all-modules-incl-app-250x250-category-list-image.png\" \/>\n\t<meta property=\"og:image:width\" content=\"250\" \/>\n\t<meta property=\"og:image:height\" content=\"250\" \/>\n\t<meta property=\"og:image:type\" content=\"image\/png\" \/>\n<meta name=\"twitter:card\" content=\"summary_large_image\" \/>\n<meta name=\"twitter:label1\" content=\"Gesch\u00e4tzte Lesezeit\" \/>\n\t<meta name=\"twitter:data1\" content=\"1\u00a0Minute\" \/>\n<script type=\"application\/ld+json\" class=\"yoast-schema-graph\">{\"@context\":\"https:\\\/\\\/schema.org\",\"@graph\":[{\"@type\":\"WebPage\",\"@id\":\"https:\\\/\\\/shop.thetford-europe.com\\\/de\\\/faq\\\/\",\"url\":\"https:\\\/\\\/shop.thetford-europe.com\\\/de\\\/faq\\\/\",\"name\":\"FAQ - Thetford\",\"isPartOf\":{\"@id\":\"https:\\\/\\\/shop.thetford-europe.com\\\/de\\\/#website\"},\"datePublished\":\"2021-05-05T22:21:58+00:00\",\"dateModified\":\"2021-05-31T12:23:59+00:00\",\"breadcrumb\":{\"@id\":\"https:\\\/\\\/shop.thetford-europe.com\\\/de\\\/faq\\\/#breadcrumb\"},\"inLanguage\":\"de\",\"potentialAction\":[{\"@type\":\"ReadAction\",\"target\":[\"https:\\\/\\\/shop.thetford-europe.com\\\/de\\\/faq\\\/\"]}]},{\"@type\":\"BreadcrumbList\",\"@id\":\"https:\\\/\\\/shop.thetford-europe.com\\\/de\\\/faq\\\/#breadcrumb\",\"itemListElement\":[{\"@type\":\"ListItem\",\"position\":1,\"name\":\"Home\",\"item\":\"https:\\\/\\\/shop.thetford-europe.com\\\/de\\\/\"},{\"@type\":\"ListItem\",\"position\":2,\"name\":\"FAQ\"}]},{\"@type\":\"WebSite\",\"@id\":\"https:\\\/\\\/shop.thetford-europe.com\\\/de\\\/#website\",\"url\":\"https:\\\/\\\/shop.thetford-europe.com\\\/de\\\/\",\"name\":\"Thetford\",\"description\":\"Carefree, wherever you go!\",\"publisher\":{\"@id\":\"https:\\\/\\\/shop.thetford-europe.com\\\/de\\\/#organization\"},\"potentialAction\":[{\"@type\":\"SearchAction\",\"target\":{\"@type\":\"EntryPoint\",\"urlTemplate\":\"https:\\\/\\\/shop.thetford-europe.com\\\/de\\\/?s={search_term_string}\"},\"query-input\":{\"@type\":\"PropertyValueSpecification\",\"valueRequired\":true,\"valueName\":\"search_term_string\"}}],\"inLanguage\":\"de\"},{\"@type\":\"Organization\",\"@id\":\"https:\\\/\\\/shop.thetford-europe.com\\\/de\\\/#organization\",\"name\":\"Thetford BV\",\"url\":\"https:\\\/\\\/shop.thetford-europe.com\\\/de\\\/\",\"logo\":{\"@type\":\"ImageObject\",\"inLanguage\":\"de\",\"@id\":\"https:\\\/\\\/shop.thetford-europe.com\\\/de\\\/#\\\/schema\\\/logo\\\/image\\\/\",\"url\":\"https:\\\/\\\/shop.thetford-europe.com\\\/wp-content\\\/uploads\\\/2020\\\/11\\\/logo.svg\",\"contentUrl\":\"https:\\\/\\\/shop.thetford-europe.com\\\/wp-content\\\/uploads\\\/2020\\\/11\\\/logo.svg\",\"width\":633,\"height\":100,\"caption\":\"Thetford BV\"},\"image\":{\"@id\":\"https:\\\/\\\/shop.thetford-europe.com\\\/de\\\/#\\\/schema\\\/logo\\\/image\\\/\"},\"sameAs\":[\"https:\\\/\\\/www.facebook.com\\\/thetfordbv\",\"https:\\\/\\\/www.linkedin.com\\\/company\\\/thetford\",\"https:\\\/\\\/www.youtube.com\\\/user\\\/ThetfordEurope\"]}]}<\/script>\n<!-- \/ Yoast SEO plugin. -->","yoast_head_json":{"title":"FAQ - Thetford","robots":{"index":"index","follow":"follow","max-snippet":"max-snippet:-1","max-image-preview":"max-image-preview:large","max-video-preview":"max-video-preview:-1"},"canonical":"https:\/\/shop.thetford-europe.com\/de\/faq\/","og_locale":"de_DE","og_type":"article","og_title":"FAQ - Thetford","og_description":"A Bezahlen mit PayPal Kategorie: Zahlungen Sie k\u00f6nnen sicher mit Ihrem PayPal-Konto bezahlen. Wenn Sie Ihren Einkauf abgeschlossen haben, w\u00e4hlen","og_url":"https:\/\/shop.thetford-europe.com\/de\/faq\/","og_site_name":"Thetford","article_publisher":"https:\/\/www.facebook.com\/thetfordbv","article_modified_time":"2021-05-31T12:23:59+00:00","og_image":[{"width":250,"height":250,"url":"https:\/\/shop.thetford-europe.com\/wp-content\/uploads\/2021\/05\/Thetford_iNDUS_all-modules-incl-app-250x250-category-list-image.png","type":"image\/png"}],"twitter_card":"summary_large_image","twitter_misc":{"Gesch\u00e4tzte Lesezeit":"1\u00a0Minute"},"schema":{"@context":"https:\/\/schema.org","@graph":[{"@type":"WebPage","@id":"https:\/\/shop.thetford-europe.com\/de\/faq\/","url":"https:\/\/shop.thetford-europe.com\/de\/faq\/","name":"FAQ - Thetford","isPartOf":{"@id":"https:\/\/shop.thetford-europe.com\/de\/#website"},"datePublished":"2021-05-05T22:21:58+00:00","dateModified":"2021-05-31T12:23:59+00:00","breadcrumb":{"@id":"https:\/\/shop.thetford-europe.com\/de\/faq\/#breadcrumb"},"inLanguage":"de","potentialAction":[{"@type":"ReadAction","target":["https:\/\/shop.thetford-europe.com\/de\/faq\/"]}]},{"@type":"BreadcrumbList","@id":"https:\/\/shop.thetford-europe.com\/de\/faq\/#breadcrumb","itemListElement":[{"@type":"ListItem","position":1,"name":"Home","item":"https:\/\/shop.thetford-europe.com\/de\/"},{"@type":"ListItem","position":2,"name":"FAQ"}]},{"@type":"WebSite","@id":"https:\/\/shop.thetford-europe.com\/de\/#website","url":"https:\/\/shop.thetford-europe.com\/de\/","name":"Thetford","description":"Carefree, wherever you go!","publisher":{"@id":"https:\/\/shop.thetford-europe.com\/de\/#organization"},"potentialAction":[{"@type":"SearchAction","target":{"@type":"EntryPoint","urlTemplate":"https:\/\/shop.thetford-europe.com\/de\/?s={search_term_string}"},"query-input":{"@type":"PropertyValueSpecification","valueRequired":true,"valueName":"search_term_string"}}],"inLanguage":"de"},{"@type":"Organization","@id":"https:\/\/shop.thetford-europe.com\/de\/#organization","name":"Thetford BV","url":"https:\/\/shop.thetford-europe.com\/de\/","logo":{"@type":"ImageObject","inLanguage":"de","@id":"https:\/\/shop.thetford-europe.com\/de\/#\/schema\/logo\/image\/","url":"https:\/\/shop.thetford-europe.com\/wp-content\/uploads\/2020\/11\/logo.svg","contentUrl":"https:\/\/shop.thetford-europe.com\/wp-content\/uploads\/2020\/11\/logo.svg","width":633,"height":100,"caption":"Thetford BV"},"image":{"@id":"https:\/\/shop.thetford-europe.com\/de\/#\/schema\/logo\/image\/"},"sameAs":["https:\/\/www.facebook.com\/thetfordbv","https:\/\/www.linkedin.com\/company\/thetford","https:\/\/www.youtube.com\/user\/ThetfordEurope"]}]}},"jetpack_sharing_enabled":true,"_links":{"self":[{"href":"https:\/\/shop.thetford-europe.com\/de\/wp-json\/wp\/v2\/pages\/4006","targetHints":{"allow":["GET"]}}],"collection":[{"href":"https:\/\/shop.thetford-europe.com\/de\/wp-json\/wp\/v2\/pages"}],"about":[{"href":"https:\/\/shop.thetford-europe.com\/de\/wp-json\/wp\/v2\/types\/page"}],"author":[{"embeddable":true,"href":"https:\/\/shop.thetford-europe.com\/de\/wp-json\/wp\/v2\/users\/1"}],"replies":[{"embeddable":true,"href":"https:\/\/shop.thetford-europe.com\/de\/wp-json\/wp\/v2\/comments?post=4006"}],"version-history":[{"count":0,"href":"https:\/\/shop.thetford-europe.com\/de\/wp-json\/wp\/v2\/pages\/4006\/revisions"}],"wp:attachment":[{"href":"https:\/\/shop.thetford-europe.com\/de\/wp-json\/wp\/v2\/media?parent=4006"}],"curies":[{"name":"wp","href":"https:\/\/api.w.org\/{rel}","templated":true}]}}