{"id":25289,"date":"2021-07-26T16:10:18","date_gmt":"2021-07-26T14:10:18","guid":{"rendered":"https:\/\/shop.thetford-europe.com\/product\/indus-cleaning-storage-2\/"},"modified":"2024-12-20T11:41:05","modified_gmt":"2024-12-20T10:41:05","slug":"indus-reinigung-und-einlagerung","status":"publish","type":"product","link":"https:\/\/shop.thetford-europe.com\/de\/produkt\/indus-reinigung-und-einlagerung\/","title":{"rendered":"iNDUS Reinigung und Einlagerung"},"content":{"rendered":"<div class=\"wpb-content-wrapper\"><p>[vc_row][vc_column width=&#8220;1\/2&#8243; css=&#8220;.vc_custom_1484828983369{margin-bottom: 25px !important;}&#8220;]<div class=\"title-wrapper  basel-title-color-default basel-title-style-default basel-title-size-small text-left \"><div class=\"liner-continer\"> <span class=\"left-line\"><\/span> <h4 class=\"title\" ><strong>iNDUS Reinigung und Einlagerung<\/strong><span class=\"title-separator\"><span><\/span><\/span><\/h4> <span class=\"right-line\"><\/span> <\/div><\/div>[vc_column_text]Ein kraftvoller, konzentrierter Reiniger f\u00fcr die regelm\u00e4\u00dfige Anwendung und zur Einlagerung f\u00fcr die Grau- und Schwarzwassertanks, Rohre und Leitungen des iNDUS-Systems.[\/vc_column_text][vc_column_text]Diese konzentrierte Formel tr\u00e4gt dazu bei, dass das iNDUS-System reibungslos funktioniert und wurde speziell f\u00fcr die regelm\u00e4\u00dfige Reinigung und die Reinigung des gesamten Systems vor der Einlagerung entwickelt. Wir empfehlen, dieses Reinigungs- und Lagerungsadditiv zweimal im Jahr zu verwenden (bei einer durchschnittlichen Nutzung des Wohnmobils von 6 Wochen im Jahr). Der Reiniger ist kompatibel mit den iNDUS-Additiven f\u00fcr den t\u00e4glichen Gebrauch.<\/p>\n<p>Dieses Produkt ist nur zur Verwendung f\u00fcr iNDUS bestimmt.[\/vc_column_text][vc_column_text]<\/p>\n<ul>\n<li>Sorgt f\u00fcr die hygienische Nutzung und Lagerung des iNDUS-Systems<\/li>\n<li>Verhindert Geruchsbel\u00e4stigung, Ablagerungen und Flecken in Grau- und Schwarzwassertanks, Rohren und Leitungen<\/li>\n<li>Kompatibel mit dem vollautomatischen Reinigungszyklus, daher kein Schrubben erforderlich<\/li>\n<li>Nach der Einlagerungszeit ist das iNDUS-System direkt einsatzbereit<\/li>\n<li>Verl\u00e4ngert die Lebensdauer des iNDUS-Systems<\/li>\n<li>Bequeme, kleine Flasche<\/li>\n<\/ul>\n<p>[\/vc_column_text][\/vc_column][vc_column width=&#8220;1\/2&#8243; css=&#8220;.vc_custom_1484828978370{margin-bottom: 25px !important;}&#8220;][vc_single_image image=&#8220;27909&#8243; img_size=&#8220;full&#8220; alignment=&#8220;center&#8220; css=&#8220;&#8220;][vc_column_text css=&#8220;&#8220;]<\/p>\n<p style=\"text-align: center;\"><strong>Gefahr<\/strong><\/p>\n<p>[\/vc_column_text][vc_column_text css=&#8220;&#8220;]Enth\u00e4lt: 2-BROMO-2-NITROPROPANE-1,3-DIOL; SODIUM ALKYLBENZENESULPHONATE; LAURETH-6. Gesundheitssch\u00e4dlich bei Verschlucken. Verursacht Hautreizungen. Verursacht schwere Augensch\u00e4den. Sehr giftig f\u00fcr Wasserorganismen mit langfristiger Wirkung. Ist \u00e4rztlicher Rat erforderlich, Verpackung oder Kennzeichnungsetikett bereithalten. Darf nicht in die H\u00e4nde von Kindern gelangen. Augenschutz, Gesichtsschutz, Schutzhandschuhe tragen. BEI KONTAKT MIT DEN AUGEN: Einige Minuten lang behutsam mit Wasser sp\u00fclen. Eventuell vorhandene Kontaktlinsen nach M\u00f6glichkeit entfernen. Weiter sp\u00fclen. Sofort GIFTINFORMATIONSZENTRUM, Arzt anrufen. Versch\u00fcttete Mengen aufnehmen. Inhalt einer Sammelstelle f\u00fcr gef\u00e4hrliche oder spezielle Abf\u00e4lle, in \u00dcbereinstimmung mit lokalen, regionalen, nationalen und\/oder internationalen Vorschriften zuf\u00fchren. KENNZEICHNUNG DER INHALTSSTOFFE (648\/2004\/EC): &lt;5% anionische Tenside; Bronopol; Duftstoffe.[\/vc_column_text][vc_btn title=&#8220;Verbraucher-Datenblatt \u00fcber Inhaltsstoffe iNDUS CLEANING AND STORAGE&#8220; style=&#8220;classic&#8220; shape=&#8220;round&#8220; color=&#8220;inverse&#8220; align=&#8220;center&#8220; i_align=&#8220;right&#8220; i_icon_fontawesome=&#8220;fas fa-external-link-alt&#8220; css=&#8220;&#8220; button_block=&#8220;true&#8220; add_icon=&#8220;true&#8220; link=&#8220;url:https%3A%2F%2Fshop.thetford-europe.com%2Fwp-content%2Fuploads%2F2024%2F12%2F30690-TBV_iNDUS-CLEANING-STORAGE_DE__VERSION_2.0-1.pdf|target:_blank&#8220;][\/vc_column][\/vc_row][vc_row][vc_column width=&#8220;1\/6&#8243;][\/vc_column][vc_column width=&#8220;2\/3&#8243;][vc_empty_space][vc_single_image image=&#8220;4390&#8243; img_size=&#8220;large&#8220; onclick=&#8220;link_image&#8220;][vc_empty_space][\/vc_column][vc_column width=&#8220;1\/6&#8243;][\/vc_column][\/vc_row][vc_row][vc_column][vc_toggle title=&#8220;Wie halte ich mein iNDUS-System sauber?&#8220; style=&#8220;simple&#8220;]Das\u00a0iNDUS-System muss regelm\u00e4\u00dfig gereinigt werden. F\u00fcr optimale Ergebnisse verwenden Sie das iNDUS-Reinigungs- und Lagerungsadditiv zweimal j\u00e4hrlich. Befolgen Sie die nachfolgenden Schritte f\u00fcr Ihre regelm\u00e4\u00dfige Reinigung:\u200b<\/p>\n<ol>\n<li>Stellen Sie sicher, dass alle Tanks leer sind <strong>oder<\/strong> f\u00fchren Sie den Entleerungsvorgang durch<\/li>\n<li>Bef\u00fcllen Sie den Frischwassertank und entfernen Sie die Kartuschen (ABC) aus der Dosiereinheit\u200b<\/li>\n<li>F\u00fcllen Sie \u00fcber den Abfluss des Sp\u00fclbeckens 200\u00a0ml Reinigungs- und Lagerungsadditiv in den leeren Grauwassertank ein und sp\u00fclen Sie mit Frischwasser, bis der Tank voll ist\u200b<\/li>\n<li>Installieren Sie die Thetford App und stellen Sie eine Verbindung zu iNDUS her\u200b<\/li>\n<li>Aktivieren Sie den Reinigungsvorgang in der App\u200b<\/li>\n<li>Warten Sie 12-24 Stunden\u200b<\/li>\n<li>F\u00fchren Sie den Entleerungsvorgang an einem daf\u00fcr vorgesehenen Ort durch\u200b<\/li>\n<li>Setzen Sie die Kartuschen (ABC) wieder in das Dosiermodul ein\u200b<\/li>\n<\/ol>\n<p>[\/vc_toggle][vc_toggle title=&#8220;Wie reinige ich mein iNDUS-System vor einer l\u00e4ngeren Lagerzeit?&#8220; style=&#8220;simple&#8220;]<\/p>\n<ol>\n<li style=\"list-style-type: none;\">\n<ol>\n<li>F\u00fchren Sie den Reinigungsvorgang wie oben unter <u>Schritte f\u00fcr die regelm\u00e4\u00dfige Reinigung<\/u> beschrieben durch<u>\u200b<\/u><\/li>\n<li>F\u00fcllen Sie \u00fcber den Abfluss des Sp\u00fclbeckens eine zweite Dosis von 200\u00a0ml in den leeren Grauwassertank ein und f\u00fcgen Sie 16 Liter Frischwasser hinzu.\u200b<\/li>\n<li>\u00d6ffnen Sie die Thetford App und stellen Sie eine Verbindung zu iNDUS her\u200b<\/li>\n<li>Aktivieren Sie den Einlagerungsvorgang\u200b<\/li>\n<li>Warten Sie mindestens 15 Minuten\u200b<\/li>\n<li>F\u00fchren Sie den Entleerungsvorgang f\u00fcr die Einlagerung an einem daf\u00fcr vorgesehenen Ort durch\u200b<\/li>\n<li>Bereit f\u00fcr die Einlagerung\u200b<\/li>\n<\/ol>\n<\/li>\n<\/ol>\n<p>Wenn das Fahrzeug unter 0 \u00b0C gelagert wird, \u00f6ffnen Sie bitte die Abl\u00e4ufe. Nach der Einlagerungszeit ist Ihr Fahrzeug sofort einsatzbereit. Sofern die Abl\u00e4ufe ge\u00f6ffnet waren, schlie\u00dfen Sie diese bitte vor der Benutzung.[\/vc_toggle][vc_toggle title=&#8220;Wie ist dieses Produkt zu lagern?&#8220; style=&#8220;simple&#8220;]Bewahren Sie dieses Produkt an einem k\u00fchlen, trockenen Ort bei Temperaturen \u00fcber -5\u00a0\u00b0C auf, der vor direkter Sonneneinstrahlung gesch\u00fctzt ist. Die Wirksamkeit dieses Produkts wird bis zu dem Datum garantiert, das auf der Verpackung aufgedruckt ist.\u00a0Nicht in mobilen Toiletten mit abnehmbarem F\u00e4kalientank oder im Grauwassertank eines Fahrzeugs ohne\u00a0iNDUS-Sanit\u00e4rsystem verwenden.[\/vc_toggle][vc_empty_space][\/vc_column][\/vc_row]<\/p>\n<\/div>","protected":false},"excerpt":{"rendered":"<p>Ein kraftvoller, konzentrierter Reiniger f\u00fcr die regelm\u00e4\u00dfige Anwendung und zur Einlagerung f\u00fcr die Grau- und Schwarzwassertanks, Rohre und Leitungen des iNDUS-Systems.<\/p>\n","protected":false},"featured_media":4175,"template":"","meta":[],"product_brand":[],"product_cat":[207,113,256],"product_tag":[441,123,442],"class_list":{"0":"post-25289","1":"product","2":"type-product","3":"status-publish","4":"has-post-thumbnail","6":"product_cat-cleaning-storage","7":"product_cat-indus","8":"product_cat-indus-care-products","9":"product_tag-cleaning-de","10":"product_tag-indus-de","11":"product_tag-storage-de","12":"product_shipping_class-package_1-10-de","13":"pa_brand-thetford","14":"pa_colour-orange","15":"pa_content-800-ml","17":"first","18":"instock","19":"taxable","20":"shipping-taxable","21":"purchasable","22":"product-type-simple"},"yoast_head":"<!-- This site is optimized with the Yoast SEO plugin v27.4 - https:\/\/yoast.com\/product\/yoast-seo-wordpress\/ -->\n<title>iNDUS Reinigung und Einlagerung - Thetford<\/title>\n<meta name=\"description\" content=\"A powerful and concentrated cleaner for the grey and black water tanks, tubes and pipes of the iNDUS system, for periodical and storage use.\" \/>\n<meta name=\"robots\" content=\"index, follow, max-snippet:-1, max-image-preview:large, max-video-preview:-1\" \/>\n<link rel=\"canonical\" href=\"https:\/\/shop.thetford-europe.com\/de\/produkt\/indus-reinigung-und-einlagerung\/\" \/>\n<meta property=\"og:locale\" content=\"de_DE\" \/>\n<meta property=\"og:type\" content=\"article\" \/>\n<meta property=\"og:title\" content=\"iNDUS Reinigung und Einlagerung - Thetford\" \/>\n<meta property=\"og:description\" content=\"A powerful and concentrated cleaner for the grey and black water tanks, tubes and pipes of the iNDUS system, for periodical and storage use.\" \/>\n<meta property=\"og:url\" content=\"https:\/\/shop.thetford-europe.com\/de\/produkt\/indus-reinigung-und-einlagerung\/\" \/>\n<meta property=\"og:site_name\" content=\"Thetford\" \/>\n<meta property=\"article:publisher\" content=\"https:\/\/www.facebook.com\/thetfordbv\" \/>\n<meta property=\"article:modified_time\" content=\"2024-12-20T10:41:05+00:00\" \/>\n<meta property=\"og:image\" content=\"https:\/\/shop.thetford-europe.com\/wp-content\/uploads\/2021\/07\/cleaning-and-storage.png\" \/>\n\t<meta property=\"og:image:width\" content=\"882\" \/>\n\t<meta property=\"og:image:height\" content=\"883\" \/>\n\t<meta property=\"og:image:type\" content=\"image\/png\" \/>\n<meta name=\"twitter:card\" content=\"summary_large_image\" \/>\n<meta name=\"twitter:label1\" content=\"Gesch\u00e4tzte Lesezeit\" \/>\n\t<meta name=\"twitter:data1\" content=\"3\u00a0Minuten\" \/>\n<script type=\"application\/ld+json\" class=\"yoast-schema-graph\">{\"@context\":\"https:\\\/\\\/schema.org\",\"@graph\":[{\"@type\":\"WebPage\",\"@id\":\"https:\\\/\\\/shop.thetford-europe.com\\\/de\\\/produkt\\\/indus-reinigung-und-einlagerung\\\/\",\"url\":\"https:\\\/\\\/shop.thetford-europe.com\\\/de\\\/produkt\\\/indus-reinigung-und-einlagerung\\\/\",\"name\":\"iNDUS Reinigung und Einlagerung - Thetford\",\"isPartOf\":{\"@id\":\"https:\\\/\\\/shop.thetford-europe.com\\\/de\\\/#website\"},\"primaryImageOfPage\":{\"@id\":\"https:\\\/\\\/shop.thetford-europe.com\\\/de\\\/produkt\\\/indus-reinigung-und-einlagerung\\\/#primaryimage\"},\"image\":{\"@id\":\"https:\\\/\\\/shop.thetford-europe.com\\\/de\\\/produkt\\\/indus-reinigung-und-einlagerung\\\/#primaryimage\"},\"thumbnailUrl\":\"https:\\\/\\\/shop.thetford-europe.com\\\/wp-content\\\/uploads\\\/2021\\\/07\\\/cleaning-and-storage.png\",\"datePublished\":\"2021-07-26T14:10:18+00:00\",\"dateModified\":\"2024-12-20T10:41:05+00:00\",\"description\":\"A powerful and concentrated cleaner for the grey and black water tanks, tubes and pipes of the iNDUS system, for periodical and storage use.\",\"breadcrumb\":{\"@id\":\"https:\\\/\\\/shop.thetford-europe.com\\\/de\\\/produkt\\\/indus-reinigung-und-einlagerung\\\/#breadcrumb\"},\"inLanguage\":\"de\",\"potentialAction\":[{\"@type\":\"ReadAction\",\"target\":[\"https:\\\/\\\/shop.thetford-europe.com\\\/de\\\/produkt\\\/indus-reinigung-und-einlagerung\\\/\"]}]},{\"@type\":\"ImageObject\",\"inLanguage\":\"de\",\"@id\":\"https:\\\/\\\/shop.thetford-europe.com\\\/de\\\/produkt\\\/indus-reinigung-und-einlagerung\\\/#primaryimage\",\"url\":\"https:\\\/\\\/shop.thetford-europe.com\\\/wp-content\\\/uploads\\\/2021\\\/07\\\/cleaning-and-storage.png\",\"contentUrl\":\"https:\\\/\\\/shop.thetford-europe.com\\\/wp-content\\\/uploads\\\/2021\\\/07\\\/cleaning-and-storage.png\",\"width\":882,\"height\":883},{\"@type\":\"BreadcrumbList\",\"@id\":\"https:\\\/\\\/shop.thetford-europe.com\\\/de\\\/produkt\\\/indus-reinigung-und-einlagerung\\\/#breadcrumb\",\"itemListElement\":[{\"@type\":\"ListItem\",\"position\":1,\"name\":\"Home\",\"item\":\"https:\\\/\\\/shop.thetford-europe.com\\\/de\\\/\"},{\"@type\":\"ListItem\",\"position\":2,\"name\":\"Shop\",\"item\":\"https:\\\/\\\/shop.thetford-europe.com\\\/de\\\/shop\\\/\"},{\"@type\":\"ListItem\",\"position\":3,\"name\":\"iNDUS Reinigung und Einlagerung\"}]},{\"@type\":\"WebSite\",\"@id\":\"https:\\\/\\\/shop.thetford-europe.com\\\/de\\\/#website\",\"url\":\"https:\\\/\\\/shop.thetford-europe.com\\\/de\\\/\",\"name\":\"Thetford\",\"description\":\"Carefree, wherever you go!\",\"publisher\":{\"@id\":\"https:\\\/\\\/shop.thetford-europe.com\\\/de\\\/#organization\"},\"potentialAction\":[{\"@type\":\"SearchAction\",\"target\":{\"@type\":\"EntryPoint\",\"urlTemplate\":\"https:\\\/\\\/shop.thetford-europe.com\\\/de\\\/?s={search_term_string}\"},\"query-input\":{\"@type\":\"PropertyValueSpecification\",\"valueRequired\":true,\"valueName\":\"search_term_string\"}}],\"inLanguage\":\"de\"},{\"@type\":\"Organization\",\"@id\":\"https:\\\/\\\/shop.thetford-europe.com\\\/de\\\/#organization\",\"name\":\"Thetford BV\",\"url\":\"https:\\\/\\\/shop.thetford-europe.com\\\/de\\\/\",\"logo\":{\"@type\":\"ImageObject\",\"inLanguage\":\"de\",\"@id\":\"https:\\\/\\\/shop.thetford-europe.com\\\/de\\\/#\\\/schema\\\/logo\\\/image\\\/\",\"url\":\"https:\\\/\\\/shop.thetford-europe.com\\\/wp-content\\\/uploads\\\/2020\\\/11\\\/logo.svg\",\"contentUrl\":\"https:\\\/\\\/shop.thetford-europe.com\\\/wp-content\\\/uploads\\\/2020\\\/11\\\/logo.svg\",\"width\":633,\"height\":100,\"caption\":\"Thetford BV\"},\"image\":{\"@id\":\"https:\\\/\\\/shop.thetford-europe.com\\\/de\\\/#\\\/schema\\\/logo\\\/image\\\/\"},\"sameAs\":[\"https:\\\/\\\/www.facebook.com\\\/thetfordbv\",\"https:\\\/\\\/www.linkedin.com\\\/company\\\/thetford\",\"https:\\\/\\\/www.youtube.com\\\/user\\\/ThetfordEurope\"]}]}<\/script>\n<!-- \/ Yoast SEO plugin. -->","yoast_head_json":{"title":"iNDUS Reinigung und Einlagerung - Thetford","description":"A powerful and concentrated cleaner for the grey and black water tanks, tubes and pipes of the iNDUS system, for periodical and storage use.","robots":{"index":"index","follow":"follow","max-snippet":"max-snippet:-1","max-image-preview":"max-image-preview:large","max-video-preview":"max-video-preview:-1"},"canonical":"https:\/\/shop.thetford-europe.com\/de\/produkt\/indus-reinigung-und-einlagerung\/","og_locale":"de_DE","og_type":"article","og_title":"iNDUS Reinigung und Einlagerung - Thetford","og_description":"A powerful and concentrated cleaner for the grey and black water tanks, tubes and pipes of the iNDUS system, for periodical and storage use.","og_url":"https:\/\/shop.thetford-europe.com\/de\/produkt\/indus-reinigung-und-einlagerung\/","og_site_name":"Thetford","article_publisher":"https:\/\/www.facebook.com\/thetfordbv","article_modified_time":"2024-12-20T10:41:05+00:00","og_image":[{"width":882,"height":883,"url":"https:\/\/shop.thetford-europe.com\/wp-content\/uploads\/2021\/07\/cleaning-and-storage.png","type":"image\/png"}],"twitter_card":"summary_large_image","twitter_misc":{"Gesch\u00e4tzte Lesezeit":"3\u00a0Minuten"},"schema":{"@context":"https:\/\/schema.org","@graph":[{"@type":"WebPage","@id":"https:\/\/shop.thetford-europe.com\/de\/produkt\/indus-reinigung-und-einlagerung\/","url":"https:\/\/shop.thetford-europe.com\/de\/produkt\/indus-reinigung-und-einlagerung\/","name":"iNDUS Reinigung und Einlagerung - Thetford","isPartOf":{"@id":"https:\/\/shop.thetford-europe.com\/de\/#website"},"primaryImageOfPage":{"@id":"https:\/\/shop.thetford-europe.com\/de\/produkt\/indus-reinigung-und-einlagerung\/#primaryimage"},"image":{"@id":"https:\/\/shop.thetford-europe.com\/de\/produkt\/indus-reinigung-und-einlagerung\/#primaryimage"},"thumbnailUrl":"https:\/\/shop.thetford-europe.com\/wp-content\/uploads\/2021\/07\/cleaning-and-storage.png","datePublished":"2021-07-26T14:10:18+00:00","dateModified":"2024-12-20T10:41:05+00:00","description":"A powerful and concentrated cleaner for the grey and black water tanks, tubes and pipes of the iNDUS system, for periodical and storage use.","breadcrumb":{"@id":"https:\/\/shop.thetford-europe.com\/de\/produkt\/indus-reinigung-und-einlagerung\/#breadcrumb"},"inLanguage":"de","potentialAction":[{"@type":"ReadAction","target":["https:\/\/shop.thetford-europe.com\/de\/produkt\/indus-reinigung-und-einlagerung\/"]}]},{"@type":"ImageObject","inLanguage":"de","@id":"https:\/\/shop.thetford-europe.com\/de\/produkt\/indus-reinigung-und-einlagerung\/#primaryimage","url":"https:\/\/shop.thetford-europe.com\/wp-content\/uploads\/2021\/07\/cleaning-and-storage.png","contentUrl":"https:\/\/shop.thetford-europe.com\/wp-content\/uploads\/2021\/07\/cleaning-and-storage.png","width":882,"height":883},{"@type":"BreadcrumbList","@id":"https:\/\/shop.thetford-europe.com\/de\/produkt\/indus-reinigung-und-einlagerung\/#breadcrumb","itemListElement":[{"@type":"ListItem","position":1,"name":"Home","item":"https:\/\/shop.thetford-europe.com\/de\/"},{"@type":"ListItem","position":2,"name":"Shop","item":"https:\/\/shop.thetford-europe.com\/de\/shop\/"},{"@type":"ListItem","position":3,"name":"iNDUS Reinigung und Einlagerung"}]},{"@type":"WebSite","@id":"https:\/\/shop.thetford-europe.com\/de\/#website","url":"https:\/\/shop.thetford-europe.com\/de\/","name":"Thetford","description":"Carefree, wherever you go!","publisher":{"@id":"https:\/\/shop.thetford-europe.com\/de\/#organization"},"potentialAction":[{"@type":"SearchAction","target":{"@type":"EntryPoint","urlTemplate":"https:\/\/shop.thetford-europe.com\/de\/?s={search_term_string}"},"query-input":{"@type":"PropertyValueSpecification","valueRequired":true,"valueName":"search_term_string"}}],"inLanguage":"de"},{"@type":"Organization","@id":"https:\/\/shop.thetford-europe.com\/de\/#organization","name":"Thetford BV","url":"https:\/\/shop.thetford-europe.com\/de\/","logo":{"@type":"ImageObject","inLanguage":"de","@id":"https:\/\/shop.thetford-europe.com\/de\/#\/schema\/logo\/image\/","url":"https:\/\/shop.thetford-europe.com\/wp-content\/uploads\/2020\/11\/logo.svg","contentUrl":"https:\/\/shop.thetford-europe.com\/wp-content\/uploads\/2020\/11\/logo.svg","width":633,"height":100,"caption":"Thetford BV"},"image":{"@id":"https:\/\/shop.thetford-europe.com\/de\/#\/schema\/logo\/image\/"},"sameAs":["https:\/\/www.facebook.com\/thetfordbv","https:\/\/www.linkedin.com\/company\/thetford","https:\/\/www.youtube.com\/user\/ThetfordEurope"]}]}},"jetpack_sharing_enabled":true,"_links":{"self":[{"href":"https:\/\/shop.thetford-europe.com\/de\/wp-json\/wp\/v2\/product\/25289","targetHints":{"allow":["GET"]}}],"collection":[{"href":"https:\/\/shop.thetford-europe.com\/de\/wp-json\/wp\/v2\/product"}],"about":[{"href":"https:\/\/shop.thetford-europe.com\/de\/wp-json\/wp\/v2\/types\/product"}],"wp:featuredmedia":[{"embeddable":true,"href":"https:\/\/shop.thetford-europe.com\/de\/wp-json\/wp\/v2\/media\/4175"}],"wp:attachment":[{"href":"https:\/\/shop.thetford-europe.com\/de\/wp-json\/wp\/v2\/media?parent=25289"}],"wp:term":[{"taxonomy":"product_brand","embeddable":true,"href":"https:\/\/shop.thetford-europe.com\/de\/wp-json\/wp\/v2\/product_brand?post=25289"},{"taxonomy":"product_cat","embeddable":true,"href":"https:\/\/shop.thetford-europe.com\/de\/wp-json\/wp\/v2\/product_cat?post=25289"},{"taxonomy":"product_tag","embeddable":true,"href":"https:\/\/shop.thetford-europe.com\/de\/wp-json\/wp\/v2\/product_tag?post=25289"}],"curies":[{"name":"wp","href":"https:\/\/api.w.org\/{rel}","templated":true}]}}