{"id":25363,"date":"2017-01-23T12:03:43","date_gmt":"2017-01-23T11:03:43","guid":{"rendered":"https:\/\/shop.thetford-europe.com\/product\/indus-grey-a-2\/"},"modified":"2024-12-20T10:17:35","modified_gmt":"2024-12-20T09:17:35","slug":"indus-grey-a-2","status":"publish","type":"product","link":"https:\/\/shop.thetford-europe.com\/de\/produkt\/indus-grey-a-2\/","title":{"rendered":"iNDUS Grey (A)"},"content":{"rendered":"<div class=\"wpb-content-wrapper\"><p>[vc_row][vc_column width=&#8220;1\/2&#8243; css=&#8220;.vc_custom_1484828983369{margin-bottom: 25px !important;}&#8220;]<div class=\"title-wrapper  basel-title-color-default basel-title-style-default basel-title-size-small text-left \"><div class=\"liner-continer\"> <span class=\"left-line\"><\/span> <h4 class=\"title\" ><strong>iNDUS vollautomatisches Dosiermodul Grey:<\/strong><span class=\"title-separator\"><span><\/span><\/span><\/h4> <span class=\"right-line\"><\/span> <\/div><\/div>[vc_column_text]<\/p>\n<p class=\"product-description__text\">Das iNDUS-System ist so ausgelegt, dass es in Kombination mit drei verschiedenen Additiven angewendet wird um die Hygiene zu sichern, Fehlfunktionen zu verhindern und das System sauber zu halten. Das iNDUS-System verf\u00fcgt \u00fcber ein vollautomatisches Dosiermodul, das unter Verwendung von drei speziell entwickelten und zusammenwirkenden Additiven f\u00fcr Grauwasser (A), Sp\u00fclwasser (B) und Schwarzwasser (C) genau das dosiert, was je nach Einsatz des Systems und den Umgebungstemperaturen ben\u00f6tigt wird. Der Grauwasserzusatz (A) wurde speziell entwickelt, um eine hygienische und geruchsfreie Entsorgung des Grauwassers zu erm\u00f6glichen. Es h\u00e4lt die Geruchsbildung im Grauwassertank unter Kontrolle, verhindert Ablagerungen von Fett und mineralischen Ablagerungen im Grauwassertank und in den Schl\u00e4uchen. Au\u00dferdem sorgt es f\u00fcr einen Sp\u00fclvorgang, der zu einer sauberen und geruchsfreien Entsorgung des Grauwassers f\u00fchrt, sorgt f\u00fcr eine sichere, hygienische und angenehme Wiederverwendung des Grauwassers als Sp\u00fclwasser, wobei auch ein Risiko der Ber\u00fchrung des Sp\u00fclwassers durch Menschen ber\u00fccksichtigt wird. Die iNDUS-Additive sind vollst\u00e4ndig kompatibel mit dem iNDUS-System, um unerw\u00fcnschte Degradation und Wartung zu verhindern. iNDUS Grau ist erg\u00e4nzend im Zusammenspiel mit iNDUS Sp\u00fclen und Schwarz.<\/p>\n<p>[\/vc_column_text][vc_column_text]<\/p>\n<ul class=\"checklist checklist--vertical\">\n<li class=\"checklist__item\">Vollautomatische Additivdosierung f\u00fcr Grauwasser: keine Unter- oder \u00dcberdosierung mehr<\/li>\n<li class=\"checklist__item\">Sicherstellung einer hygienischen und geruchsfreien Entleerung<\/li>\n<li class=\"checklist__item\">Gew\u00e4hrleistung eines st\u00f6rungsfreien Betriebs<\/li>\n<li class=\"checklist__item\">4 Wochen durchschnittliche Nutzung<\/li>\n<\/ul>\n<p>[\/vc_column_text][\/vc_column][vc_column width=&#8220;1\/2&#8243; css=&#8220;.vc_custom_1484828978370{margin-bottom: 25px !important;}&#8220;][vc_single_image image=&#8220;27909&#8243; img_size=&#8220;full&#8220; css=&#8220;&#8220;][vc_column_text css=&#8220;&#8220;]<\/p>\n<p style=\"text-align: center;\"><strong>Gefahr<\/strong><\/p>\n<p>[\/vc_column_text][vc_column_text css=&#8220;&#8220;]Enth\u00e4lt: 2-BROMO-2-NITROPROPANE-1,3-DIOL; SODIUM ALKYLBENZENESULPHONATE; LAURETH-6. Gesundheitssch\u00e4dlich bei Verschlucken oder Einatmen. Verursacht Hautreizungen. Verursacht schwere Augensch\u00e4den. Sehr giftig f\u00fcr Wasserorganismen mit langfristiger Wirkung. Ist \u00e4rztlicher Rat erforderlich, Verpackung oder Kennzeichnungsetikett bereithalten. Darf nicht in die H\u00e4nde von Kindern gelangen. Nur im Freien oder in gut bel\u00fcfteten R\u00e4umen verwenden. Schutzhandschuhe tragen. BEI KONTAKT MIT DEN AUGEN: Einige Minuten lang behutsam mit Wasser sp\u00fclen. Eventuell vorhandene Kontaktlinsen nach M\u00f6glichkeit entfernen. Weiter sp\u00fclen. Sofort Arzt, GIFTINFORMATIONSZENTRUM anrufen. Versch\u00fcttete Mengen aufnehmen. Inhalt einer Sammelstelle f\u00fcr gef\u00e4hrliche oder spezielle Abf\u00e4lle, in \u00dcbereinstimmung mit lokalen, regionalen, nationalen und\/oder internationalen Vorschriften zuf\u00fchren. KENNZEICHNUNG DER INHALTSSTOFFE (648\/2004\/EC): &lt;5% anionische Tenside; 2-BROMO-2-NITROPROPANE-1,3-DIOL.[\/vc_column_text][vc_btn title=&#8220;Verbraucher-Datenblatt \u00fcber Inhaltsstoffe iNDUS GREY&#8220; style=&#8220;classic&#8220; shape=&#8220;round&#8220; color=&#8220;inverse&#8220; align=&#8220;center&#8220; i_align=&#8220;right&#8220; i_icon_fontawesome=&#8220;fas fa-external-link-alt&#8220; css=&#8220;&#8220; button_block=&#8220;true&#8220; add_icon=&#8220;true&#8220; link=&#8220;url:https%3A%2F%2Fshop.thetford-europe.com%2Fwp-content%2Fuploads%2F2024%2F12%2F30672-TBV_iNDUS-GREY_DE__VERSION_3.0-1.pdf|target:_blank&#8220;][\/vc_column][\/vc_row][vc_row][vc_column][vc_single_image image=&#8220;3031&#8243; img_size=&#8220;medium&#8220; alignment=&#8220;center&#8220; css=&#8220;.vc_custom_1606400263029{margin-top: 100px !important;}&#8220;][\/vc_column][\/vc_row]<\/p>\n<\/div>","protected":false},"excerpt":{"rendered":"<p>Das iNDUS-System ist so ausgelegt, dass es in Kombination mit drei verschiedenen Additiven angewendet wird um die Hygiene zu sichern, Fehlfunktionen zu verhindern und das System sauber zu halten. Das iNDUS-System verf\u00fcgt&#8230;<\/p>\n","protected":false},"featured_media":3026,"template":"","meta":[],"product_brand":[],"product_cat":[113,118,256],"product_tag":[128,139,123],"class_list":{"0":"post-25363","1":"product","2":"type-product","3":"status-publish","4":"has-post-thumbnail","6":"product_cat-indus","7":"product_cat-indus-automatic-dosing-module","8":"product_cat-indus-care-products","9":"product_tag-automatic-dosing-module-de","10":"product_tag-grey-de","11":"product_tag-indus-de","12":"product_shipping_class-package_1-10-de","13":"pa_brand-thetford","14":"pa_colour-grau","15":"pa_content-1000-ml","17":"first","18":"instock","19":"taxable","20":"shipping-taxable","21":"purchasable","22":"product-type-simple"},"yoast_head":"<!-- This site is optimized with the Yoast SEO plugin v27.4 - https:\/\/yoast.com\/product\/yoast-seo-wordpress\/ -->\n<title>iNDUS Grey (A) - Thetford<\/title>\n<meta name=\"description\" content=\"iNDUS additives are fully compatible with the iNDUS system to prevent unwanted degradation and maintenance and iNDUS Grey is complementary interacting with iNDUS Flush and Black.\" \/>\n<meta name=\"robots\" content=\"index, follow, max-snippet:-1, max-image-preview:large, max-video-preview:-1\" \/>\n<link rel=\"canonical\" href=\"https:\/\/shop.thetford-europe.com\/de\/produkt\/indus-grey-a-2\/\" \/>\n<meta property=\"og:locale\" content=\"de_DE\" \/>\n<meta property=\"og:type\" content=\"article\" \/>\n<meta property=\"og:title\" content=\"iNDUS Grey (A) - Thetford\" \/>\n<meta property=\"og:description\" content=\"iNDUS additives are fully compatible with the iNDUS system to prevent unwanted degradation and maintenance and iNDUS Grey is complementary interacting with iNDUS Flush and Black.\" \/>\n<meta property=\"og:url\" content=\"https:\/\/shop.thetford-europe.com\/de\/produkt\/indus-grey-a-2\/\" \/>\n<meta property=\"og:site_name\" content=\"Thetford\" \/>\n<meta property=\"article:publisher\" content=\"https:\/\/www.facebook.com\/thetfordbv\" \/>\n<meta property=\"article:modified_time\" content=\"2024-12-20T09:17:35+00:00\" \/>\n<meta property=\"og:image\" content=\"https:\/\/shop.thetford-europe.com\/wp-content\/uploads\/2017\/01\/indus-grey-bottle-product-image-522x522px-product-image.png\" \/>\n\t<meta property=\"og:image:width\" content=\"522\" \/>\n\t<meta property=\"og:image:height\" content=\"522\" \/>\n\t<meta property=\"og:image:type\" content=\"image\/png\" \/>\n<meta name=\"twitter:card\" content=\"summary_large_image\" \/>\n<meta name=\"twitter:label1\" content=\"Gesch\u00e4tzte Lesezeit\" \/>\n\t<meta name=\"twitter:data1\" content=\"2\u00a0Minuten\" \/>\n<script type=\"application\/ld+json\" class=\"yoast-schema-graph\">{\"@context\":\"https:\\\/\\\/schema.org\",\"@graph\":[{\"@type\":\"WebPage\",\"@id\":\"https:\\\/\\\/shop.thetford-europe.com\\\/de\\\/produkt\\\/indus-grey-a-2\\\/\",\"url\":\"https:\\\/\\\/shop.thetford-europe.com\\\/de\\\/produkt\\\/indus-grey-a-2\\\/\",\"name\":\"iNDUS Grey (A) - Thetford\",\"isPartOf\":{\"@id\":\"https:\\\/\\\/shop.thetford-europe.com\\\/de\\\/#website\"},\"primaryImageOfPage\":{\"@id\":\"https:\\\/\\\/shop.thetford-europe.com\\\/de\\\/produkt\\\/indus-grey-a-2\\\/#primaryimage\"},\"image\":{\"@id\":\"https:\\\/\\\/shop.thetford-europe.com\\\/de\\\/produkt\\\/indus-grey-a-2\\\/#primaryimage\"},\"thumbnailUrl\":\"https:\\\/\\\/shop.thetford-europe.com\\\/wp-content\\\/uploads\\\/2017\\\/01\\\/indus-grey-bottle-product-image-522x522px-product-image.png\",\"datePublished\":\"2017-01-23T11:03:43+00:00\",\"dateModified\":\"2024-12-20T09:17:35+00:00\",\"description\":\"iNDUS additives are fully compatible with the iNDUS system to prevent unwanted degradation and maintenance and iNDUS Grey is complementary interacting with iNDUS Flush and Black.\",\"breadcrumb\":{\"@id\":\"https:\\\/\\\/shop.thetford-europe.com\\\/de\\\/produkt\\\/indus-grey-a-2\\\/#breadcrumb\"},\"inLanguage\":\"de\",\"potentialAction\":[{\"@type\":\"ReadAction\",\"target\":[\"https:\\\/\\\/shop.thetford-europe.com\\\/de\\\/produkt\\\/indus-grey-a-2\\\/\"]}]},{\"@type\":\"ImageObject\",\"inLanguage\":\"de\",\"@id\":\"https:\\\/\\\/shop.thetford-europe.com\\\/de\\\/produkt\\\/indus-grey-a-2\\\/#primaryimage\",\"url\":\"https:\\\/\\\/shop.thetford-europe.com\\\/wp-content\\\/uploads\\\/2017\\\/01\\\/indus-grey-bottle-product-image-522x522px-product-image.png\",\"contentUrl\":\"https:\\\/\\\/shop.thetford-europe.com\\\/wp-content\\\/uploads\\\/2017\\\/01\\\/indus-grey-bottle-product-image-522x522px-product-image.png\",\"width\":522,\"height\":522},{\"@type\":\"BreadcrumbList\",\"@id\":\"https:\\\/\\\/shop.thetford-europe.com\\\/de\\\/produkt\\\/indus-grey-a-2\\\/#breadcrumb\",\"itemListElement\":[{\"@type\":\"ListItem\",\"position\":1,\"name\":\"Home\",\"item\":\"https:\\\/\\\/shop.thetford-europe.com\\\/de\\\/\"},{\"@type\":\"ListItem\",\"position\":2,\"name\":\"Shop\",\"item\":\"https:\\\/\\\/shop.thetford-europe.com\\\/de\\\/shop\\\/\"},{\"@type\":\"ListItem\",\"position\":3,\"name\":\"iNDUS Grey (A)\"}]},{\"@type\":\"WebSite\",\"@id\":\"https:\\\/\\\/shop.thetford-europe.com\\\/de\\\/#website\",\"url\":\"https:\\\/\\\/shop.thetford-europe.com\\\/de\\\/\",\"name\":\"Thetford\",\"description\":\"Carefree, wherever you go!\",\"publisher\":{\"@id\":\"https:\\\/\\\/shop.thetford-europe.com\\\/de\\\/#organization\"},\"potentialAction\":[{\"@type\":\"SearchAction\",\"target\":{\"@type\":\"EntryPoint\",\"urlTemplate\":\"https:\\\/\\\/shop.thetford-europe.com\\\/de\\\/?s={search_term_string}\"},\"query-input\":{\"@type\":\"PropertyValueSpecification\",\"valueRequired\":true,\"valueName\":\"search_term_string\"}}],\"inLanguage\":\"de\"},{\"@type\":\"Organization\",\"@id\":\"https:\\\/\\\/shop.thetford-europe.com\\\/de\\\/#organization\",\"name\":\"Thetford BV\",\"url\":\"https:\\\/\\\/shop.thetford-europe.com\\\/de\\\/\",\"logo\":{\"@type\":\"ImageObject\",\"inLanguage\":\"de\",\"@id\":\"https:\\\/\\\/shop.thetford-europe.com\\\/de\\\/#\\\/schema\\\/logo\\\/image\\\/\",\"url\":\"https:\\\/\\\/shop.thetford-europe.com\\\/wp-content\\\/uploads\\\/2020\\\/11\\\/logo.svg\",\"contentUrl\":\"https:\\\/\\\/shop.thetford-europe.com\\\/wp-content\\\/uploads\\\/2020\\\/11\\\/logo.svg\",\"width\":633,\"height\":100,\"caption\":\"Thetford BV\"},\"image\":{\"@id\":\"https:\\\/\\\/shop.thetford-europe.com\\\/de\\\/#\\\/schema\\\/logo\\\/image\\\/\"},\"sameAs\":[\"https:\\\/\\\/www.facebook.com\\\/thetfordbv\",\"https:\\\/\\\/www.linkedin.com\\\/company\\\/thetford\",\"https:\\\/\\\/www.youtube.com\\\/user\\\/ThetfordEurope\"]}]}<\/script>\n<!-- \/ Yoast SEO plugin. -->","yoast_head_json":{"title":"iNDUS Grey (A) - Thetford","description":"iNDUS additives are fully compatible with the iNDUS system to prevent unwanted degradation and maintenance and iNDUS Grey is complementary interacting with iNDUS Flush and Black.","robots":{"index":"index","follow":"follow","max-snippet":"max-snippet:-1","max-image-preview":"max-image-preview:large","max-video-preview":"max-video-preview:-1"},"canonical":"https:\/\/shop.thetford-europe.com\/de\/produkt\/indus-grey-a-2\/","og_locale":"de_DE","og_type":"article","og_title":"iNDUS Grey (A) - Thetford","og_description":"iNDUS additives are fully compatible with the iNDUS system to prevent unwanted degradation and maintenance and iNDUS Grey is complementary interacting with iNDUS Flush and Black.","og_url":"https:\/\/shop.thetford-europe.com\/de\/produkt\/indus-grey-a-2\/","og_site_name":"Thetford","article_publisher":"https:\/\/www.facebook.com\/thetfordbv","article_modified_time":"2024-12-20T09:17:35+00:00","og_image":[{"width":522,"height":522,"url":"https:\/\/shop.thetford-europe.com\/wp-content\/uploads\/2017\/01\/indus-grey-bottle-product-image-522x522px-product-image.png","type":"image\/png"}],"twitter_card":"summary_large_image","twitter_misc":{"Gesch\u00e4tzte Lesezeit":"2\u00a0Minuten"},"schema":{"@context":"https:\/\/schema.org","@graph":[{"@type":"WebPage","@id":"https:\/\/shop.thetford-europe.com\/de\/produkt\/indus-grey-a-2\/","url":"https:\/\/shop.thetford-europe.com\/de\/produkt\/indus-grey-a-2\/","name":"iNDUS Grey (A) - Thetford","isPartOf":{"@id":"https:\/\/shop.thetford-europe.com\/de\/#website"},"primaryImageOfPage":{"@id":"https:\/\/shop.thetford-europe.com\/de\/produkt\/indus-grey-a-2\/#primaryimage"},"image":{"@id":"https:\/\/shop.thetford-europe.com\/de\/produkt\/indus-grey-a-2\/#primaryimage"},"thumbnailUrl":"https:\/\/shop.thetford-europe.com\/wp-content\/uploads\/2017\/01\/indus-grey-bottle-product-image-522x522px-product-image.png","datePublished":"2017-01-23T11:03:43+00:00","dateModified":"2024-12-20T09:17:35+00:00","description":"iNDUS additives are fully compatible with the iNDUS system to prevent unwanted degradation and maintenance and iNDUS Grey is complementary interacting with iNDUS Flush and Black.","breadcrumb":{"@id":"https:\/\/shop.thetford-europe.com\/de\/produkt\/indus-grey-a-2\/#breadcrumb"},"inLanguage":"de","potentialAction":[{"@type":"ReadAction","target":["https:\/\/shop.thetford-europe.com\/de\/produkt\/indus-grey-a-2\/"]}]},{"@type":"ImageObject","inLanguage":"de","@id":"https:\/\/shop.thetford-europe.com\/de\/produkt\/indus-grey-a-2\/#primaryimage","url":"https:\/\/shop.thetford-europe.com\/wp-content\/uploads\/2017\/01\/indus-grey-bottle-product-image-522x522px-product-image.png","contentUrl":"https:\/\/shop.thetford-europe.com\/wp-content\/uploads\/2017\/01\/indus-grey-bottle-product-image-522x522px-product-image.png","width":522,"height":522},{"@type":"BreadcrumbList","@id":"https:\/\/shop.thetford-europe.com\/de\/produkt\/indus-grey-a-2\/#breadcrumb","itemListElement":[{"@type":"ListItem","position":1,"name":"Home","item":"https:\/\/shop.thetford-europe.com\/de\/"},{"@type":"ListItem","position":2,"name":"Shop","item":"https:\/\/shop.thetford-europe.com\/de\/shop\/"},{"@type":"ListItem","position":3,"name":"iNDUS Grey (A)"}]},{"@type":"WebSite","@id":"https:\/\/shop.thetford-europe.com\/de\/#website","url":"https:\/\/shop.thetford-europe.com\/de\/","name":"Thetford","description":"Carefree, wherever you go!","publisher":{"@id":"https:\/\/shop.thetford-europe.com\/de\/#organization"},"potentialAction":[{"@type":"SearchAction","target":{"@type":"EntryPoint","urlTemplate":"https:\/\/shop.thetford-europe.com\/de\/?s={search_term_string}"},"query-input":{"@type":"PropertyValueSpecification","valueRequired":true,"valueName":"search_term_string"}}],"inLanguage":"de"},{"@type":"Organization","@id":"https:\/\/shop.thetford-europe.com\/de\/#organization","name":"Thetford BV","url":"https:\/\/shop.thetford-europe.com\/de\/","logo":{"@type":"ImageObject","inLanguage":"de","@id":"https:\/\/shop.thetford-europe.com\/de\/#\/schema\/logo\/image\/","url":"https:\/\/shop.thetford-europe.com\/wp-content\/uploads\/2020\/11\/logo.svg","contentUrl":"https:\/\/shop.thetford-europe.com\/wp-content\/uploads\/2020\/11\/logo.svg","width":633,"height":100,"caption":"Thetford BV"},"image":{"@id":"https:\/\/shop.thetford-europe.com\/de\/#\/schema\/logo\/image\/"},"sameAs":["https:\/\/www.facebook.com\/thetfordbv","https:\/\/www.linkedin.com\/company\/thetford","https:\/\/www.youtube.com\/user\/ThetfordEurope"]}]}},"jetpack_sharing_enabled":true,"_links":{"self":[{"href":"https:\/\/shop.thetford-europe.com\/de\/wp-json\/wp\/v2\/product\/25363","targetHints":{"allow":["GET"]}}],"collection":[{"href":"https:\/\/shop.thetford-europe.com\/de\/wp-json\/wp\/v2\/product"}],"about":[{"href":"https:\/\/shop.thetford-europe.com\/de\/wp-json\/wp\/v2\/types\/product"}],"wp:featuredmedia":[{"embeddable":true,"href":"https:\/\/shop.thetford-europe.com\/de\/wp-json\/wp\/v2\/media\/3026"}],"wp:attachment":[{"href":"https:\/\/shop.thetford-europe.com\/de\/wp-json\/wp\/v2\/media?parent=25363"}],"wp:term":[{"taxonomy":"product_brand","embeddable":true,"href":"https:\/\/shop.thetford-europe.com\/de\/wp-json\/wp\/v2\/product_brand?post=25363"},{"taxonomy":"product_cat","embeddable":true,"href":"https:\/\/shop.thetford-europe.com\/de\/wp-json\/wp\/v2\/product_cat?post=25363"},{"taxonomy":"product_tag","embeddable":true,"href":"https:\/\/shop.thetford-europe.com\/de\/wp-json\/wp\/v2\/product_tag?post=25363"}],"curies":[{"name":"wp","href":"https:\/\/api.w.org\/{rel}","templated":true}]}}