{"id":3111,"date":"2017-01-23T08:05:12","date_gmt":"2017-01-23T08:05:12","guid":{"rendered":"https:\/\/shop.thetford-europe.com\/home-base\/"},"modified":"2024-12-09T11:54:12","modified_gmt":"2024-12-09T10:54:12","slug":"home-base","status":"publish","type":"page","link":"https:\/\/shop.thetford-europe.com\/es\/","title":{"rendered":"Home"},"content":{"rendered":"<div class=\"wpb-content-wrapper\"><p>[vc_row css=\u00bb.vc_custom_1733737855511{margin-top: -15px !important;margin-bottom: 60px !important;}\u00bb][vc_column css=\u00bb.vc_custom_1452525768861{margin-top: -40px !important;}\u00bb][rev_slider_vc alias=\u00bbhome-thetford-en-1-1&#8243;][\/vc_column][\/vc_row][vc_row css=\u00bb.vc_custom_1455123507718{margin-bottom: 0px !important;}\u00bb][vc_column]<div class=\"title-wrapper  basel-title-color-default basel-title-style-cross basel-title-size-default text-center vc_custom_1617130477573\"><span class=\"title-subtitle font-default\">THETFORD<\/span><div class=\"liner-continer\"> <span class=\"left-line\"><\/span> <h4 class=\"title\" >Nuestros productos<span class=\"title-separator\"><span><\/span><\/span><\/h4> <span class=\"right-line\"><\/span> <\/div><\/div>[vc_row_inner css=\u00bb.vc_custom_1606404507854{margin-bottom: 15px !important;}\u00bb][vc_column_inner width=\u00bb1\/12&#8243; offset=\u00bbvc_col-lg-3 vc_col-md-2 vc_hidden-xs\u00bb][\/vc_column_inner][vc_column_inner width=\u00bb5\/6&#8243; offset=\u00bbvc_col-lg-6 vc_col-md-8 vc_col-xs-12&#8243;][vc_column_text css=\u00bb.vc_custom_1617130490654{margin-bottom: 25px !important;padding-right: 9% !important;padding-left: 9% !important;}\u00bb]<\/p>\n<p class=\"category__intro\" style=\"text-align: center;\"><em>Hoy en d\u00eda somos el principal proveedor mundial de sistemas m\u00f3viles de saneamiento, as\u00ed como refrigeradores, aparatos de cocina, puertas de servicio y una amplia gama de cuidado del inodoro.<\/em><\/p>\n<p>[\/vc_column_text][\/vc_column_inner][vc_column_inner width=\u00bb1\/12&#8243; offset=\u00bbvc_col-lg-3 vc_col-md-2 vc_hidden-xs\u00bb][\/vc_column_inner][\/vc_row_inner][\/vc_column][\/vc_row][vc_row full_width=\u00bbstretch_row\u00bb content_placement=\u00bbmiddle\u00bb css=\u00bb.vc_custom_1606406293341{margin-bottom: 3.5% !important;}\u00bb][vc_column basel_text_align=\u00bbcenter\u00bb]<div class=\"basel-products-element\"><div class=\"products elements-grid row basel-products-holder  pagination- grid-columns-4 title-line-one\" data-paged=\"1\" data-source=\"shortcode\" data-atts=\"{&quot;post_type&quot;:&quot;product&quot;,&quot;query_post_type&quot;:&quot;product&quot;,&quot;layout&quot;:&quot;grid&quot;,&quot;include&quot;:&quot;&quot;,&quot;custom_query&quot;:&quot;&quot;,&quot;taxonomies&quot;:&quot;&quot;,&quot;pagination&quot;:&quot;&quot;,&quot;items_per_page&quot;:&quot;4&quot;,&quot;product_hover&quot;:&quot;standard&quot;,&quot;columns&quot;:&quot;4&quot;,&quot;sale_countdown&quot;:0,&quot;offset&quot;:&quot;&quot;,&quot;orderby&quot;:&quot;date&quot;,&quot;query_type&quot;:&quot;OR&quot;,&quot;order&quot;:&quot;ASC&quot;,&quot;meta_key&quot;:&quot;&quot;,&quot;exclude&quot;:&quot;&quot;,&quot;class&quot;:&quot;&quot;,&quot;ajax_page&quot;:&quot;&quot;,&quot;speed&quot;:&quot;5000&quot;,&quot;slides_per_view&quot;:&quot;1&quot;,&quot;slides_per_view_tablet&quot;:&quot;auto&quot;,&quot;slides_per_view_mobile&quot;:&quot;auto&quot;,&quot;wrap&quot;:&quot;&quot;,&quot;autoplay&quot;:&quot;no&quot;,&quot;hide_pagination_control&quot;:&quot;&quot;,&quot;hide_prev_next_buttons&quot;:&quot;&quot;,&quot;scroll_per_page&quot;:&quot;yes&quot;,&quot;carousel_js_inline&quot;:&quot;no&quot;,&quot;img_size&quot;:&quot;woocommerce_thumbnail&quot;,&quot;force_not_ajax&quot;:&quot;no&quot;,&quot;center_mode&quot;:&quot;no&quot;,&quot;scroll_carousel_init&quot;:&quot;no&quot;,&quot;hide_out_of_stock&quot;:&quot;no&quot;,&quot;products_masonry&quot;:&quot;&quot;,&quot;products_different_sizes&quot;:&quot;&quot;}\">\t<div class=\"product-grid-item basel-hover-standard product  col-md-3 col-sm-4 col-xs-6 first  post-0 post type-post status-publish format-standard has-post-thumbnail hentry\" data-loop=\"1\" data-id=\"24771\">\n\n\t\t<div class=\"product-element-top\">\n\t<a href=\"https:\/\/shop.thetford-europe.com\/es\/producto\/indus-grey-a\/\">\n\t\t<img loading=\"lazy\" decoding=\"async\" width=\"522\" height=\"522\" src=\"https:\/\/shop.thetford-europe.com\/wp-content\/themes\/basel\/images\/lazy.png\" class=\"attachment-woocommerce_thumbnail size-woocommerce_thumbnail basel-lazy-load basel-lazy-fade\" alt=\"\" srcset=\"\" sizes=\"auto, (max-width: 522px) 100vw, 522px\" data-basel-src=\"https:\/\/shop.thetford-europe.com\/wp-content\/uploads\/2017\/01\/indus-grey-bottle-product-image-522x522px-product-image.png\" data-srcset=\"https:\/\/shop.thetford-europe.com\/wp-content\/uploads\/2017\/01\/indus-grey-bottle-product-image-522x522px-product-image.png 522w, https:\/\/shop.thetford-europe.com\/wp-content\/uploads\/2017\/01\/indus-grey-bottle-product-image-522x522px-product-image-100x100.png 100w\" \/>\t<\/a>\n\t\t<div class=\"basel-buttons\">\n\t\t\t\t\t\t\t<\/div>\n\n\t<div class=\"swatches-wrapper\">\n\t\t\t<\/div>\n<\/div>\n<h3 class=\"product-title\"><a href=\"https:\/\/shop.thetford-europe.com\/es\/producto\/indus-grey-a\/\">iNDUS Grey (A)<\/a><\/h3>\n\n\n\t<span class=\"price\"><span class=\"woocommerce-Price-amount amount\"><bdi><span class=\"woocommerce-Price-currencySymbol\">&euro;<\/span>18,95<\/bdi><\/span><\/span>\n\n<div class=\"btn-add\">\n\t<a href=\"\/es\/wp-json\/wp\/v2\/pages\/3111?add-to-cart=24771\" aria-describedby=\"woocommerce_loop_add_to_cart_link_describedby_24771\" data-quantity=\"1\" class=\"button product_type_simple add_to_cart_button ajax_add_to_cart\" data-product_id=\"24771\" data-product_sku=\"30675SP\" aria-label=\"A\u00f1adir al carrito: &ldquo;iNDUS Grey (A)&rdquo;\" rel=\"nofollow\" data-success_message=\"\u00abiNDUS Grey (A)\u00bb se ha a\u00f1adido a tu carrito\" role=\"button\">A\u00f1adir al carrito<\/a>\t<span id=\"woocommerce_loop_add_to_cart_link_describedby_24771\" class=\"screen-reader-text\">\n\t\t\t<\/span>\n<\/div>\n\n\n\n\t<\/div>\n\t<div class=\"product-grid-item basel-hover-standard product  col-md-3 col-sm-4 col-xs-6 post-0 post type-post status-publish format-standard has-post-thumbnail hentry\" data-loop=\"2\" data-id=\"3259\">\n\n\t\t<div class=\"product-element-top\">\n\t<a href=\"https:\/\/shop.thetford-europe.com\/es\/producto\/indus-flush-b\/\">\n\t\t<img loading=\"lazy\" decoding=\"async\" width=\"522\" height=\"522\" src=\"https:\/\/shop.thetford-europe.com\/wp-content\/themes\/basel\/images\/lazy.png\" class=\"attachment-woocommerce_thumbnail size-woocommerce_thumbnail basel-lazy-load basel-lazy-fade\" alt=\"\" srcset=\"\" sizes=\"auto, (max-width: 522px) 100vw, 522px\" data-basel-src=\"https:\/\/shop.thetford-europe.com\/wp-content\/uploads\/2020\/11\/indus-flush-bottle-product-image-522x522px-product-image.png\" data-srcset=\"https:\/\/shop.thetford-europe.com\/wp-content\/uploads\/2020\/11\/indus-flush-bottle-product-image-522x522px-product-image.png 522w, https:\/\/shop.thetford-europe.com\/wp-content\/uploads\/2020\/11\/indus-flush-bottle-product-image-522x522px-product-image-100x100.png 100w\" \/>\t<\/a>\n\t\t<div class=\"basel-buttons\">\n\t\t\t\t\t\t\t<\/div>\n\n\t<div class=\"swatches-wrapper\">\n\t\t\t<\/div>\n<\/div>\n<h3 class=\"product-title\"><a href=\"https:\/\/shop.thetford-europe.com\/es\/producto\/indus-flush-b\/\">iNDUS Flush (B)<\/a><\/h3>\n\n\n\t<span class=\"price\"><span class=\"woocommerce-Price-amount amount\"><bdi><span class=\"woocommerce-Price-currencySymbol\">&euro;<\/span>18,95<\/bdi><\/span><\/span>\n\n<div class=\"btn-add\">\n\t<a href=\"\/es\/wp-json\/wp\/v2\/pages\/3111?add-to-cart=3259\" aria-describedby=\"woocommerce_loop_add_to_cart_link_describedby_3259\" data-quantity=\"1\" class=\"button product_type_simple add_to_cart_button ajax_add_to_cart\" data-product_id=\"3259\" data-product_sku=\"30673SP\" aria-label=\"A\u00f1adir al carrito: &ldquo;iNDUS Flush (B)&rdquo;\" rel=\"nofollow\" data-success_message=\"\u00abiNDUS Flush (B)\u00bb se ha a\u00f1adido a tu carrito\" role=\"button\">A\u00f1adir al carrito<\/a>\t<span id=\"woocommerce_loop_add_to_cart_link_describedby_3259\" class=\"screen-reader-text\">\n\t\t\t<\/span>\n<\/div>\n\n\n\n\t<\/div>\n<div class=\"clearfix visible-xs-block\"><\/div>\t<div class=\"product-grid-item basel-hover-standard product  col-md-3 col-sm-4 col-xs-6 post-0 post type-post status-publish format-standard has-post-thumbnail hentry\" data-loop=\"3\" data-id=\"3271\">\n\n\t\t<div class=\"product-element-top\">\n\t<a href=\"https:\/\/shop.thetford-europe.com\/es\/producto\/indus-black-c\/\">\n\t\t<img loading=\"lazy\" decoding=\"async\" width=\"522\" height=\"522\" src=\"https:\/\/shop.thetford-europe.com\/wp-content\/themes\/basel\/images\/lazy.png\" class=\"attachment-woocommerce_thumbnail size-woocommerce_thumbnail basel-lazy-load basel-lazy-fade\" alt=\"\" srcset=\"\" sizes=\"auto, (max-width: 522px) 100vw, 522px\" data-basel-src=\"https:\/\/shop.thetford-europe.com\/wp-content\/uploads\/2020\/11\/indus-black-bottle-product-image-522x522px-product-image.png\" data-srcset=\"https:\/\/shop.thetford-europe.com\/wp-content\/uploads\/2020\/11\/indus-black-bottle-product-image-522x522px-product-image.png 522w, https:\/\/shop.thetford-europe.com\/wp-content\/uploads\/2020\/11\/indus-black-bottle-product-image-522x522px-product-image-100x100.png 100w\" \/>\t<\/a>\n\t\t<div class=\"basel-buttons\">\n\t\t\t\t\t\t\t<\/div>\n\n\t<div class=\"swatches-wrapper\">\n\t\t\t<\/div>\n<\/div>\n<h3 class=\"product-title\"><a href=\"https:\/\/shop.thetford-europe.com\/es\/producto\/indus-black-c\/\">iNDUS Black (C)<\/a><\/h3>\n\n\n\t<span class=\"price\"><span class=\"woocommerce-Price-amount amount\"><bdi><span class=\"woocommerce-Price-currencySymbol\">&euro;<\/span>18,95<\/bdi><\/span><\/span>\n\n<div class=\"btn-add\">\n\t<a href=\"\/es\/wp-json\/wp\/v2\/pages\/3111?add-to-cart=3271\" aria-describedby=\"woocommerce_loop_add_to_cart_link_describedby_3271\" data-quantity=\"1\" class=\"button product_type_simple add_to_cart_button ajax_add_to_cart\" data-product_id=\"3271\" data-product_sku=\"30674SP\" aria-label=\"A\u00f1adir al carrito: &ldquo;iNDUS Black (C)&rdquo;\" rel=\"nofollow\" data-success_message=\"\u00abiNDUS Black (C)\u00bb se ha a\u00f1adido a tu carrito\" role=\"button\">A\u00f1adir al carrito<\/a>\t<span id=\"woocommerce_loop_add_to_cart_link_describedby_3271\" class=\"screen-reader-text\">\n\t\t\t<\/span>\n<\/div>\n\n\n\n\t<\/div>\n<div class=\"clearfix visible-sm-block\"><\/div>\t<div class=\"product-grid-item basel-hover-standard product  col-md-3 col-sm-4 col-xs-6 last  post-0 post type-post status-publish format-standard has-post-thumbnail hentry\" data-loop=\"4\" data-id=\"3641\">\n\n\t\t<div class=\"product-element-top\">\n\t<a href=\"https:\/\/shop.thetford-europe.com\/es\/producto\/indus-set-abc\/\">\n\t\t<img loading=\"lazy\" decoding=\"async\" width=\"600\" height=\"600\" src=\"https:\/\/shop.thetford-europe.com\/wp-content\/themes\/basel\/images\/lazy.png\" class=\"attachment-woocommerce_thumbnail size-woocommerce_thumbnail basel-lazy-load basel-lazy-fade\" alt=\"\" srcset=\"\" sizes=\"auto, (max-width: 600px) 100vw, 600px\" data-basel-src=\"https:\/\/shop.thetford-europe.com\/wp-content\/uploads\/2020\/11\/ABC-iNDUS-Dosing-600x600.png\" data-srcset=\"https:\/\/shop.thetford-europe.com\/wp-content\/uploads\/2020\/11\/ABC-iNDUS-Dosing-600x600.png 600w, https:\/\/shop.thetford-europe.com\/wp-content\/uploads\/2020\/11\/ABC-iNDUS-Dosing-100x100.png 100w, https:\/\/shop.thetford-europe.com\/wp-content\/uploads\/2020\/11\/ABC-iNDUS-Dosing.png 701w\" \/>\t<\/a>\n\t\t<div class=\"basel-buttons\">\n\t\t\t\t\t\t\t<\/div>\n\n\t<div class=\"swatches-wrapper\">\n\t\t\t<\/div>\n<\/div>\n<h3 class=\"product-title\"><a href=\"https:\/\/shop.thetford-europe.com\/es\/producto\/indus-set-abc\/\">iNDUS Set (ABC)<\/a><\/h3>\n\n\n\t<span class=\"price\"><del aria-hidden=\"true\"><span class=\"woocommerce-Price-amount amount\"><bdi><span class=\"woocommerce-Price-currencySymbol\">&euro;<\/span>56,85<\/bdi><\/span><\/del> <span class=\"screen-reader-text\">El precio original era: &euro;56,85.<\/span><ins aria-hidden=\"true\"><span class=\"woocommerce-Price-amount amount\"><bdi><span class=\"woocommerce-Price-currencySymbol\">&euro;<\/span>47,95<\/bdi><\/span><\/ins><span class=\"screen-reader-text\">El precio actual es: &euro;47,95.<\/span><\/span>\n\n<div class=\"btn-add\">\n\t<a href=\"\/es\/wp-json\/wp\/v2\/pages\/3111?add-to-cart=3641\" aria-describedby=\"woocommerce_loop_add_to_cart_link_describedby_3641\" data-quantity=\"1\" class=\"button product_type_woosb add_to_cart_button ajax_add_to_cart\" data-product_id=\"3641\" data-product_sku=\"OSB-10001\" aria-label=\"Lee m\u00e1s sobre &ldquo;iNDUS Set (ABC)&rdquo;\" rel=\"nofollow\" role=\"button\">A\u00f1adir al carrito<\/a>\t<span id=\"woocommerce_loop_add_to_cart_link_describedby_3641\" class=\"screen-reader-text\">\n\t\t\t<\/span>\n<\/div>\n\n\n\n\t<\/div>\n<div class=\"clearfix visible-xs-block\"><\/div><div class=\"clearfix visible-md-block visible-lg-block\"><\/div><\/div>\t\t    \t<div class=\"products-footer\">\n\t\t    \t\t\t\t    \t<\/div>\n\t\t    <\/div>[\/vc_column][\/vc_row][vc_row full_width=\u00bbstretch_row\u00bb content_placement=\u00bbmiddle\u00bb disable_element=\u00bbyes\u00bb css=\u00bb.vc_custom_1682082107582{padding-top: 30px !important;padding-bottom: 70px !important;background-color: #4993ef !important;background-position: center !important;background-repeat: no-repeat !important;background-size: cover !important;}\u00bb el_class=\u00bbopacity-video-bg\u00bb][vc_column][vc_row_inner css=\u00bb.vc_custom_1455194261836{margin-right: 4% !important;margin-bottom: 0px !important;margin-left: 4% !important;border-top-width: 5px !important;border-right-width: 5px !important;border-bottom-width: 5px !important;border-left-width: 5px !important;padding-right: 3% !important;padding-bottom: 0px !important;padding-left: 3% !important;background-color: #ffffff !important;border-left-color: rgba(107,107,107,0.11) !important;border-left-style: solid !important;border-right-color: rgba(107,107,107,0.11) !important;border-right-style: solid !important;border-top-color: rgba(107,107,107,0.11) !important;border-top-style: solid !important;border-bottom-color: rgba(107,107,107,0.11) !important;border-bottom-style: solid !important;}\u00bb el_class=\u00bbtext-center\u00bb][vc_column_inner width=\u00bb1\/2&#8243; css=\u00bb.vc_custom_1453812054824{margin-top: 40px !important;margin-bottom: 40px !important;padding-top: 0px !important;}\u00bb][vc_single_image image=\u00bb3013&#8243; img_size=\u00bb100 x 50&#8243; alignment=\u00bbcenter\u00bb css=\u00bb.vc_custom_1606403735047{margin-top: -10px !important;margin-bottom: 15px !important;}\u00bb][vc_column_text css=\u00bb.vc_custom_1617130507540{margin-bottom: 10px !important;}\u00bb]<\/p>\n<p style=\"color: #676767; font-size: 14px;\">Acerca de Thetford<\/p>\n<p>[\/vc_column_text][vc_column_text css=\u00bb.vc_custom_1617130518276{margin-bottom: 25px !important;}\u00bb]<\/p>\n<p style=\"margin: 0 auto 20px; width: 90%; min-width: 100px;\">En Thetford nos apasiona la acampada y viajar, sea en una autocaravana o caravana, acampar en tiendas o disfrutar sin preocupaciones de unas vacaciones en un barco.<\/p>\n<p>[\/vc_column_text][\/vc_column_inner][vc_column_inner width=\u00bb1\/2&#8243; css=\u00bb.vc_custom_1453812061167{margin-top: 40px !important;margin-bottom: 40px !important;border-left-width: 1px !important;padding-top: 0px !important;border-left-color: #f4f4f4 !important;border-left-style: solid !important;}\u00bb offset=\u00bbvc_hidden-xs\u00bb][vc_column_text css=\u00bb.vc_custom_1617130542428{margin-bottom: 0px !important;}\u00bb]<\/p>\n<h3 class=\"font-alt\" style=\"margin: 0;\">Servicio y ayuda<\/h3>\n<p>[\/vc_column_text][vc_icon icon_fontawesome=\u00bbfas fa-question\u00bb color=\u00bbblack\u00bb align=\u00bbcenter\u00bb css=\u00bb.vc_custom_1617129796216{margin-bottom: 0px !important;}\u00bb][vc_column_text css=\u00bb.vc_custom_1624348863480{margin-bottom: 25px !important;}\u00bb]<\/p>\n<p style=\"margin: 0 auto 20px; width: 90%; min-width: 100px;\">En Thetford, puede confiar en que obtendr\u00e1 los mejores consejos y ayuda. Nuestra extensiva red de servicio consiste de un gran n\u00famero de centros de servicio que proporcionan orientaci\u00f3n y ayuda en muchos lugares. Por supuesto, tambi\u00e9n puede ponerse en contacto directo con nosotros \u2013 \u00a1nuestro equipo de atenci\u00f3n al cliente est\u00e1 aqu\u00ed para ayudarle!<\/p>\n<p>[\/vc_column_text]<div class=\"basel-button-wrapper text-center\"><a href=\"https:\/\/shop.thetford-europe.com\/contact\/\" title=\"\" class=\"btn btn-color-default btn-style-bordered btn-size-small\">Contatto<\/a><\/div>[\/vc_column_inner][\/vc_row_inner][\/vc_column][\/vc_row]<\/p>\n<\/div>","protected":false},"excerpt":{"rendered":"<p>[vc_row css=\u00bb.vc_custom_1733737855511{margin-top: -15px !important;margin-bottom: 60px !important;}\u00bb][vc_column css=\u00bb.vc_custom_1452525768861{margin-top: -40px !important;}\u00bb][rev_slider_vc alias=\u00bbhome-thetford-en-1-1&#8243;][\/vc_column][\/vc_row][vc_row css=\u00bb.vc_custom_1455123507718{margin-bottom: 0px !important;}\u00bb][vc_column][vc_row_inner css=\u00bb.vc_custom_1606404507854{margin-bottom: 15px !important;}\u00bb][vc_column_inner width=\u00bb1\/12&#8243; offset=\u00bbvc_col-lg-3 vc_col-md-2 vc_hidden-xs\u00bb][\/vc_column_inner][vc_column_inner<\/p>\n","protected":false},"author":1,"featured_media":0,"parent":0,"menu_order":0,"comment_status":"closed","ping_status":"closed","template":"","meta":{"footnotes":""},"class_list":["post-3111","page","type-page","status-publish","hentry"],"yoast_head":"<!-- This site is optimized with the Yoast SEO plugin v27.4 - https:\/\/yoast.com\/product\/yoast-seo-wordpress\/ -->\n<title>Home - Thetford<\/title>\n<meta name=\"description\" content=\"Hoy en d\u00eda somos el principal proveedor mundial de sistemas m\u00f3viles de saneamiento, as\u00ed como refrigeradores, aparatos de cocina, puertas de servicio y una amplia gama de cuidado del inodoro.\" \/>\n<meta name=\"robots\" content=\"index, follow, max-snippet:-1, max-image-preview:large, max-video-preview:-1\" \/>\n<link rel=\"canonical\" href=\"https:\/\/shop.thetford-europe.com\/es\/\" \/>\n<meta property=\"og:locale\" content=\"es_ES\" \/>\n<meta property=\"og:type\" content=\"article\" \/>\n<meta property=\"og:title\" content=\"Home - Thetford\" \/>\n<meta property=\"og:description\" content=\"Hoy en d\u00eda somos el principal proveedor mundial de sistemas m\u00f3viles de saneamiento, as\u00ed como refrigeradores, aparatos de cocina, puertas de servicio y una amplia gama de cuidado del inodoro.\" \/>\n<meta property=\"og:url\" content=\"https:\/\/shop.thetford-europe.com\/es\/\" \/>\n<meta property=\"og:site_name\" content=\"Thetford\" \/>\n<meta property=\"article:publisher\" content=\"https:\/\/www.facebook.com\/thetfordbv\" \/>\n<meta property=\"article:modified_time\" content=\"2024-12-09T10:54:12+00:00\" \/>\n<meta property=\"og:image\" content=\"https:\/\/shop.thetford-europe.com\/wp-content\/uploads\/2021\/05\/Thetford_iNDUS_all-modules-incl-app-250x250-category-list-image.png\" \/>\n\t<meta property=\"og:image:width\" content=\"250\" \/>\n\t<meta property=\"og:image:height\" content=\"250\" \/>\n\t<meta property=\"og:image:type\" content=\"image\/png\" \/>\n<meta name=\"twitter:card\" content=\"summary_large_image\" \/>\n<meta name=\"twitter:label1\" content=\"Tiempo de lectura\" \/>\n\t<meta name=\"twitter:data1\" content=\"2 minutos\" \/>\n<script type=\"application\/ld+json\" class=\"yoast-schema-graph\">{\"@context\":\"https:\\\/\\\/schema.org\",\"@graph\":[{\"@type\":\"WebPage\",\"@id\":\"https:\\\/\\\/shop.thetford-europe.com\\\/es\\\/\",\"url\":\"https:\\\/\\\/shop.thetford-europe.com\\\/es\\\/\",\"name\":\"Home - Thetford\",\"isPartOf\":{\"@id\":\"https:\\\/\\\/shop.thetford-europe.com\\\/es\\\/#website\"},\"datePublished\":\"2017-01-23T08:05:12+00:00\",\"dateModified\":\"2024-12-09T10:54:12+00:00\",\"description\":\"Hoy en d\u00eda somos el principal proveedor mundial de sistemas m\u00f3viles de saneamiento, as\u00ed como refrigeradores, aparatos de cocina, puertas de servicio y una amplia gama de cuidado del inodoro.\",\"breadcrumb\":{\"@id\":\"https:\\\/\\\/shop.thetford-europe.com\\\/es\\\/#breadcrumb\"},\"inLanguage\":\"es\",\"potentialAction\":[{\"@type\":\"ReadAction\",\"target\":[\"https:\\\/\\\/shop.thetford-europe.com\\\/es\\\/\"]}]},{\"@type\":\"BreadcrumbList\",\"@id\":\"https:\\\/\\\/shop.thetford-europe.com\\\/es\\\/#breadcrumb\",\"itemListElement\":[{\"@type\":\"ListItem\",\"position\":1,\"name\":\"Home\",\"item\":\"https:\\\/\\\/shop.thetford-europe.com\\\/es\\\/\"},{\"@type\":\"ListItem\",\"position\":2,\"name\":\"Home\"}]},{\"@type\":\"WebSite\",\"@id\":\"https:\\\/\\\/shop.thetford-europe.com\\\/es\\\/#website\",\"url\":\"https:\\\/\\\/shop.thetford-europe.com\\\/es\\\/\",\"name\":\"Thetford\",\"description\":\"Carefree, wherever you go!\",\"publisher\":{\"@id\":\"https:\\\/\\\/shop.thetford-europe.com\\\/es\\\/#organization\"},\"potentialAction\":[{\"@type\":\"SearchAction\",\"target\":{\"@type\":\"EntryPoint\",\"urlTemplate\":\"https:\\\/\\\/shop.thetford-europe.com\\\/es\\\/?s={search_term_string}\"},\"query-input\":{\"@type\":\"PropertyValueSpecification\",\"valueRequired\":true,\"valueName\":\"search_term_string\"}}],\"inLanguage\":\"es\"},{\"@type\":\"Organization\",\"@id\":\"https:\\\/\\\/shop.thetford-europe.com\\\/es\\\/#organization\",\"name\":\"Thetford BV\",\"url\":\"https:\\\/\\\/shop.thetford-europe.com\\\/es\\\/\",\"logo\":{\"@type\":\"ImageObject\",\"inLanguage\":\"es\",\"@id\":\"https:\\\/\\\/shop.thetford-europe.com\\\/es\\\/#\\\/schema\\\/logo\\\/image\\\/\",\"url\":\"https:\\\/\\\/shop.thetford-europe.com\\\/wp-content\\\/uploads\\\/2020\\\/11\\\/logo.svg\",\"contentUrl\":\"https:\\\/\\\/shop.thetford-europe.com\\\/wp-content\\\/uploads\\\/2020\\\/11\\\/logo.svg\",\"width\":633,\"height\":100,\"caption\":\"Thetford BV\"},\"image\":{\"@id\":\"https:\\\/\\\/shop.thetford-europe.com\\\/es\\\/#\\\/schema\\\/logo\\\/image\\\/\"},\"sameAs\":[\"https:\\\/\\\/www.facebook.com\\\/thetfordbv\",\"https:\\\/\\\/www.linkedin.com\\\/company\\\/thetford\",\"https:\\\/\\\/www.youtube.com\\\/user\\\/ThetfordEurope\"]}]}<\/script>\n<!-- \/ Yoast SEO plugin. -->","yoast_head_json":{"title":"Home - Thetford","description":"Hoy en d\u00eda somos el principal proveedor mundial de sistemas m\u00f3viles de saneamiento, as\u00ed como refrigeradores, aparatos de cocina, puertas de servicio y una amplia gama de cuidado del inodoro.","robots":{"index":"index","follow":"follow","max-snippet":"max-snippet:-1","max-image-preview":"max-image-preview:large","max-video-preview":"max-video-preview:-1"},"canonical":"https:\/\/shop.thetford-europe.com\/es\/","og_locale":"es_ES","og_type":"article","og_title":"Home - Thetford","og_description":"Hoy en d\u00eda somos el principal proveedor mundial de sistemas m\u00f3viles de saneamiento, as\u00ed como refrigeradores, aparatos de cocina, puertas de servicio y una amplia gama de cuidado del inodoro.","og_url":"https:\/\/shop.thetford-europe.com\/es\/","og_site_name":"Thetford","article_publisher":"https:\/\/www.facebook.com\/thetfordbv","article_modified_time":"2024-12-09T10:54:12+00:00","og_image":[{"width":250,"height":250,"url":"https:\/\/shop.thetford-europe.com\/wp-content\/uploads\/2021\/05\/Thetford_iNDUS_all-modules-incl-app-250x250-category-list-image.png","type":"image\/png"}],"twitter_card":"summary_large_image","twitter_misc":{"Tiempo de lectura":"2 minutos"},"schema":{"@context":"https:\/\/schema.org","@graph":[{"@type":"WebPage","@id":"https:\/\/shop.thetford-europe.com\/es\/","url":"https:\/\/shop.thetford-europe.com\/es\/","name":"Home - Thetford","isPartOf":{"@id":"https:\/\/shop.thetford-europe.com\/es\/#website"},"datePublished":"2017-01-23T08:05:12+00:00","dateModified":"2024-12-09T10:54:12+00:00","description":"Hoy en d\u00eda somos el principal proveedor mundial de sistemas m\u00f3viles de saneamiento, as\u00ed como refrigeradores, aparatos de cocina, puertas de servicio y una amplia gama de cuidado del inodoro.","breadcrumb":{"@id":"https:\/\/shop.thetford-europe.com\/es\/#breadcrumb"},"inLanguage":"es","potentialAction":[{"@type":"ReadAction","target":["https:\/\/shop.thetford-europe.com\/es\/"]}]},{"@type":"BreadcrumbList","@id":"https:\/\/shop.thetford-europe.com\/es\/#breadcrumb","itemListElement":[{"@type":"ListItem","position":1,"name":"Home","item":"https:\/\/shop.thetford-europe.com\/es\/"},{"@type":"ListItem","position":2,"name":"Home"}]},{"@type":"WebSite","@id":"https:\/\/shop.thetford-europe.com\/es\/#website","url":"https:\/\/shop.thetford-europe.com\/es\/","name":"Thetford","description":"Carefree, wherever you go!","publisher":{"@id":"https:\/\/shop.thetford-europe.com\/es\/#organization"},"potentialAction":[{"@type":"SearchAction","target":{"@type":"EntryPoint","urlTemplate":"https:\/\/shop.thetford-europe.com\/es\/?s={search_term_string}"},"query-input":{"@type":"PropertyValueSpecification","valueRequired":true,"valueName":"search_term_string"}}],"inLanguage":"es"},{"@type":"Organization","@id":"https:\/\/shop.thetford-europe.com\/es\/#organization","name":"Thetford BV","url":"https:\/\/shop.thetford-europe.com\/es\/","logo":{"@type":"ImageObject","inLanguage":"es","@id":"https:\/\/shop.thetford-europe.com\/es\/#\/schema\/logo\/image\/","url":"https:\/\/shop.thetford-europe.com\/wp-content\/uploads\/2020\/11\/logo.svg","contentUrl":"https:\/\/shop.thetford-europe.com\/wp-content\/uploads\/2020\/11\/logo.svg","width":633,"height":100,"caption":"Thetford BV"},"image":{"@id":"https:\/\/shop.thetford-europe.com\/es\/#\/schema\/logo\/image\/"},"sameAs":["https:\/\/www.facebook.com\/thetfordbv","https:\/\/www.linkedin.com\/company\/thetford","https:\/\/www.youtube.com\/user\/ThetfordEurope"]}]}},"jetpack_sharing_enabled":true,"_links":{"self":[{"href":"https:\/\/shop.thetford-europe.com\/es\/wp-json\/wp\/v2\/pages\/3111","targetHints":{"allow":["GET"]}}],"collection":[{"href":"https:\/\/shop.thetford-europe.com\/es\/wp-json\/wp\/v2\/pages"}],"about":[{"href":"https:\/\/shop.thetford-europe.com\/es\/wp-json\/wp\/v2\/types\/page"}],"author":[{"embeddable":true,"href":"https:\/\/shop.thetford-europe.com\/es\/wp-json\/wp\/v2\/users\/1"}],"replies":[{"embeddable":true,"href":"https:\/\/shop.thetford-europe.com\/es\/wp-json\/wp\/v2\/comments?post=3111"}],"version-history":[{"count":0,"href":"https:\/\/shop.thetford-europe.com\/es\/wp-json\/wp\/v2\/pages\/3111\/revisions"}],"wp:attachment":[{"href":"https:\/\/shop.thetford-europe.com\/es\/wp-json\/wp\/v2\/media?parent=3111"}],"curies":[{"name":"wp","href":"https:\/\/api.w.org\/{rel}","templated":true}]}}