{"id":3181,"date":"2021-03-12T16:42:52","date_gmt":"2021-03-12T15:42:52","guid":{"rendered":"https:\/\/shop.thetford-europe.com\/?page_id=3181"},"modified":"2022-08-11T11:44:27","modified_gmt":"2022-08-11T09:44:27","slug":"shop-overview","status":"publish","type":"page","link":"https:\/\/shop.thetford-europe.com\/es\/shop-overview\/","title":{"rendered":"Tienda web"},"content":{"rendered":"<div class=\"wpb-content-wrapper\"><p>[vc_row][vc_column]<div class=\"title-wrapper  basel-title-color-primary basel-title-style-bordered basel-title-size-default text-center vc_custom_1616665914423\"><span class=\"title-subtitle font-default\">iNDUS<\/span><div class=\"liner-continer\"> <span class=\"left-line\"><\/span> <h4 class=\"title\" ><strong>PRODUCTOS<\/strong><span class=\"title-separator\"><span><\/span><\/span><\/h4> <span class=\"right-line\"><\/span> <\/div><\/div><div class=\"woocommerce columns-3 \">\n<div class=\"products elements-grid basel-products-holder  title-line-one pagination-infinit row grid-columns-3\" data-min_price=\"\" data-max_price=\"\" data-source=\"main_loop\">\t<div class=\"product-grid-item basel-hover-standard product  col-sm-4 col-xs-6 first  post-0 post type-post status-publish format-standard has-post-thumbnail hentry\" data-loop=\"1\" data-id=\"24771\">\n\n\t\t<div class=\"product-element-top\">\n\t<a href=\"https:\/\/shop.thetford-europe.com\/es\/producto\/indus-grey-a\/\">\n\t\t<img loading=\"lazy\" decoding=\"async\" width=\"522\" height=\"522\" src=\"https:\/\/shop.thetford-europe.com\/wp-content\/themes\/basel\/images\/lazy.png\" class=\"attachment-woocommerce_thumbnail size-woocommerce_thumbnail basel-lazy-load basel-lazy-fade\" alt=\"\" srcset=\"\" sizes=\"auto, (max-width: 522px) 100vw, 522px\" data-basel-src=\"https:\/\/shop.thetford-europe.com\/wp-content\/uploads\/2017\/01\/indus-grey-bottle-product-image-522x522px-product-image.png\" data-srcset=\"https:\/\/shop.thetford-europe.com\/wp-content\/uploads\/2017\/01\/indus-grey-bottle-product-image-522x522px-product-image.png 522w, https:\/\/shop.thetford-europe.com\/wp-content\/uploads\/2017\/01\/indus-grey-bottle-product-image-522x522px-product-image-100x100.png 100w\" \/>\t<\/a>\n\t\t<div class=\"basel-buttons\">\n\t\t\t\t\t\t\t<\/div>\n\n\t<div class=\"swatches-wrapper\">\n\t\t\t<\/div>\n<\/div>\n<h3 class=\"product-title\"><a href=\"https:\/\/shop.thetford-europe.com\/es\/producto\/indus-grey-a\/\">iNDUS Grey (A)<\/a><\/h3>\n\n\n\t<span class=\"price\"><span class=\"woocommerce-Price-amount amount\"><bdi><span class=\"woocommerce-Price-currencySymbol\">&euro;<\/span>18,95<\/bdi><\/span><\/span>\n\n<div class=\"btn-add\">\n\t<a href=\"\/es\/wp-json\/wp\/v2\/pages\/3181?add-to-cart=24771\" aria-describedby=\"woocommerce_loop_add_to_cart_link_describedby_24771\" data-quantity=\"1\" class=\"button product_type_simple add_to_cart_button ajax_add_to_cart\" data-product_id=\"24771\" data-product_sku=\"30675SP\" aria-label=\"A\u00f1adir al carrito: &ldquo;iNDUS Grey (A)&rdquo;\" rel=\"nofollow\" data-success_message=\"\u00abiNDUS Grey (A)\u00bb se ha a\u00f1adido a tu carrito\" role=\"button\">A\u00f1adir al carrito<\/a>\t<span id=\"woocommerce_loop_add_to_cart_link_describedby_24771\" class=\"screen-reader-text\">\n\t\t\t<\/span>\n<\/div>\n\n\n\n\t<\/div>\n\t<div class=\"product-grid-item basel-hover-standard product  col-sm-4 col-xs-6 post-0 post type-post status-publish format-standard has-post-thumbnail hentry\" data-loop=\"2\" data-id=\"3259\">\n\n\t\t<div class=\"product-element-top\">\n\t<a href=\"https:\/\/shop.thetford-europe.com\/es\/producto\/indus-flush-b\/\">\n\t\t<img loading=\"lazy\" decoding=\"async\" width=\"522\" height=\"522\" src=\"https:\/\/shop.thetford-europe.com\/wp-content\/themes\/basel\/images\/lazy.png\" class=\"attachment-woocommerce_thumbnail size-woocommerce_thumbnail basel-lazy-load basel-lazy-fade\" alt=\"\" srcset=\"\" sizes=\"auto, (max-width: 522px) 100vw, 522px\" data-basel-src=\"https:\/\/shop.thetford-europe.com\/wp-content\/uploads\/2020\/11\/indus-flush-bottle-product-image-522x522px-product-image.png\" data-srcset=\"https:\/\/shop.thetford-europe.com\/wp-content\/uploads\/2020\/11\/indus-flush-bottle-product-image-522x522px-product-image.png 522w, https:\/\/shop.thetford-europe.com\/wp-content\/uploads\/2020\/11\/indus-flush-bottle-product-image-522x522px-product-image-100x100.png 100w\" \/>\t<\/a>\n\t\t<div class=\"basel-buttons\">\n\t\t\t\t\t\t\t<\/div>\n\n\t<div class=\"swatches-wrapper\">\n\t\t\t<\/div>\n<\/div>\n<h3 class=\"product-title\"><a href=\"https:\/\/shop.thetford-europe.com\/es\/producto\/indus-flush-b\/\">iNDUS Flush (B)<\/a><\/h3>\n\n\n\t<span class=\"price\"><span class=\"woocommerce-Price-amount amount\"><bdi><span class=\"woocommerce-Price-currencySymbol\">&euro;<\/span>18,95<\/bdi><\/span><\/span>\n\n<div class=\"btn-add\">\n\t<a href=\"\/es\/wp-json\/wp\/v2\/pages\/3181?add-to-cart=3259\" aria-describedby=\"woocommerce_loop_add_to_cart_link_describedby_3259\" data-quantity=\"1\" class=\"button product_type_simple add_to_cart_button ajax_add_to_cart\" data-product_id=\"3259\" data-product_sku=\"30673SP\" aria-label=\"A\u00f1adir al carrito: &ldquo;iNDUS Flush (B)&rdquo;\" rel=\"nofollow\" data-success_message=\"\u00abiNDUS Flush (B)\u00bb se ha a\u00f1adido a tu carrito\" role=\"button\">A\u00f1adir al carrito<\/a>\t<span id=\"woocommerce_loop_add_to_cart_link_describedby_3259\" class=\"screen-reader-text\">\n\t\t\t<\/span>\n<\/div>\n\n\n\n\t<\/div>\n<div class=\"clearfix visible-xs-block\"><\/div>\t<div class=\"product-grid-item basel-hover-standard product  col-sm-4 col-xs-6 last  post-0 post type-post status-publish format-standard has-post-thumbnail hentry\" data-loop=\"3\" data-id=\"3271\">\n\n\t\t<div class=\"product-element-top\">\n\t<a href=\"https:\/\/shop.thetford-europe.com\/es\/producto\/indus-black-c\/\">\n\t\t<img loading=\"lazy\" decoding=\"async\" width=\"522\" height=\"522\" src=\"https:\/\/shop.thetford-europe.com\/wp-content\/themes\/basel\/images\/lazy.png\" class=\"attachment-woocommerce_thumbnail size-woocommerce_thumbnail basel-lazy-load basel-lazy-fade\" alt=\"\" srcset=\"\" sizes=\"auto, (max-width: 522px) 100vw, 522px\" data-basel-src=\"https:\/\/shop.thetford-europe.com\/wp-content\/uploads\/2020\/11\/indus-black-bottle-product-image-522x522px-product-image.png\" data-srcset=\"https:\/\/shop.thetford-europe.com\/wp-content\/uploads\/2020\/11\/indus-black-bottle-product-image-522x522px-product-image.png 522w, https:\/\/shop.thetford-europe.com\/wp-content\/uploads\/2020\/11\/indus-black-bottle-product-image-522x522px-product-image-100x100.png 100w\" \/>\t<\/a>\n\t\t<div class=\"basel-buttons\">\n\t\t\t\t\t\t\t<\/div>\n\n\t<div class=\"swatches-wrapper\">\n\t\t\t<\/div>\n<\/div>\n<h3 class=\"product-title\"><a href=\"https:\/\/shop.thetford-europe.com\/es\/producto\/indus-black-c\/\">iNDUS Black (C)<\/a><\/h3>\n\n\n\t<span class=\"price\"><span class=\"woocommerce-Price-amount amount\"><bdi><span class=\"woocommerce-Price-currencySymbol\">&euro;<\/span>18,95<\/bdi><\/span><\/span>\n\n<div class=\"btn-add\">\n\t<a href=\"\/es\/wp-json\/wp\/v2\/pages\/3181?add-to-cart=3271\" aria-describedby=\"woocommerce_loop_add_to_cart_link_describedby_3271\" data-quantity=\"1\" class=\"button product_type_simple add_to_cart_button ajax_add_to_cart\" data-product_id=\"3271\" data-product_sku=\"30674SP\" aria-label=\"A\u00f1adir al carrito: &ldquo;iNDUS Black (C)&rdquo;\" rel=\"nofollow\" data-success_message=\"\u00abiNDUS Black (C)\u00bb se ha a\u00f1adido a tu carrito\" role=\"button\">A\u00f1adir al carrito<\/a>\t<span id=\"woocommerce_loop_add_to_cart_link_describedby_3271\" class=\"screen-reader-text\">\n\t\t\t<\/span>\n<\/div>\n\n\n\n\t<\/div>\n<div class=\"clearfix visible-sm-block\"><\/div><div class=\"clearfix visible-md-block visible-lg-block\"><\/div>\t<div class=\"product-grid-item basel-hover-standard product  col-sm-4 col-xs-6 first  post-0 post type-post status-publish format-standard has-post-thumbnail hentry\" data-loop=\"4\" data-id=\"25667\">\n\n\t\t<div class=\"product-element-top\">\n\t<a href=\"https:\/\/shop.thetford-europe.com\/es\/producto\/limpieza-y-almacenamiento-de-indus\/\">\n\t\t<img loading=\"lazy\" decoding=\"async\" width=\"600\" height=\"600\" src=\"https:\/\/shop.thetford-europe.com\/wp-content\/themes\/basel\/images\/lazy.png\" class=\"attachment-woocommerce_thumbnail size-woocommerce_thumbnail basel-lazy-load basel-lazy-fade\" alt=\"\" srcset=\"\" sizes=\"auto, (max-width: 600px) 100vw, 600px\" data-basel-src=\"https:\/\/shop.thetford-europe.com\/wp-content\/uploads\/2021\/07\/cleaning-and-storage-600x600.png\" data-srcset=\"https:\/\/shop.thetford-europe.com\/wp-content\/uploads\/2021\/07\/cleaning-and-storage-600x600.png 600w, https:\/\/shop.thetford-europe.com\/wp-content\/uploads\/2021\/07\/cleaning-and-storage-300x300.png 300w, https:\/\/shop.thetford-europe.com\/wp-content\/uploads\/2021\/07\/cleaning-and-storage-150x150.png 150w, https:\/\/shop.thetford-europe.com\/wp-content\/uploads\/2021\/07\/cleaning-and-storage-768x769.png 768w, https:\/\/shop.thetford-europe.com\/wp-content\/uploads\/2021\/07\/cleaning-and-storage-100x100.png 100w, https:\/\/shop.thetford-europe.com\/wp-content\/uploads\/2021\/07\/cleaning-and-storage.png 882w\" \/>\t<\/a>\n\t\t<div class=\"basel-buttons\">\n\t\t\t\t\t\t\t<\/div>\n\n\t<div class=\"swatches-wrapper\">\n\t\t\t<\/div>\n<\/div>\n<h3 class=\"product-title\"><a href=\"https:\/\/shop.thetford-europe.com\/es\/producto\/limpieza-y-almacenamiento-de-indus\/\">Limpieza y almacenamiento de iNDUS<\/a><\/h3>\n\n\n\t<span class=\"price\"><span class=\"woocommerce-Price-amount amount\"><bdi><span class=\"woocommerce-Price-currencySymbol\">&euro;<\/span>18,95<\/bdi><\/span><\/span>\n\n<div class=\"btn-add\">\n\t<a href=\"\/es\/wp-json\/wp\/v2\/pages\/3181?add-to-cart=25667\" aria-describedby=\"woocommerce_loop_add_to_cart_link_describedby_25667\" data-quantity=\"1\" class=\"button product_type_simple add_to_cart_button ajax_add_to_cart\" data-product_id=\"25667\" data-product_sku=\"30691SP\" aria-label=\"A\u00f1adir al carrito: &ldquo;Limpieza y almacenamiento de iNDUS&rdquo;\" rel=\"nofollow\" data-success_message=\"\u00abLimpieza y almacenamiento de iNDUS\u00bb se ha a\u00f1adido a tu carrito\" role=\"button\">A\u00f1adir al carrito<\/a>\t<span id=\"woocommerce_loop_add_to_cart_link_describedby_25667\" class=\"screen-reader-text\">\n\t\t\t<\/span>\n<\/div>\n\n\n\n\t<\/div>\n<div class=\"clearfix visible-xs-block\"><\/div>\t<div class=\"product-grid-item basel-hover-standard product  col-sm-4 col-xs-6 post-0 post type-post status-publish format-standard has-post-thumbnail hentry\" data-loop=\"5\" data-id=\"3641\">\n\n\t\t<div class=\"product-element-top\">\n\t<a href=\"https:\/\/shop.thetford-europe.com\/es\/producto\/indus-set-abc\/\">\n\t\t<img loading=\"lazy\" decoding=\"async\" width=\"600\" height=\"600\" src=\"https:\/\/shop.thetford-europe.com\/wp-content\/themes\/basel\/images\/lazy.png\" class=\"attachment-woocommerce_thumbnail size-woocommerce_thumbnail basel-lazy-load basel-lazy-fade\" alt=\"\" srcset=\"\" sizes=\"auto, (max-width: 600px) 100vw, 600px\" data-basel-src=\"https:\/\/shop.thetford-europe.com\/wp-content\/uploads\/2020\/11\/ABC-iNDUS-Dosing-600x600.png\" data-srcset=\"https:\/\/shop.thetford-europe.com\/wp-content\/uploads\/2020\/11\/ABC-iNDUS-Dosing-600x600.png 600w, https:\/\/shop.thetford-europe.com\/wp-content\/uploads\/2020\/11\/ABC-iNDUS-Dosing-100x100.png 100w, https:\/\/shop.thetford-europe.com\/wp-content\/uploads\/2020\/11\/ABC-iNDUS-Dosing.png 701w\" \/>\t<\/a>\n\t\t<div class=\"basel-buttons\">\n\t\t\t\t\t\t\t<\/div>\n\n\t<div class=\"swatches-wrapper\">\n\t\t\t<\/div>\n<\/div>\n<h3 class=\"product-title\"><a href=\"https:\/\/shop.thetford-europe.com\/es\/producto\/indus-set-abc\/\">iNDUS Set (ABC)<\/a><\/h3>\n\n\n\t<span class=\"price\"><del aria-hidden=\"true\"><span class=\"woocommerce-Price-amount amount\"><bdi><span class=\"woocommerce-Price-currencySymbol\">&euro;<\/span>56,85<\/bdi><\/span><\/del> <span class=\"screen-reader-text\">El precio original era: &euro;56,85.<\/span><ins aria-hidden=\"true\"><span class=\"woocommerce-Price-amount amount\"><bdi><span class=\"woocommerce-Price-currencySymbol\">&euro;<\/span>47,95<\/bdi><\/span><\/ins><span class=\"screen-reader-text\">El precio actual es: &euro;47,95.<\/span><\/span>\n\n<div class=\"btn-add\">\n\t<a href=\"\/es\/wp-json\/wp\/v2\/pages\/3181?add-to-cart=3641\" aria-describedby=\"woocommerce_loop_add_to_cart_link_describedby_3641\" data-quantity=\"1\" class=\"button product_type_woosb add_to_cart_button ajax_add_to_cart\" data-product_id=\"3641\" data-product_sku=\"OSB-10001\" aria-label=\"Lee m\u00e1s sobre &ldquo;iNDUS Set (ABC)&rdquo;\" rel=\"nofollow\" role=\"button\">A\u00f1adir al carrito<\/a>\t<span id=\"woocommerce_loop_add_to_cart_link_describedby_3641\" class=\"screen-reader-text\">\n\t\t\t<\/span>\n<\/div>\n\n\n\n\t<\/div>\n<\/div><\/div>[\/vc_column][\/vc_row]<\/p>\n<\/div>","protected":false},"excerpt":{"rendered":"<p>[vc_row][vc_column][\/vc_column][\/vc_row]<\/p>\n","protected":false},"author":1,"featured_media":0,"parent":0,"menu_order":0,"comment_status":"closed","ping_status":"closed","template":"","meta":{"footnotes":""},"class_list":["post-3181","page","type-page","status-publish","hentry"],"yoast_head":"<!-- This site is optimized with the Yoast SEO plugin v27.4 - https:\/\/yoast.com\/product\/yoast-seo-wordpress\/ -->\n<title>Tienda web - Thetford<\/title>\n<meta name=\"description\" content=\"Su inodoro Thetford es el mejor inodoro port\u00e1til del mercado. Para asegurarse de mantener este producto de calidad superior y disfrutar de unas vacaciones c\u00f3modas y libres de preocupaci\u00f3n, utilice siempre productos Thetford para su inodoro Thetford, porque el mejor inodoro se merece los mejores productos.\" \/>\n<meta name=\"robots\" content=\"index, follow, max-snippet:-1, max-image-preview:large, max-video-preview:-1\" \/>\n<link rel=\"canonical\" href=\"https:\/\/shop.thetford-europe.com\/es\/shop-overview\/\" \/>\n<meta property=\"og:locale\" content=\"es_ES\" \/>\n<meta property=\"og:type\" content=\"article\" \/>\n<meta property=\"og:title\" content=\"Tienda web - Thetford\" \/>\n<meta property=\"og:description\" content=\"Su inodoro Thetford es el mejor inodoro port\u00e1til del mercado. Para asegurarse de mantener este producto de calidad superior y disfrutar de unas vacaciones c\u00f3modas y libres de preocupaci\u00f3n, utilice siempre productos Thetford para su inodoro Thetford, porque el mejor inodoro se merece los mejores productos.\" \/>\n<meta property=\"og:url\" content=\"https:\/\/shop.thetford-europe.com\/es\/shop-overview\/\" \/>\n<meta property=\"og:site_name\" content=\"Thetford\" \/>\n<meta property=\"article:publisher\" content=\"https:\/\/www.facebook.com\/thetfordbv\" \/>\n<meta property=\"article:modified_time\" content=\"2022-08-11T09:44:27+00:00\" \/>\n<meta property=\"og:image\" content=\"https:\/\/shop.thetford-europe.com\/wp-content\/uploads\/2021\/05\/Thetford_iNDUS_all-modules-incl-app-250x250-category-list-image.png\" \/>\n\t<meta property=\"og:image:width\" content=\"250\" \/>\n\t<meta property=\"og:image:height\" content=\"250\" \/>\n\t<meta property=\"og:image:type\" content=\"image\/png\" \/>\n<meta name=\"twitter:card\" content=\"summary_large_image\" \/>\n<meta name=\"twitter:label1\" content=\"Tiempo de lectura\" \/>\n\t<meta name=\"twitter:data1\" content=\"1 minuto\" \/>\n<script type=\"application\/ld+json\" class=\"yoast-schema-graph\">{\"@context\":\"https:\\\/\\\/schema.org\",\"@graph\":[{\"@type\":\"WebPage\",\"@id\":\"https:\\\/\\\/shop.thetford-europe.com\\\/es\\\/shop-overview\\\/\",\"url\":\"https:\\\/\\\/shop.thetford-europe.com\\\/es\\\/shop-overview\\\/\",\"name\":\"Tienda web - Thetford\",\"isPartOf\":{\"@id\":\"https:\\\/\\\/shop.thetford-europe.com\\\/es\\\/#website\"},\"datePublished\":\"2021-03-12T15:42:52+00:00\",\"dateModified\":\"2022-08-11T09:44:27+00:00\",\"description\":\"Su inodoro Thetford es el mejor inodoro port\u00e1til del mercado. Para asegurarse de mantener este producto de calidad superior y disfrutar de unas vacaciones c\u00f3modas y libres de preocupaci\u00f3n, utilice siempre productos Thetford para su inodoro Thetford, porque el mejor inodoro se merece los mejores productos.\",\"breadcrumb\":{\"@id\":\"https:\\\/\\\/shop.thetford-europe.com\\\/es\\\/shop-overview\\\/#breadcrumb\"},\"inLanguage\":\"es\",\"potentialAction\":[{\"@type\":\"ReadAction\",\"target\":[\"https:\\\/\\\/shop.thetford-europe.com\\\/es\\\/shop-overview\\\/\"]}]},{\"@type\":\"BreadcrumbList\",\"@id\":\"https:\\\/\\\/shop.thetford-europe.com\\\/es\\\/shop-overview\\\/#breadcrumb\",\"itemListElement\":[{\"@type\":\"ListItem\",\"position\":1,\"name\":\"Home\",\"item\":\"https:\\\/\\\/shop.thetford-europe.com\\\/es\\\/\"},{\"@type\":\"ListItem\",\"position\":2,\"name\":\"Tienda web\"}]},{\"@type\":\"WebSite\",\"@id\":\"https:\\\/\\\/shop.thetford-europe.com\\\/es\\\/#website\",\"url\":\"https:\\\/\\\/shop.thetford-europe.com\\\/es\\\/\",\"name\":\"Thetford\",\"description\":\"Carefree, wherever you go!\",\"publisher\":{\"@id\":\"https:\\\/\\\/shop.thetford-europe.com\\\/es\\\/#organization\"},\"potentialAction\":[{\"@type\":\"SearchAction\",\"target\":{\"@type\":\"EntryPoint\",\"urlTemplate\":\"https:\\\/\\\/shop.thetford-europe.com\\\/es\\\/?s={search_term_string}\"},\"query-input\":{\"@type\":\"PropertyValueSpecification\",\"valueRequired\":true,\"valueName\":\"search_term_string\"}}],\"inLanguage\":\"es\"},{\"@type\":\"Organization\",\"@id\":\"https:\\\/\\\/shop.thetford-europe.com\\\/es\\\/#organization\",\"name\":\"Thetford BV\",\"url\":\"https:\\\/\\\/shop.thetford-europe.com\\\/es\\\/\",\"logo\":{\"@type\":\"ImageObject\",\"inLanguage\":\"es\",\"@id\":\"https:\\\/\\\/shop.thetford-europe.com\\\/es\\\/#\\\/schema\\\/logo\\\/image\\\/\",\"url\":\"https:\\\/\\\/shop.thetford-europe.com\\\/wp-content\\\/uploads\\\/2020\\\/11\\\/logo.svg\",\"contentUrl\":\"https:\\\/\\\/shop.thetford-europe.com\\\/wp-content\\\/uploads\\\/2020\\\/11\\\/logo.svg\",\"width\":633,\"height\":100,\"caption\":\"Thetford BV\"},\"image\":{\"@id\":\"https:\\\/\\\/shop.thetford-europe.com\\\/es\\\/#\\\/schema\\\/logo\\\/image\\\/\"},\"sameAs\":[\"https:\\\/\\\/www.facebook.com\\\/thetfordbv\",\"https:\\\/\\\/www.linkedin.com\\\/company\\\/thetford\",\"https:\\\/\\\/www.youtube.com\\\/user\\\/ThetfordEurope\"]}]}<\/script>\n<!-- \/ Yoast SEO plugin. -->","yoast_head_json":{"title":"Tienda web - Thetford","description":"Su inodoro Thetford es el mejor inodoro port\u00e1til del mercado. Para asegurarse de mantener este producto de calidad superior y disfrutar de unas vacaciones c\u00f3modas y libres de preocupaci\u00f3n, utilice siempre productos Thetford para su inodoro Thetford, porque el mejor inodoro se merece los mejores productos.","robots":{"index":"index","follow":"follow","max-snippet":"max-snippet:-1","max-image-preview":"max-image-preview:large","max-video-preview":"max-video-preview:-1"},"canonical":"https:\/\/shop.thetford-europe.com\/es\/shop-overview\/","og_locale":"es_ES","og_type":"article","og_title":"Tienda web - Thetford","og_description":"Su inodoro Thetford es el mejor inodoro port\u00e1til del mercado. Para asegurarse de mantener este producto de calidad superior y disfrutar de unas vacaciones c\u00f3modas y libres de preocupaci\u00f3n, utilice siempre productos Thetford para su inodoro Thetford, porque el mejor inodoro se merece los mejores productos.","og_url":"https:\/\/shop.thetford-europe.com\/es\/shop-overview\/","og_site_name":"Thetford","article_publisher":"https:\/\/www.facebook.com\/thetfordbv","article_modified_time":"2022-08-11T09:44:27+00:00","og_image":[{"width":250,"height":250,"url":"https:\/\/shop.thetford-europe.com\/wp-content\/uploads\/2021\/05\/Thetford_iNDUS_all-modules-incl-app-250x250-category-list-image.png","type":"image\/png"}],"twitter_card":"summary_large_image","twitter_misc":{"Tiempo de lectura":"1 minuto"},"schema":{"@context":"https:\/\/schema.org","@graph":[{"@type":"WebPage","@id":"https:\/\/shop.thetford-europe.com\/es\/shop-overview\/","url":"https:\/\/shop.thetford-europe.com\/es\/shop-overview\/","name":"Tienda web - Thetford","isPartOf":{"@id":"https:\/\/shop.thetford-europe.com\/es\/#website"},"datePublished":"2021-03-12T15:42:52+00:00","dateModified":"2022-08-11T09:44:27+00:00","description":"Su inodoro Thetford es el mejor inodoro port\u00e1til del mercado. Para asegurarse de mantener este producto de calidad superior y disfrutar de unas vacaciones c\u00f3modas y libres de preocupaci\u00f3n, utilice siempre productos Thetford para su inodoro Thetford, porque el mejor inodoro se merece los mejores productos.","breadcrumb":{"@id":"https:\/\/shop.thetford-europe.com\/es\/shop-overview\/#breadcrumb"},"inLanguage":"es","potentialAction":[{"@type":"ReadAction","target":["https:\/\/shop.thetford-europe.com\/es\/shop-overview\/"]}]},{"@type":"BreadcrumbList","@id":"https:\/\/shop.thetford-europe.com\/es\/shop-overview\/#breadcrumb","itemListElement":[{"@type":"ListItem","position":1,"name":"Home","item":"https:\/\/shop.thetford-europe.com\/es\/"},{"@type":"ListItem","position":2,"name":"Tienda web"}]},{"@type":"WebSite","@id":"https:\/\/shop.thetford-europe.com\/es\/#website","url":"https:\/\/shop.thetford-europe.com\/es\/","name":"Thetford","description":"Carefree, wherever you go!","publisher":{"@id":"https:\/\/shop.thetford-europe.com\/es\/#organization"},"potentialAction":[{"@type":"SearchAction","target":{"@type":"EntryPoint","urlTemplate":"https:\/\/shop.thetford-europe.com\/es\/?s={search_term_string}"},"query-input":{"@type":"PropertyValueSpecification","valueRequired":true,"valueName":"search_term_string"}}],"inLanguage":"es"},{"@type":"Organization","@id":"https:\/\/shop.thetford-europe.com\/es\/#organization","name":"Thetford BV","url":"https:\/\/shop.thetford-europe.com\/es\/","logo":{"@type":"ImageObject","inLanguage":"es","@id":"https:\/\/shop.thetford-europe.com\/es\/#\/schema\/logo\/image\/","url":"https:\/\/shop.thetford-europe.com\/wp-content\/uploads\/2020\/11\/logo.svg","contentUrl":"https:\/\/shop.thetford-europe.com\/wp-content\/uploads\/2020\/11\/logo.svg","width":633,"height":100,"caption":"Thetford BV"},"image":{"@id":"https:\/\/shop.thetford-europe.com\/es\/#\/schema\/logo\/image\/"},"sameAs":["https:\/\/www.facebook.com\/thetfordbv","https:\/\/www.linkedin.com\/company\/thetford","https:\/\/www.youtube.com\/user\/ThetfordEurope"]}]}},"jetpack_sharing_enabled":true,"_links":{"self":[{"href":"https:\/\/shop.thetford-europe.com\/es\/wp-json\/wp\/v2\/pages\/3181","targetHints":{"allow":["GET"]}}],"collection":[{"href":"https:\/\/shop.thetford-europe.com\/es\/wp-json\/wp\/v2\/pages"}],"about":[{"href":"https:\/\/shop.thetford-europe.com\/es\/wp-json\/wp\/v2\/types\/page"}],"author":[{"embeddable":true,"href":"https:\/\/shop.thetford-europe.com\/es\/wp-json\/wp\/v2\/users\/1"}],"replies":[{"embeddable":true,"href":"https:\/\/shop.thetford-europe.com\/es\/wp-json\/wp\/v2\/comments?post=3181"}],"version-history":[{"count":0,"href":"https:\/\/shop.thetford-europe.com\/es\/wp-json\/wp\/v2\/pages\/3181\/revisions"}],"wp:attachment":[{"href":"https:\/\/shop.thetford-europe.com\/es\/wp-json\/wp\/v2\/media?parent=3181"}],"curies":[{"name":"wp","href":"https:\/\/api.w.org\/{rel}","templated":true}]}}