{"id":3539,"date":"2020-11-26T12:29:25","date_gmt":"2020-11-26T11:29:25","guid":{"rendered":"https:\/\/shop.thetford-europe.com\/privacy-policy\/"},"modified":"2021-05-27T09:43:12","modified_gmt":"2021-05-27T07:43:12","slug":"privacy-policy","status":"publish","type":"page","link":"https:\/\/shop.thetford-europe.com\/es\/privacy-policy\/","title":{"rendered":"Declaraci\u00f3n de privacidad y descargo de responsabilidad"},"content":{"rendered":"<p><strong>DECLARACI\u00d3N DE PRIVACIDAD DE THETFORD<\/strong><\/p>\n<p>Los datos sensibles de car\u00e1cter privado o los datos personales se tratan a trav\u00e9s del sitio web de Thetford. Thetford valora el tratamiento prudente de los datos personales. Por eso, tambi\u00e9n tratamos y protegemos cuidadosamente los datos personales.<\/p>\n<p>Durante nuestro tratamiento, cumplimos con los requisitos especificados por la legislaci\u00f3n existente en materia de privacidad. Esto significa, entre otros, que:<\/p>\n<ul>\n<li>debemos especificar claramente la finalidad para la que tratamos los datos personales. Lo hacemos a trav\u00e9s de esta declaraci\u00f3n de privacidad;<\/li>\n<li>limitamos nuestra recopilaci\u00f3n de datos personales \u00fanicamente a los datos personales necesarios para el tratamiento y fines legales;<\/li>\n<li>en primer lugar, le solicitamos su consentimiento expreso para tratar sus datos personales cuando necesitemos su consentimiento para hacerlo. Siempre puede retirar el consentimiento que dio en su momento;<\/li>\n<li>tomamos las medidas de seguridad t\u00e9cnicas y organizativas adecuadas para proteger sus datos personales y tambi\u00e9n se lo exigimos a las partes que tratan datos personales bajo nuestras instrucciones;<\/li>\n<li>respetamos su derecho a solicitar el acceso, modificaci\u00f3n o supresi\u00f3n de sus datos personales;<\/li>\n<li>instruimos a nuestros empleados a tratar sus datos personales con cuidado.<\/li>\n<\/ul>\n<p>Thetford es responsable del tratamiento de los datos. En esta declaraci\u00f3n de privacidad, explicamos qu\u00e9 datos personales recopilamos y utilizamos y para qu\u00e9 fin. Le aconsejamos que la lea atentamente.<\/p>\n<p><em>Esta declaraci\u00f3n de privacidad se modific\u00f3 por \u00faltima vez el 26\/05\/2021.<\/em><\/p>\n<p><strong>USO DE LOS DATOS PERSONALES<\/strong><\/p>\n<p>Al utilizar nuestro sitio web, recibimos algunos de sus datos. Estos pueden ser datos personales. Almacenamos y utilizamos \u00fanicamente los datos personales que usted nos proporciona directamente, en el marco del servicio que ha solicitado, o que nos ha facilitado claramente para su tratamiento.<\/p>\n<p>Utilizamos los siguientes datos para los fines especificados en esta declaraci\u00f3n de privacidad:<\/p>\n<ul>\n<li>Datos de nombre y direcci\u00f3n<\/li>\n<li>N\u00famero de tel\u00e9fono<\/li>\n<li>Direcci\u00f3n de correo electr\u00f3nico<\/li>\n<li>Nombre visible<\/li>\n<li>Direcci\u00f3n IP<\/li>\n<\/ul>\n<p><strong>REGISTRO<\/strong><\/p>\n<p>En ciertas partes de nuestro sitio web, primero debe registrarse. Tras el registro, almacenamos los datos personales que ha compartido con nosotros a trav\u00e9s del nombre de usuario que ha elegido. Almacenamos esta informaci\u00f3n para que no tenga que volver a introducirla cada vez y para que podamos ponernos en contacto con usted en el marco de la ejecuci\u00f3n del contrato.<\/p>\n<p>No compartiremos estos datos vinculados a su nombre de usuario con terceros, a no ser que sea necesario en el marco de la ejecuci\u00f3n del contrato que usted celebre con nosotros o si as\u00ed lo exige la ley. En caso de presunto fraude o abuso de nuestro sitio web y servicios, se nos pedir\u00e1 que compartamos sus datos personales con las autoridades competentes.<\/p>\n<p><strong>ACCESO AL PORTAL<\/strong><\/p>\n<p>A trav\u00e9s de nuestro portal podr\u00e1 acceder a un entorno administrativo, donde podr\u00e1 configurar, comunicar y modificar sus datos.<\/p>\n<p><strong>PROCESAMIENTO DE PEDIDOS<\/strong><\/p>\n<p>Cuando realiza un pedido con nosotros, utilizamos sus datos personales para procesar el pedido. Si fuera necesario para el correcto procesamiento, tambi\u00e9n proporcionaremos sus datos personales a terceros. Encontrar\u00e1 m\u00e1s informaci\u00f3n al respecto en esta declaraci\u00f3n de privacidad.<\/p>\n<p><strong>FORMULARIO DE CONTACTO Y BOLET\u00cdN DE NOTICIAS<\/strong><\/p>\n<p>A trav\u00e9s de nuestro sitio web le ofrecemos la oportunidad de hacer preguntas a trav\u00e9s de un formulario de contacto, donde se le pedir\u00e1 que introduzca varios datos para procesar su consulta. Usted puede elegir la informaci\u00f3n que proporciona con este. La informaci\u00f3n que nos env\u00eda se conserva mientras sea necesaria en funci\u00f3n de la naturaleza, de la forma o del contenido de su correo electr\u00f3nico para su contestaci\u00f3n y tratamiento \u00edntegros.<\/p>\n<p>Ofrecemos un bolet\u00edn de noticias que utilizamos para informar a aquellos interesados en nuestros productos y\/o servicios. Cada bolet\u00edn de noticias contiene un enlace para darse de baja. Su direcci\u00f3n de correo electr\u00f3nico solo se a\u00f1ade a la lista de suscriptores con su consentimiento expl\u00edcito.<\/p>\n<p><strong>DIVULGACI\u00d3N A TERCEROS<\/strong><\/p>\n<p>Puede que divulguemos sus datos a nuestros socios que participan en la ejecuci\u00f3n del contrato, como el procesamiento de sus pedidos.<\/p>\n<p>Estos socios se encuentran en la UE, en pa\u00edses declarados adecuados por la UE, o hemos adoptado estrictos acuerdos con ellos para cumplir con las normas europeas en materia de privacidad.<\/p>\n<p><strong>COOKIES<\/strong><\/p>\n<p>Nuestro sitio web utiliza cookies. Las cookies tambi\u00e9n se utilizan por terceros contratados por nosotros.<br \/>\nCuando visite nuestro sitio web por primera vez, recibir\u00e1 un mensaje que le explicar\u00e1 por qu\u00e9 y qu\u00e9 cookies se utilizan para qu\u00e9 fin. Si sigue utilizando nuestro sitio web, asumiremos que est\u00e1 de acuerdo con el uso de cookies. Siempre puede desactivar las cookies en su navegador. Tenga en cuenta que es posible que nuestro sitio web no funcione de la mejor manera posible.<\/p>\n<p>Hemos adoptado acuerdos con terceros sobre el uso de cookies y aplicaciones. Sin embargo, no tenemos un control total sobre lo que los proveedores de estas aplicaciones hacen con las cookies cuando las leen. Para obtener m\u00e1s informaci\u00f3n sobre estas aplicaciones y c\u00f3mo tratan las cookies, por favor, consulte las declaraciones de privacidad de estas partes (tenga en cuenta que esto podr\u00eda cambiar con regularidad).<\/p>\n<p><strong>GOOGLE ANALYTICS<\/strong><\/p>\n<p>Utilizamos Google Analytics para mantener un registro de c\u00f3mo usan los visitantes nuestro sitio web. Hemos celebrado un acuerdo de tratamiento con Google para adoptar medidas sobre c\u00f3mo se usar\u00e1n nuestros datos. Adem\u00e1s, no dimos permiso a Google para utilizar la informaci\u00f3n de an\u00e1lisis obtenida para otros servicios de Google; finalmente, anonimizamos las direcciones IP.<\/p>\n<p><strong>SEGURIDAD<\/strong><\/p>\n<p>Tomamos medidas de seguridad para limitar el abuso y el acceso no autorizado a los datos personales. En especial, tomamos las siguientes medidas:<\/p>\n<ul>\n<li>Por ejemplo, se niega el acceso a los datos personales a los empleados de ventas y log\u00edstica mediante un nombre de usuario y una contrase\u00f1a.<\/li>\n<li>Adoptamos medidas f\u00edsicas para controlar el acceso a los sistemas donde se guardan los datos personales.<\/li>\n<li>Usamos conexiones seguras (Secure Sockets Layer o SSL) para proteger toda la informaci\u00f3n entre usted y nuestro sitio web cuando introduce datos personales<\/li>\n<li>Mantenemos registros de todas las solicitudes de datos personales.<\/li>\n<\/ul>\n<p><strong>PLAZO DE CONVERSI\u00d3N<\/strong><\/p>\n<p>Los datos personales descritos anteriormente se conservan durante todo el tiempo que sea necesario para procesar sus pedidos, incluida la garant\u00eda. Los datos se eliminan, a menos que exista una obligaci\u00f3n legal que exija que deben conservarse durante m\u00e1s tiempo (como la obligaci\u00f3n fiscal de conservar los datos de pago durante m\u00e1s tiempo o para prevenir el fraude).<\/p>\n<p><strong>SITIOS WEB DE TERCEROS<\/strong><\/p>\n<p>Estas declaraciones de privacidad no se aplican a los sitios web de terceros que est\u00e1n vinculados a nuestro sitio web a trav\u00e9s de enlaces. No podemos garantizar que estos terceros tratar\u00e1n sus datos personales de forma fiable y segura. Le recomendamos que lea la declaraci\u00f3n de privacidad de estos sitios web antes de utilizarlos.<\/p>\n<p><strong>MODIFICACIONES A ESTA DECLARACI\u00d3N<\/strong><\/p>\n<p>Nos reservamos el derecho de hacer cambios a esta declaraci\u00f3n de privacidad. Le recomendamos que consulte regularmente esta declaraci\u00f3n de privacidad para estar al d\u00eda con estos cambios.<\/p>\n<p><strong>DERECHOS DE ACCESO, MODIFICACI\u00d3N O SUPRESI\u00d3N DE SUS DATOS<\/strong><\/p>\n<p>Para preguntas sobre nuestra pol\u00edtica de privacidad o sobre el acceso y la modificaci\u00f3n (o supresi\u00f3n) de sus datos personales, por favor, p\u00f3ngase en contacto con el departamento de privacidad a trav\u00e9s de los datos siguientes. Sus consultas deben estar en ingl\u00e9s y\/o en neerland\u00e9s. Las solicitudes en su idioma local pueden dirigirse a la divisi\u00f3n de Thetford de su regi\u00f3n. Estas divisiones est\u00e1n disponibles en el sitio web de Thetford.<\/p>\n<p>Tambi\u00e9n puede enviar una solicitud al departamento de privacidad para ver, editar o eliminar los datos que usamos con su consentimiento. Tambi\u00e9n puede presentar una solicitud para una exportaci\u00f3n de datos, o para motivos por los que desea restringir nuestro tratamiento de los datos personales. Tambi\u00e9n puede solicitar, obtener y ver el resumen de los datos en su idioma local en la divisi\u00f3n m\u00e1s cercana de su elecci\u00f3n. Para prevenir que la informaci\u00f3n se proporcione a la persona equivocada, le pediremos que se identifique apropiadamente durante su visita. El departamento de privacidad de Thetford se esfuerza por completar su solicitud en el plazo de un mes. Si esto no fuera posible, recibir\u00e1 una explicaci\u00f3n de los motivos de la prolongaci\u00f3n en el plazo de un mes. Las modificaciones y la supresi\u00f3n de los datos solo se realizan si esto no contradice la ley.<\/p>\n<p>Cuando se trate de acceso a los datos personales vinculados a una cookie, tambi\u00e9n deber\u00e1 enviar una copia de la cookie en cuesti\u00f3n. Encontrar\u00e1 esto en los ajustes de su navegador. Si los datos son incorrectos, puede solicitarnos que los modifiquemos o los eliminemos.<\/p>\n<p><strong>AUTORIDAD DE DATOS PERSONALES<\/strong><\/p>\n<p>Por supuesto, le ayudaremos en caso de que tenga quejas sobre el tratamiento de sus datos personales. Seg\u00fan la legislaci\u00f3n en materia de privacidad, tambi\u00e9n tiene derecho a presentar una reclamaci\u00f3n la autoridad de datos personales neerlandesa o ante el \u00f3rgano jurisdiccional. La direcci\u00f3n de la autoridad de datos personales es: Postbus 93374, 2509 AJ Den Haag, Nederland.<\/p>\n<p><strong>DATOS DE CONTACTO DEL DEPARTEMENTO DE PRIVACIDAD DE THETFORD<\/strong><\/p>\n<p>Thetford\u00a0B.V. Legal Team<br \/>\nLegal@thetford.eu<\/p>\n","protected":false},"excerpt":{"rendered":"<p>DECLARACI\u00d3N DE PRIVACIDAD DE THETFORD Los datos sensibles de car\u00e1cter privado o los datos personales se tratan a trav\u00e9s del<\/p>\n","protected":false},"author":1,"featured_media":0,"parent":0,"menu_order":0,"comment_status":"closed","ping_status":"closed","template":"","meta":{"footnotes":""},"class_list":["post-3539","page","type-page","status-publish","hentry"],"yoast_head":"<!-- This site is optimized with the Yoast SEO plugin v27.4 - https:\/\/yoast.com\/product\/yoast-seo-wordpress\/ -->\n<title>Declaraci\u00f3n de privacidad y descargo de responsabilidad - Thetford<\/title>\n<meta name=\"robots\" content=\"index, follow, max-snippet:-1, max-image-preview:large, max-video-preview:-1\" \/>\n<link rel=\"canonical\" href=\"https:\/\/shop.thetford-europe.com\/es\/privacy-policy\/\" \/>\n<meta property=\"og:locale\" content=\"es_ES\" \/>\n<meta property=\"og:type\" content=\"article\" \/>\n<meta property=\"og:title\" content=\"Declaraci\u00f3n de privacidad y descargo de responsabilidad - Thetford\" \/>\n<meta property=\"og:description\" content=\"DECLARACI\u00d3N DE PRIVACIDAD DE THETFORD Los datos sensibles de car\u00e1cter privado o los datos personales se tratan a trav\u00e9s del\" \/>\n<meta property=\"og:url\" content=\"https:\/\/shop.thetford-europe.com\/es\/privacy-policy\/\" \/>\n<meta property=\"og:site_name\" content=\"Thetford\" \/>\n<meta property=\"article:publisher\" content=\"https:\/\/www.facebook.com\/thetfordbv\" \/>\n<meta property=\"article:modified_time\" content=\"2021-05-27T07:43:12+00:00\" \/>\n<meta property=\"og:image\" content=\"https:\/\/shop.thetford-europe.com\/wp-content\/uploads\/2021\/05\/Thetford_iNDUS_all-modules-incl-app-250x250-category-list-image.png\" \/>\n\t<meta property=\"og:image:width\" content=\"250\" \/>\n\t<meta property=\"og:image:height\" content=\"250\" \/>\n\t<meta property=\"og:image:type\" content=\"image\/png\" \/>\n<meta name=\"twitter:card\" content=\"summary_large_image\" \/>\n<meta name=\"twitter:label1\" content=\"Tiempo de lectura\" \/>\n\t<meta name=\"twitter:data1\" content=\"7 minutos\" \/>\n<script type=\"application\/ld+json\" class=\"yoast-schema-graph\">{\"@context\":\"https:\\\/\\\/schema.org\",\"@graph\":[{\"@type\":\"WebPage\",\"@id\":\"https:\\\/\\\/shop.thetford-europe.com\\\/es\\\/privacy-policy\\\/\",\"url\":\"https:\\\/\\\/shop.thetford-europe.com\\\/es\\\/privacy-policy\\\/\",\"name\":\"Declaraci\u00f3n de privacidad y descargo de responsabilidad - Thetford\",\"isPartOf\":{\"@id\":\"https:\\\/\\\/shop.thetford-europe.com\\\/es\\\/#website\"},\"datePublished\":\"2020-11-26T11:29:25+00:00\",\"dateModified\":\"2021-05-27T07:43:12+00:00\",\"breadcrumb\":{\"@id\":\"https:\\\/\\\/shop.thetford-europe.com\\\/es\\\/privacy-policy\\\/#breadcrumb\"},\"inLanguage\":\"es\",\"potentialAction\":[{\"@type\":\"ReadAction\",\"target\":[\"https:\\\/\\\/shop.thetford-europe.com\\\/es\\\/privacy-policy\\\/\"]}]},{\"@type\":\"BreadcrumbList\",\"@id\":\"https:\\\/\\\/shop.thetford-europe.com\\\/es\\\/privacy-policy\\\/#breadcrumb\",\"itemListElement\":[{\"@type\":\"ListItem\",\"position\":1,\"name\":\"Home\",\"item\":\"https:\\\/\\\/shop.thetford-europe.com\\\/es\\\/\"},{\"@type\":\"ListItem\",\"position\":2,\"name\":\"Declaraci\u00f3n de privacidad y descargo de responsabilidad\"}]},{\"@type\":\"WebSite\",\"@id\":\"https:\\\/\\\/shop.thetford-europe.com\\\/es\\\/#website\",\"url\":\"https:\\\/\\\/shop.thetford-europe.com\\\/es\\\/\",\"name\":\"Thetford\",\"description\":\"Carefree, wherever you go!\",\"publisher\":{\"@id\":\"https:\\\/\\\/shop.thetford-europe.com\\\/es\\\/#organization\"},\"potentialAction\":[{\"@type\":\"SearchAction\",\"target\":{\"@type\":\"EntryPoint\",\"urlTemplate\":\"https:\\\/\\\/shop.thetford-europe.com\\\/es\\\/?s={search_term_string}\"},\"query-input\":{\"@type\":\"PropertyValueSpecification\",\"valueRequired\":true,\"valueName\":\"search_term_string\"}}],\"inLanguage\":\"es\"},{\"@type\":\"Organization\",\"@id\":\"https:\\\/\\\/shop.thetford-europe.com\\\/es\\\/#organization\",\"name\":\"Thetford BV\",\"url\":\"https:\\\/\\\/shop.thetford-europe.com\\\/es\\\/\",\"logo\":{\"@type\":\"ImageObject\",\"inLanguage\":\"es\",\"@id\":\"https:\\\/\\\/shop.thetford-europe.com\\\/es\\\/#\\\/schema\\\/logo\\\/image\\\/\",\"url\":\"https:\\\/\\\/shop.thetford-europe.com\\\/wp-content\\\/uploads\\\/2020\\\/11\\\/logo.svg\",\"contentUrl\":\"https:\\\/\\\/shop.thetford-europe.com\\\/wp-content\\\/uploads\\\/2020\\\/11\\\/logo.svg\",\"width\":633,\"height\":100,\"caption\":\"Thetford BV\"},\"image\":{\"@id\":\"https:\\\/\\\/shop.thetford-europe.com\\\/es\\\/#\\\/schema\\\/logo\\\/image\\\/\"},\"sameAs\":[\"https:\\\/\\\/www.facebook.com\\\/thetfordbv\",\"https:\\\/\\\/www.linkedin.com\\\/company\\\/thetford\",\"https:\\\/\\\/www.youtube.com\\\/user\\\/ThetfordEurope\"]}]}<\/script>\n<!-- \/ Yoast SEO plugin. -->","yoast_head_json":{"title":"Declaraci\u00f3n de privacidad y descargo de responsabilidad - Thetford","robots":{"index":"index","follow":"follow","max-snippet":"max-snippet:-1","max-image-preview":"max-image-preview:large","max-video-preview":"max-video-preview:-1"},"canonical":"https:\/\/shop.thetford-europe.com\/es\/privacy-policy\/","og_locale":"es_ES","og_type":"article","og_title":"Declaraci\u00f3n de privacidad y descargo de responsabilidad - Thetford","og_description":"DECLARACI\u00d3N DE PRIVACIDAD DE THETFORD Los datos sensibles de car\u00e1cter privado o los datos personales se tratan a trav\u00e9s del","og_url":"https:\/\/shop.thetford-europe.com\/es\/privacy-policy\/","og_site_name":"Thetford","article_publisher":"https:\/\/www.facebook.com\/thetfordbv","article_modified_time":"2021-05-27T07:43:12+00:00","og_image":[{"width":250,"height":250,"url":"https:\/\/shop.thetford-europe.com\/wp-content\/uploads\/2021\/05\/Thetford_iNDUS_all-modules-incl-app-250x250-category-list-image.png","type":"image\/png"}],"twitter_card":"summary_large_image","twitter_misc":{"Tiempo de lectura":"7 minutos"},"schema":{"@context":"https:\/\/schema.org","@graph":[{"@type":"WebPage","@id":"https:\/\/shop.thetford-europe.com\/es\/privacy-policy\/","url":"https:\/\/shop.thetford-europe.com\/es\/privacy-policy\/","name":"Declaraci\u00f3n de privacidad y descargo de responsabilidad - Thetford","isPartOf":{"@id":"https:\/\/shop.thetford-europe.com\/es\/#website"},"datePublished":"2020-11-26T11:29:25+00:00","dateModified":"2021-05-27T07:43:12+00:00","breadcrumb":{"@id":"https:\/\/shop.thetford-europe.com\/es\/privacy-policy\/#breadcrumb"},"inLanguage":"es","potentialAction":[{"@type":"ReadAction","target":["https:\/\/shop.thetford-europe.com\/es\/privacy-policy\/"]}]},{"@type":"BreadcrumbList","@id":"https:\/\/shop.thetford-europe.com\/es\/privacy-policy\/#breadcrumb","itemListElement":[{"@type":"ListItem","position":1,"name":"Home","item":"https:\/\/shop.thetford-europe.com\/es\/"},{"@type":"ListItem","position":2,"name":"Declaraci\u00f3n de privacidad y descargo de responsabilidad"}]},{"@type":"WebSite","@id":"https:\/\/shop.thetford-europe.com\/es\/#website","url":"https:\/\/shop.thetford-europe.com\/es\/","name":"Thetford","description":"Carefree, wherever you go!","publisher":{"@id":"https:\/\/shop.thetford-europe.com\/es\/#organization"},"potentialAction":[{"@type":"SearchAction","target":{"@type":"EntryPoint","urlTemplate":"https:\/\/shop.thetford-europe.com\/es\/?s={search_term_string}"},"query-input":{"@type":"PropertyValueSpecification","valueRequired":true,"valueName":"search_term_string"}}],"inLanguage":"es"},{"@type":"Organization","@id":"https:\/\/shop.thetford-europe.com\/es\/#organization","name":"Thetford BV","url":"https:\/\/shop.thetford-europe.com\/es\/","logo":{"@type":"ImageObject","inLanguage":"es","@id":"https:\/\/shop.thetford-europe.com\/es\/#\/schema\/logo\/image\/","url":"https:\/\/shop.thetford-europe.com\/wp-content\/uploads\/2020\/11\/logo.svg","contentUrl":"https:\/\/shop.thetford-europe.com\/wp-content\/uploads\/2020\/11\/logo.svg","width":633,"height":100,"caption":"Thetford BV"},"image":{"@id":"https:\/\/shop.thetford-europe.com\/es\/#\/schema\/logo\/image\/"},"sameAs":["https:\/\/www.facebook.com\/thetfordbv","https:\/\/www.linkedin.com\/company\/thetford","https:\/\/www.youtube.com\/user\/ThetfordEurope"]}]}},"jetpack_sharing_enabled":true,"_links":{"self":[{"href":"https:\/\/shop.thetford-europe.com\/es\/wp-json\/wp\/v2\/pages\/3539","targetHints":{"allow":["GET"]}}],"collection":[{"href":"https:\/\/shop.thetford-europe.com\/es\/wp-json\/wp\/v2\/pages"}],"about":[{"href":"https:\/\/shop.thetford-europe.com\/es\/wp-json\/wp\/v2\/types\/page"}],"author":[{"embeddable":true,"href":"https:\/\/shop.thetford-europe.com\/es\/wp-json\/wp\/v2\/users\/1"}],"replies":[{"embeddable":true,"href":"https:\/\/shop.thetford-europe.com\/es\/wp-json\/wp\/v2\/comments?post=3539"}],"version-history":[{"count":0,"href":"https:\/\/shop.thetford-europe.com\/es\/wp-json\/wp\/v2\/pages\/3539\/revisions"}],"wp:attachment":[{"href":"https:\/\/shop.thetford-europe.com\/es\/wp-json\/wp\/v2\/media?parent=3539"}],"curies":[{"name":"wp","href":"https:\/\/api.w.org\/{rel}","templated":true}]}}