{"id":25667,"date":"2021-07-26T16:10:18","date_gmt":"2021-07-26T14:10:18","guid":{"rendered":"https:\/\/shop.thetford-europe.com\/product\/indus-cleaning-storage\/"},"modified":"2024-12-20T11:44:44","modified_gmt":"2024-12-20T10:44:44","slug":"limpieza-y-almacenamiento-de-indus","status":"publish","type":"product","link":"https:\/\/shop.thetford-europe.com\/es\/producto\/limpieza-y-almacenamiento-de-indus\/","title":{"rendered":"Limpieza y almacenamiento de iNDUS"},"content":{"rendered":"<div class=\"wpb-content-wrapper\"><p>[vc_row][vc_column width=\u00bb1\/2&#8243; css=\u00bb.vc_custom_1484828983369{margin-bottom: 25px !important;}\u00bb]<div class=\"title-wrapper  basel-title-color-default basel-title-style-default basel-title-size-small text-left \"><div class=\"liner-continer\"> <span class=\"left-line\"><\/span> <h4 class=\"title\" ><strong>Additif iNDUS Cleaning &amp; Storage<\/strong><span class=\"title-separator\"><span><\/span><\/span><\/h4> <span class=\"right-line\"><\/span> <\/div><\/div>[vc_column_text]Un limpiador potente, concentrado, peri\u00f3dico y de almacenamiento para dep\u00f3sitos de aguas grises y negras, tubos y tuber\u00edas del sistema iNDUS.[\/vc_column_text][vc_column_text]Esta f\u00f3rmula concentrada mantendr\u00e1 en perfecto estado el sistema iNDUS. Se ha dise\u00f1ado espec\u00edficamente para la limpieza peri\u00f3dica y de almacenamiento de todo el sistema. Recomendamos utilizar este aditivo de limpieza y almacenamiento dos veces al a\u00f1o (con un uso medio del veh\u00edculo recreativo de 6 semanas al a\u00f1o). Es compatible con los aditivos iNDUS de uso diario.<\/p>\n<p>Este producto est\u00e1 dise\u00f1ado para su uso exclusivo en iNDUS.[\/vc_column_text][vc_column_text]<\/p>\n<ul>\n<li>Garantiza la higiene en el uso y el almacenamiento del sistema iNDUS.<\/li>\n<li>Previene el mal olor, los residuos y las manchas en los dep\u00f3sitos de aguas grises y negras, los tubos y las tuber\u00edas.<\/li>\n<li>Es compatible con el ciclo de limpieza totalmente autom\u00e1tico, por lo que no es necesario frotar.<\/li>\n<li>Garantiza que el sistema iNDUS est\u00e9 listo para su uso despu\u00e9s de un periodo de almacenamiento.<\/li>\n<li>Prolonga la vida \u00fatil del sistema iNDUS.<\/li>\n<li>Botella peque\u00f1a y pr\u00e1ctica.<\/li>\n<\/ul>\n<p>[\/vc_column_text][\/vc_column][vc_column width=\u00bb1\/2&#8243; css=\u00bb.vc_custom_1484828978370{margin-bottom: 25px !important;}\u00bb][vc_single_image image=\u00bb27911&#8243; img_size=\u00bbfull\u00bb alignment=\u00bbcenter\u00bb css=\u00bb\u00bb][vc_column_text css=\u00bb\u00bb]Peligro[\/vc_column_text][vc_column_text css=\u00bb\u00bb]Contiene: 2-BROMO-2-NITROPROPANE-1,3-DIOL; SODIUM ALKYLBENZENESULPHONATE; LAURETH-6. Nocivo en caso de ingesti\u00f3n. Provoca irritaci\u00f3n cut\u00e1nea. Provoca lesiones oculares graves. Muy t\u00f3xico para los organismos acu\u00e1ticos, con efectos nocivos duraderos. Si se necesita consejo m\u00e9dico, tener a mano el envase o la etiqueta. Mantener fuera del alcance de los ni\u00f1os. Llevar equipo de protecci\u00f3n para los ojos, equipo de protecci\u00f3n para la cara, guantes de protecci\u00f3n. EN CASO DE CONTACTO CON LOS OJOS: Enjuagar con agua cuidadosamente durante varios minutos. Quitar las lentes de contacto cuando est\u00e9n presentes y pueda hacerse con facilidad. Proseguir con el lavado. Llamar inmediatamente a un CENTRO DE TOXICOLOG\u00cdA, un m\u00e9dico. Recoger el vertido. Eliminar el contenido en un punto de recogida de residuos peligrosos o especiales, de acuerdo con la normativa local, regional, nacional y\/o internacional. ETIQUETADO DEL CONTENIDO (648\/2004\/EC): &lt;5% tensioactivos ani\u00f3nicos; Bronopol; perfumes.[\/vc_column_text][vc_btn title=\u00bbHoja informativa de ingredientes para el consumidor iNDUS CLEANING AND STORAGE\u00bb style=\u00bbclassic\u00bb shape=\u00bbround\u00bb color=\u00bbinverse\u00bb align=\u00bbcenter\u00bb i_align=\u00bbright\u00bb i_icon_fontawesome=\u00bbfas fa-external-link-alt\u00bb css=\u00bb\u00bb button_block=\u00bbtrue\u00bb add_icon=\u00bbtrue\u00bb link=\u00bburl:https%3A%2F%2Fshop.thetford-europe.com%2Fwp-content%2Fuploads%2F2024%2F12%2F30690-TBV_iNDUS-CLEANING-STORAGE_ES__VERSION_2.0-1.pdf\u00bb][\/vc_column][\/vc_row][vc_row][vc_column width=\u00bb1\/6&#8243;][\/vc_column][vc_column width=\u00bb2\/3&#8243;][vc_empty_space][vc_single_image image=\u00bb4392&#8243; img_size=\u00bblarge\u00bb alignment=\u00bbcenter\u00bb onclick=\u00bblink_image\u00bb][vc_empty_space][\/vc_column][vc_column width=\u00bb1\/6&#8243;][\/vc_column][\/vc_row][vc_row][vc_column][vc_toggle title=\u00bb\u00bfC\u00f3mo puedo mantener limpio el sistema iNDUS?\u00bb style=\u00bbsimple\u00bb css=\u00bb\u00bb]El\u00a0sistema\u00a0iNDUS\u00a0se debe limpiar peri\u00f3dicamente. Para obtener los mejores resultados, use dos veces al a\u00f1o los aditivos de limpieza y almacenamiento de iNDUS. Siga estos pasos para realizar la limpieza peri\u00f3dica:\u200b<\/p>\n<ol>\n<li>Aseg\u00farese de que todos los dep\u00f3sitos est\u00e9n vac\u00edos\u00a0olleve a cabo un ciclo de descarga.\u200b<\/li>\n<li>Llene el dep\u00f3sito de agua limpia y extraiga los cartuchos (ABC) de la unidad de dosificaci\u00f3n.\u200b<\/li>\n<li>A\u00f1ada 200\u00a0ml de aditivo de limpieza y almacenamiento al dep\u00f3sito de aguas grises vac\u00edo a trav\u00e9s del fregadero y descargue agua limpia hasta que el dep\u00f3sito est\u00e9 lleno.\u200b<\/li>\n<li>Instale la aplicaci\u00f3n de Thetford y con\u00e9ctese a iNDUS.\u200b<\/li>\n<li>Active el proceso de limpieza en la aplicaci\u00f3n.\u200b<\/li>\n<li>Espere entre 12 y 24\u00a0horas.\u200b<\/li>\n<li>Lleve a cabo un ciclo de descarga en una zona designada.\u200b<\/li>\n<li>Vuelva a colocar los cartuchos (ABC) en la unidad de dosificaci\u00f3n.\u200b<\/li>\n<\/ol>\n<p>[\/vc_toggle][vc_toggle title=\u00bb\u00bfC\u00f3mo limpio el sistema iNDUS antes de un periodo de almacenamiento prolongado?\u00bb style=\u00bbsimple\u00bb]<\/p>\n<ol>\n<li>Lleve a cabo un ciclo de limpieza tal como se indica en los <u>pasos de la limpieza peri\u00f3dica<\/u>.<u>\u200b<\/u><\/li>\n<li>A\u00f1ada una segunda dosis de 200\u00a0ml al dep\u00f3sito de aguas grises vac\u00edo a trav\u00e9s del fregadero y agregue 16\u00a0l de agua limpia.\u200b<\/li>\n<li>Abra la aplicaci\u00f3n de Thetford y con\u00e9ctese a iNDUS.\u200b<\/li>\n<li>Active el proceso de almacenamiento.\u200b<\/li>\n<li>Espere al menos 15\u00a0minutos.\u200b<\/li>\n<li>Lleve a cabo el ciclo de descarga de almacenamiento en una zona designada.\u200b<\/li>\n<li>Todo listo para proceder con el almacenamiento.\u200b<\/li>\n<\/ol>\n<p>Si el veh\u00edculo se almacena por debajo de los 0 \u00baC, abra los desag\u00fces. El veh\u00edculo podr\u00e1 utilizarse inmediatamente despu\u00e9s del periodo de almacenamiento. En caso de que se hayan abierto los desag\u00fces, ci\u00e9rrelos antes del uso.[\/vc_toggle][vc_toggle title=\u00bb\u00bfC\u00f3mo se almacena este producto?\u00bb style=\u00bbsimple\u00bb]Guarde el producto en un lugar fresco, seco y protegido de la luz solar directa, y a una temperatura superior a -5\u00a0\u00baC. La eficacia del mismo est\u00e1 garantizada hasta la fecha indicada en el paquete.\u00a0No lo use en aseos m\u00f3viles con dep\u00f3sito de residuos extra\u00edble ni en el dep\u00f3sito de aguas grises de un veh\u00edculo\u00a0sin sistema de saneamiento\u00a0iNDUS.[\/vc_toggle][vc_empty_space][\/vc_column][\/vc_row]<\/p>\n<\/div>","protected":false},"excerpt":{"rendered":"<p>Un limpiador potente, concentrado, peri\u00f3dico y de almacenamiento para dep\u00f3sitos de aguas grises y negras, tubos y tuber\u00edas del sistema iNDUS.<\/p>\n","protected":false},"featured_media":4177,"template":"","meta":[],"product_brand":[],"product_cat":[206,115,258],"product_tag":[446,125,447],"class_list":{"0":"post-25667","1":"product","2":"type-product","3":"status-publish","4":"has-post-thumbnail","6":"product_cat-cleaning-storage","7":"product_cat-indus","8":"product_cat-indus-care-products","9":"product_tag-cleaning-es","10":"product_tag-indus-es","11":"product_tag-storage-es","12":"product_shipping_class-package_1-10-es","13":"pa_brand-thetford","14":"pa_colour-naranja","15":"pa_content-800-ml","17":"first","18":"instock","19":"taxable","20":"shipping-taxable","21":"purchasable","22":"product-type-simple"},"yoast_head":"<!-- This site is optimized with the Yoast SEO plugin v27.4 - https:\/\/yoast.com\/product\/yoast-seo-wordpress\/ -->\n<title>Limpieza y almacenamiento de iNDUS - Thetford<\/title>\n<meta name=\"description\" content=\"A powerful and concentrated cleaner for the grey and black water tanks, tubes and pipes of the iNDUS system, for periodical and storage use.\" \/>\n<meta name=\"robots\" content=\"index, follow, max-snippet:-1, max-image-preview:large, max-video-preview:-1\" \/>\n<link rel=\"canonical\" href=\"https:\/\/shop.thetford-europe.com\/es\/producto\/limpieza-y-almacenamiento-de-indus\/\" \/>\n<meta property=\"og:locale\" content=\"es_ES\" \/>\n<meta property=\"og:type\" content=\"article\" \/>\n<meta property=\"og:title\" content=\"Limpieza y almacenamiento de iNDUS - Thetford\" \/>\n<meta property=\"og:description\" content=\"A powerful and concentrated cleaner for the grey and black water tanks, tubes and pipes of the iNDUS system, for periodical and storage use.\" \/>\n<meta property=\"og:url\" content=\"https:\/\/shop.thetford-europe.com\/es\/producto\/limpieza-y-almacenamiento-de-indus\/\" \/>\n<meta property=\"og:site_name\" content=\"Thetford\" \/>\n<meta property=\"article:publisher\" content=\"https:\/\/www.facebook.com\/thetfordbv\" \/>\n<meta property=\"article:modified_time\" content=\"2024-12-20T10:44:44+00:00\" \/>\n<meta property=\"og:image\" content=\"https:\/\/shop.thetford-europe.com\/wp-content\/uploads\/2021\/07\/cleaning-and-storage.png\" \/>\n\t<meta property=\"og:image:width\" content=\"882\" \/>\n\t<meta property=\"og:image:height\" content=\"883\" \/>\n\t<meta property=\"og:image:type\" content=\"image\/png\" \/>\n<meta name=\"twitter:card\" content=\"summary_large_image\" \/>\n<meta name=\"twitter:label1\" content=\"Tiempo de lectura\" \/>\n\t<meta name=\"twitter:data1\" content=\"5 minutos\" \/>\n<script type=\"application\/ld+json\" class=\"yoast-schema-graph\">{\"@context\":\"https:\\\/\\\/schema.org\",\"@graph\":[{\"@type\":\"WebPage\",\"@id\":\"https:\\\/\\\/shop.thetford-europe.com\\\/es\\\/producto\\\/limpieza-y-almacenamiento-de-indus\\\/\",\"url\":\"https:\\\/\\\/shop.thetford-europe.com\\\/es\\\/producto\\\/limpieza-y-almacenamiento-de-indus\\\/\",\"name\":\"Limpieza y almacenamiento de iNDUS - Thetford\",\"isPartOf\":{\"@id\":\"https:\\\/\\\/shop.thetford-europe.com\\\/es\\\/#website\"},\"primaryImageOfPage\":{\"@id\":\"https:\\\/\\\/shop.thetford-europe.com\\\/es\\\/producto\\\/limpieza-y-almacenamiento-de-indus\\\/#primaryimage\"},\"image\":{\"@id\":\"https:\\\/\\\/shop.thetford-europe.com\\\/es\\\/producto\\\/limpieza-y-almacenamiento-de-indus\\\/#primaryimage\"},\"thumbnailUrl\":\"https:\\\/\\\/shop.thetford-europe.com\\\/wp-content\\\/uploads\\\/2021\\\/07\\\/cleaning-and-storage.png\",\"datePublished\":\"2021-07-26T14:10:18+00:00\",\"dateModified\":\"2024-12-20T10:44:44+00:00\",\"description\":\"A powerful and concentrated cleaner for the grey and black water tanks, tubes and pipes of the iNDUS system, for periodical and storage use.\",\"breadcrumb\":{\"@id\":\"https:\\\/\\\/shop.thetford-europe.com\\\/es\\\/producto\\\/limpieza-y-almacenamiento-de-indus\\\/#breadcrumb\"},\"inLanguage\":\"es\",\"potentialAction\":[{\"@type\":\"ReadAction\",\"target\":[\"https:\\\/\\\/shop.thetford-europe.com\\\/es\\\/producto\\\/limpieza-y-almacenamiento-de-indus\\\/\"]}]},{\"@type\":\"ImageObject\",\"inLanguage\":\"es\",\"@id\":\"https:\\\/\\\/shop.thetford-europe.com\\\/es\\\/producto\\\/limpieza-y-almacenamiento-de-indus\\\/#primaryimage\",\"url\":\"https:\\\/\\\/shop.thetford-europe.com\\\/wp-content\\\/uploads\\\/2021\\\/07\\\/cleaning-and-storage.png\",\"contentUrl\":\"https:\\\/\\\/shop.thetford-europe.com\\\/wp-content\\\/uploads\\\/2021\\\/07\\\/cleaning-and-storage.png\",\"width\":882,\"height\":883},{\"@type\":\"BreadcrumbList\",\"@id\":\"https:\\\/\\\/shop.thetford-europe.com\\\/es\\\/producto\\\/limpieza-y-almacenamiento-de-indus\\\/#breadcrumb\",\"itemListElement\":[{\"@type\":\"ListItem\",\"position\":1,\"name\":\"Home\",\"item\":\"https:\\\/\\\/shop.thetford-europe.com\\\/es\\\/\"},{\"@type\":\"ListItem\",\"position\":2,\"name\":\"Shop\",\"item\":\"https:\\\/\\\/shop.thetford-europe.com\\\/es\\\/shop\\\/\"},{\"@type\":\"ListItem\",\"position\":3,\"name\":\"Limpieza y almacenamiento de iNDUS\"}]},{\"@type\":\"WebSite\",\"@id\":\"https:\\\/\\\/shop.thetford-europe.com\\\/es\\\/#website\",\"url\":\"https:\\\/\\\/shop.thetford-europe.com\\\/es\\\/\",\"name\":\"Thetford\",\"description\":\"Carefree, wherever you go!\",\"publisher\":{\"@id\":\"https:\\\/\\\/shop.thetford-europe.com\\\/es\\\/#organization\"},\"potentialAction\":[{\"@type\":\"SearchAction\",\"target\":{\"@type\":\"EntryPoint\",\"urlTemplate\":\"https:\\\/\\\/shop.thetford-europe.com\\\/es\\\/?s={search_term_string}\"},\"query-input\":{\"@type\":\"PropertyValueSpecification\",\"valueRequired\":true,\"valueName\":\"search_term_string\"}}],\"inLanguage\":\"es\"},{\"@type\":\"Organization\",\"@id\":\"https:\\\/\\\/shop.thetford-europe.com\\\/es\\\/#organization\",\"name\":\"Thetford BV\",\"url\":\"https:\\\/\\\/shop.thetford-europe.com\\\/es\\\/\",\"logo\":{\"@type\":\"ImageObject\",\"inLanguage\":\"es\",\"@id\":\"https:\\\/\\\/shop.thetford-europe.com\\\/es\\\/#\\\/schema\\\/logo\\\/image\\\/\",\"url\":\"https:\\\/\\\/shop.thetford-europe.com\\\/wp-content\\\/uploads\\\/2020\\\/11\\\/logo.svg\",\"contentUrl\":\"https:\\\/\\\/shop.thetford-europe.com\\\/wp-content\\\/uploads\\\/2020\\\/11\\\/logo.svg\",\"width\":633,\"height\":100,\"caption\":\"Thetford BV\"},\"image\":{\"@id\":\"https:\\\/\\\/shop.thetford-europe.com\\\/es\\\/#\\\/schema\\\/logo\\\/image\\\/\"},\"sameAs\":[\"https:\\\/\\\/www.facebook.com\\\/thetfordbv\",\"https:\\\/\\\/www.linkedin.com\\\/company\\\/thetford\",\"https:\\\/\\\/www.youtube.com\\\/user\\\/ThetfordEurope\"]}]}<\/script>\n<!-- \/ Yoast SEO plugin. -->","yoast_head_json":{"title":"Limpieza y almacenamiento de iNDUS - Thetford","description":"A powerful and concentrated cleaner for the grey and black water tanks, tubes and pipes of the iNDUS system, for periodical and storage use.","robots":{"index":"index","follow":"follow","max-snippet":"max-snippet:-1","max-image-preview":"max-image-preview:large","max-video-preview":"max-video-preview:-1"},"canonical":"https:\/\/shop.thetford-europe.com\/es\/producto\/limpieza-y-almacenamiento-de-indus\/","og_locale":"es_ES","og_type":"article","og_title":"Limpieza y almacenamiento de iNDUS - Thetford","og_description":"A powerful and concentrated cleaner for the grey and black water tanks, tubes and pipes of the iNDUS system, for periodical and storage use.","og_url":"https:\/\/shop.thetford-europe.com\/es\/producto\/limpieza-y-almacenamiento-de-indus\/","og_site_name":"Thetford","article_publisher":"https:\/\/www.facebook.com\/thetfordbv","article_modified_time":"2024-12-20T10:44:44+00:00","og_image":[{"width":882,"height":883,"url":"https:\/\/shop.thetford-europe.com\/wp-content\/uploads\/2021\/07\/cleaning-and-storage.png","type":"image\/png"}],"twitter_card":"summary_large_image","twitter_misc":{"Tiempo de lectura":"5 minutos"},"schema":{"@context":"https:\/\/schema.org","@graph":[{"@type":"WebPage","@id":"https:\/\/shop.thetford-europe.com\/es\/producto\/limpieza-y-almacenamiento-de-indus\/","url":"https:\/\/shop.thetford-europe.com\/es\/producto\/limpieza-y-almacenamiento-de-indus\/","name":"Limpieza y almacenamiento de iNDUS - Thetford","isPartOf":{"@id":"https:\/\/shop.thetford-europe.com\/es\/#website"},"primaryImageOfPage":{"@id":"https:\/\/shop.thetford-europe.com\/es\/producto\/limpieza-y-almacenamiento-de-indus\/#primaryimage"},"image":{"@id":"https:\/\/shop.thetford-europe.com\/es\/producto\/limpieza-y-almacenamiento-de-indus\/#primaryimage"},"thumbnailUrl":"https:\/\/shop.thetford-europe.com\/wp-content\/uploads\/2021\/07\/cleaning-and-storage.png","datePublished":"2021-07-26T14:10:18+00:00","dateModified":"2024-12-20T10:44:44+00:00","description":"A powerful and concentrated cleaner for the grey and black water tanks, tubes and pipes of the iNDUS system, for periodical and storage use.","breadcrumb":{"@id":"https:\/\/shop.thetford-europe.com\/es\/producto\/limpieza-y-almacenamiento-de-indus\/#breadcrumb"},"inLanguage":"es","potentialAction":[{"@type":"ReadAction","target":["https:\/\/shop.thetford-europe.com\/es\/producto\/limpieza-y-almacenamiento-de-indus\/"]}]},{"@type":"ImageObject","inLanguage":"es","@id":"https:\/\/shop.thetford-europe.com\/es\/producto\/limpieza-y-almacenamiento-de-indus\/#primaryimage","url":"https:\/\/shop.thetford-europe.com\/wp-content\/uploads\/2021\/07\/cleaning-and-storage.png","contentUrl":"https:\/\/shop.thetford-europe.com\/wp-content\/uploads\/2021\/07\/cleaning-and-storage.png","width":882,"height":883},{"@type":"BreadcrumbList","@id":"https:\/\/shop.thetford-europe.com\/es\/producto\/limpieza-y-almacenamiento-de-indus\/#breadcrumb","itemListElement":[{"@type":"ListItem","position":1,"name":"Home","item":"https:\/\/shop.thetford-europe.com\/es\/"},{"@type":"ListItem","position":2,"name":"Shop","item":"https:\/\/shop.thetford-europe.com\/es\/shop\/"},{"@type":"ListItem","position":3,"name":"Limpieza y almacenamiento de iNDUS"}]},{"@type":"WebSite","@id":"https:\/\/shop.thetford-europe.com\/es\/#website","url":"https:\/\/shop.thetford-europe.com\/es\/","name":"Thetford","description":"Carefree, wherever you go!","publisher":{"@id":"https:\/\/shop.thetford-europe.com\/es\/#organization"},"potentialAction":[{"@type":"SearchAction","target":{"@type":"EntryPoint","urlTemplate":"https:\/\/shop.thetford-europe.com\/es\/?s={search_term_string}"},"query-input":{"@type":"PropertyValueSpecification","valueRequired":true,"valueName":"search_term_string"}}],"inLanguage":"es"},{"@type":"Organization","@id":"https:\/\/shop.thetford-europe.com\/es\/#organization","name":"Thetford BV","url":"https:\/\/shop.thetford-europe.com\/es\/","logo":{"@type":"ImageObject","inLanguage":"es","@id":"https:\/\/shop.thetford-europe.com\/es\/#\/schema\/logo\/image\/","url":"https:\/\/shop.thetford-europe.com\/wp-content\/uploads\/2020\/11\/logo.svg","contentUrl":"https:\/\/shop.thetford-europe.com\/wp-content\/uploads\/2020\/11\/logo.svg","width":633,"height":100,"caption":"Thetford BV"},"image":{"@id":"https:\/\/shop.thetford-europe.com\/es\/#\/schema\/logo\/image\/"},"sameAs":["https:\/\/www.facebook.com\/thetfordbv","https:\/\/www.linkedin.com\/company\/thetford","https:\/\/www.youtube.com\/user\/ThetfordEurope"]}]}},"jetpack_sharing_enabled":true,"_links":{"self":[{"href":"https:\/\/shop.thetford-europe.com\/es\/wp-json\/wp\/v2\/product\/25667","targetHints":{"allow":["GET"]}}],"collection":[{"href":"https:\/\/shop.thetford-europe.com\/es\/wp-json\/wp\/v2\/product"}],"about":[{"href":"https:\/\/shop.thetford-europe.com\/es\/wp-json\/wp\/v2\/types\/product"}],"wp:featuredmedia":[{"embeddable":true,"href":"https:\/\/shop.thetford-europe.com\/es\/wp-json\/wp\/v2\/media\/4177"}],"wp:attachment":[{"href":"https:\/\/shop.thetford-europe.com\/es\/wp-json\/wp\/v2\/media?parent=25667"}],"wp:term":[{"taxonomy":"product_brand","embeddable":true,"href":"https:\/\/shop.thetford-europe.com\/es\/wp-json\/wp\/v2\/product_brand?post=25667"},{"taxonomy":"product_cat","embeddable":true,"href":"https:\/\/shop.thetford-europe.com\/es\/wp-json\/wp\/v2\/product_cat?post=25667"},{"taxonomy":"product_tag","embeddable":true,"href":"https:\/\/shop.thetford-europe.com\/es\/wp-json\/wp\/v2\/product_tag?post=25667"}],"curies":[{"name":"wp","href":"https:\/\/api.w.org\/{rel}","templated":true}]}}