{"id":3271,"date":"2020-11-26T15:18:53","date_gmt":"2020-11-26T14:18:53","guid":{"rendered":"https:\/\/shop.thetford-europe.com\/shop\/uncategorized\/indus-black-c\/"},"modified":"2024-12-20T10:54:40","modified_gmt":"2024-12-20T09:54:40","slug":"indus-black-c","status":"publish","type":"product","link":"https:\/\/shop.thetford-europe.com\/es\/producto\/indus-black-c\/","title":{"rendered":"iNDUS Black (C)"},"content":{"rendered":"<div class=\"wpb-content-wrapper\"><p>[vc_row][vc_column width=\u00bb1\/2&#8243; css=\u00bb.vc_custom_1484828983369{margin-bottom: 25px !important;}\u00bb]<div class=\"title-wrapper  basel-title-color-default basel-title-style-default basel-title-size-small text-left \"><div class=\"liner-continer\"> <span class=\"left-line\"><\/span> <h4 class=\"title\" ><strong>M\u00f3dulo de dosificaci\u00f3n autom\u00e1tico iNDUS Black<\/strong><span class=\"title-separator\"><span><\/span><\/span><\/h4> <span class=\"right-line\"><\/span> <\/div><\/div>[vc_column_text]<\/p>\n<p class=\"product-description__text\">El sistema iNDUS est\u00e1 dise\u00f1ado para usarse en combinaci\u00f3n con tres aditivos diferentes para garantizar la higiene, evitar el mal funcionamiento y mantener el sistema limpio. El sistema iNDUS tiene un m\u00f3dulo de dosificaci\u00f3n completamente autom\u00e1tico que dosifica exactamente lo que se necesita seg\u00fan el uso del sistema y la temperatura ambiente con el uso de 3 aditivos especiales desarrollados e interactivos para aguas grises (A), agua de lavado (B) y aguas negras C). El aditivo para las aguas negras (C) est\u00e1 especialmente desarrollado para permitir una descarga higi\u00e9nica y sin olor del agua negra almacenada y mantiene controlada la formaci\u00f3n de malos olores en el tanque de aguas negras. Tambi\u00e9n evita la incrustaci\u00f3n de minerales en el tanque de aguas negras y la tuber\u00eda. Los aditivos iNDUS son totalmente compatibles con el sistema iNDUS para evitar la degradaci\u00f3n y el mantenimiento no deseados, e iNDUS Black es una interacci\u00f3n complementaria con iNDUS Grey y Flush.<\/p>\n<p>[\/vc_column_text][vc_column_text]<\/p>\n<ul class=\"checklist checklist--vertical\">\n<li class=\"checklist__item\">Dosificaci\u00f3n de aditivos completamente autom\u00e1tica para aguas negras: ni poca dosis ni sobredosis<\/li>\n<li class=\"checklist__item\">Asegurar descargas higi\u00e9nicas y sin olores<\/li>\n<li class=\"checklist__item\">Garantizar un funcionamiento sin problemas<\/li>\n<li class=\"checklist__item\">Cuatro semanas de uso promedio<\/li>\n<\/ul>\n<p>[\/vc_column_text][\/vc_column][vc_column width=\u00bb1\/2&#8243; css=\u00bb.vc_custom_1484828978370{margin-bottom: 25px !important;}\u00bb][vc_single_image image=\u00bb27917&#8243; img_size=\u00bbfull\u00bb alignment=\u00bbcenter\u00bb css=\u00bb\u00bb][vc_column_text css=\u00bb\u00bb]<\/p>\n<p style=\"text-align: center;\"><strong>Peligro<\/strong><\/p>\n<p>[\/vc_column_text][vc_column_text css=\u00bb\u00bb]Contiene: 2-BROMO-2-NITROPROPANE-1,3-DIOL. Provoca lesiones oculares graves. Muy t\u00f3xico para los organismos acu\u00e1ticos, con efectos nocivos duraderos. Si se necesita consejo m\u00e9dico, tener a mano el envase o la etiqueta. Mantener fuera del alcance de los ni\u00f1os. Llevar guantes de protecci\u00f3n. EN CASO DE CONTACTO CON LOS OJOS: Enjuagar con agua cuidadosamente durante varios minutos. Quitar las lentes de contacto cuando est\u00e9n presentes y pueda hacerse con facilidad. Proseguir con el lavado. Llamar inmediatamente a un CENTRO DE TOXICOLOG\u00cdA, un m\u00e9dico. Recoger el vertido. Eliminar el contenido en un punto de recogida de residuos peligrosos o especiales, de acuerdo con la normativa local, regional, nacional y\/o internacional. ETIQUETADO DEL CONTENIDO (648\/2004\/EC): 2-BROMO-2-NITROPROPANE-1,3-DIOL.[\/vc_column_text][vc_btn title=\u00bbHoja informativa de ingredientes para el consumidor iNDUS BLACK\u00bb style=\u00bbclassic\u00bb shape=\u00bbround\u00bb color=\u00bbinverse\u00bb align=\u00bbcenter\u00bb i_align=\u00bbright\u00bb i_icon_fontawesome=\u00bbfas fa-external-link-alt\u00bb css=\u00bb\u00bb button_block=\u00bbtrue\u00bb add_icon=\u00bbtrue\u00bb link=\u00bburl:https%3A%2F%2Fshop.thetford-europe.com%2Fwp-content%2Fuploads%2F2024%2F12%2F30670-TBV_iNDUS-BLACK_ES__VERSION_2.0-1.pdf|target:_blank\u00bb][\/vc_column][\/vc_row][vc_row][vc_column][vc_single_image image=\u00bb3033&#8243; img_size=\u00bbmedium\u00bb alignment=\u00bbcenter\u00bb css=\u00bb.vc_custom_1606400263029{margin-top: 100px !important;}\u00bb][\/vc_column][\/vc_row]<\/p>\n<\/div>","protected":false},"excerpt":{"rendered":"<p>El sistema iNDUS est\u00e1 dise\u00f1ado para usarse en combinaci\u00f3n con tres aditivos diferentes para garantizar la higiene, evitar el mal funcionamiento y mantener el sistema limpio. El sistema iNDUS tiene un m\u00f3dulo de dosificaci..<\/p>\n","protected":false},"featured_media":3043,"template":"","meta":[],"product_brand":[],"product_cat":[115,120,258],"product_tag":[130,135,125],"class_list":{"0":"post-3271","1":"product","2":"type-product","3":"status-publish","4":"has-post-thumbnail","6":"product_cat-indus","7":"product_cat-indus-automatic-dosing-module","8":"product_cat-indus-care-products","9":"product_tag-automatic-dosing-module-es","10":"product_tag-black-es","11":"product_tag-indus-es","12":"product_shipping_class-package_1-10-es","13":"pa_brand-thetford","14":"pa_colour-negro","15":"pa_content-1000-ml","17":"first","18":"instock","19":"taxable","20":"shipping-taxable","21":"purchasable","22":"product-type-simple"},"yoast_head":"<!-- This site is optimized with the Yoast SEO plugin v27.4 - https:\/\/yoast.com\/product\/yoast-seo-wordpress\/ -->\n<title>iNDUS Black (C) - Thetford<\/title>\n<meta name=\"description\" content=\"Los aditivos iNDUS son totalmente compatibles con el sistema iNDUS para evitar la degradaci\u00f3n y el mantenimiento no deseados, e iNDUS Black es una interacci\u00f3n complementaria con iNDUS Grey y Flush.\" \/>\n<meta name=\"robots\" content=\"index, follow, max-snippet:-1, max-image-preview:large, max-video-preview:-1\" \/>\n<link rel=\"canonical\" href=\"https:\/\/shop.thetford-europe.com\/es\/producto\/indus-black-c\/\" \/>\n<meta property=\"og:locale\" content=\"es_ES\" \/>\n<meta property=\"og:type\" content=\"article\" \/>\n<meta property=\"og:title\" content=\"iNDUS Black (C) - Thetford\" \/>\n<meta property=\"og:description\" content=\"Los aditivos iNDUS son totalmente compatibles con el sistema iNDUS para evitar la degradaci\u00f3n y el mantenimiento no deseados, e iNDUS Black es una interacci\u00f3n complementaria con iNDUS Grey y Flush.\" \/>\n<meta property=\"og:url\" content=\"https:\/\/shop.thetford-europe.com\/es\/producto\/indus-black-c\/\" \/>\n<meta property=\"og:site_name\" content=\"Thetford\" \/>\n<meta property=\"article:publisher\" content=\"https:\/\/www.facebook.com\/thetfordbv\" \/>\n<meta property=\"article:modified_time\" content=\"2024-12-20T09:54:40+00:00\" \/>\n<meta property=\"og:image\" content=\"https:\/\/shop.thetford-europe.com\/wp-content\/uploads\/2020\/11\/indus-black-bottle-product-image-522x522px-product-image.png\" \/>\n\t<meta property=\"og:image:width\" content=\"522\" \/>\n\t<meta property=\"og:image:height\" content=\"522\" \/>\n\t<meta property=\"og:image:type\" content=\"image\/png\" \/>\n<meta name=\"twitter:card\" content=\"summary_large_image\" \/>\n<meta name=\"twitter:label1\" content=\"Tiempo de lectura\" \/>\n\t<meta name=\"twitter:data1\" content=\"2 minutos\" \/>\n<script type=\"application\/ld+json\" class=\"yoast-schema-graph\">{\"@context\":\"https:\\\/\\\/schema.org\",\"@graph\":[{\"@type\":\"WebPage\",\"@id\":\"https:\\\/\\\/shop.thetford-europe.com\\\/es\\\/producto\\\/indus-black-c\\\/\",\"url\":\"https:\\\/\\\/shop.thetford-europe.com\\\/es\\\/producto\\\/indus-black-c\\\/\",\"name\":\"iNDUS Black (C) - Thetford\",\"isPartOf\":{\"@id\":\"https:\\\/\\\/shop.thetford-europe.com\\\/es\\\/#website\"},\"primaryImageOfPage\":{\"@id\":\"https:\\\/\\\/shop.thetford-europe.com\\\/es\\\/producto\\\/indus-black-c\\\/#primaryimage\"},\"image\":{\"@id\":\"https:\\\/\\\/shop.thetford-europe.com\\\/es\\\/producto\\\/indus-black-c\\\/#primaryimage\"},\"thumbnailUrl\":\"https:\\\/\\\/shop.thetford-europe.com\\\/wp-content\\\/uploads\\\/2020\\\/11\\\/indus-black-bottle-product-image-522x522px-product-image.png\",\"datePublished\":\"2020-11-26T14:18:53+00:00\",\"dateModified\":\"2024-12-20T09:54:40+00:00\",\"description\":\"Los aditivos iNDUS son totalmente compatibles con el sistema iNDUS para evitar la degradaci\u00f3n y el mantenimiento no deseados, e iNDUS Black es una interacci\u00f3n complementaria con iNDUS Grey y Flush.\",\"breadcrumb\":{\"@id\":\"https:\\\/\\\/shop.thetford-europe.com\\\/es\\\/producto\\\/indus-black-c\\\/#breadcrumb\"},\"inLanguage\":\"es\",\"potentialAction\":[{\"@type\":\"ReadAction\",\"target\":[\"https:\\\/\\\/shop.thetford-europe.com\\\/es\\\/producto\\\/indus-black-c\\\/\"]}]},{\"@type\":\"ImageObject\",\"inLanguage\":\"es\",\"@id\":\"https:\\\/\\\/shop.thetford-europe.com\\\/es\\\/producto\\\/indus-black-c\\\/#primaryimage\",\"url\":\"https:\\\/\\\/shop.thetford-europe.com\\\/wp-content\\\/uploads\\\/2020\\\/11\\\/indus-black-bottle-product-image-522x522px-product-image.png\",\"contentUrl\":\"https:\\\/\\\/shop.thetford-europe.com\\\/wp-content\\\/uploads\\\/2020\\\/11\\\/indus-black-bottle-product-image-522x522px-product-image.png\",\"width\":522,\"height\":522},{\"@type\":\"BreadcrumbList\",\"@id\":\"https:\\\/\\\/shop.thetford-europe.com\\\/es\\\/producto\\\/indus-black-c\\\/#breadcrumb\",\"itemListElement\":[{\"@type\":\"ListItem\",\"position\":1,\"name\":\"Home\",\"item\":\"https:\\\/\\\/shop.thetford-europe.com\\\/es\\\/\"},{\"@type\":\"ListItem\",\"position\":2,\"name\":\"Shop\",\"item\":\"https:\\\/\\\/shop.thetford-europe.com\\\/es\\\/shop\\\/\"},{\"@type\":\"ListItem\",\"position\":3,\"name\":\"iNDUS Black (C)\"}]},{\"@type\":\"WebSite\",\"@id\":\"https:\\\/\\\/shop.thetford-europe.com\\\/es\\\/#website\",\"url\":\"https:\\\/\\\/shop.thetford-europe.com\\\/es\\\/\",\"name\":\"Thetford\",\"description\":\"Carefree, wherever you go!\",\"publisher\":{\"@id\":\"https:\\\/\\\/shop.thetford-europe.com\\\/es\\\/#organization\"},\"potentialAction\":[{\"@type\":\"SearchAction\",\"target\":{\"@type\":\"EntryPoint\",\"urlTemplate\":\"https:\\\/\\\/shop.thetford-europe.com\\\/es\\\/?s={search_term_string}\"},\"query-input\":{\"@type\":\"PropertyValueSpecification\",\"valueRequired\":true,\"valueName\":\"search_term_string\"}}],\"inLanguage\":\"es\"},{\"@type\":\"Organization\",\"@id\":\"https:\\\/\\\/shop.thetford-europe.com\\\/es\\\/#organization\",\"name\":\"Thetford BV\",\"url\":\"https:\\\/\\\/shop.thetford-europe.com\\\/es\\\/\",\"logo\":{\"@type\":\"ImageObject\",\"inLanguage\":\"es\",\"@id\":\"https:\\\/\\\/shop.thetford-europe.com\\\/es\\\/#\\\/schema\\\/logo\\\/image\\\/\",\"url\":\"https:\\\/\\\/shop.thetford-europe.com\\\/wp-content\\\/uploads\\\/2020\\\/11\\\/logo.svg\",\"contentUrl\":\"https:\\\/\\\/shop.thetford-europe.com\\\/wp-content\\\/uploads\\\/2020\\\/11\\\/logo.svg\",\"width\":633,\"height\":100,\"caption\":\"Thetford BV\"},\"image\":{\"@id\":\"https:\\\/\\\/shop.thetford-europe.com\\\/es\\\/#\\\/schema\\\/logo\\\/image\\\/\"},\"sameAs\":[\"https:\\\/\\\/www.facebook.com\\\/thetfordbv\",\"https:\\\/\\\/www.linkedin.com\\\/company\\\/thetford\",\"https:\\\/\\\/www.youtube.com\\\/user\\\/ThetfordEurope\"]}]}<\/script>\n<!-- \/ Yoast SEO plugin. -->","yoast_head_json":{"title":"iNDUS Black (C) - Thetford","description":"Los aditivos iNDUS son totalmente compatibles con el sistema iNDUS para evitar la degradaci\u00f3n y el mantenimiento no deseados, e iNDUS Black es una interacci\u00f3n complementaria con iNDUS Grey y Flush.","robots":{"index":"index","follow":"follow","max-snippet":"max-snippet:-1","max-image-preview":"max-image-preview:large","max-video-preview":"max-video-preview:-1"},"canonical":"https:\/\/shop.thetford-europe.com\/es\/producto\/indus-black-c\/","og_locale":"es_ES","og_type":"article","og_title":"iNDUS Black (C) - Thetford","og_description":"Los aditivos iNDUS son totalmente compatibles con el sistema iNDUS para evitar la degradaci\u00f3n y el mantenimiento no deseados, e iNDUS Black es una interacci\u00f3n complementaria con iNDUS Grey y Flush.","og_url":"https:\/\/shop.thetford-europe.com\/es\/producto\/indus-black-c\/","og_site_name":"Thetford","article_publisher":"https:\/\/www.facebook.com\/thetfordbv","article_modified_time":"2024-12-20T09:54:40+00:00","og_image":[{"width":522,"height":522,"url":"https:\/\/shop.thetford-europe.com\/wp-content\/uploads\/2020\/11\/indus-black-bottle-product-image-522x522px-product-image.png","type":"image\/png"}],"twitter_card":"summary_large_image","twitter_misc":{"Tiempo de lectura":"2 minutos"},"schema":{"@context":"https:\/\/schema.org","@graph":[{"@type":"WebPage","@id":"https:\/\/shop.thetford-europe.com\/es\/producto\/indus-black-c\/","url":"https:\/\/shop.thetford-europe.com\/es\/producto\/indus-black-c\/","name":"iNDUS Black (C) - Thetford","isPartOf":{"@id":"https:\/\/shop.thetford-europe.com\/es\/#website"},"primaryImageOfPage":{"@id":"https:\/\/shop.thetford-europe.com\/es\/producto\/indus-black-c\/#primaryimage"},"image":{"@id":"https:\/\/shop.thetford-europe.com\/es\/producto\/indus-black-c\/#primaryimage"},"thumbnailUrl":"https:\/\/shop.thetford-europe.com\/wp-content\/uploads\/2020\/11\/indus-black-bottle-product-image-522x522px-product-image.png","datePublished":"2020-11-26T14:18:53+00:00","dateModified":"2024-12-20T09:54:40+00:00","description":"Los aditivos iNDUS son totalmente compatibles con el sistema iNDUS para evitar la degradaci\u00f3n y el mantenimiento no deseados, e iNDUS Black es una interacci\u00f3n complementaria con iNDUS Grey y Flush.","breadcrumb":{"@id":"https:\/\/shop.thetford-europe.com\/es\/producto\/indus-black-c\/#breadcrumb"},"inLanguage":"es","potentialAction":[{"@type":"ReadAction","target":["https:\/\/shop.thetford-europe.com\/es\/producto\/indus-black-c\/"]}]},{"@type":"ImageObject","inLanguage":"es","@id":"https:\/\/shop.thetford-europe.com\/es\/producto\/indus-black-c\/#primaryimage","url":"https:\/\/shop.thetford-europe.com\/wp-content\/uploads\/2020\/11\/indus-black-bottle-product-image-522x522px-product-image.png","contentUrl":"https:\/\/shop.thetford-europe.com\/wp-content\/uploads\/2020\/11\/indus-black-bottle-product-image-522x522px-product-image.png","width":522,"height":522},{"@type":"BreadcrumbList","@id":"https:\/\/shop.thetford-europe.com\/es\/producto\/indus-black-c\/#breadcrumb","itemListElement":[{"@type":"ListItem","position":1,"name":"Home","item":"https:\/\/shop.thetford-europe.com\/es\/"},{"@type":"ListItem","position":2,"name":"Shop","item":"https:\/\/shop.thetford-europe.com\/es\/shop\/"},{"@type":"ListItem","position":3,"name":"iNDUS Black (C)"}]},{"@type":"WebSite","@id":"https:\/\/shop.thetford-europe.com\/es\/#website","url":"https:\/\/shop.thetford-europe.com\/es\/","name":"Thetford","description":"Carefree, wherever you go!","publisher":{"@id":"https:\/\/shop.thetford-europe.com\/es\/#organization"},"potentialAction":[{"@type":"SearchAction","target":{"@type":"EntryPoint","urlTemplate":"https:\/\/shop.thetford-europe.com\/es\/?s={search_term_string}"},"query-input":{"@type":"PropertyValueSpecification","valueRequired":true,"valueName":"search_term_string"}}],"inLanguage":"es"},{"@type":"Organization","@id":"https:\/\/shop.thetford-europe.com\/es\/#organization","name":"Thetford BV","url":"https:\/\/shop.thetford-europe.com\/es\/","logo":{"@type":"ImageObject","inLanguage":"es","@id":"https:\/\/shop.thetford-europe.com\/es\/#\/schema\/logo\/image\/","url":"https:\/\/shop.thetford-europe.com\/wp-content\/uploads\/2020\/11\/logo.svg","contentUrl":"https:\/\/shop.thetford-europe.com\/wp-content\/uploads\/2020\/11\/logo.svg","width":633,"height":100,"caption":"Thetford BV"},"image":{"@id":"https:\/\/shop.thetford-europe.com\/es\/#\/schema\/logo\/image\/"},"sameAs":["https:\/\/www.facebook.com\/thetfordbv","https:\/\/www.linkedin.com\/company\/thetford","https:\/\/www.youtube.com\/user\/ThetfordEurope"]}]}},"jetpack_sharing_enabled":true,"_links":{"self":[{"href":"https:\/\/shop.thetford-europe.com\/es\/wp-json\/wp\/v2\/product\/3271","targetHints":{"allow":["GET"]}}],"collection":[{"href":"https:\/\/shop.thetford-europe.com\/es\/wp-json\/wp\/v2\/product"}],"about":[{"href":"https:\/\/shop.thetford-europe.com\/es\/wp-json\/wp\/v2\/types\/product"}],"wp:featuredmedia":[{"embeddable":true,"href":"https:\/\/shop.thetford-europe.com\/es\/wp-json\/wp\/v2\/media\/3043"}],"wp:attachment":[{"href":"https:\/\/shop.thetford-europe.com\/es\/wp-json\/wp\/v2\/media?parent=3271"}],"wp:term":[{"taxonomy":"product_brand","embeddable":true,"href":"https:\/\/shop.thetford-europe.com\/es\/wp-json\/wp\/v2\/product_brand?post=3271"},{"taxonomy":"product_cat","embeddable":true,"href":"https:\/\/shop.thetford-europe.com\/es\/wp-json\/wp\/v2\/product_cat?post=3271"},{"taxonomy":"product_tag","embeddable":true,"href":"https:\/\/shop.thetford-europe.com\/es\/wp-json\/wp\/v2\/product_tag?post=3271"}],"curies":[{"name":"wp","href":"https:\/\/api.w.org\/{rel}","templated":true}]}}