{"id":3641,"date":"2021-03-26T00:26:30","date_gmt":"2021-03-25T23:26:30","guid":{"rendered":"https:\/\/shop.thetford-europe.com\/product\/indus-set-abc-2\/"},"modified":"2025-07-10T09:42:32","modified_gmt":"2025-07-10T07:42:32","slug":"indus-set-abc","status":"publish","type":"product","link":"https:\/\/shop.thetford-europe.com\/es\/producto\/indus-set-abc\/","title":{"rendered":"iNDUS Set (ABC)"},"content":{"rendered":"<div class=\"wpb-content-wrapper\"><p>[vc_row][vc_column width=\u00bb1\/2&#8243; css=\u00bb.vc_custom_1484828983369{margin-bottom: 25px !important;}\u00bb]<div class=\"title-wrapper  basel-title-color-default basel-title-style-default basel-title-size-small text-left \"><div class=\"liner-continer\"> <span class=\"left-line\"><\/span> <h4 class=\"title\" ><strong>iNDUS Set ABC<\/strong><span class=\"title-separator\"><span><\/span><\/span><\/h4> <span class=\"right-line\"><\/span> <\/div><\/div>[vc_column_text]<\/p>\n<div class=\"wpb_text_column wpb_content_element\">\n<div class=\"wpb_wrapper\">\n<p class=\"product-description__text\">El sistema iNDUS est\u00e1 dise\u00f1ado para usarse en combinaci\u00f3n con tres aditivos diferentes para garantizar la higiene, evitar el mal funcionamiento y mantener el sistema limpio. El sistema iNDUS tiene un m\u00f3dulo de dosificaci\u00f3n completamente autom\u00e1tico que dosifica exactamente lo que se necesita seg\u00fan el uso del sistema y la temperatura ambiente con el uso de tres aditivos especiales desarrollados e interactivos para el agua gris (A), el agua de descarga del sanitario (B) y aguas negras (C). El aditivo de aguas grises (A) est\u00e1 especialmente desarrollado para permitir una descarga higi\u00e9nica y sin olores del agua gris almacenada. Mantiene la formaci\u00f3n de malos olores controlada en el tanque de aguas grises, previene dep\u00f3sitos de grasa y descamaci\u00f3n mineral en el tanque y las tuber\u00edas de aguas grises. Tambi\u00e9n garantiza un proceso de enjuague que da como resultado un dispositivo de descarga y tuber\u00edas limpios y sin olores, y proporciona una reutilizaci\u00f3n segura, higi\u00e9nica y agradable del agua gris como agua de descarga, tambi\u00e9n teniendo en cuenta el riesgo del contacto humano del agua de descarga.<\/p>\n<\/div>\n<\/div>\n<p>[\/vc_column_text][vc_column_text]<\/p>\n<ul class=\"checklist checklist--vertical\">\n<li class=\"checklist__item\">Dosificaci\u00f3n de aditivos completamente autom\u00e1tica para aguas grises: ni poca dosis ni sobredosis<\/li>\n<li class=\"checklist__item\">Asegurar descargas higi\u00e9nicas y sin olores<\/li>\n<li class=\"checklist__item\">Garantizar un funcionamiento sin problemas<\/li>\n<li class=\"checklist__item\">Cuatro semanas de promedio de uso<\/li>\n<\/ul>\n<p>[\/vc_column_text][\/vc_column][vc_column width=\u00bb1\/2&#8243; css=\u00bb.vc_custom_1484828978370{margin-bottom: 25px !important;}\u00bb][vc_single_image image=\u00bb3033&#8243; img_size=\u00bbmedium\u00bb alignment=\u00bbcenter\u00bb css=\u00bb.vc_custom_1606400263029{margin-top: 100px !important;}\u00bb][\/vc_column][\/vc_row][vc_row][vc_column width=\u00bb1\/3&#8243;][vc_column_text css=\u00bb\u00bb]<\/p>\n<p style=\"text-align: center;\"><strong>iNDUS GREY<\/strong><\/p>\n<p>[\/vc_column_text][vc_single_image image=\u00bb27911&#8243; img_size=\u00bbfull\u00bb css=\u00bb\u00bb][vc_column_text css=\u00bb\u00bb]Peligro[\/vc_column_text][vc_column_text css=\u00bb\u00bb]Contiene: 2-BROMO-2-NITROPROPANE-1,3-DIOL; SODIUM ALKYLBENZENESULPHONATE; LAURETH-6. Nocivo en caso de ingesti\u00f3n o inhalaci\u00f3n. Provoca irritaci\u00f3n cut\u00e1nea. Provoca lesiones oculares graves. Muy t\u00f3xico para los organismos acu\u00e1ticos, con efectos nocivos duraderos. Si se necesita consejo m\u00e9dico, tener a mano el envase o la etiqueta. Mantener fuera del alcance de los ni\u00f1os. Utilizar \u00fanicamente en exteriores o en un lugar bien ventilado. Llevar guantes de protecci\u00f3n. EN CASO DE CONTACTO CON LOS OJOS: Enjuagar con agua cuidadosamente durante varios minutos. Quitar las lentes de contacto cuando est\u00e9n presentes y pueda hacerse con facilidad. Proseguir con el lavado. Llamar inmediatamente a un m\u00e9dico, un CENTRO DE TOXICOLOG\u00cdA. Recoger el vertido. Eliminar el contenido en un punto de recogida de residuos peligrosos o especiales, de acuerdo con la normativa local, regional, nacional y\/o internacional. ETIQUETADO DEL CONTENIDO (648\/2004\/EC): &lt;5% tensioactivos ani\u00f3nicos; 2-BROMO-2-NITROPROPANE-1,3-DIOL.[\/vc_column_text][vc_btn title=\u00bbHoja informativa de ingredientes para el consumidor iNDUS GREY\u00bb style=\u00bbclassic\u00bb shape=\u00bbround\u00bb color=\u00bbinverse\u00bb align=\u00bbcenter\u00bb i_align=\u00bbright\u00bb i_icon_fontawesome=\u00bbfas fa-external-link-alt\u00bb css=\u00bb\u00bb button_block=\u00bbtrue\u00bb add_icon=\u00bbtrue\u00bb link=\u00bburl:https%3A%2F%2Fshop.thetford-europe.com%2Fwp-content%2Fuploads%2F2024%2F12%2F30672-TBV_iNDUS-GREY_ES__VERSION_3.0-1.pdf\u00bb][\/vc_column][vc_column width=\u00bb1\/3&#8243;][vc_column_text css=\u00bb\u00bb]<\/p>\n<p style=\"text-align: center;\"><strong>iNDUS FLUSH<\/strong><\/p>\n<p>[\/vc_column_text][vc_single_image image=\u00bb27917&#8243; img_size=\u00bbfull\u00bb css=\u00bb\u00bb][vc_column_text css=\u00bb\u00bb]<\/p>\n<p style=\"text-align: center;\"><strong>Peligro<\/strong><\/p>\n<p>[\/vc_column_text][vc_column_text css=\u00bb\u00bb]Contiene: 2-BROMO-2-NITROPROPANE-1,3-DIOL; SODIUM ALKYLBENZENESULPHONATE. Provoca lesiones oculares graves. Muy t\u00f3xico para los organismos acu\u00e1ticos, con efectos nocivos duraderos. Si se necesita consejo m\u00e9dico, tener a mano el envase o la etiqueta. Mantener fuera del alcance de los ni\u00f1os. Llevar guantes de protecci\u00f3n. EN CASO DE CONTACTO CON LOS OJOS: Enjuagar con agua cuidadosamente durante varios minutos. Quitar las lentes de contacto cuando est\u00e9n presentes y pueda hacerse con facilidad. Proseguir con el lavado. Llamar inmediatamente a un CENTRO DE TOXICOLOG\u00cdA, un m\u00e9dico. Recoger el vertido. Eliminar el contenido en un punto de recogida de residuos peligrosos o especiales, de acuerdo con la normativa local, regional, nacional y\/o internacional. ETIQUETADO DEL CONTENIDO (648\/2004\/EC): &lt;5% tensioactivos ani\u00f3nicos, tensioactivos no i\u00f3nicos; 2-BROMO-2-NITROPROPANE-1,3-DIOL; perfumes; CAMPHOR; EUCALYPTUS OIL.[\/vc_column_text][vc_btn title=\u00bbHoja informativa de ingredientes para el consumidor iNDUS FLUSH\u00bb style=\u00bbclassic\u00bb shape=\u00bbround\u00bb color=\u00bbinverse\u00bb align=\u00bbcenter\u00bb i_align=\u00bbright\u00bb i_icon_fontawesome=\u00bbfas fa-external-link-alt\u00bb css=\u00bb\u00bb button_block=\u00bbtrue\u00bb add_icon=\u00bbtrue\u00bb link=\u00bburl:https%3A%2F%2Fshop.thetford-europe.com%2Fwp-content%2Fuploads%2F2024%2F12%2F30671-TBV_iNDUS-FLUSH_ES__VERSION_2.0-1.pdf|target:_blank\u00bb][\/vc_column][vc_column width=\u00bb1\/3&#8243;][vc_column_text css=\u00bb\u00bb]<\/p>\n<p style=\"text-align: center;\"><strong>iNDUS BLACK<\/strong><\/p>\n<p>[\/vc_column_text][vc_single_image image=\u00bb27917&#8243; img_size=\u00bbfull\u00bb css=\u00bb\u00bb][vc_column_text css=\u00bb\u00bb]<\/p>\n<p style=\"text-align: center;\"><strong>Peligro<\/strong><\/p>\n<p>[\/vc_column_text][vc_column_text css=\u00bb\u00bb]Contiene: 2-BROMO-2-NITROPROPANE-1,3-DIOL. Provoca lesiones oculares graves. Muy t\u00f3xico para los organismos acu\u00e1ticos, con efectos nocivos duraderos. Si se necesita consejo m\u00e9dico, tener a mano el envase o la etiqueta. Mantener fuera del alcance de los ni\u00f1os. Llevar guantes de protecci\u00f3n. EN CASO DE CONTACTO CON LOS OJOS: Enjuagar con agua cuidadosamente durante varios minutos. Quitar las lentes de contacto cuando est\u00e9n presentes y pueda hacerse con facilidad. Proseguir con el lavado. Llamar inmediatamente a un CENTRO DE TOXICOLOG\u00cdA, un m\u00e9dico. Recoger el vertido. Eliminar el contenido en un punto de recogida de residuos peligrosos o especiales, de acuerdo con la normativa local, regional, nacional y\/o internacional. ETIQUETADO DEL CONTENIDO (648\/2004\/EC): 2-BROMO-2-NITROPROPANE-1,3-DIOL.[\/vc_column_text][vc_btn title=\u00bbHoja informativa de ingredientes para el consumidor iNDUS BLACK\u00bb style=\u00bbclassic\u00bb shape=\u00bbround\u00bb color=\u00bbinverse\u00bb align=\u00bbcenter\u00bb i_align=\u00bbright\u00bb i_icon_fontawesome=\u00bbfas fa-external-link-alt\u00bb css=\u00bb\u00bb button_block=\u00bbtrue\u00bb add_icon=\u00bbtrue\u00bb link=\u00bburl:https%3A%2F%2Fshop.thetford-europe.com%2Fwp-content%2Fuploads%2F2024%2F12%2F30670-TBV_iNDUS-BLACK_ES__VERSION_2.0-1.pdf|target:_blank\u00bb][\/vc_column][\/vc_row]<\/p>\n<\/div>","protected":false},"excerpt":{"rendered":"<div class=\"woocommerce-product-details__short-description\">\n<p>El sistema iNDUS est\u00e1 dise\u00f1ado para usarse en combinaci\u00f3n con tres aditivos diferentes para garantizar la higiene, evitar el mal funcionamiento y mantener el sistema limpio. El sistema iNDUS tiene un m\u00f3dulo de dosificaci\u2026<\/p>\n<\/div>\n","protected":false},"featured_media":3053,"template":"","meta":[],"product_brand":[],"product_cat":[115,120,258],"product_tag":[],"class_list":{"0":"post-3641","1":"product","2":"type-product","3":"status-publish","4":"has-post-thumbnail","6":"product_cat-indus","7":"product_cat-indus-automatic-dosing-module","8":"product_cat-indus-care-products","9":"product_shipping_class-package_1-10-es","10":"pa_brand-thetford","11":"pa_colour-azul","12":"pa_colour-gris","13":"pa_colour-negro","14":"pa_content-1000-ml","16":"first","17":"instock","18":"sale","19":"taxable","20":"shipping-taxable","21":"purchasable","22":"product-type-woosb"},"yoast_head":"<!-- This site is optimized with the Yoast SEO plugin v27.4 - https:\/\/yoast.com\/product\/yoast-seo-wordpress\/ -->\n<title>iNDUS Set (ABC) - Thetford<\/title>\n<meta name=\"description\" content=\"El sistema iNDUS est\u00e1 dise\u00f1ado para usarse en combinaci\u00f3n con tres aditivos diferentes para garantizar la higiene, evitar el mal funcionamiento y mantener el sistema limpio. El sistema iNDUS tiene un m\u00f3dulo de dosificaci\u2026\" \/>\n<meta name=\"robots\" content=\"index, follow, max-snippet:-1, max-image-preview:large, max-video-preview:-1\" \/>\n<link rel=\"canonical\" href=\"https:\/\/shop.thetford-europe.com\/es\/producto\/indus-set-abc\/\" \/>\n<meta property=\"og:locale\" content=\"es_ES\" \/>\n<meta property=\"og:type\" content=\"article\" \/>\n<meta property=\"og:title\" content=\"iNDUS Set (ABC) - Thetford\" \/>\n<meta property=\"og:description\" content=\"El sistema iNDUS est\u00e1 dise\u00f1ado para usarse en combinaci\u00f3n con tres aditivos diferentes para garantizar la higiene, evitar el mal funcionamiento y mantener el sistema limpio. El sistema iNDUS tiene un m\u00f3dulo de dosificaci\u2026\" \/>\n<meta property=\"og:url\" content=\"https:\/\/shop.thetford-europe.com\/es\/producto\/indus-set-abc\/\" \/>\n<meta property=\"og:site_name\" content=\"Thetford\" \/>\n<meta property=\"article:publisher\" content=\"https:\/\/www.facebook.com\/thetfordbv\" \/>\n<meta property=\"article:modified_time\" content=\"2025-07-10T07:42:32+00:00\" \/>\n<meta property=\"og:image\" content=\"https:\/\/shop.thetford-europe.com\/wp-content\/uploads\/2020\/11\/ABC-iNDUS-Dosing.png\" \/>\n\t<meta property=\"og:image:width\" content=\"701\" \/>\n\t<meta property=\"og:image:height\" content=\"702\" \/>\n\t<meta property=\"og:image:type\" content=\"image\/png\" \/>\n<meta name=\"twitter:card\" content=\"summary_large_image\" \/>\n<meta name=\"twitter:label1\" content=\"Tiempo de lectura\" \/>\n\t<meta name=\"twitter:data1\" content=\"5 minutos\" \/>\n<script type=\"application\/ld+json\" class=\"yoast-schema-graph\">{\"@context\":\"https:\\\/\\\/schema.org\",\"@graph\":[{\"@type\":\"WebPage\",\"@id\":\"https:\\\/\\\/shop.thetford-europe.com\\\/es\\\/producto\\\/indus-set-abc\\\/\",\"url\":\"https:\\\/\\\/shop.thetford-europe.com\\\/es\\\/producto\\\/indus-set-abc\\\/\",\"name\":\"iNDUS Set (ABC) - Thetford\",\"isPartOf\":{\"@id\":\"https:\\\/\\\/shop.thetford-europe.com\\\/es\\\/#website\"},\"primaryImageOfPage\":{\"@id\":\"https:\\\/\\\/shop.thetford-europe.com\\\/es\\\/producto\\\/indus-set-abc\\\/#primaryimage\"},\"image\":{\"@id\":\"https:\\\/\\\/shop.thetford-europe.com\\\/es\\\/producto\\\/indus-set-abc\\\/#primaryimage\"},\"thumbnailUrl\":\"https:\\\/\\\/shop.thetford-europe.com\\\/wp-content\\\/uploads\\\/2020\\\/11\\\/ABC-iNDUS-Dosing.png\",\"datePublished\":\"2021-03-25T23:26:30+00:00\",\"dateModified\":\"2025-07-10T07:42:32+00:00\",\"description\":\"El sistema iNDUS est\u00e1 dise\u00f1ado para usarse en combinaci\u00f3n con tres aditivos diferentes para garantizar la higiene, evitar el mal funcionamiento y mantener el sistema limpio. El sistema iNDUS tiene un m\u00f3dulo de dosificaci\u2026\",\"breadcrumb\":{\"@id\":\"https:\\\/\\\/shop.thetford-europe.com\\\/es\\\/producto\\\/indus-set-abc\\\/#breadcrumb\"},\"inLanguage\":\"es\",\"potentialAction\":[{\"@type\":\"ReadAction\",\"target\":[\"https:\\\/\\\/shop.thetford-europe.com\\\/es\\\/producto\\\/indus-set-abc\\\/\"]}]},{\"@type\":\"ImageObject\",\"inLanguage\":\"es\",\"@id\":\"https:\\\/\\\/shop.thetford-europe.com\\\/es\\\/producto\\\/indus-set-abc\\\/#primaryimage\",\"url\":\"https:\\\/\\\/shop.thetford-europe.com\\\/wp-content\\\/uploads\\\/2020\\\/11\\\/ABC-iNDUS-Dosing.png\",\"contentUrl\":\"https:\\\/\\\/shop.thetford-europe.com\\\/wp-content\\\/uploads\\\/2020\\\/11\\\/ABC-iNDUS-Dosing.png\",\"width\":701,\"height\":702},{\"@type\":\"BreadcrumbList\",\"@id\":\"https:\\\/\\\/shop.thetford-europe.com\\\/es\\\/producto\\\/indus-set-abc\\\/#breadcrumb\",\"itemListElement\":[{\"@type\":\"ListItem\",\"position\":1,\"name\":\"Home\",\"item\":\"https:\\\/\\\/shop.thetford-europe.com\\\/es\\\/\"},{\"@type\":\"ListItem\",\"position\":2,\"name\":\"Shop\",\"item\":\"https:\\\/\\\/shop.thetford-europe.com\\\/es\\\/shop\\\/\"},{\"@type\":\"ListItem\",\"position\":3,\"name\":\"iNDUS Set (ABC)\"}]},{\"@type\":\"WebSite\",\"@id\":\"https:\\\/\\\/shop.thetford-europe.com\\\/es\\\/#website\",\"url\":\"https:\\\/\\\/shop.thetford-europe.com\\\/es\\\/\",\"name\":\"Thetford\",\"description\":\"Carefree, wherever you go!\",\"publisher\":{\"@id\":\"https:\\\/\\\/shop.thetford-europe.com\\\/es\\\/#organization\"},\"potentialAction\":[{\"@type\":\"SearchAction\",\"target\":{\"@type\":\"EntryPoint\",\"urlTemplate\":\"https:\\\/\\\/shop.thetford-europe.com\\\/es\\\/?s={search_term_string}\"},\"query-input\":{\"@type\":\"PropertyValueSpecification\",\"valueRequired\":true,\"valueName\":\"search_term_string\"}}],\"inLanguage\":\"es\"},{\"@type\":\"Organization\",\"@id\":\"https:\\\/\\\/shop.thetford-europe.com\\\/es\\\/#organization\",\"name\":\"Thetford BV\",\"url\":\"https:\\\/\\\/shop.thetford-europe.com\\\/es\\\/\",\"logo\":{\"@type\":\"ImageObject\",\"inLanguage\":\"es\",\"@id\":\"https:\\\/\\\/shop.thetford-europe.com\\\/es\\\/#\\\/schema\\\/logo\\\/image\\\/\",\"url\":\"https:\\\/\\\/shop.thetford-europe.com\\\/wp-content\\\/uploads\\\/2020\\\/11\\\/logo.svg\",\"contentUrl\":\"https:\\\/\\\/shop.thetford-europe.com\\\/wp-content\\\/uploads\\\/2020\\\/11\\\/logo.svg\",\"width\":633,\"height\":100,\"caption\":\"Thetford BV\"},\"image\":{\"@id\":\"https:\\\/\\\/shop.thetford-europe.com\\\/es\\\/#\\\/schema\\\/logo\\\/image\\\/\"},\"sameAs\":[\"https:\\\/\\\/www.facebook.com\\\/thetfordbv\",\"https:\\\/\\\/www.linkedin.com\\\/company\\\/thetford\",\"https:\\\/\\\/www.youtube.com\\\/user\\\/ThetfordEurope\"]}]}<\/script>\n<!-- \/ Yoast SEO plugin. -->","yoast_head_json":{"title":"iNDUS Set (ABC) - Thetford","description":"El sistema iNDUS est\u00e1 dise\u00f1ado para usarse en combinaci\u00f3n con tres aditivos diferentes para garantizar la higiene, evitar el mal funcionamiento y mantener el sistema limpio. El sistema iNDUS tiene un m\u00f3dulo de dosificaci\u2026","robots":{"index":"index","follow":"follow","max-snippet":"max-snippet:-1","max-image-preview":"max-image-preview:large","max-video-preview":"max-video-preview:-1"},"canonical":"https:\/\/shop.thetford-europe.com\/es\/producto\/indus-set-abc\/","og_locale":"es_ES","og_type":"article","og_title":"iNDUS Set (ABC) - Thetford","og_description":"El sistema iNDUS est\u00e1 dise\u00f1ado para usarse en combinaci\u00f3n con tres aditivos diferentes para garantizar la higiene, evitar el mal funcionamiento y mantener el sistema limpio. El sistema iNDUS tiene un m\u00f3dulo de dosificaci\u2026","og_url":"https:\/\/shop.thetford-europe.com\/es\/producto\/indus-set-abc\/","og_site_name":"Thetford","article_publisher":"https:\/\/www.facebook.com\/thetfordbv","article_modified_time":"2025-07-10T07:42:32+00:00","og_image":[{"width":701,"height":702,"url":"https:\/\/shop.thetford-europe.com\/wp-content\/uploads\/2020\/11\/ABC-iNDUS-Dosing.png","type":"image\/png"}],"twitter_card":"summary_large_image","twitter_misc":{"Tiempo de lectura":"5 minutos"},"schema":{"@context":"https:\/\/schema.org","@graph":[{"@type":"WebPage","@id":"https:\/\/shop.thetford-europe.com\/es\/producto\/indus-set-abc\/","url":"https:\/\/shop.thetford-europe.com\/es\/producto\/indus-set-abc\/","name":"iNDUS Set (ABC) - Thetford","isPartOf":{"@id":"https:\/\/shop.thetford-europe.com\/es\/#website"},"primaryImageOfPage":{"@id":"https:\/\/shop.thetford-europe.com\/es\/producto\/indus-set-abc\/#primaryimage"},"image":{"@id":"https:\/\/shop.thetford-europe.com\/es\/producto\/indus-set-abc\/#primaryimage"},"thumbnailUrl":"https:\/\/shop.thetford-europe.com\/wp-content\/uploads\/2020\/11\/ABC-iNDUS-Dosing.png","datePublished":"2021-03-25T23:26:30+00:00","dateModified":"2025-07-10T07:42:32+00:00","description":"El sistema iNDUS est\u00e1 dise\u00f1ado para usarse en combinaci\u00f3n con tres aditivos diferentes para garantizar la higiene, evitar el mal funcionamiento y mantener el sistema limpio. El sistema iNDUS tiene un m\u00f3dulo de dosificaci\u2026","breadcrumb":{"@id":"https:\/\/shop.thetford-europe.com\/es\/producto\/indus-set-abc\/#breadcrumb"},"inLanguage":"es","potentialAction":[{"@type":"ReadAction","target":["https:\/\/shop.thetford-europe.com\/es\/producto\/indus-set-abc\/"]}]},{"@type":"ImageObject","inLanguage":"es","@id":"https:\/\/shop.thetford-europe.com\/es\/producto\/indus-set-abc\/#primaryimage","url":"https:\/\/shop.thetford-europe.com\/wp-content\/uploads\/2020\/11\/ABC-iNDUS-Dosing.png","contentUrl":"https:\/\/shop.thetford-europe.com\/wp-content\/uploads\/2020\/11\/ABC-iNDUS-Dosing.png","width":701,"height":702},{"@type":"BreadcrumbList","@id":"https:\/\/shop.thetford-europe.com\/es\/producto\/indus-set-abc\/#breadcrumb","itemListElement":[{"@type":"ListItem","position":1,"name":"Home","item":"https:\/\/shop.thetford-europe.com\/es\/"},{"@type":"ListItem","position":2,"name":"Shop","item":"https:\/\/shop.thetford-europe.com\/es\/shop\/"},{"@type":"ListItem","position":3,"name":"iNDUS Set (ABC)"}]},{"@type":"WebSite","@id":"https:\/\/shop.thetford-europe.com\/es\/#website","url":"https:\/\/shop.thetford-europe.com\/es\/","name":"Thetford","description":"Carefree, wherever you go!","publisher":{"@id":"https:\/\/shop.thetford-europe.com\/es\/#organization"},"potentialAction":[{"@type":"SearchAction","target":{"@type":"EntryPoint","urlTemplate":"https:\/\/shop.thetford-europe.com\/es\/?s={search_term_string}"},"query-input":{"@type":"PropertyValueSpecification","valueRequired":true,"valueName":"search_term_string"}}],"inLanguage":"es"},{"@type":"Organization","@id":"https:\/\/shop.thetford-europe.com\/es\/#organization","name":"Thetford BV","url":"https:\/\/shop.thetford-europe.com\/es\/","logo":{"@type":"ImageObject","inLanguage":"es","@id":"https:\/\/shop.thetford-europe.com\/es\/#\/schema\/logo\/image\/","url":"https:\/\/shop.thetford-europe.com\/wp-content\/uploads\/2020\/11\/logo.svg","contentUrl":"https:\/\/shop.thetford-europe.com\/wp-content\/uploads\/2020\/11\/logo.svg","width":633,"height":100,"caption":"Thetford BV"},"image":{"@id":"https:\/\/shop.thetford-europe.com\/es\/#\/schema\/logo\/image\/"},"sameAs":["https:\/\/www.facebook.com\/thetfordbv","https:\/\/www.linkedin.com\/company\/thetford","https:\/\/www.youtube.com\/user\/ThetfordEurope"]}]}},"jetpack_sharing_enabled":true,"_links":{"self":[{"href":"https:\/\/shop.thetford-europe.com\/es\/wp-json\/wp\/v2\/product\/3641","targetHints":{"allow":["GET"]}}],"collection":[{"href":"https:\/\/shop.thetford-europe.com\/es\/wp-json\/wp\/v2\/product"}],"about":[{"href":"https:\/\/shop.thetford-europe.com\/es\/wp-json\/wp\/v2\/types\/product"}],"wp:featuredmedia":[{"embeddable":true,"href":"https:\/\/shop.thetford-europe.com\/es\/wp-json\/wp\/v2\/media\/3053"}],"wp:attachment":[{"href":"https:\/\/shop.thetford-europe.com\/es\/wp-json\/wp\/v2\/media?parent=3641"}],"wp:term":[{"taxonomy":"product_brand","embeddable":true,"href":"https:\/\/shop.thetford-europe.com\/es\/wp-json\/wp\/v2\/product_brand?post=3641"},{"taxonomy":"product_cat","embeddable":true,"href":"https:\/\/shop.thetford-europe.com\/es\/wp-json\/wp\/v2\/product_cat?post=3641"},{"taxonomy":"product_tag","embeddable":true,"href":"https:\/\/shop.thetford-europe.com\/es\/wp-json\/wp\/v2\/product_tag?post=3641"}],"curies":[{"name":"wp","href":"https:\/\/api.w.org\/{rel}","templated":true}]}}