{"id":3178,"date":"2021-03-12T16:42:43","date_gmt":"2021-03-12T15:42:43","guid":{"rendered":"https:\/\/shop.thetford-europe.com\/?page_id=3178"},"modified":"2022-08-11T11:43:59","modified_gmt":"2022-08-11T09:43:59","slug":"shop-overview","status":"publish","type":"page","link":"https:\/\/shop.thetford-europe.com\/fr\/shop-overview\/","title":{"rendered":"Webshop"},"content":{"rendered":"<div class=\"wpb-content-wrapper\"><p>[vc_row][vc_column]<div class=\"title-wrapper  basel-title-color-primary basel-title-style-bordered basel-title-size-default text-center vc_custom_1616665862279\"><span class=\"title-subtitle font-default\">iNDUS<\/span><div class=\"liner-continer\"> <span class=\"left-line\"><\/span> <h4 class=\"title\" ><strong>PRODUITS<\/strong><span class=\"title-separator\"><span><\/span><\/span><\/h4> <span class=\"right-line\"><\/span> <\/div><\/div><div class=\"woocommerce columns-3 \">\n<div class=\"products elements-grid basel-products-holder  title-line-one pagination-infinit row grid-columns-3\" data-min_price=\"\" data-max_price=\"\" data-source=\"main_loop\">\t<div class=\"product-grid-item basel-hover-standard product  col-sm-4 col-xs-6 first  post-0 post type-post status-publish format-standard has-post-thumbnail hentry\" data-loop=\"1\" data-id=\"3452\">\n\n\t\t<div class=\"product-element-top\">\n\t<a href=\"https:\/\/shop.thetford-europe.com\/fr\/produit\/indus-grey-a\/\">\n\t\t<img loading=\"lazy\" decoding=\"async\" width=\"522\" height=\"522\" src=\"https:\/\/shop.thetford-europe.com\/wp-content\/themes\/basel\/images\/lazy.png\" class=\"attachment-woocommerce_thumbnail size-woocommerce_thumbnail basel-lazy-load basel-lazy-fade\" alt=\"\" srcset=\"\" sizes=\"auto, (max-width: 522px) 100vw, 522px\" data-basel-src=\"https:\/\/shop.thetford-europe.com\/wp-content\/uploads\/2017\/01\/indus-grey-bottle-product-image-522x522px-product-image.png\" data-srcset=\"https:\/\/shop.thetford-europe.com\/wp-content\/uploads\/2017\/01\/indus-grey-bottle-product-image-522x522px-product-image.png 522w, https:\/\/shop.thetford-europe.com\/wp-content\/uploads\/2017\/01\/indus-grey-bottle-product-image-522x522px-product-image-100x100.png 100w\" \/>\t<\/a>\n\t\t<div class=\"basel-buttons\">\n\t\t\t\t\t\t\t<\/div>\n\n\t<div class=\"swatches-wrapper\">\n\t\t\t<\/div>\n<\/div>\n<h3 class=\"product-title\"><a href=\"https:\/\/shop.thetford-europe.com\/fr\/produit\/indus-grey-a\/\">iNDUS Grey (A)<\/a><\/h3>\n\n\n\t<span class=\"price\"><span class=\"woocommerce-Price-amount amount\"><bdi><span class=\"woocommerce-Price-currencySymbol\">&euro;<\/span>18,95<\/bdi><\/span><\/span>\n\n<div class=\"btn-add\">\n\t<a href=\"\/fr\/wp-json\/wp\/v2\/pages\/3178?add-to-cart=3452\" aria-describedby=\"woocommerce_loop_add_to_cart_link_describedby_3452\" data-quantity=\"1\" class=\"button product_type_simple add_to_cart_button ajax_add_to_cart\" data-product_id=\"3452\" data-product_sku=\"30675SP\" aria-label=\"Ajouter au panier\u00a0: &ldquo;iNDUS Grey (A)&rdquo;\" rel=\"nofollow\" data-success_message=\"\u00ab\u00a0iNDUS Grey (A)\u00a0\u00bb a \u00e9t\u00e9 ajout\u00e9 \u00e0 votre panier\" role=\"button\">Ajouter au panier<\/a>\t<span id=\"woocommerce_loop_add_to_cart_link_describedby_3452\" class=\"screen-reader-text\">\n\t\t\t<\/span>\n<\/div>\n\n\n\n\t<\/div>\n\t<div class=\"product-grid-item basel-hover-standard product  col-sm-4 col-xs-6 post-0 post type-post status-publish format-standard has-post-thumbnail hentry\" data-loop=\"2\" data-id=\"3253\">\n\n\t\t<div class=\"product-element-top\">\n\t<a href=\"https:\/\/shop.thetford-europe.com\/fr\/produit\/indus-flush-b\/\">\n\t\t<img loading=\"lazy\" decoding=\"async\" width=\"522\" height=\"522\" src=\"https:\/\/shop.thetford-europe.com\/wp-content\/themes\/basel\/images\/lazy.png\" class=\"attachment-woocommerce_thumbnail size-woocommerce_thumbnail basel-lazy-load basel-lazy-fade\" alt=\"\" srcset=\"\" sizes=\"auto, (max-width: 522px) 100vw, 522px\" data-basel-src=\"https:\/\/shop.thetford-europe.com\/wp-content\/uploads\/2020\/11\/indus-flush-bottle-product-image-522x522px-product-image.png\" data-srcset=\"https:\/\/shop.thetford-europe.com\/wp-content\/uploads\/2020\/11\/indus-flush-bottle-product-image-522x522px-product-image.png 522w, https:\/\/shop.thetford-europe.com\/wp-content\/uploads\/2020\/11\/indus-flush-bottle-product-image-522x522px-product-image-100x100.png 100w\" \/>\t<\/a>\n\t\t<div class=\"basel-buttons\">\n\t\t\t\t\t\t\t<\/div>\n\n\t<div class=\"swatches-wrapper\">\n\t\t\t<\/div>\n<\/div>\n<h3 class=\"product-title\"><a href=\"https:\/\/shop.thetford-europe.com\/fr\/produit\/indus-flush-b\/\">iNDUS Flush (B)<\/a><\/h3>\n\n\n\t<span class=\"price\"><span class=\"woocommerce-Price-amount amount\"><bdi><span class=\"woocommerce-Price-currencySymbol\">&euro;<\/span>18,95<\/bdi><\/span><\/span>\n\n<div class=\"btn-add\">\n\t<a href=\"\/fr\/wp-json\/wp\/v2\/pages\/3178?add-to-cart=3253\" aria-describedby=\"woocommerce_loop_add_to_cart_link_describedby_3253\" data-quantity=\"1\" class=\"button product_type_simple add_to_cart_button ajax_add_to_cart\" data-product_id=\"3253\" data-product_sku=\"30673SP\" aria-label=\"Ajouter au panier\u00a0: &ldquo;iNDUS Flush (B)&rdquo;\" rel=\"nofollow\" data-success_message=\"\u00ab\u00a0iNDUS Flush (B)\u00a0\u00bb a \u00e9t\u00e9 ajout\u00e9 \u00e0 votre panier\" role=\"button\">Ajouter au panier<\/a>\t<span id=\"woocommerce_loop_add_to_cart_link_describedby_3253\" class=\"screen-reader-text\">\n\t\t\t<\/span>\n<\/div>\n\n\n\n\t<\/div>\n<div class=\"clearfix visible-xs-block\"><\/div>\t<div class=\"product-grid-item basel-hover-standard product  col-sm-4 col-xs-6 last  post-0 post type-post status-publish format-standard has-post-thumbnail hentry\" data-loop=\"3\" data-id=\"3265\">\n\n\t\t<div class=\"product-element-top\">\n\t<a href=\"https:\/\/shop.thetford-europe.com\/fr\/produit\/indus-black-c\/\">\n\t\t<img loading=\"lazy\" decoding=\"async\" width=\"522\" height=\"522\" src=\"https:\/\/shop.thetford-europe.com\/wp-content\/themes\/basel\/images\/lazy.png\" class=\"attachment-woocommerce_thumbnail size-woocommerce_thumbnail basel-lazy-load basel-lazy-fade\" alt=\"\" srcset=\"\" sizes=\"auto, (max-width: 522px) 100vw, 522px\" data-basel-src=\"https:\/\/shop.thetford-europe.com\/wp-content\/uploads\/2020\/11\/indus-black-bottle-product-image-522x522px-product-image.png\" data-srcset=\"https:\/\/shop.thetford-europe.com\/wp-content\/uploads\/2020\/11\/indus-black-bottle-product-image-522x522px-product-image.png 522w, https:\/\/shop.thetford-europe.com\/wp-content\/uploads\/2020\/11\/indus-black-bottle-product-image-522x522px-product-image-100x100.png 100w\" \/>\t<\/a>\n\t\t<div class=\"basel-buttons\">\n\t\t\t\t\t\t\t<\/div>\n\n\t<div class=\"swatches-wrapper\">\n\t\t\t<\/div>\n<\/div>\n<h3 class=\"product-title\"><a href=\"https:\/\/shop.thetford-europe.com\/fr\/produit\/indus-black-c\/\">iNDUS Black (C)<\/a><\/h3>\n\n\n\t<span class=\"price\"><span class=\"woocommerce-Price-amount amount\"><bdi><span class=\"woocommerce-Price-currencySymbol\">&euro;<\/span>18,95<\/bdi><\/span><\/span>\n\n<div class=\"btn-add\">\n\t<a href=\"\/fr\/wp-json\/wp\/v2\/pages\/3178?add-to-cart=3265\" aria-describedby=\"woocommerce_loop_add_to_cart_link_describedby_3265\" data-quantity=\"1\" class=\"button product_type_simple add_to_cart_button ajax_add_to_cart\" data-product_id=\"3265\" data-product_sku=\"30674SP\" aria-label=\"Ajouter au panier\u00a0: &ldquo;iNDUS Black (C)&rdquo;\" rel=\"nofollow\" data-success_message=\"\u00ab\u00a0iNDUS Black (C)\u00a0\u00bb a \u00e9t\u00e9 ajout\u00e9 \u00e0 votre panier\" role=\"button\">Ajouter au panier<\/a>\t<span id=\"woocommerce_loop_add_to_cart_link_describedby_3265\" class=\"screen-reader-text\">\n\t\t\t<\/span>\n<\/div>\n\n\n\n\t<\/div>\n<div class=\"clearfix visible-sm-block\"><\/div><div class=\"clearfix visible-md-block visible-lg-block\"><\/div>\t<div class=\"product-grid-item basel-hover-standard product  col-sm-4 col-xs-6 first  post-0 post type-post status-publish format-standard has-post-thumbnail hentry\" data-loop=\"4\" data-id=\"25665\">\n\n\t\t<div class=\"product-element-top\">\n\t<a href=\"https:\/\/shop.thetford-europe.com\/fr\/produit\/additif-indus-cleaning-storage\/\">\n\t\t<img loading=\"lazy\" decoding=\"async\" width=\"600\" height=\"600\" src=\"https:\/\/shop.thetford-europe.com\/wp-content\/themes\/basel\/images\/lazy.png\" class=\"attachment-woocommerce_thumbnail size-woocommerce_thumbnail basel-lazy-load basel-lazy-fade\" alt=\"\" srcset=\"\" sizes=\"auto, (max-width: 600px) 100vw, 600px\" data-basel-src=\"https:\/\/shop.thetford-europe.com\/wp-content\/uploads\/2021\/07\/cleaning-and-storage-600x600.png\" data-srcset=\"https:\/\/shop.thetford-europe.com\/wp-content\/uploads\/2021\/07\/cleaning-and-storage-600x600.png 600w, https:\/\/shop.thetford-europe.com\/wp-content\/uploads\/2021\/07\/cleaning-and-storage-300x300.png 300w, https:\/\/shop.thetford-europe.com\/wp-content\/uploads\/2021\/07\/cleaning-and-storage-150x150.png 150w, https:\/\/shop.thetford-europe.com\/wp-content\/uploads\/2021\/07\/cleaning-and-storage-768x769.png 768w, https:\/\/shop.thetford-europe.com\/wp-content\/uploads\/2021\/07\/cleaning-and-storage-100x100.png 100w, https:\/\/shop.thetford-europe.com\/wp-content\/uploads\/2021\/07\/cleaning-and-storage.png 882w\" \/>\t<\/a>\n\t\t<div class=\"basel-buttons\">\n\t\t\t\t\t\t\t<\/div>\n\n\t<div class=\"swatches-wrapper\">\n\t\t\t<\/div>\n<\/div>\n<h3 class=\"product-title\"><a href=\"https:\/\/shop.thetford-europe.com\/fr\/produit\/additif-indus-cleaning-storage\/\">Additif iNDUS Cleaning &#038; Storage<\/a><\/h3>\n\n\n\t<span class=\"price\"><span class=\"woocommerce-Price-amount amount\"><bdi><span class=\"woocommerce-Price-currencySymbol\">&euro;<\/span>18,95<\/bdi><\/span><\/span>\n\n<div class=\"btn-add\">\n\t<a href=\"\/fr\/wp-json\/wp\/v2\/pages\/3178?add-to-cart=25665\" aria-describedby=\"woocommerce_loop_add_to_cart_link_describedby_25665\" data-quantity=\"1\" class=\"button product_type_simple add_to_cart_button ajax_add_to_cart\" data-product_id=\"25665\" data-product_sku=\"30691SP\" aria-label=\"Ajouter au panier\u00a0: &ldquo;Additif iNDUS Cleaning &amp; Storage&rdquo;\" rel=\"nofollow\" data-success_message=\"\u00ab\u00a0Additif iNDUS Cleaning &amp; Storage\u00a0\u00bb a \u00e9t\u00e9 ajout\u00e9 \u00e0 votre panier\" role=\"button\">Ajouter au panier<\/a>\t<span id=\"woocommerce_loop_add_to_cart_link_describedby_25665\" class=\"screen-reader-text\">\n\t\t\t<\/span>\n<\/div>\n\n\n\n\t<\/div>\n<div class=\"clearfix visible-xs-block\"><\/div>\t<div class=\"product-grid-item basel-hover-standard product  col-sm-4 col-xs-6 post-0 post type-post status-publish format-standard has-post-thumbnail hentry\" data-loop=\"5\" data-id=\"3638\">\n\n\t\t<div class=\"product-element-top\">\n\t<a href=\"https:\/\/shop.thetford-europe.com\/fr\/produit\/indus-set-abc\/\">\n\t\t<img loading=\"lazy\" decoding=\"async\" width=\"600\" height=\"600\" src=\"https:\/\/shop.thetford-europe.com\/wp-content\/themes\/basel\/images\/lazy.png\" class=\"attachment-woocommerce_thumbnail size-woocommerce_thumbnail basel-lazy-load basel-lazy-fade\" alt=\"\" srcset=\"\" sizes=\"auto, (max-width: 600px) 100vw, 600px\" data-basel-src=\"https:\/\/shop.thetford-europe.com\/wp-content\/uploads\/2020\/11\/ABC-iNDUS-Dosing-600x600.png\" data-srcset=\"https:\/\/shop.thetford-europe.com\/wp-content\/uploads\/2020\/11\/ABC-iNDUS-Dosing-600x600.png 600w, https:\/\/shop.thetford-europe.com\/wp-content\/uploads\/2020\/11\/ABC-iNDUS-Dosing-100x100.png 100w, https:\/\/shop.thetford-europe.com\/wp-content\/uploads\/2020\/11\/ABC-iNDUS-Dosing.png 701w\" \/>\t<\/a>\n\t\t<div class=\"basel-buttons\">\n\t\t\t\t\t\t\t<\/div>\n\n\t<div class=\"swatches-wrapper\">\n\t\t\t<\/div>\n<\/div>\n<h3 class=\"product-title\"><a href=\"https:\/\/shop.thetford-europe.com\/fr\/produit\/indus-set-abc\/\">iNDUS Set (ABC)<\/a><\/h3>\n\n\n\t<span class=\"price\"><del aria-hidden=\"true\"><span class=\"woocommerce-Price-amount amount\"><bdi><span class=\"woocommerce-Price-currencySymbol\">&euro;<\/span>56,85<\/bdi><\/span><\/del> <span class=\"screen-reader-text\">Le prix initial \u00e9tait\u00a0: &euro;56,85.<\/span><ins aria-hidden=\"true\"><span class=\"woocommerce-Price-amount amount\"><bdi><span class=\"woocommerce-Price-currencySymbol\">&euro;<\/span>47,95<\/bdi><\/span><\/ins><span class=\"screen-reader-text\">Le prix actuel est\u00a0: &euro;47,95.<\/span><\/span>\n\n<div class=\"btn-add\">\n\t<a href=\"\/fr\/wp-json\/wp\/v2\/pages\/3178?add-to-cart=3638\" aria-describedby=\"woocommerce_loop_add_to_cart_link_describedby_3638\" data-quantity=\"1\" class=\"button product_type_woosb add_to_cart_button ajax_add_to_cart\" data-product_id=\"3638\" data-product_sku=\"OSB-10001\" aria-label=\"En savoir plus sur &ldquo;iNDUS Set (ABC)&rdquo;\" rel=\"nofollow\" role=\"button\">Ajouter au panier<\/a>\t<span id=\"woocommerce_loop_add_to_cart_link_describedby_3638\" class=\"screen-reader-text\">\n\t\t\t<\/span>\n<\/div>\n\n\n\n\t<\/div>\n<\/div><\/div>[\/vc_column][\/vc_row]<\/p>\n<\/div>","protected":false},"excerpt":{"rendered":"<p>[vc_row][vc_column][\/vc_column][\/vc_row]<\/p>\n","protected":false},"author":1,"featured_media":0,"parent":0,"menu_order":0,"comment_status":"closed","ping_status":"closed","template":"","meta":{"footnotes":""},"class_list":["post-3178","page","type-page","status-publish","hentry"],"yoast_head":"<!-- This site is optimized with the Yoast SEO plugin v27.4 - https:\/\/yoast.com\/product\/yoast-seo-wordpress\/ -->\n<title>Webshop - Thetford<\/title>\n<meta name=\"description\" content=\"Les toilettes Thetford sont les meilleures toilettes mobiles disponibles sur le march\u00e9. Pour vous assurer que vous entretenez ce produit de la meilleure fa\u00e7on et pour que vous en profitiez longtemps, vous devez toujours utiliser des produits Thetford pour vos toilettes mobiles. Sur le long terme, investir dans la qualit\u00e9 est toujours payant !\" \/>\n<meta name=\"robots\" content=\"index, follow, max-snippet:-1, max-image-preview:large, max-video-preview:-1\" \/>\n<link rel=\"canonical\" href=\"https:\/\/shop.thetford-europe.com\/fr\/shop-overview\/\" \/>\n<meta property=\"og:locale\" content=\"fr_FR\" \/>\n<meta property=\"og:type\" content=\"article\" \/>\n<meta property=\"og:title\" content=\"Webshop - Thetford\" \/>\n<meta property=\"og:description\" content=\"Les toilettes Thetford sont les meilleures toilettes mobiles disponibles sur le march\u00e9. Pour vous assurer que vous entretenez ce produit de la meilleure fa\u00e7on et pour que vous en profitiez longtemps, vous devez toujours utiliser des produits Thetford pour vos toilettes mobiles. Sur le long terme, investir dans la qualit\u00e9 est toujours payant !\" \/>\n<meta property=\"og:url\" content=\"https:\/\/shop.thetford-europe.com\/fr\/shop-overview\/\" \/>\n<meta property=\"og:site_name\" content=\"Thetford\" \/>\n<meta property=\"article:publisher\" content=\"https:\/\/www.facebook.com\/thetfordbv\" \/>\n<meta property=\"article:modified_time\" content=\"2022-08-11T09:43:59+00:00\" \/>\n<meta property=\"og:image\" content=\"https:\/\/shop.thetford-europe.com\/wp-content\/uploads\/2021\/05\/Thetford_iNDUS_all-modules-incl-app-250x250-category-list-image.png\" \/>\n\t<meta property=\"og:image:width\" content=\"250\" \/>\n\t<meta property=\"og:image:height\" content=\"250\" \/>\n\t<meta property=\"og:image:type\" content=\"image\/png\" \/>\n<meta name=\"twitter:card\" content=\"summary_large_image\" \/>\n<meta name=\"twitter:label1\" content=\"Dur\u00e9e de lecture estim\u00e9e\" \/>\n\t<meta name=\"twitter:data1\" content=\"1 minute\" \/>\n<script type=\"application\/ld+json\" class=\"yoast-schema-graph\">{\"@context\":\"https:\\\/\\\/schema.org\",\"@graph\":[{\"@type\":\"WebPage\",\"@id\":\"https:\\\/\\\/shop.thetford-europe.com\\\/fr\\\/shop-overview\\\/\",\"url\":\"https:\\\/\\\/shop.thetford-europe.com\\\/fr\\\/shop-overview\\\/\",\"name\":\"Webshop - Thetford\",\"isPartOf\":{\"@id\":\"https:\\\/\\\/shop.thetford-europe.com\\\/fr\\\/#website\"},\"datePublished\":\"2021-03-12T15:42:43+00:00\",\"dateModified\":\"2022-08-11T09:43:59+00:00\",\"description\":\"Les toilettes Thetford sont les meilleures toilettes mobiles disponibles sur le march\u00e9. Pour vous assurer que vous entretenez ce produit de la meilleure fa\u00e7on et pour que vous en profitiez longtemps, vous devez toujours utiliser des produits Thetford pour vos toilettes mobiles. Sur le long terme, investir dans la qualit\u00e9 est toujours payant !\",\"breadcrumb\":{\"@id\":\"https:\\\/\\\/shop.thetford-europe.com\\\/fr\\\/shop-overview\\\/#breadcrumb\"},\"inLanguage\":\"fr-FR\",\"potentialAction\":[{\"@type\":\"ReadAction\",\"target\":[\"https:\\\/\\\/shop.thetford-europe.com\\\/fr\\\/shop-overview\\\/\"]}]},{\"@type\":\"BreadcrumbList\",\"@id\":\"https:\\\/\\\/shop.thetford-europe.com\\\/fr\\\/shop-overview\\\/#breadcrumb\",\"itemListElement\":[{\"@type\":\"ListItem\",\"position\":1,\"name\":\"Home\",\"item\":\"https:\\\/\\\/shop.thetford-europe.com\\\/fr\\\/\"},{\"@type\":\"ListItem\",\"position\":2,\"name\":\"Webshop\"}]},{\"@type\":\"WebSite\",\"@id\":\"https:\\\/\\\/shop.thetford-europe.com\\\/fr\\\/#website\",\"url\":\"https:\\\/\\\/shop.thetford-europe.com\\\/fr\\\/\",\"name\":\"Thetford\",\"description\":\"Carefree, wherever you go!\",\"publisher\":{\"@id\":\"https:\\\/\\\/shop.thetford-europe.com\\\/fr\\\/#organization\"},\"potentialAction\":[{\"@type\":\"SearchAction\",\"target\":{\"@type\":\"EntryPoint\",\"urlTemplate\":\"https:\\\/\\\/shop.thetford-europe.com\\\/fr\\\/?s={search_term_string}\"},\"query-input\":{\"@type\":\"PropertyValueSpecification\",\"valueRequired\":true,\"valueName\":\"search_term_string\"}}],\"inLanguage\":\"fr-FR\"},{\"@type\":\"Organization\",\"@id\":\"https:\\\/\\\/shop.thetford-europe.com\\\/fr\\\/#organization\",\"name\":\"Thetford BV\",\"url\":\"https:\\\/\\\/shop.thetford-europe.com\\\/fr\\\/\",\"logo\":{\"@type\":\"ImageObject\",\"inLanguage\":\"fr-FR\",\"@id\":\"https:\\\/\\\/shop.thetford-europe.com\\\/fr\\\/#\\\/schema\\\/logo\\\/image\\\/\",\"url\":\"https:\\\/\\\/shop.thetford-europe.com\\\/wp-content\\\/uploads\\\/2020\\\/11\\\/logo.svg\",\"contentUrl\":\"https:\\\/\\\/shop.thetford-europe.com\\\/wp-content\\\/uploads\\\/2020\\\/11\\\/logo.svg\",\"width\":633,\"height\":100,\"caption\":\"Thetford BV\"},\"image\":{\"@id\":\"https:\\\/\\\/shop.thetford-europe.com\\\/fr\\\/#\\\/schema\\\/logo\\\/image\\\/\"},\"sameAs\":[\"https:\\\/\\\/www.facebook.com\\\/thetfordbv\",\"https:\\\/\\\/www.linkedin.com\\\/company\\\/thetford\",\"https:\\\/\\\/www.youtube.com\\\/user\\\/ThetfordEurope\"]}]}<\/script>\n<!-- \/ Yoast SEO plugin. -->","yoast_head_json":{"title":"Webshop - Thetford","description":"Les toilettes Thetford sont les meilleures toilettes mobiles disponibles sur le march\u00e9. Pour vous assurer que vous entretenez ce produit de la meilleure fa\u00e7on et pour que vous en profitiez longtemps, vous devez toujours utiliser des produits Thetford pour vos toilettes mobiles. Sur le long terme, investir dans la qualit\u00e9 est toujours payant !","robots":{"index":"index","follow":"follow","max-snippet":"max-snippet:-1","max-image-preview":"max-image-preview:large","max-video-preview":"max-video-preview:-1"},"canonical":"https:\/\/shop.thetford-europe.com\/fr\/shop-overview\/","og_locale":"fr_FR","og_type":"article","og_title":"Webshop - Thetford","og_description":"Les toilettes Thetford sont les meilleures toilettes mobiles disponibles sur le march\u00e9. Pour vous assurer que vous entretenez ce produit de la meilleure fa\u00e7on et pour que vous en profitiez longtemps, vous devez toujours utiliser des produits Thetford pour vos toilettes mobiles. Sur le long terme, investir dans la qualit\u00e9 est toujours payant !","og_url":"https:\/\/shop.thetford-europe.com\/fr\/shop-overview\/","og_site_name":"Thetford","article_publisher":"https:\/\/www.facebook.com\/thetfordbv","article_modified_time":"2022-08-11T09:43:59+00:00","og_image":[{"width":250,"height":250,"url":"https:\/\/shop.thetford-europe.com\/wp-content\/uploads\/2021\/05\/Thetford_iNDUS_all-modules-incl-app-250x250-category-list-image.png","type":"image\/png"}],"twitter_card":"summary_large_image","twitter_misc":{"Dur\u00e9e de lecture estim\u00e9e":"1 minute"},"schema":{"@context":"https:\/\/schema.org","@graph":[{"@type":"WebPage","@id":"https:\/\/shop.thetford-europe.com\/fr\/shop-overview\/","url":"https:\/\/shop.thetford-europe.com\/fr\/shop-overview\/","name":"Webshop - Thetford","isPartOf":{"@id":"https:\/\/shop.thetford-europe.com\/fr\/#website"},"datePublished":"2021-03-12T15:42:43+00:00","dateModified":"2022-08-11T09:43:59+00:00","description":"Les toilettes Thetford sont les meilleures toilettes mobiles disponibles sur le march\u00e9. Pour vous assurer que vous entretenez ce produit de la meilleure fa\u00e7on et pour que vous en profitiez longtemps, vous devez toujours utiliser des produits Thetford pour vos toilettes mobiles. Sur le long terme, investir dans la qualit\u00e9 est toujours payant !","breadcrumb":{"@id":"https:\/\/shop.thetford-europe.com\/fr\/shop-overview\/#breadcrumb"},"inLanguage":"fr-FR","potentialAction":[{"@type":"ReadAction","target":["https:\/\/shop.thetford-europe.com\/fr\/shop-overview\/"]}]},{"@type":"BreadcrumbList","@id":"https:\/\/shop.thetford-europe.com\/fr\/shop-overview\/#breadcrumb","itemListElement":[{"@type":"ListItem","position":1,"name":"Home","item":"https:\/\/shop.thetford-europe.com\/fr\/"},{"@type":"ListItem","position":2,"name":"Webshop"}]},{"@type":"WebSite","@id":"https:\/\/shop.thetford-europe.com\/fr\/#website","url":"https:\/\/shop.thetford-europe.com\/fr\/","name":"Thetford","description":"Carefree, wherever you go!","publisher":{"@id":"https:\/\/shop.thetford-europe.com\/fr\/#organization"},"potentialAction":[{"@type":"SearchAction","target":{"@type":"EntryPoint","urlTemplate":"https:\/\/shop.thetford-europe.com\/fr\/?s={search_term_string}"},"query-input":{"@type":"PropertyValueSpecification","valueRequired":true,"valueName":"search_term_string"}}],"inLanguage":"fr-FR"},{"@type":"Organization","@id":"https:\/\/shop.thetford-europe.com\/fr\/#organization","name":"Thetford BV","url":"https:\/\/shop.thetford-europe.com\/fr\/","logo":{"@type":"ImageObject","inLanguage":"fr-FR","@id":"https:\/\/shop.thetford-europe.com\/fr\/#\/schema\/logo\/image\/","url":"https:\/\/shop.thetford-europe.com\/wp-content\/uploads\/2020\/11\/logo.svg","contentUrl":"https:\/\/shop.thetford-europe.com\/wp-content\/uploads\/2020\/11\/logo.svg","width":633,"height":100,"caption":"Thetford BV"},"image":{"@id":"https:\/\/shop.thetford-europe.com\/fr\/#\/schema\/logo\/image\/"},"sameAs":["https:\/\/www.facebook.com\/thetfordbv","https:\/\/www.linkedin.com\/company\/thetford","https:\/\/www.youtube.com\/user\/ThetfordEurope"]}]}},"jetpack_sharing_enabled":true,"_links":{"self":[{"href":"https:\/\/shop.thetford-europe.com\/fr\/wp-json\/wp\/v2\/pages\/3178","targetHints":{"allow":["GET"]}}],"collection":[{"href":"https:\/\/shop.thetford-europe.com\/fr\/wp-json\/wp\/v2\/pages"}],"about":[{"href":"https:\/\/shop.thetford-europe.com\/fr\/wp-json\/wp\/v2\/types\/page"}],"author":[{"embeddable":true,"href":"https:\/\/shop.thetford-europe.com\/fr\/wp-json\/wp\/v2\/users\/1"}],"replies":[{"embeddable":true,"href":"https:\/\/shop.thetford-europe.com\/fr\/wp-json\/wp\/v2\/comments?post=3178"}],"version-history":[{"count":0,"href":"https:\/\/shop.thetford-europe.com\/fr\/wp-json\/wp\/v2\/pages\/3178\/revisions"}],"wp:attachment":[{"href":"https:\/\/shop.thetford-europe.com\/fr\/wp-json\/wp\/v2\/media?parent=3178"}],"curies":[{"name":"wp","href":"https:\/\/api.w.org\/{rel}","templated":true}]}}