{"id":3536,"date":"2020-11-26T12:29:25","date_gmt":"2020-11-26T11:29:25","guid":{"rendered":"https:\/\/shop.thetford-europe.com\/privacy-policy\/"},"modified":"2021-05-27T09:42:20","modified_gmt":"2021-05-27T07:42:20","slug":"privacy-policy","status":"publish","type":"page","link":"https:\/\/shop.thetford-europe.com\/fr\/privacy-policy\/","title":{"rendered":"Politique de confidentialit\u00e9 et avis de non-responsabilit\u00e9"},"content":{"rendered":"<p><strong>D\u00c9CLARATION DE CONFIDENTIALIT\u00c9 DE THETFORD<\/strong><\/p>\n<p>Les donn\u00e9es \u00e0 caract\u00e8re sensible ou personnel sont trait\u00e9es via le site web de Thetford. Thetford privil\u00e9gie la s\u00e9curit\u00e9 des donn\u00e9es \u00e0 caract\u00e8re personnel, c&rsquo;est pourquoi nous nous effor\u00e7ons d&rsquo;assurer un traitement s\u00fbr de vos donn\u00e9es.<\/p>\n<p>Notre processus de traitement est conforme aux exigences pr\u00e9vues dans la l\u00e9gislation en mati\u00e8re de confidentialit\u00e9. Ces exigences comprennent notamment :<\/p>\n<ul>\n<li>l&rsquo;obligation de sp\u00e9cifier le motif du traitement des donn\u00e9es \u00e0 caract\u00e8re personnel. Il s&rsquo;agit de l&rsquo;objet de la pr\u00e9sente d\u00e9claration de confidentialit\u00e9 ;<\/li>\n<li>la restriction de la collecte des donn\u00e9es \u00e0 caract\u00e8re personnel aux donn\u00e9es strictement n\u00e9cessaires au traitement et \u00e0 des fins juridiques ;<\/li>\n<li>l&rsquo;obtention de votre consentement expr\u00e8s pour traiter vos donn\u00e9es \u00e0 caract\u00e8re personnel, lorsqu&rsquo;un tel consentement est n\u00e9cessaire. Un tel consentement peut \u00eatre retir\u00e9 \u00e0 tout moment ;<\/li>\n<li>la mise en \u0153uvre de mesures de s\u00e9curit\u00e9 techniques et organisationnelles ad\u00e9quates en vue de prot\u00e9ger vos donn\u00e9es \u00e0 caract\u00e8re personnel. Cette obligation est \u00e9galement valable pour les tiers traitant vos donn\u00e9es \u00e0 caract\u00e8re personnel en notre nom ;<\/li>\n<li>le respect de votre droit de demande de visualisation, de modification ou de suppression de vos donn\u00e9es \u00e0 caract\u00e8re personnel ;<\/li>\n<li>l&rsquo;obligation, pour nos employ\u00e9s, d&rsquo;assurer un traitement s\u00fbr de vos donn\u00e9es \u00e0 caract\u00e8re personnel.<\/li>\n<\/ul>\n<p>Thetford est responsable du traitement des donn\u00e9es. Dans la pr\u00e9sente d\u00e9claration de confidentialit\u00e9, nous allons pr\u00e9ciser la nature des donn\u00e9es \u00e0 caract\u00e8re personnel que nous collections ainsi que le motif de leur traitement. Nous vous recommandons de la lire attentivement.<\/p>\n<p><em>La pr\u00e9sente d\u00e9claration de confidentialit\u00e9 a \u00e9t\u00e9 modifi\u00e9e pour la derni\u00e8re fois le 26\/05\/2021.<\/em><\/p>\n<p><strong>UTILISATION DES DONN\u00c9ES \u00c0 CARACT\u00c8RE PERSONNEL<\/strong><\/p>\n<p>Lorsque vous utilisez notre site web, nous recevons certaines de vos donn\u00e9es. Il peut s&rsquo;agir de donn\u00e9es \u00e0 caract\u00e8re personnel. Nous stockons et utilisons uniquement les donn\u00e9es \u00e0 caract\u00e8re personnel que vous nous fournissez directement dans le cadre des services que vous sollicitez aupr\u00e8s de nous, ainsi que les donn\u00e9es qui nous sont clairement fournies \u00e0 des fins de traitement.<\/p>\n<p>Nous utilisons les donn\u00e9es suivantes aux fins sp\u00e9cifi\u00e9es dans la pr\u00e9sente d\u00e9claration de confidentialit\u00e9 :<\/p>\n<ul>\n<li>Nom, adresse et lieu de r\u00e9sidence<\/li>\n<li>Num\u00e9ro de t\u00e9l\u00e9phone<\/li>\n<li>Adresse \u00e9lectronique<\/li>\n<li>Nom affich\u00e9<\/li>\n<li>Adresse IP<\/li>\n<\/ul>\n<p><strong>INSCRIPTION<\/strong><\/p>\n<p>Pour acc\u00e9der \u00e0 certaines parties de notre site web, vous devrez d&rsquo;abord vous inscrire. Une fois votre inscription termin\u00e9e, nous stockons les donn\u00e9es \u00e0 caract\u00e8re personnel que vous nous avez fournies via le nom d&rsquo;utilisateur choisi. Nous stockons ces informations afin de vous \u00e9viter de nous les fournir \u00e0 chaque connexion, mais aussi pour pouvoir vous contacter dans le cadre de l&rsquo;ex\u00e9cution de notre accord.<\/p>\n<p>Nous ne partagerons pas les donn\u00e9es \u00e0 caract\u00e8re personnel li\u00e9es \u00e0 votre nom d&rsquo;utilisateur, sauf lorsque cela est n\u00e9cessaire dans le cadre de l&rsquo;ex\u00e9cution de notre accord ou en vertu de la loi. En cas de fraude ou violation pr\u00e9sum\u00e9e de notre site web et de nos services, nous serons dans l&rsquo;obligation de partager vos donn\u00e9es \u00e0 caract\u00e8re personnel aupr\u00e8s des autorit\u00e9s comp\u00e9tentes.<\/p>\n<p><strong>ACC\u00c8S AU PORTAIL<\/strong><\/p>\n<p>Notre portail vous donnera acc\u00e8s \u00e0 l&rsquo;environnement administratif vous permettant de param\u00e9trer, de renseigner ou de modifier vos informations.<\/p>\n<p><strong>TRAITEMENT DES COMMANDES<\/strong><\/p>\n<p>Lorsque vous passez commande aupr\u00e8s de nous, nous utilisons vos donn\u00e9es \u00e0 caract\u00e8re personnel afin de traiter votre commande. Pour le bon traitement de celle-ci, nous pourrons \u00e9galement \u00eatre amen\u00e9s \u00e0 fournir vos donn\u00e9es \u00e0 caract\u00e8re personnel \u00e0 des tiers. Vous trouverez davantage d&rsquo;informations \u00e0 ce sujet dans la pr\u00e9sente d\u00e9claration de confidentialit\u00e9.<\/p>\n<p><strong>FORMULAIRE DE CONTACT ET NEWSLETTER<\/strong><\/p>\n<p>Sur notre site web, vous avez la possibilit\u00e9 de nous envoyer des questions via notre formulaire de contact, o\u00f9 vous devrez renseigner diff\u00e9rentes informations en vue de traiter votre demande. Vous pouvez choisir les informations que vous nous fournissez. Une fois envoy\u00e9es, celles-ci seront conserv\u00e9es aussi longtemps que n\u00e9cessaire en fonction de la nature du formulaire ou du contenu de votre courrier \u00e9lectronique, durant le traitement de votre demande.<\/p>\n<p>Nous proposons une newsletter qui nous permet d&rsquo;informer les personnes int\u00e9ress\u00e9es \u00e0 propos de nos produits et\/ou services. Chaque newsletter contient un lien de d\u00e9sabonnement. Votre adresse \u00e9lectronique est uniquement ajout\u00e9e \u00e0 la liste des abonn\u00e9s, avec votre consentement explicite.<\/p>\n<p><strong>DIVULGATION \u00c0 DES TIERS<\/strong><\/p>\n<p>Nous pouvons \u00eatre amen\u00e9s \u00e0 partager vos donn\u00e9es avec nos partenaires impliqu\u00e9s dans l&rsquo;ex\u00e9cution de notre accord, notamment le traitement de vos commandes.<\/p>\n<p>Ces partenaires sont \u00e9tablis dans l&rsquo;UE ou dans des pays conformes aux exigences de confidentialit\u00e9 de l&rsquo;UE, ou bien ont conclu avec nous un accord strict en vue de se conformer \u00e0 de telles exigences.<\/p>\n<p><strong>COOKIES<\/strong><\/p>\n<p>Notre site web utilise des cookies. Les tiers que nous engagerons en utilisent \u00e9galement.<\/p>\n<p>Lorsque vous visitez notre site web pour la premi\u00e8re fois, vous recevez un message vous expliquant la nature de ces cookies et les motifs de leur utilisation. Si vous continuez \u00e0 utiliser notre site web, nous supposons que vous consentez \u00e0 l&rsquo;utilisation de tels cookies. Vous pouvez tout \u00e0 fait param\u00e9trer votre navigateur pour rejeter les cookies. Cependant, notre site web risque de ne plus fonctionner de fa\u00e7on optimale.<\/p>\n<p>Nous avons conclu des accords avec des tiers qui placent sur notre site des cookies relatifs \u00e0 l&rsquo;utilisation des cookies et applications. Cependant, nous n&rsquo;avons pas un contr\u00f4le total sur l&rsquo;usage de tels cookies par les fournisseurs de telles applications. Pour plus d&rsquo;informations concernant ces applications et le traitement de tels cookies, veuillez consulter les d\u00e9clarations de confidentialit\u00e9 de ces tiers (n&rsquo;oubliez pas que ces d\u00e9clarations peuvent \u00eatre modifi\u00e9es r\u00e9guli\u00e8rement).<\/p>\n<p><strong>GOOGLE ANALYTICS<\/strong><\/p>\n<p>Nous utilisons Google Analytics pour conserver une trace de l&rsquo;utilisation de notre site web par nos visiteurs. Nous avons conclu un accord de traitement avec Google afin d&rsquo;encadrer l&rsquo;utilisation de nos donn\u00e9es. Par ailleurs, nous n&rsquo;avons pas donn\u00e9 \u00e0 Google l&rsquo;autorisation d&rsquo;utiliser les informations obtenues sur Google Analytics dans d&rsquo;autres services Google, et nous anonymisons les adresses IP.<\/p>\n<p><strong>S\u00c9CURIT\u00c9<\/strong><\/p>\n<p>Nous prenons des mesures de s\u00e9curit\u00e9 en vue de limiter la violation et l&rsquo;acc\u00e8s non autoris\u00e9 des donn\u00e9es \u00e0 caract\u00e8re personnel. Plus particuli\u00e8rement, nous prenons les mesures suivantes :<\/p>\n<ul>\n<li>L&rsquo;acc\u00e8s aux donn\u00e9es \u00e0 caract\u00e8re personnel est notamment interdit aux employ\u00e9s en ventes et en logistique par un nom d&rsquo;utilisateur et un mot de passe ;<\/li>\n<li>Nous prenons des mesures physiques pour contr\u00f4ler l&rsquo;acc\u00e8s aux syst\u00e8mes o\u00f9 sont enregistr\u00e9es les donn\u00e9es \u00e0 caract\u00e8re personnel ;<\/li>\n<li>Nous utilisons des connexions s\u00e9curis\u00e9es (Secure Sockets Layer, ou SSL) pour prot\u00e9ger toutes les informations partag\u00e9es entre vous et notre site web lorsque vous renseignez vos donn\u00e9es \u00e0 caract\u00e8re personnel ;<\/li>\n<li>Nous conservons un registre de toutes les demandes concernant les donn\u00e9es \u00e0 caract\u00e8re personnel.<\/li>\n<\/ul>\n<p><strong>P\u00c9RIODE DE STOCKAGE<\/strong><\/p>\n<p>Les donn\u00e9es \u00e0 caract\u00e8re personnel d\u00e9crites ci-dessus sont stock\u00e9es aussi longtemps que n\u00e9cessaire dans le cadre du traitement de vos commandes, garantie incluse. Les donn\u00e9es sont ensuite supprim\u00e9es sauf en cas d&rsquo;obligation juridique imposant leur conservation (notamment l&rsquo;obligation fiscale de conservation des donn\u00e9es relatives aux paiements, ou en vue de pr\u00e9venir toute fraude).<\/p>\n<p><strong>SITES WEB TIERS<\/strong><\/p>\n<p>La pr\u00e9sente d\u00e9claration de confidentialit\u00e9 n&rsquo;est pas applicable aux sites web tiers mentionn\u00e9s sur notre site web via des liens hypertextes. Nous ne pouvons vous assurer que de tels tiers traiteront vos donn\u00e9es \u00e0 caract\u00e8re personnel de fa\u00e7on fiable et s\u00fbre. Nous vous recommandons de lire la d\u00e9claration de confidentialit\u00e9 de ces sites web avant de les utiliser.<\/p>\n<p><strong>MODIFICATION DE LA PR\u00c9SENTE D\u00c9CLARATION DE CONFIDENTIALIT\u00c9<\/strong><\/p>\n<p>Nous nous r\u00e9servons le droit d&rsquo;apporter des modifications \u00e0 la pr\u00e9sente d\u00e9claration de confidentialit\u00e9. Nous vous recommandons de consulter r\u00e9guli\u00e8rement la pr\u00e9sente d\u00e9claration de confidentialit\u00e9 afin de rester \u00e0 jour de telles modifications.<\/p>\n<p><strong>DROITS DE VISUALISATION, DE MODIFICATION OU DE SUPPRESSION DE VOS DONN\u00c9ES<\/strong><\/p>\n<p>Si vous avez des questions concernant notre politique de confidentialit\u00e9 ou concernant la visualisation et la modification (ou la suppression) de vos donn\u00e9es \u00e0 caract\u00e8re personnel, veuillez contacter notre service confidentialit\u00e9 aux coordonn\u00e9es ci-dessous. Vos demandes doivent \u00eatre en anglais et\/ou en n\u00e9erlandais. Si vous souhaitez r\u00e9diger une demande dans une autre langue, vous pouvez contacter la filiale Thetford de votre pays. Vous trouverez une liste de ces filiales sur le site web de Thetford.<\/p>\n<p>Vous pouvez \u00e9galement envoyer au service confidentialit\u00e9 une demande de visualisation, de modification ou de suppression de vos donn\u00e9es que nous utilisons avec votre consentement. Vous pouvez aussi envoyer une demande d&rsquo;exportation de vos donn\u00e9es, ou une demande justifi\u00e9e de restriction du traitement de vos donn\u00e9es \u00e0 caract\u00e8re personnel. Par ailleurs, vous avez la possibilit\u00e9 de demander, d&rsquo;obtenir et de visualiser la synth\u00e8se de vos informations dans votre langue aupr\u00e8s de la filiale ad\u00e9quate. Afin d&rsquo;\u00e9viter toute divulgation de vos donn\u00e9es \u00e0 la mauvaise personne, nous vous demanderons de vous identifier au cours de votre visite. Le service confidentialit\u00e9 de Thetford s&rsquo;efforce de r\u00e9pondre aux demandes dans un d\u00e9lai d&rsquo;un mois. Si cela n&rsquo;est pas possible, vous recevrez une explication justifiant l&rsquo;extension de ce d\u00e9lai. Toute modification ou suppression des donn\u00e9es doit \u00eatre effectu\u00e9e de fa\u00e7on conforme \u00e0 la loi.<\/p>\n<p>Si vous souhaitez visualiser les donn\u00e9es \u00e0 caract\u00e8re personnel li\u00e9es \u00e0 un cookie, vous devrez \u00e9galement envoyer une copie du cookie en question. Pour ce faire, veuillez consulter les param\u00e8tres de votre navigateur. Si vos donn\u00e9es sont incorrectes, vous pouvez nous demander de les modifier ou de les supprimer.<\/p>\n<p><strong>AUTORIT\u00c9 COMP\u00c9TENTE EN MATI\u00c8RE DE DONN\u00c9ES \u00c0 CARACT\u00c8RE PERSONNEL<\/strong><\/p>\n<p>Nous restons bien entendu \u00e0 votre disposition pour vous aider en cas de r\u00e9clamation concernant le traitement de vos donn\u00e9es \u00e0 caract\u00e8re personnel. Selon la l\u00e9gislation applicable en mati\u00e8re de confidentialit\u00e9, vous avez \u00e9galement le droit de soumettre une r\u00e9clamation aupr\u00e8s de l&rsquo;autorit\u00e9 n\u00e9erlandaise comp\u00e9tente en mati\u00e8re de donn\u00e9es \u00e0 caract\u00e8re personnel, ou aupr\u00e8s d&rsquo;un tribunal. L&rsquo;adresse de cette autorit\u00e9 est la suivante : Postbus 93374, 2509 AJ La Haye, Pays-Bas<\/p>\n<p><strong>COORDONN\u00c9ES DU SERVICE CONFIDENTIALIT\u00c9 DE THETFORD<\/strong><\/p>\n<p>Thetford\u00a0B.V. Legal Team<br \/>\nLegal@thetford.eu<\/p>\n","protected":false},"excerpt":{"rendered":"<p>D\u00c9CLARATION DE CONFIDENTIALIT\u00c9 DE THETFORD Les donn\u00e9es \u00e0 caract\u00e8re sensible ou personnel sont trait\u00e9es via le site web de Thetford.<\/p>\n","protected":false},"author":1,"featured_media":0,"parent":0,"menu_order":0,"comment_status":"closed","ping_status":"closed","template":"","meta":{"footnotes":""},"class_list":["post-3536","page","type-page","status-publish","hentry"],"yoast_head":"<!-- This site is optimized with the Yoast SEO plugin v27.4 - https:\/\/yoast.com\/product\/yoast-seo-wordpress\/ -->\n<title>Politique de confidentialit\u00e9 et avis de non-responsabilit\u00e9 - Thetford<\/title>\n<meta name=\"robots\" content=\"index, follow, max-snippet:-1, max-image-preview:large, max-video-preview:-1\" \/>\n<link rel=\"canonical\" href=\"https:\/\/shop.thetford-europe.com\/fr\/privacy-policy\/\" \/>\n<meta property=\"og:locale\" content=\"fr_FR\" \/>\n<meta property=\"og:type\" content=\"article\" \/>\n<meta property=\"og:title\" content=\"Politique de confidentialit\u00e9 et avis de non-responsabilit\u00e9 - Thetford\" \/>\n<meta property=\"og:description\" content=\"D\u00c9CLARATION DE CONFIDENTIALIT\u00c9 DE THETFORD Les donn\u00e9es \u00e0 caract\u00e8re sensible ou personnel sont trait\u00e9es via le site web de Thetford.\" \/>\n<meta property=\"og:url\" content=\"https:\/\/shop.thetford-europe.com\/fr\/privacy-policy\/\" \/>\n<meta property=\"og:site_name\" content=\"Thetford\" \/>\n<meta property=\"article:publisher\" content=\"https:\/\/www.facebook.com\/thetfordbv\" \/>\n<meta property=\"article:modified_time\" content=\"2021-05-27T07:42:20+00:00\" \/>\n<meta property=\"og:image\" content=\"https:\/\/shop.thetford-europe.com\/wp-content\/uploads\/2021\/05\/Thetford_iNDUS_all-modules-incl-app-250x250-category-list-image.png\" \/>\n\t<meta property=\"og:image:width\" content=\"250\" \/>\n\t<meta property=\"og:image:height\" content=\"250\" \/>\n\t<meta property=\"og:image:type\" content=\"image\/png\" \/>\n<meta name=\"twitter:card\" content=\"summary_large_image\" \/>\n<meta name=\"twitter:label1\" content=\"Dur\u00e9e de lecture estim\u00e9e\" \/>\n\t<meta name=\"twitter:data1\" content=\"7 minutes\" \/>\n<script type=\"application\/ld+json\" class=\"yoast-schema-graph\">{\"@context\":\"https:\\\/\\\/schema.org\",\"@graph\":[{\"@type\":\"WebPage\",\"@id\":\"https:\\\/\\\/shop.thetford-europe.com\\\/fr\\\/privacy-policy\\\/\",\"url\":\"https:\\\/\\\/shop.thetford-europe.com\\\/fr\\\/privacy-policy\\\/\",\"name\":\"Politique de confidentialit\u00e9 et avis de non-responsabilit\u00e9 - Thetford\",\"isPartOf\":{\"@id\":\"https:\\\/\\\/shop.thetford-europe.com\\\/fr\\\/#website\"},\"datePublished\":\"2020-11-26T11:29:25+00:00\",\"dateModified\":\"2021-05-27T07:42:20+00:00\",\"breadcrumb\":{\"@id\":\"https:\\\/\\\/shop.thetford-europe.com\\\/fr\\\/privacy-policy\\\/#breadcrumb\"},\"inLanguage\":\"fr-FR\",\"potentialAction\":[{\"@type\":\"ReadAction\",\"target\":[\"https:\\\/\\\/shop.thetford-europe.com\\\/fr\\\/privacy-policy\\\/\"]}]},{\"@type\":\"BreadcrumbList\",\"@id\":\"https:\\\/\\\/shop.thetford-europe.com\\\/fr\\\/privacy-policy\\\/#breadcrumb\",\"itemListElement\":[{\"@type\":\"ListItem\",\"position\":1,\"name\":\"Home\",\"item\":\"https:\\\/\\\/shop.thetford-europe.com\\\/fr\\\/\"},{\"@type\":\"ListItem\",\"position\":2,\"name\":\"Politique de confidentialit\u00e9 et avis de non-responsabilit\u00e9\"}]},{\"@type\":\"WebSite\",\"@id\":\"https:\\\/\\\/shop.thetford-europe.com\\\/fr\\\/#website\",\"url\":\"https:\\\/\\\/shop.thetford-europe.com\\\/fr\\\/\",\"name\":\"Thetford\",\"description\":\"Carefree, wherever you go!\",\"publisher\":{\"@id\":\"https:\\\/\\\/shop.thetford-europe.com\\\/fr\\\/#organization\"},\"potentialAction\":[{\"@type\":\"SearchAction\",\"target\":{\"@type\":\"EntryPoint\",\"urlTemplate\":\"https:\\\/\\\/shop.thetford-europe.com\\\/fr\\\/?s={search_term_string}\"},\"query-input\":{\"@type\":\"PropertyValueSpecification\",\"valueRequired\":true,\"valueName\":\"search_term_string\"}}],\"inLanguage\":\"fr-FR\"},{\"@type\":\"Organization\",\"@id\":\"https:\\\/\\\/shop.thetford-europe.com\\\/fr\\\/#organization\",\"name\":\"Thetford BV\",\"url\":\"https:\\\/\\\/shop.thetford-europe.com\\\/fr\\\/\",\"logo\":{\"@type\":\"ImageObject\",\"inLanguage\":\"fr-FR\",\"@id\":\"https:\\\/\\\/shop.thetford-europe.com\\\/fr\\\/#\\\/schema\\\/logo\\\/image\\\/\",\"url\":\"https:\\\/\\\/shop.thetford-europe.com\\\/wp-content\\\/uploads\\\/2020\\\/11\\\/logo.svg\",\"contentUrl\":\"https:\\\/\\\/shop.thetford-europe.com\\\/wp-content\\\/uploads\\\/2020\\\/11\\\/logo.svg\",\"width\":633,\"height\":100,\"caption\":\"Thetford BV\"},\"image\":{\"@id\":\"https:\\\/\\\/shop.thetford-europe.com\\\/fr\\\/#\\\/schema\\\/logo\\\/image\\\/\"},\"sameAs\":[\"https:\\\/\\\/www.facebook.com\\\/thetfordbv\",\"https:\\\/\\\/www.linkedin.com\\\/company\\\/thetford\",\"https:\\\/\\\/www.youtube.com\\\/user\\\/ThetfordEurope\"]}]}<\/script>\n<!-- \/ Yoast SEO plugin. -->","yoast_head_json":{"title":"Politique de confidentialit\u00e9 et avis de non-responsabilit\u00e9 - Thetford","robots":{"index":"index","follow":"follow","max-snippet":"max-snippet:-1","max-image-preview":"max-image-preview:large","max-video-preview":"max-video-preview:-1"},"canonical":"https:\/\/shop.thetford-europe.com\/fr\/privacy-policy\/","og_locale":"fr_FR","og_type":"article","og_title":"Politique de confidentialit\u00e9 et avis de non-responsabilit\u00e9 - Thetford","og_description":"D\u00c9CLARATION DE CONFIDENTIALIT\u00c9 DE THETFORD Les donn\u00e9es \u00e0 caract\u00e8re sensible ou personnel sont trait\u00e9es via le site web de Thetford.","og_url":"https:\/\/shop.thetford-europe.com\/fr\/privacy-policy\/","og_site_name":"Thetford","article_publisher":"https:\/\/www.facebook.com\/thetfordbv","article_modified_time":"2021-05-27T07:42:20+00:00","og_image":[{"width":250,"height":250,"url":"https:\/\/shop.thetford-europe.com\/wp-content\/uploads\/2021\/05\/Thetford_iNDUS_all-modules-incl-app-250x250-category-list-image.png","type":"image\/png"}],"twitter_card":"summary_large_image","twitter_misc":{"Dur\u00e9e de lecture estim\u00e9e":"7 minutes"},"schema":{"@context":"https:\/\/schema.org","@graph":[{"@type":"WebPage","@id":"https:\/\/shop.thetford-europe.com\/fr\/privacy-policy\/","url":"https:\/\/shop.thetford-europe.com\/fr\/privacy-policy\/","name":"Politique de confidentialit\u00e9 et avis de non-responsabilit\u00e9 - Thetford","isPartOf":{"@id":"https:\/\/shop.thetford-europe.com\/fr\/#website"},"datePublished":"2020-11-26T11:29:25+00:00","dateModified":"2021-05-27T07:42:20+00:00","breadcrumb":{"@id":"https:\/\/shop.thetford-europe.com\/fr\/privacy-policy\/#breadcrumb"},"inLanguage":"fr-FR","potentialAction":[{"@type":"ReadAction","target":["https:\/\/shop.thetford-europe.com\/fr\/privacy-policy\/"]}]},{"@type":"BreadcrumbList","@id":"https:\/\/shop.thetford-europe.com\/fr\/privacy-policy\/#breadcrumb","itemListElement":[{"@type":"ListItem","position":1,"name":"Home","item":"https:\/\/shop.thetford-europe.com\/fr\/"},{"@type":"ListItem","position":2,"name":"Politique de confidentialit\u00e9 et avis de non-responsabilit\u00e9"}]},{"@type":"WebSite","@id":"https:\/\/shop.thetford-europe.com\/fr\/#website","url":"https:\/\/shop.thetford-europe.com\/fr\/","name":"Thetford","description":"Carefree, wherever you go!","publisher":{"@id":"https:\/\/shop.thetford-europe.com\/fr\/#organization"},"potentialAction":[{"@type":"SearchAction","target":{"@type":"EntryPoint","urlTemplate":"https:\/\/shop.thetford-europe.com\/fr\/?s={search_term_string}"},"query-input":{"@type":"PropertyValueSpecification","valueRequired":true,"valueName":"search_term_string"}}],"inLanguage":"fr-FR"},{"@type":"Organization","@id":"https:\/\/shop.thetford-europe.com\/fr\/#organization","name":"Thetford BV","url":"https:\/\/shop.thetford-europe.com\/fr\/","logo":{"@type":"ImageObject","inLanguage":"fr-FR","@id":"https:\/\/shop.thetford-europe.com\/fr\/#\/schema\/logo\/image\/","url":"https:\/\/shop.thetford-europe.com\/wp-content\/uploads\/2020\/11\/logo.svg","contentUrl":"https:\/\/shop.thetford-europe.com\/wp-content\/uploads\/2020\/11\/logo.svg","width":633,"height":100,"caption":"Thetford BV"},"image":{"@id":"https:\/\/shop.thetford-europe.com\/fr\/#\/schema\/logo\/image\/"},"sameAs":["https:\/\/www.facebook.com\/thetfordbv","https:\/\/www.linkedin.com\/company\/thetford","https:\/\/www.youtube.com\/user\/ThetfordEurope"]}]}},"jetpack_sharing_enabled":true,"_links":{"self":[{"href":"https:\/\/shop.thetford-europe.com\/fr\/wp-json\/wp\/v2\/pages\/3536","targetHints":{"allow":["GET"]}}],"collection":[{"href":"https:\/\/shop.thetford-europe.com\/fr\/wp-json\/wp\/v2\/pages"}],"about":[{"href":"https:\/\/shop.thetford-europe.com\/fr\/wp-json\/wp\/v2\/types\/page"}],"author":[{"embeddable":true,"href":"https:\/\/shop.thetford-europe.com\/fr\/wp-json\/wp\/v2\/users\/1"}],"replies":[{"embeddable":true,"href":"https:\/\/shop.thetford-europe.com\/fr\/wp-json\/wp\/v2\/comments?post=3536"}],"version-history":[{"count":0,"href":"https:\/\/shop.thetford-europe.com\/fr\/wp-json\/wp\/v2\/pages\/3536\/revisions"}],"wp:attachment":[{"href":"https:\/\/shop.thetford-europe.com\/fr\/wp-json\/wp\/v2\/media?parent=3536"}],"curies":[{"name":"wp","href":"https:\/\/api.w.org\/{rel}","templated":true}]}}