{"id":25665,"date":"2021-07-26T16:10:18","date_gmt":"2021-07-26T14:10:18","guid":{"rendered":"https:\/\/shop.thetford-europe.com\/product\/indus-cleaning-storage\/"},"modified":"2024-12-20T11:40:51","modified_gmt":"2024-12-20T10:40:51","slug":"additif-indus-cleaning-storage","status":"publish","type":"product","link":"https:\/\/shop.thetford-europe.com\/fr\/produit\/additif-indus-cleaning-storage\/","title":{"rendered":"Additif iNDUS Cleaning &#038; Storage"},"content":{"rendered":"<div class=\"wpb-content-wrapper\"><p>[vc_row][vc_column width=\u00a0\u00bb1\/2&Prime; css=\u00a0\u00bb.vc_custom_1484828983369{margin-bottom: 25px !important;}\u00a0\u00bb]<div class=\"title-wrapper  basel-title-color-default basel-title-style-default basel-title-size-small text-left \"><div class=\"liner-continer\"> <span class=\"left-line\"><\/span> <h4 class=\"title\" ><strong>Additif iNDUS Cleaning &amp; Storage<\/strong><span class=\"title-separator\"><span><\/span><\/span><\/h4> <span class=\"right-line\"><\/span> <\/div><\/div>[vc_column_text]Un nettoyant puissant, concentr\u00e9, p\u00e9riodique et d\u2019hivernage pour les r\u00e9servoirs d&rsquo;eaux grises et noires, les canalisations et les tuyaux du syst\u00e8me iNDUS.[\/vc_column_text][vc_column_text]Cette formule concentr\u00e9e vous aidera \u00e0 maintenir le syst\u00e8me iNDUS en bon \u00e9tat de fonctionnement. Elle est sp\u00e9cialement con\u00e7ue pour le nettoyage p\u00e9riodique et l\u2019hivernage de l&rsquo;ensemble du syst\u00e8me. Nous recommandons d&rsquo;utiliser cet additif Cleaning &amp; Storage deux fois par an (pour une utilisation moyenne du v\u00e9hicule de loisirs de 6 semaines par an). Il est compatible avec les additifs iNDUS \u00e0 usage quotidien.<\/p>\n<p>Ce produit est uniquement destin\u00e9 au syst\u00e8me iNDUS.[\/vc_column_text][vc_column_text]<\/p>\n<ul>\n<li>Permet une utilisation et un hivernage hygi\u00e9niques du syst\u00e8me iNDUS<\/li>\n<li>Pr\u00e9vient les mauvaises odeurs, les d\u00e9p\u00f4ts et les t\u00e2ches dans les r\u00e9servoirs, les tubes et les tuyaux d\u2019eaux grises et noires<\/li>\n<li>Compatible avec le cycle de nettoyage enti\u00e8rement automatis\u00e9, donc pas besoin de frotter<\/li>\n<li>Permet d\u2019utiliser directement le syst\u00e8me iNDUS imm\u00e9diatement apr\u00e8s une p\u00e9riode de stockage<\/li>\n<li>Prolonge la dur\u00e9e de vie du syst\u00e8me iNDUS<\/li>\n<li>Petite bouteille pratique<\/li>\n<\/ul>\n<p>[\/vc_column_text][\/vc_column][vc_column width=\u00a0\u00bb1\/2&Prime; css=\u00a0\u00bb.vc_custom_1484828978370{margin-bottom: 25px !important;}\u00a0\u00bb][vc_single_image image=\u00a0\u00bb27908&Prime; img_size=\u00a0\u00bbfull\u00a0\u00bb alignment=\u00a0\u00bbcenter\u00a0\u00bb css=\u00a0\u00bb\u00a0\u00bb][vc_column_text css=\u00a0\u00bb\u00a0\u00bb]<\/p>\n<p style=\"text-align: center;\"><strong>Danger<\/strong><\/p>\n<p>[\/vc_column_text][vc_column_text css=\u00a0\u00bb\u00a0\u00bb]Contient : 2-BROMO-2-NITROPROPANE-1,3-DIOL; SODIUM ALKYLBENZENESULPHONATE; LAURETH-6. Nocif en cas d&rsquo;ingestion. Provoque une irritation cutan\u00e9e. Provoque de graves l\u00e9sions des yeux. Tr\u00e8s toxique pour les organismes aquatiques, entra\u00eene des effets n\u00e9fastes \u00e0 long terme. En cas de consultation d\u2019un m\u00e9decin, garder \u00e0 disposition le r\u00e9cipient ou l\u2019\u00e9tiquette. Tenir hors de port\u00e9e des enfants. Porter un \u00e9quipement de protection des yeux, un \u00e9quipement de protection du visage, des gants de protection. EN CAS DE CONTACT AVEC LES YEUX: Rincer avec pr\u00e9caution \u00e0 l\u2019eau pendant plusieurs minutes. Enlever les lentilles de contact si la victime en porte et si elles peuvent \u00eatre facilement enlev\u00e9es. Continuer \u00e0 rincer. Appeler imm\u00e9diatement un CENTRE ANTIPOISON, un m\u00e9decin. Recueillir le produit r\u00e9pandu. \u00c9liminer le contenu dans un centre de collecte de d\u00e9chets dangereux ou sp\u00e9ciaux, conform\u00e9ment \u00e0 la r\u00e9glementation locale, r\u00e9gionale, nationale et\/ou internationale. \u00c9TIQUETAGE DU CONTENU (648\/2004\/EC) : &lt;5% agents de surface anioniques; Bronopol; parfums.[\/vc_column_text][vc_btn title=\u00a0\u00bbFiche des ingr\u00e9dients pour le consommateur iNDUS CLEANING AND STORAGE\u00a0\u00bb style=\u00a0\u00bbclassic\u00a0\u00bb shape=\u00a0\u00bbround\u00a0\u00bb color=\u00a0\u00bbinverse\u00a0\u00bb align=\u00a0\u00bbcenter\u00a0\u00bb i_align=\u00a0\u00bbright\u00a0\u00bb i_icon_fontawesome=\u00a0\u00bbfas fa-external-link-alt\u00a0\u00bb css=\u00a0\u00bb\u00a0\u00bb button_block=\u00a0\u00bbtrue\u00a0\u00bb add_icon=\u00a0\u00bbtrue\u00a0\u00bb link=\u00a0\u00bburl:https%3A%2F%2Fshop.thetford-europe.com%2Fwp-content%2Fuploads%2F2024%2F12%2F30690-TBV_iNDUS-CLEANING-STORAGE_FR__VERSION_2.0-1.pdf|target:_blank\u00a0\u00bb][\/vc_column][\/vc_row][vc_row][vc_column width=\u00a0\u00bb1\/6&Prime;][\/vc_column][vc_column width=\u00a0\u00bb2\/3&Prime;][vc_empty_space][vc_single_image image=\u00a0\u00bb4389&Prime; img_size=\u00a0\u00bblarge\u00a0\u00bb alignment=\u00a0\u00bbcenter\u00a0\u00bb onclick=\u00a0\u00bbcustom_link\u00a0\u00bb][vc_empty_space][\/vc_column][vc_column width=\u00a0\u00bb1\/6&Prime;][\/vc_column][\/vc_row][vc_row][vc_column][vc_toggle title=\u00a0\u00bbComment garder mon syst\u00e8me iNDUS propre?\u00a0\u00bb style=\u00a0\u00bbsimple\u00a0\u00bb]Le\u00a0syst\u00e8me\u00a0iNDUS\u00a0doit \u00eatre nettoy\u00e9 de fa\u00e7on p\u00e9riodique. Pour un r\u00e9sultat optimal, utilisez l\u2019additif iNDUS Cleaning &amp; Storage deux fois par an. Pour un nettoyage p\u00e9riodique, suivez les \u00e9tapes ci-dessous\u00a0:\u200b<\/p>\n<ol>\n<li>Assurez-vous que tous les r\u00e9servoirs sont vides <strong>ou<\/strong> lancez un cycle de vidange\u200b<\/li>\n<li>Remplissez le r\u00e9servoir d&rsquo;eau propre et enlevez les cartouches (ABC) de l&rsquo;unit\u00e9 de dosage\u200b<\/li>\n<li>Ajoutez 200\u00a0ml d\u2019additif Cleaning &amp; Storage dans le r\u00e9servoir d\u2019eaux grises vide via le siphon de l&rsquo;\u00e9vier et rincez \u00e0 l&rsquo;eau douce jusqu&rsquo;\u00e0 ce que le r\u00e9servoir soit plein\u200b<\/li>\n<li>Installez l&rsquo;application Thetford et connectez-vous au syst\u00e8me iNDUS\u200b<\/li>\n<li>Activez le processus de nettoyage dans l&rsquo;application\u200b<\/li>\n<li>Attendez 12 \u00e0 24\u00a0heures\u200b<\/li>\n<li>Lancez un cycle de vidange dans un endroit d\u00e9sign\u00e9\u200b<\/li>\n<li>Remettez les cartouches (ABC) dans l&rsquo;unit\u00e9 de dosage<\/li>\n<\/ol>\n<p>[\/vc_toggle][vc_toggle title=\u00a0\u00bbComment nettoyer mon syst\u00e8me iNDUS avant une longue p\u00e9riode d\u2019hivernage?\u00a0\u00bb style=\u00a0\u00bbsimple\u00a0\u00bb]<\/p>\n<ol>\n<li>Lancez un cycle de nettoyage tel que d\u00e9crit dans les \u00e9tapes de nettoyage p\u00e9riodique ci-dessus<\/li>\n<li>Ajoutez une deuxi\u00e8me dose de 200 ml dans le r\u00e9servoir \u00e0 eaux grises vide via le siphon de l&rsquo;\u00e9vier et ajoutez 16 litres d&rsquo;eau douce<\/li>\n<li>Ouvrez l&rsquo;application Thetford et connectez-vous au syst\u00e8me iNDUS<\/li>\n<li>Activez le processus d\u2019hivernage<\/li>\n<li>Attendez au moins 15 minutes<\/li>\n<li>Lancez un cycle de vidange sp\u00e9cial hivernage dans un endroit d\u00e9sign\u00e9<\/li>\n<li>Le v\u00e9hicule peut d\u00e9sormais \u00eatre hivern\u00e9<\/li>\n<\/ol>\n<p>Si le v\u00e9hicule est stock\u00e9 \u00e0 une temp\u00e9rature inf\u00e9rieure \u00e0 0 \u02daC, veuillez ouvrir les siphons. Votre v\u00e9hicule peut \u00eatre utilis\u00e9 imm\u00e9diatement apr\u00e8s la p\u00e9riode d\u2019hivernage. Si les siphons ont \u00e9t\u00e9 ouverts, veuillez les fermer avant d&rsquo;utiliser le v\u00e9hicule.[\/vc_toggle][vc_toggle title=\u00a0\u00bbComment conserver ce produit ?\u00a0\u00bb style=\u00a0\u00bbsimple\u00a0\u00bb]Conservez ce produit dans un endroit frais et sec, \u00e0 l&rsquo;abri de la lumi\u00e8re directe du soleil et \u00e0 une temp\u00e9rature sup\u00e9rieure \u00e0 -5\u00a0\u00b0C. L\u2019efficacit\u00e9 de ce produit est garantie jusqu\u2019\u00e0 la date figurant sur l\u2019emballage.\u00a0N&rsquo;utilisez pas le produit dans des toilettes mobiles dot\u00e9es d&rsquo;un r\u00e9servoir \u00e0 mati\u00e8res amovible ou dans le r\u00e9servoir d&rsquo;eaux grises d&rsquo;un v\u00e9hicule non \u00e9quip\u00e9 d&rsquo;un syst\u00e8me d\u2019assainissement\u00a0iNDUS.[\/vc_toggle][vc_empty_space][\/vc_column][\/vc_row]<\/p>\n<\/div>","protected":false},"excerpt":{"rendered":"<p>Un nettoyant puissant, concentr\u00e9, p\u00e9riodique et d\u2019hivernage pour les r\u00e9servoirs d&rsquo;eaux grises et noires, les canalisations et les tuyaux du syst\u00e8me iNDUS.<\/p>\n","protected":false},"featured_media":4174,"template":"","meta":[],"product_brand":[],"product_cat":[205,112,255],"product_tag":[402,122,403],"class_list":{"0":"post-25665","1":"product","2":"type-product","3":"status-publish","4":"has-post-thumbnail","6":"product_cat-cleaning-storage","7":"product_cat-indus","8":"product_cat-indus-care-products","9":"product_tag-cleaning-fr","10":"product_tag-indus-fr","11":"product_tag-storage-fr","12":"product_shipping_class-package_1-10-fr","13":"pa_brand-thetford","14":"pa_colour-orange","15":"pa_content-800-ml","17":"first","18":"instock","19":"taxable","20":"shipping-taxable","21":"purchasable","22":"product-type-simple"},"yoast_head":"<!-- This site is optimized with the Yoast SEO plugin v27.4 - https:\/\/yoast.com\/product\/yoast-seo-wordpress\/ -->\n<title>Additif iNDUS Cleaning &amp; Storage - Thetford<\/title>\n<meta name=\"description\" content=\"A powerful and concentrated cleaner for the grey and black water tanks, tubes and pipes of the iNDUS system, for periodical and storage use.\" \/>\n<meta name=\"robots\" content=\"index, follow, max-snippet:-1, max-image-preview:large, max-video-preview:-1\" \/>\n<link rel=\"canonical\" href=\"https:\/\/shop.thetford-europe.com\/fr\/produit\/additif-indus-cleaning-storage\/\" \/>\n<meta property=\"og:locale\" content=\"fr_FR\" \/>\n<meta property=\"og:type\" content=\"article\" \/>\n<meta property=\"og:title\" content=\"Additif iNDUS Cleaning &amp; Storage - Thetford\" \/>\n<meta property=\"og:description\" content=\"A powerful and concentrated cleaner for the grey and black water tanks, tubes and pipes of the iNDUS system, for periodical and storage use.\" \/>\n<meta property=\"og:url\" content=\"https:\/\/shop.thetford-europe.com\/fr\/produit\/additif-indus-cleaning-storage\/\" \/>\n<meta property=\"og:site_name\" content=\"Thetford\" \/>\n<meta property=\"article:publisher\" content=\"https:\/\/www.facebook.com\/thetfordbv\" \/>\n<meta property=\"article:modified_time\" content=\"2024-12-20T10:40:51+00:00\" \/>\n<meta property=\"og:image\" content=\"https:\/\/shop.thetford-europe.com\/wp-content\/uploads\/2021\/07\/cleaning-and-storage.png\" \/>\n\t<meta property=\"og:image:width\" content=\"882\" \/>\n\t<meta property=\"og:image:height\" content=\"883\" \/>\n\t<meta property=\"og:image:type\" content=\"image\/png\" \/>\n<meta name=\"twitter:card\" content=\"summary_large_image\" \/>\n<meta name=\"twitter:label1\" content=\"Dur\u00e9e de lecture estim\u00e9e\" \/>\n\t<meta name=\"twitter:data1\" content=\"3 minutes\" \/>\n<script type=\"application\/ld+json\" class=\"yoast-schema-graph\">{\"@context\":\"https:\\\/\\\/schema.org\",\"@graph\":[{\"@type\":\"WebPage\",\"@id\":\"https:\\\/\\\/shop.thetford-europe.com\\\/fr\\\/produit\\\/additif-indus-cleaning-storage\\\/\",\"url\":\"https:\\\/\\\/shop.thetford-europe.com\\\/fr\\\/produit\\\/additif-indus-cleaning-storage\\\/\",\"name\":\"Additif iNDUS Cleaning & Storage - Thetford\",\"isPartOf\":{\"@id\":\"https:\\\/\\\/shop.thetford-europe.com\\\/fr\\\/#website\"},\"primaryImageOfPage\":{\"@id\":\"https:\\\/\\\/shop.thetford-europe.com\\\/fr\\\/produit\\\/additif-indus-cleaning-storage\\\/#primaryimage\"},\"image\":{\"@id\":\"https:\\\/\\\/shop.thetford-europe.com\\\/fr\\\/produit\\\/additif-indus-cleaning-storage\\\/#primaryimage\"},\"thumbnailUrl\":\"https:\\\/\\\/shop.thetford-europe.com\\\/wp-content\\\/uploads\\\/2021\\\/07\\\/cleaning-and-storage.png\",\"datePublished\":\"2021-07-26T14:10:18+00:00\",\"dateModified\":\"2024-12-20T10:40:51+00:00\",\"description\":\"A powerful and concentrated cleaner for the grey and black water tanks, tubes and pipes of the iNDUS system, for periodical and storage use.\",\"breadcrumb\":{\"@id\":\"https:\\\/\\\/shop.thetford-europe.com\\\/fr\\\/produit\\\/additif-indus-cleaning-storage\\\/#breadcrumb\"},\"inLanguage\":\"fr-FR\",\"potentialAction\":[{\"@type\":\"ReadAction\",\"target\":[\"https:\\\/\\\/shop.thetford-europe.com\\\/fr\\\/produit\\\/additif-indus-cleaning-storage\\\/\"]}]},{\"@type\":\"ImageObject\",\"inLanguage\":\"fr-FR\",\"@id\":\"https:\\\/\\\/shop.thetford-europe.com\\\/fr\\\/produit\\\/additif-indus-cleaning-storage\\\/#primaryimage\",\"url\":\"https:\\\/\\\/shop.thetford-europe.com\\\/wp-content\\\/uploads\\\/2021\\\/07\\\/cleaning-and-storage.png\",\"contentUrl\":\"https:\\\/\\\/shop.thetford-europe.com\\\/wp-content\\\/uploads\\\/2021\\\/07\\\/cleaning-and-storage.png\",\"width\":882,\"height\":883},{\"@type\":\"BreadcrumbList\",\"@id\":\"https:\\\/\\\/shop.thetford-europe.com\\\/fr\\\/produit\\\/additif-indus-cleaning-storage\\\/#breadcrumb\",\"itemListElement\":[{\"@type\":\"ListItem\",\"position\":1,\"name\":\"Home\",\"item\":\"https:\\\/\\\/shop.thetford-europe.com\\\/fr\\\/\"},{\"@type\":\"ListItem\",\"position\":2,\"name\":\"Shop\",\"item\":\"https:\\\/\\\/shop.thetford-europe.com\\\/fr\\\/shop\\\/\"},{\"@type\":\"ListItem\",\"position\":3,\"name\":\"Additif iNDUS Cleaning &#038; Storage\"}]},{\"@type\":\"WebSite\",\"@id\":\"https:\\\/\\\/shop.thetford-europe.com\\\/fr\\\/#website\",\"url\":\"https:\\\/\\\/shop.thetford-europe.com\\\/fr\\\/\",\"name\":\"Thetford\",\"description\":\"Carefree, wherever you go!\",\"publisher\":{\"@id\":\"https:\\\/\\\/shop.thetford-europe.com\\\/fr\\\/#organization\"},\"potentialAction\":[{\"@type\":\"SearchAction\",\"target\":{\"@type\":\"EntryPoint\",\"urlTemplate\":\"https:\\\/\\\/shop.thetford-europe.com\\\/fr\\\/?s={search_term_string}\"},\"query-input\":{\"@type\":\"PropertyValueSpecification\",\"valueRequired\":true,\"valueName\":\"search_term_string\"}}],\"inLanguage\":\"fr-FR\"},{\"@type\":\"Organization\",\"@id\":\"https:\\\/\\\/shop.thetford-europe.com\\\/fr\\\/#organization\",\"name\":\"Thetford BV\",\"url\":\"https:\\\/\\\/shop.thetford-europe.com\\\/fr\\\/\",\"logo\":{\"@type\":\"ImageObject\",\"inLanguage\":\"fr-FR\",\"@id\":\"https:\\\/\\\/shop.thetford-europe.com\\\/fr\\\/#\\\/schema\\\/logo\\\/image\\\/\",\"url\":\"https:\\\/\\\/shop.thetford-europe.com\\\/wp-content\\\/uploads\\\/2020\\\/11\\\/logo.svg\",\"contentUrl\":\"https:\\\/\\\/shop.thetford-europe.com\\\/wp-content\\\/uploads\\\/2020\\\/11\\\/logo.svg\",\"width\":633,\"height\":100,\"caption\":\"Thetford BV\"},\"image\":{\"@id\":\"https:\\\/\\\/shop.thetford-europe.com\\\/fr\\\/#\\\/schema\\\/logo\\\/image\\\/\"},\"sameAs\":[\"https:\\\/\\\/www.facebook.com\\\/thetfordbv\",\"https:\\\/\\\/www.linkedin.com\\\/company\\\/thetford\",\"https:\\\/\\\/www.youtube.com\\\/user\\\/ThetfordEurope\"]}]}<\/script>\n<!-- \/ Yoast SEO plugin. -->","yoast_head_json":{"title":"Additif iNDUS Cleaning & Storage - Thetford","description":"A powerful and concentrated cleaner for the grey and black water tanks, tubes and pipes of the iNDUS system, for periodical and storage use.","robots":{"index":"index","follow":"follow","max-snippet":"max-snippet:-1","max-image-preview":"max-image-preview:large","max-video-preview":"max-video-preview:-1"},"canonical":"https:\/\/shop.thetford-europe.com\/fr\/produit\/additif-indus-cleaning-storage\/","og_locale":"fr_FR","og_type":"article","og_title":"Additif iNDUS Cleaning & Storage - Thetford","og_description":"A powerful and concentrated cleaner for the grey and black water tanks, tubes and pipes of the iNDUS system, for periodical and storage use.","og_url":"https:\/\/shop.thetford-europe.com\/fr\/produit\/additif-indus-cleaning-storage\/","og_site_name":"Thetford","article_publisher":"https:\/\/www.facebook.com\/thetfordbv","article_modified_time":"2024-12-20T10:40:51+00:00","og_image":[{"width":882,"height":883,"url":"https:\/\/shop.thetford-europe.com\/wp-content\/uploads\/2021\/07\/cleaning-and-storage.png","type":"image\/png"}],"twitter_card":"summary_large_image","twitter_misc":{"Dur\u00e9e de lecture estim\u00e9e":"3 minutes"},"schema":{"@context":"https:\/\/schema.org","@graph":[{"@type":"WebPage","@id":"https:\/\/shop.thetford-europe.com\/fr\/produit\/additif-indus-cleaning-storage\/","url":"https:\/\/shop.thetford-europe.com\/fr\/produit\/additif-indus-cleaning-storage\/","name":"Additif iNDUS Cleaning & Storage - Thetford","isPartOf":{"@id":"https:\/\/shop.thetford-europe.com\/fr\/#website"},"primaryImageOfPage":{"@id":"https:\/\/shop.thetford-europe.com\/fr\/produit\/additif-indus-cleaning-storage\/#primaryimage"},"image":{"@id":"https:\/\/shop.thetford-europe.com\/fr\/produit\/additif-indus-cleaning-storage\/#primaryimage"},"thumbnailUrl":"https:\/\/shop.thetford-europe.com\/wp-content\/uploads\/2021\/07\/cleaning-and-storage.png","datePublished":"2021-07-26T14:10:18+00:00","dateModified":"2024-12-20T10:40:51+00:00","description":"A powerful and concentrated cleaner for the grey and black water tanks, tubes and pipes of the iNDUS system, for periodical and storage use.","breadcrumb":{"@id":"https:\/\/shop.thetford-europe.com\/fr\/produit\/additif-indus-cleaning-storage\/#breadcrumb"},"inLanguage":"fr-FR","potentialAction":[{"@type":"ReadAction","target":["https:\/\/shop.thetford-europe.com\/fr\/produit\/additif-indus-cleaning-storage\/"]}]},{"@type":"ImageObject","inLanguage":"fr-FR","@id":"https:\/\/shop.thetford-europe.com\/fr\/produit\/additif-indus-cleaning-storage\/#primaryimage","url":"https:\/\/shop.thetford-europe.com\/wp-content\/uploads\/2021\/07\/cleaning-and-storage.png","contentUrl":"https:\/\/shop.thetford-europe.com\/wp-content\/uploads\/2021\/07\/cleaning-and-storage.png","width":882,"height":883},{"@type":"BreadcrumbList","@id":"https:\/\/shop.thetford-europe.com\/fr\/produit\/additif-indus-cleaning-storage\/#breadcrumb","itemListElement":[{"@type":"ListItem","position":1,"name":"Home","item":"https:\/\/shop.thetford-europe.com\/fr\/"},{"@type":"ListItem","position":2,"name":"Shop","item":"https:\/\/shop.thetford-europe.com\/fr\/shop\/"},{"@type":"ListItem","position":3,"name":"Additif iNDUS Cleaning &#038; Storage"}]},{"@type":"WebSite","@id":"https:\/\/shop.thetford-europe.com\/fr\/#website","url":"https:\/\/shop.thetford-europe.com\/fr\/","name":"Thetford","description":"Carefree, wherever you go!","publisher":{"@id":"https:\/\/shop.thetford-europe.com\/fr\/#organization"},"potentialAction":[{"@type":"SearchAction","target":{"@type":"EntryPoint","urlTemplate":"https:\/\/shop.thetford-europe.com\/fr\/?s={search_term_string}"},"query-input":{"@type":"PropertyValueSpecification","valueRequired":true,"valueName":"search_term_string"}}],"inLanguage":"fr-FR"},{"@type":"Organization","@id":"https:\/\/shop.thetford-europe.com\/fr\/#organization","name":"Thetford BV","url":"https:\/\/shop.thetford-europe.com\/fr\/","logo":{"@type":"ImageObject","inLanguage":"fr-FR","@id":"https:\/\/shop.thetford-europe.com\/fr\/#\/schema\/logo\/image\/","url":"https:\/\/shop.thetford-europe.com\/wp-content\/uploads\/2020\/11\/logo.svg","contentUrl":"https:\/\/shop.thetford-europe.com\/wp-content\/uploads\/2020\/11\/logo.svg","width":633,"height":100,"caption":"Thetford BV"},"image":{"@id":"https:\/\/shop.thetford-europe.com\/fr\/#\/schema\/logo\/image\/"},"sameAs":["https:\/\/www.facebook.com\/thetfordbv","https:\/\/www.linkedin.com\/company\/thetford","https:\/\/www.youtube.com\/user\/ThetfordEurope"]}]}},"jetpack_sharing_enabled":true,"_links":{"self":[{"href":"https:\/\/shop.thetford-europe.com\/fr\/wp-json\/wp\/v2\/product\/25665","targetHints":{"allow":["GET"]}}],"collection":[{"href":"https:\/\/shop.thetford-europe.com\/fr\/wp-json\/wp\/v2\/product"}],"about":[{"href":"https:\/\/shop.thetford-europe.com\/fr\/wp-json\/wp\/v2\/types\/product"}],"wp:featuredmedia":[{"embeddable":true,"href":"https:\/\/shop.thetford-europe.com\/fr\/wp-json\/wp\/v2\/media\/4174"}],"wp:attachment":[{"href":"https:\/\/shop.thetford-europe.com\/fr\/wp-json\/wp\/v2\/media?parent=25665"}],"wp:term":[{"taxonomy":"product_brand","embeddable":true,"href":"https:\/\/shop.thetford-europe.com\/fr\/wp-json\/wp\/v2\/product_brand?post=25665"},{"taxonomy":"product_cat","embeddable":true,"href":"https:\/\/shop.thetford-europe.com\/fr\/wp-json\/wp\/v2\/product_cat?post=25665"},{"taxonomy":"product_tag","embeddable":true,"href":"https:\/\/shop.thetford-europe.com\/fr\/wp-json\/wp\/v2\/product_tag?post=25665"}],"curies":[{"name":"wp","href":"https:\/\/api.w.org\/{rel}","templated":true}]}}