{"id":3253,"date":"2020-11-26T15:17:00","date_gmt":"2020-11-26T14:17:00","guid":{"rendered":"https:\/\/shop.thetford-europe.com\/shop\/uncategorized\/indus-flush-b\/"},"modified":"2024-12-20T10:45:14","modified_gmt":"2024-12-20T09:45:14","slug":"indus-flush-b","status":"publish","type":"product","link":"https:\/\/shop.thetford-europe.com\/fr\/produit\/indus-flush-b\/","title":{"rendered":"iNDUS Flush (B)"},"content":{"rendered":"<div class=\"wpb-content-wrapper\"><p>[vc_row][vc_column width=\u00a0\u00bb1\/2&Prime; css=\u00a0\u00bb.vc_custom_1484828983369{margin-bottom: 25px !important;}\u00a0\u00bb]<div class=\"title-wrapper  basel-title-color-default basel-title-style-default basel-title-size-small text-left \"><div class=\"liner-continer\"> <span class=\"left-line\"><\/span> <h4 class=\"title\" ><strong>Module de dosage automatique iNDUS Flush:<\/strong><span class=\"title-separator\"><span><\/span><\/span><\/h4> <span class=\"right-line\"><\/span> <\/div><\/div>[vc_column_text]<\/p>\n<p class=\"product-description__text\">Le syst\u00e8me iNDUS est con\u00e7u pour \u00eatre utilis\u00e9 en combinaison avec trois additifs diff\u00e9rents pour garantir l&rsquo;hygi\u00e8ne, \u00e9viter les dysfonctionnements et maintenir le syst\u00e8me propre. Le syst\u00e8me iNDUS dispose d&rsquo;un module de dosage enti\u00e8rement automatique qui dose exactement ce qui est n\u00e9cessaire en fonction de l&rsquo;utilisation du syst\u00e8me et des temp\u00e9ratures ambiantes \u00e0 l\u2019aide de trois additifs sp\u00e9cialement d\u00e9velopp\u00e9s et interactifs pour les eaux grises (A), la chasse d\u2019eau (B) et les eaux noires (C). L&rsquo;additif de chasse d\u2019eau (B) est sp\u00e9cialement d\u00e9velopp\u00e9 pour permettre une chasse d&rsquo;eau hygi\u00e9nique et fournit une couleur et une odeur agr\u00e9ables m\u00eame lorsque l&rsquo;eau grise est r\u00e9utilis\u00e9e comme eau de chasse. Cet additif renforce \u00e9galement l&rsquo;action de l&rsquo;additif iNDUS pour les eaux noires (contr\u00f4le des mauvaises odeurs). Les additifs iNDUS sont enti\u00e8rement compatibles avec le syst\u00e8me iNDUS pour \u00e9viter toute d\u00e9gradation et maintenance ind\u00e9sirables et iNDUS Flush est compl\u00e9mentaire avec iNDUS Grey et iNDUS Black.<\/p>\n<p>[\/vc_column_text][vc_column_text]<\/p>\n<ul class=\"checklist checklist--vertical\">\n<li class=\"checklist__item\">Dosage d&rsquo;additifs enti\u00e8rement automatique pour les eaux de chasse: plus de sous-dosage ou de surdosage<\/li>\n<li class=\"checklist__item\">Permet une chasse d&rsquo;eau hygi\u00e9nique et offre une couleur et une odeur agr\u00e9ables<\/li>\n<li class=\"checklist__item\">Assure un fonctionnement sans probl\u00e8me<\/li>\n<li class=\"checklist__item\">Quatre semaines d&rsquo;utilisation en moyenne<\/li>\n<\/ul>\n<p>[\/vc_column_text][\/vc_column][vc_column width=\u00a0\u00bb1\/2&Prime; css=\u00a0\u00bb.vc_custom_1484828978370{margin-bottom: 25px !important;}\u00a0\u00bb][vc_single_image image=\u00a0\u00bb27914&Prime; img_size=\u00a0\u00bbfull\u00a0\u00bb alignment=\u00a0\u00bbcenter\u00a0\u00bb css=\u00a0\u00bb\u00a0\u00bb][vc_column_text css=\u00a0\u00bb\u00a0\u00bb]<\/p>\n<p style=\"text-align: center;\"><strong>Danger<\/strong><\/p>\n<p>[\/vc_column_text][vc_column_text css=\u00a0\u00bb\u00a0\u00bb]Contient : 2-BROMO-2-NITROPROPANE-1,3-DIOL; SODIUM ALKYLBENZENESULPHONATE. Provoque de graves l\u00e9sions des yeux. Tr\u00e8s toxique pour les organismes aquatiques, entra\u00eene des effets n\u00e9fastes \u00e0 long terme. En cas de consultation d\u2019un m\u00e9decin, garder \u00e0 disposition le r\u00e9cipient ou l\u2019\u00e9tiquette. Tenir hors de port\u00e9e des enfants. Porter des gants de protection. EN CAS DE CONTACT AVEC LES YEUX: Rincer avec pr\u00e9caution \u00e0 l\u2019eau pendant plusieurs minutes. Enlever les lentilles de contact si la victime en porte et si elles peuvent \u00eatre facilement enlev\u00e9es. Continuer \u00e0 rincer. Appeler imm\u00e9diatement un CENTRE ANTIPOISON, un m\u00e9decin. Recueillir le produit r\u00e9pandu. \u00c9liminer le contenu dans un centre de collecte de d\u00e9chets dangereux ou sp\u00e9ciaux, conform\u00e9ment \u00e0 la r\u00e9glementation locale, r\u00e9gionale, nationale et\/ou internationale. \u00c9TIQUETAGE DU CONTENU (648\/2004\/EC): &lt;5% agents de surface anioniques, agents de surface non ioniques; 2-BROMO-2-NITROPROPANE-1,3-DIOL; parfums; CAMPHOR; EUCALYPTUS OIL.[\/vc_column_text][vc_btn title=\u00a0\u00bbFiche des ingr\u00e9dients pour le consommateur iNDUS FLUSH\u00a0\u00bb style=\u00a0\u00bbclassic\u00a0\u00bb shape=\u00a0\u00bbround\u00a0\u00bb color=\u00a0\u00bbinverse\u00a0\u00bb align=\u00a0\u00bbcenter\u00a0\u00bb i_align=\u00a0\u00bbright\u00a0\u00bb i_icon_fontawesome=\u00a0\u00bbfas fa-external-link-alt\u00a0\u00bb css=\u00a0\u00bb\u00a0\u00bb button_block=\u00a0\u00bbtrue\u00a0\u00bb add_icon=\u00a0\u00bbtrue\u00a0\u00bb link=\u00a0\u00bburl:https%3A%2F%2Fshop.thetford-europe.com%2Fwp-content%2Fuploads%2F2024%2F12%2F30671-TBV_iNDUS-FLUSH_FR__VERSION_2.0-1.pdf|target:_blank\u00a0\u00bb][\/vc_column][\/vc_row][vc_row][vc_column][vc_single_image image=\u00a0\u00bb3030&Prime; img_size=\u00a0\u00bbmedium\u00a0\u00bb alignment=\u00a0\u00bbcenter\u00a0\u00bb css=\u00a0\u00bb.vc_custom_1606400263029{margin-top: 100px !important;}\u00a0\u00bb][\/vc_column][\/vc_row]<\/p>\n<\/div>","protected":false},"excerpt":{"rendered":"<p>Le syst\u00e8me iNDUS est con\u00e7u pour \u00eatre utilis\u00e9 en combinaison avec trois additifs diff\u00e9rents pour garantir l&rsquo;hygi\u00e8ne, \u00e9viter les dysfonctionnements et maintenir le syst\u00e8me propre. Le syst\u00e8me iNDUS dispose d&rsquo;un module de do&#8230;<\/p>\n","protected":false},"featured_media":3035,"template":"","meta":[],"product_brand":[],"product_cat":[112,117,255],"product_tag":[127,143,122],"class_list":{"0":"post-3253","1":"product","2":"type-product","3":"status-publish","4":"has-post-thumbnail","6":"product_cat-indus","7":"product_cat-indus-automatic-dosing-module","8":"product_cat-indus-care-products","9":"product_tag-automatic-dosing-module-fr","10":"product_tag-flush-fr","11":"product_tag-indus-fr","12":"product_shipping_class-package_1-10-fr","13":"pa_brand-thetford","14":"pa_colour-bleu","15":"pa_content-1000-ml","17":"first","18":"instock","19":"taxable","20":"shipping-taxable","21":"purchasable","22":"product-type-simple"},"yoast_head":"<!-- This site is optimized with the Yoast SEO plugin v27.4 - https:\/\/yoast.com\/product\/yoast-seo-wordpress\/ -->\n<title>iNDUS Flush (B) - Thetford<\/title>\n<meta name=\"description\" content=\"Les additifs iNDUS sont enti\u00e8rement compatibles avec le syst\u00e8me iNDUS pour \u00e9viter toute d\u00e9gradation et maintenance ind\u00e9sirables et iNDUS Flush est compl\u00e9mentaire avec iNDUS Grey et iNDUS Black.\" \/>\n<meta name=\"robots\" content=\"index, follow, max-snippet:-1, max-image-preview:large, max-video-preview:-1\" \/>\n<link rel=\"canonical\" href=\"https:\/\/shop.thetford-europe.com\/fr\/produit\/indus-flush-b\/\" \/>\n<meta property=\"og:locale\" content=\"fr_FR\" \/>\n<meta property=\"og:type\" content=\"article\" \/>\n<meta property=\"og:title\" content=\"iNDUS Flush (B) - Thetford\" \/>\n<meta property=\"og:description\" content=\"Les additifs iNDUS sont enti\u00e8rement compatibles avec le syst\u00e8me iNDUS pour \u00e9viter toute d\u00e9gradation et maintenance ind\u00e9sirables et iNDUS Flush est compl\u00e9mentaire avec iNDUS Grey et iNDUS Black.\" \/>\n<meta property=\"og:url\" content=\"https:\/\/shop.thetford-europe.com\/fr\/produit\/indus-flush-b\/\" \/>\n<meta property=\"og:site_name\" content=\"Thetford\" \/>\n<meta property=\"article:publisher\" content=\"https:\/\/www.facebook.com\/thetfordbv\" \/>\n<meta property=\"article:modified_time\" content=\"2024-12-20T09:45:14+00:00\" \/>\n<meta property=\"og:image\" content=\"https:\/\/shop.thetford-europe.com\/wp-content\/uploads\/2020\/11\/indus-flush-bottle-product-image-522x522px-product-image.png\" \/>\n\t<meta property=\"og:image:width\" content=\"522\" \/>\n\t<meta property=\"og:image:height\" content=\"522\" \/>\n\t<meta property=\"og:image:type\" content=\"image\/png\" \/>\n<meta name=\"twitter:card\" content=\"summary_large_image\" \/>\n<meta name=\"twitter:label1\" content=\"Dur\u00e9e de lecture estim\u00e9e\" \/>\n\t<meta name=\"twitter:data1\" content=\"2 minutes\" \/>\n<script type=\"application\/ld+json\" class=\"yoast-schema-graph\">{\"@context\":\"https:\\\/\\\/schema.org\",\"@graph\":[{\"@type\":\"WebPage\",\"@id\":\"https:\\\/\\\/shop.thetford-europe.com\\\/fr\\\/produit\\\/indus-flush-b\\\/\",\"url\":\"https:\\\/\\\/shop.thetford-europe.com\\\/fr\\\/produit\\\/indus-flush-b\\\/\",\"name\":\"iNDUS Flush (B) - Thetford\",\"isPartOf\":{\"@id\":\"https:\\\/\\\/shop.thetford-europe.com\\\/fr\\\/#website\"},\"primaryImageOfPage\":{\"@id\":\"https:\\\/\\\/shop.thetford-europe.com\\\/fr\\\/produit\\\/indus-flush-b\\\/#primaryimage\"},\"image\":{\"@id\":\"https:\\\/\\\/shop.thetford-europe.com\\\/fr\\\/produit\\\/indus-flush-b\\\/#primaryimage\"},\"thumbnailUrl\":\"https:\\\/\\\/shop.thetford-europe.com\\\/wp-content\\\/uploads\\\/2020\\\/11\\\/indus-flush-bottle-product-image-522x522px-product-image.png\",\"datePublished\":\"2020-11-26T14:17:00+00:00\",\"dateModified\":\"2024-12-20T09:45:14+00:00\",\"description\":\"Les additifs iNDUS sont enti\u00e8rement compatibles avec le syst\u00e8me iNDUS pour \u00e9viter toute d\u00e9gradation et maintenance ind\u00e9sirables et iNDUS Flush est compl\u00e9mentaire avec iNDUS Grey et iNDUS Black.\",\"breadcrumb\":{\"@id\":\"https:\\\/\\\/shop.thetford-europe.com\\\/fr\\\/produit\\\/indus-flush-b\\\/#breadcrumb\"},\"inLanguage\":\"fr-FR\",\"potentialAction\":[{\"@type\":\"ReadAction\",\"target\":[\"https:\\\/\\\/shop.thetford-europe.com\\\/fr\\\/produit\\\/indus-flush-b\\\/\"]}]},{\"@type\":\"ImageObject\",\"inLanguage\":\"fr-FR\",\"@id\":\"https:\\\/\\\/shop.thetford-europe.com\\\/fr\\\/produit\\\/indus-flush-b\\\/#primaryimage\",\"url\":\"https:\\\/\\\/shop.thetford-europe.com\\\/wp-content\\\/uploads\\\/2020\\\/11\\\/indus-flush-bottle-product-image-522x522px-product-image.png\",\"contentUrl\":\"https:\\\/\\\/shop.thetford-europe.com\\\/wp-content\\\/uploads\\\/2020\\\/11\\\/indus-flush-bottle-product-image-522x522px-product-image.png\",\"width\":522,\"height\":522},{\"@type\":\"BreadcrumbList\",\"@id\":\"https:\\\/\\\/shop.thetford-europe.com\\\/fr\\\/produit\\\/indus-flush-b\\\/#breadcrumb\",\"itemListElement\":[{\"@type\":\"ListItem\",\"position\":1,\"name\":\"Home\",\"item\":\"https:\\\/\\\/shop.thetford-europe.com\\\/fr\\\/\"},{\"@type\":\"ListItem\",\"position\":2,\"name\":\"Shop\",\"item\":\"https:\\\/\\\/shop.thetford-europe.com\\\/fr\\\/shop\\\/\"},{\"@type\":\"ListItem\",\"position\":3,\"name\":\"iNDUS Flush (B)\"}]},{\"@type\":\"WebSite\",\"@id\":\"https:\\\/\\\/shop.thetford-europe.com\\\/fr\\\/#website\",\"url\":\"https:\\\/\\\/shop.thetford-europe.com\\\/fr\\\/\",\"name\":\"Thetford\",\"description\":\"Carefree, wherever you go!\",\"publisher\":{\"@id\":\"https:\\\/\\\/shop.thetford-europe.com\\\/fr\\\/#organization\"},\"potentialAction\":[{\"@type\":\"SearchAction\",\"target\":{\"@type\":\"EntryPoint\",\"urlTemplate\":\"https:\\\/\\\/shop.thetford-europe.com\\\/fr\\\/?s={search_term_string}\"},\"query-input\":{\"@type\":\"PropertyValueSpecification\",\"valueRequired\":true,\"valueName\":\"search_term_string\"}}],\"inLanguage\":\"fr-FR\"},{\"@type\":\"Organization\",\"@id\":\"https:\\\/\\\/shop.thetford-europe.com\\\/fr\\\/#organization\",\"name\":\"Thetford BV\",\"url\":\"https:\\\/\\\/shop.thetford-europe.com\\\/fr\\\/\",\"logo\":{\"@type\":\"ImageObject\",\"inLanguage\":\"fr-FR\",\"@id\":\"https:\\\/\\\/shop.thetford-europe.com\\\/fr\\\/#\\\/schema\\\/logo\\\/image\\\/\",\"url\":\"https:\\\/\\\/shop.thetford-europe.com\\\/wp-content\\\/uploads\\\/2020\\\/11\\\/logo.svg\",\"contentUrl\":\"https:\\\/\\\/shop.thetford-europe.com\\\/wp-content\\\/uploads\\\/2020\\\/11\\\/logo.svg\",\"width\":633,\"height\":100,\"caption\":\"Thetford BV\"},\"image\":{\"@id\":\"https:\\\/\\\/shop.thetford-europe.com\\\/fr\\\/#\\\/schema\\\/logo\\\/image\\\/\"},\"sameAs\":[\"https:\\\/\\\/www.facebook.com\\\/thetfordbv\",\"https:\\\/\\\/www.linkedin.com\\\/company\\\/thetford\",\"https:\\\/\\\/www.youtube.com\\\/user\\\/ThetfordEurope\"]}]}<\/script>\n<!-- \/ Yoast SEO plugin. -->","yoast_head_json":{"title":"iNDUS Flush (B) - Thetford","description":"Les additifs iNDUS sont enti\u00e8rement compatibles avec le syst\u00e8me iNDUS pour \u00e9viter toute d\u00e9gradation et maintenance ind\u00e9sirables et iNDUS Flush est compl\u00e9mentaire avec iNDUS Grey et iNDUS Black.","robots":{"index":"index","follow":"follow","max-snippet":"max-snippet:-1","max-image-preview":"max-image-preview:large","max-video-preview":"max-video-preview:-1"},"canonical":"https:\/\/shop.thetford-europe.com\/fr\/produit\/indus-flush-b\/","og_locale":"fr_FR","og_type":"article","og_title":"iNDUS Flush (B) - Thetford","og_description":"Les additifs iNDUS sont enti\u00e8rement compatibles avec le syst\u00e8me iNDUS pour \u00e9viter toute d\u00e9gradation et maintenance ind\u00e9sirables et iNDUS Flush est compl\u00e9mentaire avec iNDUS Grey et iNDUS Black.","og_url":"https:\/\/shop.thetford-europe.com\/fr\/produit\/indus-flush-b\/","og_site_name":"Thetford","article_publisher":"https:\/\/www.facebook.com\/thetfordbv","article_modified_time":"2024-12-20T09:45:14+00:00","og_image":[{"width":522,"height":522,"url":"https:\/\/shop.thetford-europe.com\/wp-content\/uploads\/2020\/11\/indus-flush-bottle-product-image-522x522px-product-image.png","type":"image\/png"}],"twitter_card":"summary_large_image","twitter_misc":{"Dur\u00e9e de lecture estim\u00e9e":"2 minutes"},"schema":{"@context":"https:\/\/schema.org","@graph":[{"@type":"WebPage","@id":"https:\/\/shop.thetford-europe.com\/fr\/produit\/indus-flush-b\/","url":"https:\/\/shop.thetford-europe.com\/fr\/produit\/indus-flush-b\/","name":"iNDUS Flush (B) - Thetford","isPartOf":{"@id":"https:\/\/shop.thetford-europe.com\/fr\/#website"},"primaryImageOfPage":{"@id":"https:\/\/shop.thetford-europe.com\/fr\/produit\/indus-flush-b\/#primaryimage"},"image":{"@id":"https:\/\/shop.thetford-europe.com\/fr\/produit\/indus-flush-b\/#primaryimage"},"thumbnailUrl":"https:\/\/shop.thetford-europe.com\/wp-content\/uploads\/2020\/11\/indus-flush-bottle-product-image-522x522px-product-image.png","datePublished":"2020-11-26T14:17:00+00:00","dateModified":"2024-12-20T09:45:14+00:00","description":"Les additifs iNDUS sont enti\u00e8rement compatibles avec le syst\u00e8me iNDUS pour \u00e9viter toute d\u00e9gradation et maintenance ind\u00e9sirables et iNDUS Flush est compl\u00e9mentaire avec iNDUS Grey et iNDUS Black.","breadcrumb":{"@id":"https:\/\/shop.thetford-europe.com\/fr\/produit\/indus-flush-b\/#breadcrumb"},"inLanguage":"fr-FR","potentialAction":[{"@type":"ReadAction","target":["https:\/\/shop.thetford-europe.com\/fr\/produit\/indus-flush-b\/"]}]},{"@type":"ImageObject","inLanguage":"fr-FR","@id":"https:\/\/shop.thetford-europe.com\/fr\/produit\/indus-flush-b\/#primaryimage","url":"https:\/\/shop.thetford-europe.com\/wp-content\/uploads\/2020\/11\/indus-flush-bottle-product-image-522x522px-product-image.png","contentUrl":"https:\/\/shop.thetford-europe.com\/wp-content\/uploads\/2020\/11\/indus-flush-bottle-product-image-522x522px-product-image.png","width":522,"height":522},{"@type":"BreadcrumbList","@id":"https:\/\/shop.thetford-europe.com\/fr\/produit\/indus-flush-b\/#breadcrumb","itemListElement":[{"@type":"ListItem","position":1,"name":"Home","item":"https:\/\/shop.thetford-europe.com\/fr\/"},{"@type":"ListItem","position":2,"name":"Shop","item":"https:\/\/shop.thetford-europe.com\/fr\/shop\/"},{"@type":"ListItem","position":3,"name":"iNDUS Flush (B)"}]},{"@type":"WebSite","@id":"https:\/\/shop.thetford-europe.com\/fr\/#website","url":"https:\/\/shop.thetford-europe.com\/fr\/","name":"Thetford","description":"Carefree, wherever you go!","publisher":{"@id":"https:\/\/shop.thetford-europe.com\/fr\/#organization"},"potentialAction":[{"@type":"SearchAction","target":{"@type":"EntryPoint","urlTemplate":"https:\/\/shop.thetford-europe.com\/fr\/?s={search_term_string}"},"query-input":{"@type":"PropertyValueSpecification","valueRequired":true,"valueName":"search_term_string"}}],"inLanguage":"fr-FR"},{"@type":"Organization","@id":"https:\/\/shop.thetford-europe.com\/fr\/#organization","name":"Thetford BV","url":"https:\/\/shop.thetford-europe.com\/fr\/","logo":{"@type":"ImageObject","inLanguage":"fr-FR","@id":"https:\/\/shop.thetford-europe.com\/fr\/#\/schema\/logo\/image\/","url":"https:\/\/shop.thetford-europe.com\/wp-content\/uploads\/2020\/11\/logo.svg","contentUrl":"https:\/\/shop.thetford-europe.com\/wp-content\/uploads\/2020\/11\/logo.svg","width":633,"height":100,"caption":"Thetford BV"},"image":{"@id":"https:\/\/shop.thetford-europe.com\/fr\/#\/schema\/logo\/image\/"},"sameAs":["https:\/\/www.facebook.com\/thetfordbv","https:\/\/www.linkedin.com\/company\/thetford","https:\/\/www.youtube.com\/user\/ThetfordEurope"]}]}},"jetpack_sharing_enabled":true,"_links":{"self":[{"href":"https:\/\/shop.thetford-europe.com\/fr\/wp-json\/wp\/v2\/product\/3253","targetHints":{"allow":["GET"]}}],"collection":[{"href":"https:\/\/shop.thetford-europe.com\/fr\/wp-json\/wp\/v2\/product"}],"about":[{"href":"https:\/\/shop.thetford-europe.com\/fr\/wp-json\/wp\/v2\/types\/product"}],"wp:featuredmedia":[{"embeddable":true,"href":"https:\/\/shop.thetford-europe.com\/fr\/wp-json\/wp\/v2\/media\/3035"}],"wp:attachment":[{"href":"https:\/\/shop.thetford-europe.com\/fr\/wp-json\/wp\/v2\/media?parent=3253"}],"wp:term":[{"taxonomy":"product_brand","embeddable":true,"href":"https:\/\/shop.thetford-europe.com\/fr\/wp-json\/wp\/v2\/product_brand?post=3253"},{"taxonomy":"product_cat","embeddable":true,"href":"https:\/\/shop.thetford-europe.com\/fr\/wp-json\/wp\/v2\/product_cat?post=3253"},{"taxonomy":"product_tag","embeddable":true,"href":"https:\/\/shop.thetford-europe.com\/fr\/wp-json\/wp\/v2\/product_tag?post=3253"}],"curies":[{"name":"wp","href":"https:\/\/api.w.org\/{rel}","templated":true}]}}