{"id":3452,"date":"2017-01-23T12:03:43","date_gmt":"2017-01-23T11:03:43","guid":{"rendered":"https:\/\/shop.thetford-europe.com\/product\/indus-grey-a\/"},"modified":"2024-12-20T10:16:06","modified_gmt":"2024-12-20T09:16:06","slug":"indus-grey-a","status":"publish","type":"product","link":"https:\/\/shop.thetford-europe.com\/fr\/produit\/indus-grey-a\/","title":{"rendered":"iNDUS Grey (A)"},"content":{"rendered":"<div class=\"wpb-content-wrapper\"><p>[vc_row][vc_column width=\u00a0\u00bb1\/2&Prime; css=\u00a0\u00bb.vc_custom_1484828983369{margin-bottom: 25px !important;}\u00a0\u00bb]<div class=\"title-wrapper  basel-title-color-default basel-title-style-default basel-title-size-small text-left \"><div class=\"liner-continer\"> <span class=\"left-line\"><\/span> <h4 class=\"title\" ><strong>Module de dosage automatique iNDUS Grey:<\/strong><span class=\"title-separator\"><span><\/span><\/span><\/h4> <span class=\"right-line\"><\/span> <\/div><\/div>[vc_column_text]<\/p>\n<p class=\"product-description__text\">Le syst\u00e8me iNDUS est con\u00e7u pour \u00eatre utilis\u00e9 en combinaison avec trois additifs diff\u00e9rents afin de garantir l&rsquo;hygi\u00e8ne, \u00e9viter les dysfonctionnements et maintenir le syst\u00e8me propre. Le syst\u00e8me iNDUS dispose d&rsquo;un module de dosage enti\u00e8rement automatique qui fournit exactement la dose n\u00e9cessaire en fonction de l&rsquo;utilisation du syst\u00e8me et des temp\u00e9ratures ambiantes \u00e0 l\u2019aide de trois additifs sp\u00e9cialement d\u00e9velopp\u00e9s et interactifs pour les eaux grises (A), la chasse d\u2019eau (B) et les eaux noires (C). L&rsquo;additif pour les eaux grises (A) est sp\u00e9cialement d\u00e9velopp\u00e9 pour permettre une \u00e9vacuation hygi\u00e9nique et sans odeur des eaux grises stock\u00e9es. Il contr\u00f4le la formation de mauvaises odeurs dans le r\u00e9servoir d&rsquo;eaux grises, emp\u00eache les d\u00e9p\u00f4ts de graisse et la formation de tartre dans le r\u00e9servoir et les tubes d&rsquo;eaux grises. En outre, il garantit un processus de rin\u00e7age r\u00e9sultant en un module de vidange et un tuyau propre et sans odeur et permet une r\u00e9utilisation s\u00fbre, hygi\u00e9nique et agr\u00e9able des eaux grises comme eau de rin\u00e7age, en tenant \u00e9galement compte du risque de contact humain avec l&rsquo;eau de rin\u00e7age. Les additifs iNDUS sont enti\u00e8rement compatibles avec le syst\u00e8me iNDUS pour \u00e9viter toute d\u00e9gradation et maintenance ind\u00e9sirables et iNDUS Grey est compl\u00e9mentaire avec iNDUS Flush et iNDUS Black.<\/p>\n<p>[\/vc_column_text][vc_column_text]<\/p>\n<ul class=\"checklist checklist--vertical\">\n<li class=\"checklist__item\">Dosage d&rsquo;additifs enti\u00e8rement automatique pour les eaux grises: plus de sous-dosage ou de surdosage<\/li>\n<li class=\"checklist__item\">Garantie une vidange hygi\u00e9nique et sans odeur<\/li>\n<li class=\"checklist__item\">Assure un fonctionnement sans probl\u00e8me<\/li>\n<li class=\"checklist__item\">Quatre semaines d&rsquo;utilisation en moyenne<\/li>\n<\/ul>\n<p>[\/vc_column_text][\/vc_column][vc_column width=\u00a0\u00bb1\/2&Prime; css=\u00a0\u00bb.vc_custom_1484828978370{margin-bottom: 25px !important;}\u00a0\u00bb][vc_single_image image=\u00a0\u00bb27908&Prime; img_size=\u00a0\u00bbfull\u00a0\u00bb alignment=\u00a0\u00bbcenter\u00a0\u00bb css=\u00a0\u00bb\u00a0\u00bb][vc_column_text css=\u00a0\u00bb\u00a0\u00bb]<\/p>\n<p style=\"text-align: center;\"><strong>Danger<\/strong><\/p>\n<p>[\/vc_column_text][vc_column_text css=\u00a0\u00bb\u00a0\u00bb]Contient : 2-BROMO-2-NITROPROPANE-1,3-DIOL; SODIUM ALKYLBENZENESULPHONATE; LAURETH-6. Nocif en cas d\u2019ingestion ou d\u2019inhalation. Provoque une irritation cutan\u00e9e. Provoque de graves l\u00e9sions des yeux. Tr\u00e8s toxique pour les organismes aquatiques, entra\u00eene des effets n\u00e9fastes \u00e0 long terme. En cas de consultation d\u2019un m\u00e9decin, garder \u00e0 disposition le r\u00e9cipient ou l\u2019\u00e9tiquette. Tenir hors de port\u00e9e des enfants. Utiliser seulement en plein air ou dans un endroit bien ventil\u00e9. Porter des gants de protection. EN CAS DE CONTACT AVEC LES YEUX: Rincer avec pr\u00e9caution \u00e0 l\u2019eau pendant plusieurs minutes. Enlever les lentilles de contact si la victime en porte et si elles peuvent \u00eatre facilement enlev\u00e9es. Continuer \u00e0 rincer. Appeler imm\u00e9diatement un m\u00e9decin, un CENTRE ANTIPOISON. Recueillir le produit r\u00e9pandu. \u00c9liminer le contenu dans un centre de collecte de d\u00e9chets dangereux ou sp\u00e9ciaux, conform\u00e9ment \u00e0 la r\u00e9glementation locale, r\u00e9gionale, nationale et\/ou internationale. \u00c9TIQUETAGE DU CONTENU (648\/2004\/EC): &lt;5% agents de surface anioniques; 2-BROMO-2-NITROPROPANE-1,3-DIOL.[\/vc_column_text][vc_btn title=\u00a0\u00bbFiche des ingr\u00e9dients pour le consommateur iNDUS GREY\u00a0\u00bb style=\u00a0\u00bbclassic\u00a0\u00bb shape=\u00a0\u00bbround\u00a0\u00bb color=\u00a0\u00bbinverse\u00a0\u00bb align=\u00a0\u00bbcenter\u00a0\u00bb i_align=\u00a0\u00bbright\u00a0\u00bb i_icon_fontawesome=\u00a0\u00bbfas fa-external-link-alt\u00a0\u00bb css=\u00a0\u00bb\u00a0\u00bb button_block=\u00a0\u00bbtrue\u00a0\u00bb add_icon=\u00a0\u00bbtrue\u00a0\u00bb link=\u00a0\u00bburl:https%3A%2F%2Fshop.thetford-europe.com%2Fwp-content%2Fuploads%2F2024%2F12%2F30672-TBV_iNDUS-GREY_FR__VERSION_3.0-1.pdf|target:_blank\u00a0\u00bb][\/vc_column][\/vc_row][vc_row][vc_column][vc_single_image image=\u00a0\u00bb3030&Prime; img_size=\u00a0\u00bbmedium\u00a0\u00bb alignment=\u00a0\u00bbcenter\u00a0\u00bb css=\u00a0\u00bb.vc_custom_1606400263029{margin-top: 100px !important;}\u00a0\u00bb][\/vc_column][\/vc_row]<\/p>\n<\/div>","protected":false},"excerpt":{"rendered":"<p>Le syst\u00e8me iNDUS est con\u00e7u pour \u00eatre utilis\u00e9 en combinaison avec trois additifs diff\u00e9rents afin de garantir l&rsquo;hygi\u00e8ne, \u00e9viter les dysfonctionnements et maintenir le syst\u00e8me propre. Le syst\u00e8me iNDUS dispose d&rsquo;un module de&#8230;<\/p>\n","protected":false},"featured_media":3025,"template":"","meta":[],"product_brand":[],"product_cat":[112,117,255],"product_tag":[127,138,122],"class_list":{"0":"post-3452","1":"product","2":"type-product","3":"status-publish","4":"has-post-thumbnail","6":"product_cat-indus","7":"product_cat-indus-automatic-dosing-module","8":"product_cat-indus-care-products","9":"product_tag-automatic-dosing-module-fr","10":"product_tag-grey-fr","11":"product_tag-indus-fr","12":"product_shipping_class-package_1-10-fr","13":"pa_brand-thetford","14":"pa_colour-gris","15":"pa_content-1000-ml","17":"first","18":"instock","19":"taxable","20":"shipping-taxable","21":"purchasable","22":"product-type-simple"},"yoast_head":"<!-- This site is optimized with the Yoast SEO plugin v27.4 - https:\/\/yoast.com\/product\/yoast-seo-wordpress\/ -->\n<title>iNDUS Grey (A) - Thetford<\/title>\n<meta name=\"description\" content=\"Les additifs iNDUS sont enti\u00e8rement compatibles avec le syst\u00e8me iNDUS pour \u00e9viter toute d\u00e9gradation et maintenance ind\u00e9sirables et iNDUS Grey est compl\u00e9mentaire avec iNDUS Flush et iNDUS Black.\" \/>\n<meta name=\"robots\" content=\"index, follow, max-snippet:-1, max-image-preview:large, max-video-preview:-1\" \/>\n<link rel=\"canonical\" href=\"https:\/\/shop.thetford-europe.com\/fr\/produit\/indus-grey-a\/\" \/>\n<meta property=\"og:locale\" content=\"fr_FR\" \/>\n<meta property=\"og:type\" content=\"article\" \/>\n<meta property=\"og:title\" content=\"iNDUS Grey (A) - Thetford\" \/>\n<meta property=\"og:description\" content=\"Les additifs iNDUS sont enti\u00e8rement compatibles avec le syst\u00e8me iNDUS pour \u00e9viter toute d\u00e9gradation et maintenance ind\u00e9sirables et iNDUS Grey est compl\u00e9mentaire avec iNDUS Flush et iNDUS Black.\" \/>\n<meta property=\"og:url\" content=\"https:\/\/shop.thetford-europe.com\/fr\/produit\/indus-grey-a\/\" \/>\n<meta property=\"og:site_name\" content=\"Thetford\" \/>\n<meta property=\"article:publisher\" content=\"https:\/\/www.facebook.com\/thetfordbv\" \/>\n<meta property=\"article:modified_time\" content=\"2024-12-20T09:16:06+00:00\" \/>\n<meta property=\"og:image\" content=\"https:\/\/shop.thetford-europe.com\/wp-content\/uploads\/2017\/01\/indus-grey-bottle-product-image-522x522px-product-image.png\" \/>\n\t<meta property=\"og:image:width\" content=\"522\" \/>\n\t<meta property=\"og:image:height\" content=\"522\" \/>\n\t<meta property=\"og:image:type\" content=\"image\/png\" \/>\n<meta name=\"twitter:card\" content=\"summary_large_image\" \/>\n<meta name=\"twitter:label1\" content=\"Dur\u00e9e de lecture estim\u00e9e\" \/>\n\t<meta name=\"twitter:data1\" content=\"2 minutes\" \/>\n<script type=\"application\/ld+json\" class=\"yoast-schema-graph\">{\"@context\":\"https:\\\/\\\/schema.org\",\"@graph\":[{\"@type\":\"WebPage\",\"@id\":\"https:\\\/\\\/shop.thetford-europe.com\\\/fr\\\/produit\\\/indus-grey-a\\\/\",\"url\":\"https:\\\/\\\/shop.thetford-europe.com\\\/fr\\\/produit\\\/indus-grey-a\\\/\",\"name\":\"iNDUS Grey (A) - Thetford\",\"isPartOf\":{\"@id\":\"https:\\\/\\\/shop.thetford-europe.com\\\/fr\\\/#website\"},\"primaryImageOfPage\":{\"@id\":\"https:\\\/\\\/shop.thetford-europe.com\\\/fr\\\/produit\\\/indus-grey-a\\\/#primaryimage\"},\"image\":{\"@id\":\"https:\\\/\\\/shop.thetford-europe.com\\\/fr\\\/produit\\\/indus-grey-a\\\/#primaryimage\"},\"thumbnailUrl\":\"https:\\\/\\\/shop.thetford-europe.com\\\/wp-content\\\/uploads\\\/2017\\\/01\\\/indus-grey-bottle-product-image-522x522px-product-image.png\",\"datePublished\":\"2017-01-23T11:03:43+00:00\",\"dateModified\":\"2024-12-20T09:16:06+00:00\",\"description\":\"Les additifs iNDUS sont enti\u00e8rement compatibles avec le syst\u00e8me iNDUS pour \u00e9viter toute d\u00e9gradation et maintenance ind\u00e9sirables et iNDUS Grey est compl\u00e9mentaire avec iNDUS Flush et iNDUS Black.\",\"breadcrumb\":{\"@id\":\"https:\\\/\\\/shop.thetford-europe.com\\\/fr\\\/produit\\\/indus-grey-a\\\/#breadcrumb\"},\"inLanguage\":\"fr-FR\",\"potentialAction\":[{\"@type\":\"ReadAction\",\"target\":[\"https:\\\/\\\/shop.thetford-europe.com\\\/fr\\\/produit\\\/indus-grey-a\\\/\"]}]},{\"@type\":\"ImageObject\",\"inLanguage\":\"fr-FR\",\"@id\":\"https:\\\/\\\/shop.thetford-europe.com\\\/fr\\\/produit\\\/indus-grey-a\\\/#primaryimage\",\"url\":\"https:\\\/\\\/shop.thetford-europe.com\\\/wp-content\\\/uploads\\\/2017\\\/01\\\/indus-grey-bottle-product-image-522x522px-product-image.png\",\"contentUrl\":\"https:\\\/\\\/shop.thetford-europe.com\\\/wp-content\\\/uploads\\\/2017\\\/01\\\/indus-grey-bottle-product-image-522x522px-product-image.png\",\"width\":522,\"height\":522},{\"@type\":\"BreadcrumbList\",\"@id\":\"https:\\\/\\\/shop.thetford-europe.com\\\/fr\\\/produit\\\/indus-grey-a\\\/#breadcrumb\",\"itemListElement\":[{\"@type\":\"ListItem\",\"position\":1,\"name\":\"Home\",\"item\":\"https:\\\/\\\/shop.thetford-europe.com\\\/fr\\\/\"},{\"@type\":\"ListItem\",\"position\":2,\"name\":\"Shop\",\"item\":\"https:\\\/\\\/shop.thetford-europe.com\\\/fr\\\/shop\\\/\"},{\"@type\":\"ListItem\",\"position\":3,\"name\":\"iNDUS Grey (A)\"}]},{\"@type\":\"WebSite\",\"@id\":\"https:\\\/\\\/shop.thetford-europe.com\\\/fr\\\/#website\",\"url\":\"https:\\\/\\\/shop.thetford-europe.com\\\/fr\\\/\",\"name\":\"Thetford\",\"description\":\"Carefree, wherever you go!\",\"publisher\":{\"@id\":\"https:\\\/\\\/shop.thetford-europe.com\\\/fr\\\/#organization\"},\"potentialAction\":[{\"@type\":\"SearchAction\",\"target\":{\"@type\":\"EntryPoint\",\"urlTemplate\":\"https:\\\/\\\/shop.thetford-europe.com\\\/fr\\\/?s={search_term_string}\"},\"query-input\":{\"@type\":\"PropertyValueSpecification\",\"valueRequired\":true,\"valueName\":\"search_term_string\"}}],\"inLanguage\":\"fr-FR\"},{\"@type\":\"Organization\",\"@id\":\"https:\\\/\\\/shop.thetford-europe.com\\\/fr\\\/#organization\",\"name\":\"Thetford BV\",\"url\":\"https:\\\/\\\/shop.thetford-europe.com\\\/fr\\\/\",\"logo\":{\"@type\":\"ImageObject\",\"inLanguage\":\"fr-FR\",\"@id\":\"https:\\\/\\\/shop.thetford-europe.com\\\/fr\\\/#\\\/schema\\\/logo\\\/image\\\/\",\"url\":\"https:\\\/\\\/shop.thetford-europe.com\\\/wp-content\\\/uploads\\\/2020\\\/11\\\/logo.svg\",\"contentUrl\":\"https:\\\/\\\/shop.thetford-europe.com\\\/wp-content\\\/uploads\\\/2020\\\/11\\\/logo.svg\",\"width\":633,\"height\":100,\"caption\":\"Thetford BV\"},\"image\":{\"@id\":\"https:\\\/\\\/shop.thetford-europe.com\\\/fr\\\/#\\\/schema\\\/logo\\\/image\\\/\"},\"sameAs\":[\"https:\\\/\\\/www.facebook.com\\\/thetfordbv\",\"https:\\\/\\\/www.linkedin.com\\\/company\\\/thetford\",\"https:\\\/\\\/www.youtube.com\\\/user\\\/ThetfordEurope\"]}]}<\/script>\n<!-- \/ Yoast SEO plugin. -->","yoast_head_json":{"title":"iNDUS Grey (A) - Thetford","description":"Les additifs iNDUS sont enti\u00e8rement compatibles avec le syst\u00e8me iNDUS pour \u00e9viter toute d\u00e9gradation et maintenance ind\u00e9sirables et iNDUS Grey est compl\u00e9mentaire avec iNDUS Flush et iNDUS Black.","robots":{"index":"index","follow":"follow","max-snippet":"max-snippet:-1","max-image-preview":"max-image-preview:large","max-video-preview":"max-video-preview:-1"},"canonical":"https:\/\/shop.thetford-europe.com\/fr\/produit\/indus-grey-a\/","og_locale":"fr_FR","og_type":"article","og_title":"iNDUS Grey (A) - Thetford","og_description":"Les additifs iNDUS sont enti\u00e8rement compatibles avec le syst\u00e8me iNDUS pour \u00e9viter toute d\u00e9gradation et maintenance ind\u00e9sirables et iNDUS Grey est compl\u00e9mentaire avec iNDUS Flush et iNDUS Black.","og_url":"https:\/\/shop.thetford-europe.com\/fr\/produit\/indus-grey-a\/","og_site_name":"Thetford","article_publisher":"https:\/\/www.facebook.com\/thetfordbv","article_modified_time":"2024-12-20T09:16:06+00:00","og_image":[{"width":522,"height":522,"url":"https:\/\/shop.thetford-europe.com\/wp-content\/uploads\/2017\/01\/indus-grey-bottle-product-image-522x522px-product-image.png","type":"image\/png"}],"twitter_card":"summary_large_image","twitter_misc":{"Dur\u00e9e de lecture estim\u00e9e":"2 minutes"},"schema":{"@context":"https:\/\/schema.org","@graph":[{"@type":"WebPage","@id":"https:\/\/shop.thetford-europe.com\/fr\/produit\/indus-grey-a\/","url":"https:\/\/shop.thetford-europe.com\/fr\/produit\/indus-grey-a\/","name":"iNDUS Grey (A) - Thetford","isPartOf":{"@id":"https:\/\/shop.thetford-europe.com\/fr\/#website"},"primaryImageOfPage":{"@id":"https:\/\/shop.thetford-europe.com\/fr\/produit\/indus-grey-a\/#primaryimage"},"image":{"@id":"https:\/\/shop.thetford-europe.com\/fr\/produit\/indus-grey-a\/#primaryimage"},"thumbnailUrl":"https:\/\/shop.thetford-europe.com\/wp-content\/uploads\/2017\/01\/indus-grey-bottle-product-image-522x522px-product-image.png","datePublished":"2017-01-23T11:03:43+00:00","dateModified":"2024-12-20T09:16:06+00:00","description":"Les additifs iNDUS sont enti\u00e8rement compatibles avec le syst\u00e8me iNDUS pour \u00e9viter toute d\u00e9gradation et maintenance ind\u00e9sirables et iNDUS Grey est compl\u00e9mentaire avec iNDUS Flush et iNDUS Black.","breadcrumb":{"@id":"https:\/\/shop.thetford-europe.com\/fr\/produit\/indus-grey-a\/#breadcrumb"},"inLanguage":"fr-FR","potentialAction":[{"@type":"ReadAction","target":["https:\/\/shop.thetford-europe.com\/fr\/produit\/indus-grey-a\/"]}]},{"@type":"ImageObject","inLanguage":"fr-FR","@id":"https:\/\/shop.thetford-europe.com\/fr\/produit\/indus-grey-a\/#primaryimage","url":"https:\/\/shop.thetford-europe.com\/wp-content\/uploads\/2017\/01\/indus-grey-bottle-product-image-522x522px-product-image.png","contentUrl":"https:\/\/shop.thetford-europe.com\/wp-content\/uploads\/2017\/01\/indus-grey-bottle-product-image-522x522px-product-image.png","width":522,"height":522},{"@type":"BreadcrumbList","@id":"https:\/\/shop.thetford-europe.com\/fr\/produit\/indus-grey-a\/#breadcrumb","itemListElement":[{"@type":"ListItem","position":1,"name":"Home","item":"https:\/\/shop.thetford-europe.com\/fr\/"},{"@type":"ListItem","position":2,"name":"Shop","item":"https:\/\/shop.thetford-europe.com\/fr\/shop\/"},{"@type":"ListItem","position":3,"name":"iNDUS Grey (A)"}]},{"@type":"WebSite","@id":"https:\/\/shop.thetford-europe.com\/fr\/#website","url":"https:\/\/shop.thetford-europe.com\/fr\/","name":"Thetford","description":"Carefree, wherever you go!","publisher":{"@id":"https:\/\/shop.thetford-europe.com\/fr\/#organization"},"potentialAction":[{"@type":"SearchAction","target":{"@type":"EntryPoint","urlTemplate":"https:\/\/shop.thetford-europe.com\/fr\/?s={search_term_string}"},"query-input":{"@type":"PropertyValueSpecification","valueRequired":true,"valueName":"search_term_string"}}],"inLanguage":"fr-FR"},{"@type":"Organization","@id":"https:\/\/shop.thetford-europe.com\/fr\/#organization","name":"Thetford BV","url":"https:\/\/shop.thetford-europe.com\/fr\/","logo":{"@type":"ImageObject","inLanguage":"fr-FR","@id":"https:\/\/shop.thetford-europe.com\/fr\/#\/schema\/logo\/image\/","url":"https:\/\/shop.thetford-europe.com\/wp-content\/uploads\/2020\/11\/logo.svg","contentUrl":"https:\/\/shop.thetford-europe.com\/wp-content\/uploads\/2020\/11\/logo.svg","width":633,"height":100,"caption":"Thetford BV"},"image":{"@id":"https:\/\/shop.thetford-europe.com\/fr\/#\/schema\/logo\/image\/"},"sameAs":["https:\/\/www.facebook.com\/thetfordbv","https:\/\/www.linkedin.com\/company\/thetford","https:\/\/www.youtube.com\/user\/ThetfordEurope"]}]}},"jetpack_sharing_enabled":true,"_links":{"self":[{"href":"https:\/\/shop.thetford-europe.com\/fr\/wp-json\/wp\/v2\/product\/3452","targetHints":{"allow":["GET"]}}],"collection":[{"href":"https:\/\/shop.thetford-europe.com\/fr\/wp-json\/wp\/v2\/product"}],"about":[{"href":"https:\/\/shop.thetford-europe.com\/fr\/wp-json\/wp\/v2\/types\/product"}],"wp:featuredmedia":[{"embeddable":true,"href":"https:\/\/shop.thetford-europe.com\/fr\/wp-json\/wp\/v2\/media\/3025"}],"wp:attachment":[{"href":"https:\/\/shop.thetford-europe.com\/fr\/wp-json\/wp\/v2\/media?parent=3452"}],"wp:term":[{"taxonomy":"product_brand","embeddable":true,"href":"https:\/\/shop.thetford-europe.com\/fr\/wp-json\/wp\/v2\/product_brand?post=3452"},{"taxonomy":"product_cat","embeddable":true,"href":"https:\/\/shop.thetford-europe.com\/fr\/wp-json\/wp\/v2\/product_cat?post=3452"},{"taxonomy":"product_tag","embeddable":true,"href":"https:\/\/shop.thetford-europe.com\/fr\/wp-json\/wp\/v2\/product_tag?post=3452"}],"curies":[{"name":"wp","href":"https:\/\/api.w.org\/{rel}","templated":true}]}}