{"id":3538,"date":"2020-11-26T12:29:25","date_gmt":"2020-11-26T11:29:25","guid":{"rendered":"https:\/\/shop.thetford-europe.com\/privacy-policy\/"},"modified":"2021-05-27T09:42:51","modified_gmt":"2021-05-27T07:42:51","slug":"privacy-policy","status":"publish","type":"page","link":"https:\/\/shop.thetford-europe.com\/it\/privacy-policy\/","title":{"rendered":"Informativa sulla privacy e dichiarazione di non responsabilit\u00e0"},"content":{"rendered":"<p><strong>INFORMATIVA SULLA PRIVACY DI THETFORD<\/strong><\/p>\n<p>Tramite il sito web di Thetford vengono trattati dati sensibili per la privacy o dati personali. Thetford attribuisce la massima importanza alla protezione dei dati personali, ai quali garantisce un trattamento sicuro e protetto.<\/p>\n<p>Nel corso del trattamento, osserviamo i requisiti previsti dalla normativa sulla privacy che comportano, tra l&#8217;altro, l&#8217;adempimento dei seguenti obblighi:<\/p>\n<ul>\n<li>indicazione in modo chiaro e trasparente della finalit\u00e0 del trattamento dei dati personali. Adempiamo a tale obbligo tramite la presente informativa sulla privacy;<\/li>\n<li>limitazione della raccolta ai soli dati personali necessari al trattamento e al conseguimento delle finalit\u00e0 legali;<\/li>\n<li>ottenimento dell&#8217;esplicito consenso dell&#8217;interessato al trattamento dei propri dati personali. Il consenso fornito pu\u00f2 essere revocato in qualsiasi momento;<\/li>\n<li>messa in atto di misure tecniche e organizzative adeguate per garantire la sicurezza dei dati personali, che richiediamo anche alle parti che trattano i dati personali per nostro conto;<\/li>\n<li>rispetto del diritto dell&#8217;interessato di accesso, rettifica o cancellazione dei propri dati personali;<\/li>\n<li>istruzione ai nostri dipendenti a trattare i dati personali dell&#8217;interessato con la debita cura.<\/li>\n<\/ul>\n<p>Thetford \u00e8 responsabile del trattamento dei dati. Nella presente informativa sulla privacy, spieghiamo quali dati personali vengono raccolti e utilizzati e per quali finalit\u00e0. Invitiamo l&#8217;utente a leggerla con attenzione.<\/p>\n<p><em>Ultimo aggiornamento della presente Informativa: 26-05-2021.<\/em><\/p>\n<p><strong>UTILIZZO DI DATI PERSONALI<\/strong><\/p>\n<p>Quando l&#8217;utente utilizza il nostro sito web, riceviamo alcuni suoi dati, tra cui anche dati personali. Memorizziamo e utilizziamo esclusivamente i dati personali forniti direttamente dall&#8217;utente, nell&#8217;ambito del servizio richiesto o che ci vengono espressamente forniti per il trattamento.<\/p>\n<p>Utilizziamo i seguenti dati per le finalit\u00e0 indicate nella presente informativa sulla privacy:<\/p>\n<ul>\n<li>Nome Indirizzo Citt\u00e0 (NAW)<\/li>\n<li>Numero di telefono<\/li>\n<li>Indirizzo e-mail<\/li>\n<li>Nome visualizzato<\/li>\n<li>Indirizzo IP<\/li>\n<\/ul>\n<p><strong>REGISTRAZIONE<\/strong><\/p>\n<p>L&#8217;accesso ad alcune sezioni del nostro sito web richiede la registrazione. A seguito della registrazione, memorizziamo i dati personali condivisi tramite il nome utente prescelto. Conserviamo queste informazioni in modo da non doverle reinserire ad ogni accesso e in modo da poter contattare l&#8217;utente nell&#8217;ambito dell&#8217;esecuzione del contratto.<\/p>\n<p>Non condivideremo questi dati collegati al nome utente con terze parti, a meno che ci\u00f2 non si renda necessario nell&#8217;ambito dell&#8217;esecuzione del contratto concluso tra noi e l&#8217;utente o in adempimento di un obbligo d legge. In caso di presunta frode o abuso del nostro sito web e dei servizi, dovremo condividere i dati personali dell&#8217;utente con le autorit\u00e0 competenti.<\/p>\n<p><strong>ACCESSO AL PORTALE<\/strong><\/p>\n<p>Tramite il nostro portale, l&#8217;utente potr\u00e0 accedere a un ambiente amministrativo dove potr\u00e0 impostare, inserire e modificare i propri dati.<\/p>\n<p><strong>ELABORAZIONE DELL&#8217;ORDINE<\/strong><\/p>\n<p>Quando l&#8217;utente conclude un ordine sul nostro sito web, utilizziamo i suoi dati personali per l&#8217;elaborazione delo stesso. Ove necessario per la corretta elaborazione, forniremo i suoi dati personali anche a terzi. Maggiori informazioni su questo punto sono disponibili nel prosieguo della presente informativa sulla privacy.<\/p>\n<p><strong>MODULO DI CONTATTO E NEWSLETTER<\/strong><\/p>\n<p>Attraverso il nostro sito web, offriamo l&#8217;opportunit\u00e0 di porre domande tramite un modulo di contatto, che l&#8217;utente dovr\u00e0 compilare inserendo una serie di dati che ci consentiranno di elaborare la sua richiesta. Potr\u00e0 scegliere quali informazioni fornire. Le informazioni che ci invier\u00e0 verranno conservate solo per il tempo necessario in base alla natura del modulo o al contenuto dell&#8217;e-mail, per la risposta e per l&#8217;elaborazione della stessa.<\/p>\n<p>Agli utenti inviamo delle newsletter finalizzate ad informare coloro che sono interessati ai nostri prodotti e\/o servizi. Ogni newsletter contiene un link per l&#8217;annullamento dell&#8217;iscrizione. L&#8217; indirizzo e-mail dell&#8217;utente viene aggiunto all&#8217;elenco degli iscritti solo con il suo esplicito consenso.<\/p>\n<p><strong>DIVULGAZIONE A TERZI<\/strong><\/p>\n<p>Potremmo divulgare i dati dell&#8217;utente ai nostri partner coinvolti nell&#8217;esecuzione del contratto, come ad esempio nel caso dell&#8217;elaborazione degli ordini.<\/p>\n<p>Questi partner sono situati nell&#8217;UE, in paesi dichiarati adeguati dall&#8217;UE oppure abbiamo stretto con essi accordi rigorosi per conformarci alle norme europee in materia di privacy.<\/p>\n<p><strong>COOKIES<\/strong><\/p>\n<p>Il nostro sito web utilizza i cookie. I cookie sono utilizzati anche da terze parti da noi incaricate.\u00a0Quando l&#8217;utente visita il nostro sito web per la prima volta, riceve un messaggio che spiega quali cookie vengono utilizzati e il motivo del loro utilizzo. Se l&#8217;utente continuer\u00e0 ad utilizzare il nostro sito web, riterremmo che abbia acconsentito all&#8217;uso di questi cookie. Sar\u00e0 libero di disabilitare i cookie nel proprio browser. Dovr\u00e0 tuttavia tener presente che cos\u00ec facendo \u00e8 possibile che il nostro sito web non funzioni al meglio.<\/p>\n<p>Abbiamo stipulato accordi con terze parti che inseriscono cookie sull&#8217;utilizzo e sulle applicazioni. Tuttavia, non esercitiamo alcun controllo sull&#8217;utilizzo di tali cookie da parte dei fornitori di tali applicazioni. Per ulteriori informazioni su queste applicazioni e sulla modalit\u00e0 di gestione dei cookie, si invita a consultare le informative sulla privacy di tali terze parti (nota: sono soggette a variazioni periodiche).<\/p>\n<p><strong>GOOGLE ANALYTICS<\/strong><\/p>\n<p>Utilizziamo Google Analytics per tenere traccia delle modalit\u00e0 di utilizzo del nostro sito web da parte dei visitatori. Abbiamo concluso un accordo con Google sul trattamento dei dati, inteso a disciplinare le modalit\u00e0 d&#8217;uso dei nostri dati. Inoltre, non abbiamo concesso a Google l&#8217;autorizzazione ad utilizzare le informazioni ottenute da Analytics per altri servizi di Google; infine, anonimizziamo gli indirizzi IP.<\/p>\n<p><strong>SICUREZZA<\/strong><\/p>\n<p>Mettiamo in atto misure di sicurezza per limitare l&#8217;abuso e l&#8217;accesso non autorizzato ai dati personali. In particolare, adottiamo le seguenti misure:<\/p>\n<ul>\n<li>L&#8217;accesso ai dati personali \u00e8 negato al personale di vendita e logistica e consentito solo tramite un nome utente e una password.<\/li>\n<li>Implementazione di misure fisiche per controllare l&#8217;accesso ai sistemi in cui vengono conservati i dati personali.<\/li>\n<li>Utilizzo di connessioni protette (Secure Sockets Layer o SSL) per proteggere tutte le informazioni scambiate tra l&#8217;utente e il nostro sito web quando si inseriscono dati personali.<\/li>\n<li>Conservazione dei registri di tutte le richieste di dati personali.<\/li>\n<\/ul>\n<p><strong>PERIODO DI CONSERVAZIONE<\/strong><\/p>\n<p>I dati personali sopra descritti sono conservati per il tempo strettamente necessario all&#8217;elaborazione degli ordini dell&#8217;utente, inclusa la garanzia. I dati vengono poi cancellati, a meno che non sussista un obbligo legale che ne imponga la conservazione per un arco di tempo pi\u00f9 lungo (ad esempio, in adempimento dell&#8217;obbligo fiscale di conservazione dei dati di pagamento per un periodo pi\u00f9 lungo o per la prevenzione delle frodi).<\/p>\n<p><strong>SITI WEB DI TERZE PARTI<\/strong><\/p>\n<p>La presente informativa sulla privacy non \u00e8 applicabile a siti web di terze parti collegati al nostro sito tramite link. Non possiamo garantire che queste terze parti gestiranno i dati personali dell&#8217;utente in modo affidabile e sicuro. Si consiglia di leggere l&#8217;informativa sulla privacy di tali siti web prima di utilizzarli.<\/p>\n<p><strong>MODIFICA DELLA PRESENTE INFORMATIVA SULLA PRIVACY<\/strong><\/p>\n<p>Ci riserviamo il diritto di apportare modifiche alla presente informativa sulla privacy. Invitiamo l&#8217;utente a consultare regolarmente questa informativa sulla privacy per restare aggiornato sulle eventuali modifiche apportate.<\/p>\n<p><strong>DIRITTI DI ACCESSO A INFORMAZIONI DETTAGLIATE, RETTIFICA O CANCELLAZIONE DEI DATI<\/strong><\/p>\n<p>Per domande riguardanti la nostra informativa sulla privacy o richieste di approfondimenti e rettifiche (o rimozione) dei propri dati personali, invitiamo l&#8217;utente a rivolgersi all&#8217;ufficio privacy, utilizzando i dati di contatto riportati di seguito. Le domande devono essere poste in inglese e\/o olandese. Le richieste nella propria lingua locale possono essere indirizzate alla filiale di Thetford della propria regione. Un elenco di queste filiali \u00e8 disponibile sul sito web di Thetford.<\/p>\n<p>L&#8217;utente pu\u00f2 anche inviare una richiesta all&#8217;ufficio privacy per visualizzare, rettificare o cancellare i dati che utilizziamo con il suo consenso. \u00c8 inoltre possibile inviare una richiesta per richiedere la portabilit\u00e0 dei dati o per comunicare i motivi per cui si desidera limitarne il trattamento. \u00c8 altres\u00ec possibile richiedere, ottenere e visualizzare il riepilogo dei dati nella propria lingua locale presso la nostra filiale pi\u00f9 vicina. Al fine di evitare che tali informazioni siano fornite alla persona sbagliata, chiederemo all&#8217;utente di identificarsi correttamente durante la visita. L&#8217;ufficio privacy di Thetford si impegna ad evadere la richiesta entro il termine di un mese. In caso di impossibilit\u00e0 ad evadere la richiesta entro tale termine, all&#8217;utente verranno comunicati i motivi della proroga. Procederemo alla rettifica e alla rimozione dei dati fermo restando che ci\u00f2 non comporti una violazione della legge.<\/p>\n<p>Quando le informazioni richieste riguardano i dati personali collegati a un cookie, \u00e8 necessario anche inviare una copia del cookie pertinente, reperibile nelle impostazioni del proprio browser. Se i dati non sono esatti, l&#8217;utente pu\u00f2 chiederci la rettifica o la cancellazione dei dati.<\/p>\n<p><strong>AUTORIT\u00c0 DI CONTROLLO<\/strong><\/p>\n<p>Naturalmente presteremo ulteriore assistenza all&#8217;utente in caso di reclami riguardanti il trattamento dei suoi dati personali. Ai sensi della normativa sulla privacy, l&#8217;utente ha anche il diritto di proporre reclamo all&#8217;autorit\u00e0 di controllo olandese o di presentare un ricorso giurisdizionale. L&#8217;indirizzo dell&#8217;autorit\u00e0 di controllo dei dati personali \u00e8: Postbus 93374, 2509 AJ Den Haag, Nederland.<\/p>\n<p><strong>CONTATTI CON L&#8217;UFFICIO PRIVACY DI THETFORD<\/strong><\/p>\n<p>Thetford\u00a0B.V. Legal Team<br \/>\nLegal@thetford.eu<\/p>\n","protected":false},"excerpt":{"rendered":"<p>INFORMATIVA SULLA PRIVACY DI THETFORD Tramite il sito web di Thetford vengono trattati dati sensibili per la privacy o dati<\/p>\n","protected":false},"author":1,"featured_media":0,"parent":0,"menu_order":0,"comment_status":"closed","ping_status":"closed","template":"","meta":{"footnotes":""},"class_list":["post-3538","page","type-page","status-publish","hentry"],"yoast_head":"<!-- This site is optimized with the Yoast SEO plugin v27.4 - https:\/\/yoast.com\/product\/yoast-seo-wordpress\/ -->\n<title>Informativa sulla privacy e dichiarazione di non responsabilit\u00e0 - Thetford<\/title>\n<meta name=\"robots\" content=\"index, follow, max-snippet:-1, max-image-preview:large, max-video-preview:-1\" \/>\n<link rel=\"canonical\" href=\"https:\/\/shop.thetford-europe.com\/it\/privacy-policy\/\" \/>\n<meta property=\"og:locale\" content=\"it_IT\" \/>\n<meta property=\"og:type\" content=\"article\" \/>\n<meta property=\"og:title\" content=\"Informativa sulla privacy e dichiarazione di non responsabilit\u00e0 - Thetford\" \/>\n<meta property=\"og:description\" content=\"INFORMATIVA SULLA PRIVACY DI THETFORD Tramite il sito web di Thetford vengono trattati dati sensibili per la privacy o dati\" \/>\n<meta property=\"og:url\" content=\"https:\/\/shop.thetford-europe.com\/it\/privacy-policy\/\" \/>\n<meta property=\"og:site_name\" content=\"Thetford\" \/>\n<meta property=\"article:publisher\" content=\"https:\/\/www.facebook.com\/thetfordbv\" \/>\n<meta property=\"article:modified_time\" content=\"2021-05-27T07:42:51+00:00\" \/>\n<meta property=\"og:image\" content=\"https:\/\/shop.thetford-europe.com\/wp-content\/uploads\/2021\/05\/Thetford_iNDUS_all-modules-incl-app-250x250-category-list-image.png\" \/>\n\t<meta property=\"og:image:width\" content=\"250\" \/>\n\t<meta property=\"og:image:height\" content=\"250\" \/>\n\t<meta property=\"og:image:type\" content=\"image\/png\" \/>\n<meta name=\"twitter:card\" content=\"summary_large_image\" \/>\n<meta name=\"twitter:label1\" content=\"Tempo di lettura stimato\" \/>\n\t<meta name=\"twitter:data1\" content=\"7 minuti\" \/>\n<script type=\"application\/ld+json\" class=\"yoast-schema-graph\">{\"@context\":\"https:\\\/\\\/schema.org\",\"@graph\":[{\"@type\":\"WebPage\",\"@id\":\"https:\\\/\\\/shop.thetford-europe.com\\\/it\\\/privacy-policy\\\/\",\"url\":\"https:\\\/\\\/shop.thetford-europe.com\\\/it\\\/privacy-policy\\\/\",\"name\":\"Informativa sulla privacy e dichiarazione di non responsabilit\u00e0 - Thetford\",\"isPartOf\":{\"@id\":\"https:\\\/\\\/shop.thetford-europe.com\\\/it\\\/#website\"},\"datePublished\":\"2020-11-26T11:29:25+00:00\",\"dateModified\":\"2021-05-27T07:42:51+00:00\",\"breadcrumb\":{\"@id\":\"https:\\\/\\\/shop.thetford-europe.com\\\/it\\\/privacy-policy\\\/#breadcrumb\"},\"inLanguage\":\"it-IT\",\"potentialAction\":[{\"@type\":\"ReadAction\",\"target\":[\"https:\\\/\\\/shop.thetford-europe.com\\\/it\\\/privacy-policy\\\/\"]}]},{\"@type\":\"BreadcrumbList\",\"@id\":\"https:\\\/\\\/shop.thetford-europe.com\\\/it\\\/privacy-policy\\\/#breadcrumb\",\"itemListElement\":[{\"@type\":\"ListItem\",\"position\":1,\"name\":\"Home\",\"item\":\"https:\\\/\\\/shop.thetford-europe.com\\\/it\\\/\"},{\"@type\":\"ListItem\",\"position\":2,\"name\":\"Informativa sulla privacy e dichiarazione di non responsabilit\u00e0\"}]},{\"@type\":\"WebSite\",\"@id\":\"https:\\\/\\\/shop.thetford-europe.com\\\/it\\\/#website\",\"url\":\"https:\\\/\\\/shop.thetford-europe.com\\\/it\\\/\",\"name\":\"Thetford\",\"description\":\"Carefree, wherever you go!\",\"publisher\":{\"@id\":\"https:\\\/\\\/shop.thetford-europe.com\\\/it\\\/#organization\"},\"potentialAction\":[{\"@type\":\"SearchAction\",\"target\":{\"@type\":\"EntryPoint\",\"urlTemplate\":\"https:\\\/\\\/shop.thetford-europe.com\\\/it\\\/?s={search_term_string}\"},\"query-input\":{\"@type\":\"PropertyValueSpecification\",\"valueRequired\":true,\"valueName\":\"search_term_string\"}}],\"inLanguage\":\"it-IT\"},{\"@type\":\"Organization\",\"@id\":\"https:\\\/\\\/shop.thetford-europe.com\\\/it\\\/#organization\",\"name\":\"Thetford BV\",\"url\":\"https:\\\/\\\/shop.thetford-europe.com\\\/it\\\/\",\"logo\":{\"@type\":\"ImageObject\",\"inLanguage\":\"it-IT\",\"@id\":\"https:\\\/\\\/shop.thetford-europe.com\\\/it\\\/#\\\/schema\\\/logo\\\/image\\\/\",\"url\":\"https:\\\/\\\/shop.thetford-europe.com\\\/wp-content\\\/uploads\\\/2020\\\/11\\\/logo.svg\",\"contentUrl\":\"https:\\\/\\\/shop.thetford-europe.com\\\/wp-content\\\/uploads\\\/2020\\\/11\\\/logo.svg\",\"width\":633,\"height\":100,\"caption\":\"Thetford BV\"},\"image\":{\"@id\":\"https:\\\/\\\/shop.thetford-europe.com\\\/it\\\/#\\\/schema\\\/logo\\\/image\\\/\"},\"sameAs\":[\"https:\\\/\\\/www.facebook.com\\\/thetfordbv\",\"https:\\\/\\\/www.linkedin.com\\\/company\\\/thetford\",\"https:\\\/\\\/www.youtube.com\\\/user\\\/ThetfordEurope\"]}]}<\/script>\n<!-- \/ Yoast SEO plugin. -->","yoast_head_json":{"title":"Informativa sulla privacy e dichiarazione di non responsabilit\u00e0 - Thetford","robots":{"index":"index","follow":"follow","max-snippet":"max-snippet:-1","max-image-preview":"max-image-preview:large","max-video-preview":"max-video-preview:-1"},"canonical":"https:\/\/shop.thetford-europe.com\/it\/privacy-policy\/","og_locale":"it_IT","og_type":"article","og_title":"Informativa sulla privacy e dichiarazione di non responsabilit\u00e0 - Thetford","og_description":"INFORMATIVA SULLA PRIVACY DI THETFORD Tramite il sito web di Thetford vengono trattati dati sensibili per la privacy o dati","og_url":"https:\/\/shop.thetford-europe.com\/it\/privacy-policy\/","og_site_name":"Thetford","article_publisher":"https:\/\/www.facebook.com\/thetfordbv","article_modified_time":"2021-05-27T07:42:51+00:00","og_image":[{"width":250,"height":250,"url":"https:\/\/shop.thetford-europe.com\/wp-content\/uploads\/2021\/05\/Thetford_iNDUS_all-modules-incl-app-250x250-category-list-image.png","type":"image\/png"}],"twitter_card":"summary_large_image","twitter_misc":{"Tempo di lettura stimato":"7 minuti"},"schema":{"@context":"https:\/\/schema.org","@graph":[{"@type":"WebPage","@id":"https:\/\/shop.thetford-europe.com\/it\/privacy-policy\/","url":"https:\/\/shop.thetford-europe.com\/it\/privacy-policy\/","name":"Informativa sulla privacy e dichiarazione di non responsabilit\u00e0 - Thetford","isPartOf":{"@id":"https:\/\/shop.thetford-europe.com\/it\/#website"},"datePublished":"2020-11-26T11:29:25+00:00","dateModified":"2021-05-27T07:42:51+00:00","breadcrumb":{"@id":"https:\/\/shop.thetford-europe.com\/it\/privacy-policy\/#breadcrumb"},"inLanguage":"it-IT","potentialAction":[{"@type":"ReadAction","target":["https:\/\/shop.thetford-europe.com\/it\/privacy-policy\/"]}]},{"@type":"BreadcrumbList","@id":"https:\/\/shop.thetford-europe.com\/it\/privacy-policy\/#breadcrumb","itemListElement":[{"@type":"ListItem","position":1,"name":"Home","item":"https:\/\/shop.thetford-europe.com\/it\/"},{"@type":"ListItem","position":2,"name":"Informativa sulla privacy e dichiarazione di non responsabilit\u00e0"}]},{"@type":"WebSite","@id":"https:\/\/shop.thetford-europe.com\/it\/#website","url":"https:\/\/shop.thetford-europe.com\/it\/","name":"Thetford","description":"Carefree, wherever you go!","publisher":{"@id":"https:\/\/shop.thetford-europe.com\/it\/#organization"},"potentialAction":[{"@type":"SearchAction","target":{"@type":"EntryPoint","urlTemplate":"https:\/\/shop.thetford-europe.com\/it\/?s={search_term_string}"},"query-input":{"@type":"PropertyValueSpecification","valueRequired":true,"valueName":"search_term_string"}}],"inLanguage":"it-IT"},{"@type":"Organization","@id":"https:\/\/shop.thetford-europe.com\/it\/#organization","name":"Thetford BV","url":"https:\/\/shop.thetford-europe.com\/it\/","logo":{"@type":"ImageObject","inLanguage":"it-IT","@id":"https:\/\/shop.thetford-europe.com\/it\/#\/schema\/logo\/image\/","url":"https:\/\/shop.thetford-europe.com\/wp-content\/uploads\/2020\/11\/logo.svg","contentUrl":"https:\/\/shop.thetford-europe.com\/wp-content\/uploads\/2020\/11\/logo.svg","width":633,"height":100,"caption":"Thetford BV"},"image":{"@id":"https:\/\/shop.thetford-europe.com\/it\/#\/schema\/logo\/image\/"},"sameAs":["https:\/\/www.facebook.com\/thetfordbv","https:\/\/www.linkedin.com\/company\/thetford","https:\/\/www.youtube.com\/user\/ThetfordEurope"]}]}},"jetpack_sharing_enabled":true,"_links":{"self":[{"href":"https:\/\/shop.thetford-europe.com\/it\/wp-json\/wp\/v2\/pages\/3538","targetHints":{"allow":["GET"]}}],"collection":[{"href":"https:\/\/shop.thetford-europe.com\/it\/wp-json\/wp\/v2\/pages"}],"about":[{"href":"https:\/\/shop.thetford-europe.com\/it\/wp-json\/wp\/v2\/types\/page"}],"author":[{"embeddable":true,"href":"https:\/\/shop.thetford-europe.com\/it\/wp-json\/wp\/v2\/users\/1"}],"replies":[{"embeddable":true,"href":"https:\/\/shop.thetford-europe.com\/it\/wp-json\/wp\/v2\/comments?post=3538"}],"version-history":[{"count":0,"href":"https:\/\/shop.thetford-europe.com\/it\/wp-json\/wp\/v2\/pages\/3538\/revisions"}],"wp:attachment":[{"href":"https:\/\/shop.thetford-europe.com\/it\/wp-json\/wp\/v2\/media?parent=3538"}],"curies":[{"name":"wp","href":"https:\/\/api.w.org\/{rel}","templated":true}]}}